{"id":10120,"date":"2022-05-28T13:19:25","date_gmt":"2022-05-28T12:19:25","guid":{"rendered":"https:\/\/www.gilianplants.com\/product\/syagrus-pompeoi\/"},"modified":"2022-05-28T13:28:28","modified_gmt":"2022-05-28T12:28:28","slug":"syagrus-pompeoi","status":"publish","type":"product","link":"https:\/\/www.gilianplants.com\/de\/produkt\/syagrus-pompeoi\/","title":{"rendered":"Syagrus pompeoi"},"content":{"rendered":"<p><span style=\"font-size: 150%;\"><strong>Syagrus pompeoi &#8211; Zwerg-Zier-Syagrus<\/strong><\/span><\/p>\n<p>Diese Syagrus pompeoi kann eine maximale H\u00f6he von 1 Meter erreichen. Eine Zwerg-Syagrus in einer Traube. Diese Zwergpalme produziert kompakte Bl\u00fctenst\u00e4ngel mit Samen. Ausgewachsene Pflanzen wachsen in B\u00fcscheln im Habitat. Auch dieser Spross ist kriechend mit gro\u00dfen St\u00e4mmen. Die Bl\u00e4tter haben eine sch\u00f6ne dunkelgr\u00fcne Farbe. Diese seltene Palme ist nicht sehr k\u00e4ltebest\u00e4ndig. Sie ist eine perfekte Pflanze in Europa. In Europa war diese Palme bis jetzt sehr selten und schwer zu finden.<\/p>\n<p>Wir sind Experten f\u00fcr die Keimung seltener Butia- und Syagrus-Samen. Gilian Plants hat seinen eigenen Import aus Brasilien mit seinen eigenen Sammlern im dortigen Habitat. Gilian Plants bietet Ihnen also das echte Gesch\u00e4ft. Jedes Jahr hat Gilian Plants neue Setzlinge in bestimmten Mengen.<\/p>\n<p>&#8211; Der Preis gilt f\u00fcr eine Pflanze.<\/p>\n<ul>\n<li><strong>Standort: volle Sonne<\/strong><\/li>\n<li><strong>Pflanzenpflege: einfach<\/strong><\/li>\n<li><strong>Bew\u00e4sserung: junge Pflanzen trockener halten.<\/strong><\/li>\n<li><strong>Winterh\u00e4rte: -5<\/strong><\/li>\n<li><strong>Herkunftsland: Brasilien<\/strong><\/li>\n<\/ul>\n","protected":false},"excerpt":{"rendered":"<h2 id=\"firstHeading\" class=\"firstHeading\" style=\"width: 345px; margin-top: 0px; margin-bottom: 0.5em; font-size: 1.2em; line-height: 1.3; font-family: Lato, sans-serif; font-weight: 300; font-style: normal; letter-spacing: normal; text-align: start; text-indent: 0px; text-transform: none; text-decoration: none;\"><span style=\"font-size: 150%;\"><strong>Syagrus pompeoi &#8211; Zwerg-Zier-Syagrus<\/strong><\/span><\/h2>\n","protected":false},"featured_media":10116,"comment_status":"open","ping_status":"closed","template":"","meta":[],"product_brand":[],"product_cat":[156,410,236,530],"product_tag":[1355,1356,1357,1358,199,327,456,575],"class_list":{"0":"post-10120","1":"product","2":"type-product","3":"status-publish","4":"has-post-thumbnail","6":"product_cat-palmbomen","7":"product_cat-palmen","8":"product_cat-palms","10":"product_tag-pompeoi","11":"product_tag-pompeoi-nl","12":"product_tag-pompeoi-fr","13":"product_tag-pompeoi-de","14":"product_tag-syagrus","15":"product_tag-syagrus-2","16":"product_tag-syagrus-de","17":"product_tag-syagrus-fr","18":"product_shipping_class-colis-normal-1-10kg","19":"product_shipping_class-normal-paket-1-10kg","20":"product_shipping_class-normal-parcel-1-10kg","21":"product_shipping_class-normal-parcel-1-10kg-en","23":"first","24":"instock","25":"taxable","26":"shipping-taxable","27":"purchasable","28":"product-type-simple"},"yoast_head":"<!-- This site is optimized with the Yoast SEO plugin v27.5 - https:\/\/yoast.com\/product\/yoast-seo-wordpress\/ -->\n<title>Syagrus pompeoi - Gilian Plants<\/title>\n<meta name=\"robots\" content=\"index, follow, max-snippet:-1, max-image-preview:large, max-video-preview:-1\" \/>\n<link rel=\"canonical\" href=\"https:\/\/www.gilianplants.com\/de\/produkt\/syagrus-pompeoi\/\" \/>\n<meta property=\"og:locale\" content=\"de_DE\" \/>\n<meta property=\"og:type\" content=\"article\" \/>\n<meta property=\"og:title\" content=\"Syagrus pompeoi - Gilian Plants\" \/>\n<meta property=\"og:description\" content=\"Syagrus pompeoi - Zwerg-Zier-Syagrus\" \/>\n<meta property=\"og:url\" content=\"https:\/\/www.gilianplants.com\/de\/produkt\/syagrus-pompeoi\/\" \/>\n<meta property=\"og:site_name\" content=\"Gilian Plants\" \/>\n<meta property=\"article:modified_time\" content=\"2022-05-28T12:28:28+00:00\" \/>\n<meta property=\"og:image\" content=\"https:\/\/www.gilianplants.com\/wp-content\/uploads\/2022\/05\/dd00d409-43a0-4d58-9cbb-8824f7a41fad.png\" \/>\n\t<meta property=\"og:image:width\" content=\"1920\" \/>\n\t<meta property=\"og:image:height\" content=\"1080\" \/>\n\t<meta property=\"og:image:type\" content=\"image\/png\" \/>\n<meta name=\"twitter:card\" content=\"summary_large_image\" \/>\n<meta name=\"twitter:label1\" content=\"Gesch\u00e4tzte Lesezeit\" \/>\n\t<meta name=\"twitter:data1\" content=\"1\u00a0Minute\" \/>\n<script type=\"application\/ld+json\" class=\"yoast-schema-graph\">{\"@context\":\"https:\\\/\\\/schema.org\",\"@graph\":[{\"@type\":\"WebPage\",\"@id\":\"https:\\\/\\\/www.gilianplants.com\\\/de\\\/produkt\\\/syagrus-pompeoi\\\/\",\"url\":\"https:\\\/\\\/www.gilianplants.com\\\/de\\\/produkt\\\/syagrus-pompeoi\\\/\",\"name\":\"Syagrus pompeoi - Gilian Plants\",\"isPartOf\":{\"@id\":\"https:\\\/\\\/www.gilianplants.com\\\/de\\\/#website\"},\"primaryImageOfPage\":{\"@id\":\"https:\\\/\\\/www.gilianplants.com\\\/de\\\/produkt\\\/syagrus-pompeoi\\\/#primaryimage\"},\"image\":{\"@id\":\"https:\\\/\\\/www.gilianplants.com\\\/de\\\/produkt\\\/syagrus-pompeoi\\\/#primaryimage\"},\"thumbnailUrl\":\"https:\\\/\\\/www.gilianplants.com\\\/wp-content\\\/uploads\\\/2022\\\/05\\\/dd00d409-43a0-4d58-9cbb-8824f7a41fad.png\",\"datePublished\":\"2022-05-28T12:19:25+00:00\",\"dateModified\":\"2022-05-28T12:28:28+00:00\",\"breadcrumb\":{\"@id\":\"https:\\\/\\\/www.gilianplants.com\\\/de\\\/produkt\\\/syagrus-pompeoi\\\/#breadcrumb\"},\"inLanguage\":\"de\",\"potentialAction\":[{\"@type\":\"ReadAction\",\"target\":[\"https:\\\/\\\/www.gilianplants.com\\\/de\\\/produkt\\\/syagrus-pompeoi\\\/\"]}]},{\"@type\":\"ImageObject\",\"inLanguage\":\"de\",\"@id\":\"https:\\\/\\\/www.gilianplants.com\\\/de\\\/produkt\\\/syagrus-pompeoi\\\/#primaryimage\",\"url\":\"https:\\\/\\\/www.gilianplants.com\\\/wp-content\\\/uploads\\\/2022\\\/05\\\/dd00d409-43a0-4d58-9cbb-8824f7a41fad.png\",\"contentUrl\":\"https:\\\/\\\/www.gilianplants.com\\\/wp-content\\\/uploads\\\/2022\\\/05\\\/dd00d409-43a0-4d58-9cbb-8824f7a41fad.png\",\"width\":1920,\"height\":1080},{\"@type\":\"BreadcrumbList\",\"@id\":\"https:\\\/\\\/www.gilianplants.com\\\/de\\\/produkt\\\/syagrus-pompeoi\\\/#breadcrumb\",\"itemListElement\":[{\"@type\":\"ListItem\",\"position\":1,\"name\":\"Home\",\"item\":\"https:\\\/\\\/www.gilianplants.com\\\/de\\\/home\\\/\"},{\"@type\":\"ListItem\",\"position\":2,\"name\":\"Shop\",\"item\":\"https:\\\/\\\/www.gilianplants.com\\\/shop\\\/\"},{\"@type\":\"ListItem\",\"position\":3,\"name\":\"Syagrus pompeoi\"}]},{\"@type\":\"WebSite\",\"@id\":\"https:\\\/\\\/www.gilianplants.com\\\/de\\\/#website\",\"url\":\"https:\\\/\\\/www.gilianplants.com\\\/de\\\/\",\"name\":\"Gilian Plants\",\"description\":\"Specialist in germination of rare exotic plants\",\"potentialAction\":[{\"@type\":\"SearchAction\",\"target\":{\"@type\":\"EntryPoint\",\"urlTemplate\":\"https:\\\/\\\/www.gilianplants.com\\\/de\\\/?s={search_term_string}\"},\"query-input\":{\"@type\":\"PropertyValueSpecification\",\"valueRequired\":true,\"valueName\":\"search_term_string\"}}],\"inLanguage\":\"de\"}]}<\/script>\n<!-- \/ Yoast SEO plugin. -->","yoast_head_json":{"title":"Syagrus pompeoi - Gilian Plants","robots":{"index":"index","follow":"follow","max-snippet":"max-snippet:-1","max-image-preview":"max-image-preview:large","max-video-preview":"max-video-preview:-1"},"canonical":"https:\/\/www.gilianplants.com\/de\/produkt\/syagrus-pompeoi\/","og_locale":"de_DE","og_type":"article","og_title":"Syagrus pompeoi - Gilian Plants","og_description":"Syagrus pompeoi - Zwerg-Zier-Syagrus","og_url":"https:\/\/www.gilianplants.com\/de\/produkt\/syagrus-pompeoi\/","og_site_name":"Gilian Plants","article_modified_time":"2022-05-28T12:28:28+00:00","og_image":[{"width":1920,"height":1080,"url":"https:\/\/www.gilianplants.com\/wp-content\/uploads\/2022\/05\/dd00d409-43a0-4d58-9cbb-8824f7a41fad.png","type":"image\/png"}],"twitter_card":"summary_large_image","twitter_misc":{"Gesch\u00e4tzte Lesezeit":"1\u00a0Minute"},"schema":{"@context":"https:\/\/schema.org","@graph":[{"@type":"WebPage","@id":"https:\/\/www.gilianplants.com\/de\/produkt\/syagrus-pompeoi\/","url":"https:\/\/www.gilianplants.com\/de\/produkt\/syagrus-pompeoi\/","name":"Syagrus pompeoi - Gilian Plants","isPartOf":{"@id":"https:\/\/www.gilianplants.com\/de\/#website"},"primaryImageOfPage":{"@id":"https:\/\/www.gilianplants.com\/de\/produkt\/syagrus-pompeoi\/#primaryimage"},"image":{"@id":"https:\/\/www.gilianplants.com\/de\/produkt\/syagrus-pompeoi\/#primaryimage"},"thumbnailUrl":"https:\/\/www.gilianplants.com\/wp-content\/uploads\/2022\/05\/dd00d409-43a0-4d58-9cbb-8824f7a41fad.png","datePublished":"2022-05-28T12:19:25+00:00","dateModified":"2022-05-28T12:28:28+00:00","breadcrumb":{"@id":"https:\/\/www.gilianplants.com\/de\/produkt\/syagrus-pompeoi\/#breadcrumb"},"inLanguage":"de","potentialAction":[{"@type":"ReadAction","target":["https:\/\/www.gilianplants.com\/de\/produkt\/syagrus-pompeoi\/"]}]},{"@type":"ImageObject","inLanguage":"de","@id":"https:\/\/www.gilianplants.com\/de\/produkt\/syagrus-pompeoi\/#primaryimage","url":"https:\/\/www.gilianplants.com\/wp-content\/uploads\/2022\/05\/dd00d409-43a0-4d58-9cbb-8824f7a41fad.png","contentUrl":"https:\/\/www.gilianplants.com\/wp-content\/uploads\/2022\/05\/dd00d409-43a0-4d58-9cbb-8824f7a41fad.png","width":1920,"height":1080},{"@type":"BreadcrumbList","@id":"https:\/\/www.gilianplants.com\/de\/produkt\/syagrus-pompeoi\/#breadcrumb","itemListElement":[{"@type":"ListItem","position":1,"name":"Home","item":"https:\/\/www.gilianplants.com\/de\/home\/"},{"@type":"ListItem","position":2,"name":"Shop","item":"https:\/\/www.gilianplants.com\/shop\/"},{"@type":"ListItem","position":3,"name":"Syagrus pompeoi"}]},{"@type":"WebSite","@id":"https:\/\/www.gilianplants.com\/de\/#website","url":"https:\/\/www.gilianplants.com\/de\/","name":"Gilian Plants","description":"Specialist in germination of rare exotic plants","potentialAction":[{"@type":"SearchAction","target":{"@type":"EntryPoint","urlTemplate":"https:\/\/www.gilianplants.com\/de\/?s={search_term_string}"},"query-input":{"@type":"PropertyValueSpecification","valueRequired":true,"valueName":"search_term_string"}}],"inLanguage":"de"}]}},"jetpack_sharing_enabled":true,"_links":{"self":[{"href":"https:\/\/www.gilianplants.com\/de\/wp-json\/wp\/v2\/product\/10120","targetHints":{"allow":["GET"]}}],"collection":[{"href":"https:\/\/www.gilianplants.com\/de\/wp-json\/wp\/v2\/product"}],"about":[{"href":"https:\/\/www.gilianplants.com\/de\/wp-json\/wp\/v2\/types\/product"}],"replies":[{"embeddable":true,"href":"https:\/\/www.gilianplants.com\/de\/wp-json\/wp\/v2\/comments?post=10120"}],"wp:featuredmedia":[{"embeddable":true,"href":"https:\/\/www.gilianplants.com\/de\/wp-json\/wp\/v2\/media\/10116"}],"wp:attachment":[{"href":"https:\/\/www.gilianplants.com\/de\/wp-json\/wp\/v2\/media?parent=10120"}],"wp:term":[{"taxonomy":"product_brand","embeddable":true,"href":"https:\/\/www.gilianplants.com\/de\/wp-json\/wp\/v2\/product_brand?post=10120"},{"taxonomy":"product_cat","embeddable":true,"href":"https:\/\/www.gilianplants.com\/de\/wp-json\/wp\/v2\/product_cat?post=10120"},{"taxonomy":"product_tag","embeddable":true,"href":"https:\/\/www.gilianplants.com\/de\/wp-json\/wp\/v2\/product_tag?post=10120"}],"curies":[{"name":"wp","href":"https:\/\/api.w.org\/{rel}","templated":true}]}}