{"id":10259,"date":"2022-06-09T13:38:55","date_gmt":"2022-06-09T12:38:55","guid":{"rendered":"https:\/\/www.gilianplants.com\/product\/passiflora-caerulea-pink\/"},"modified":"2023-10-08T23:33:45","modified_gmt":"2023-10-08T21:33:45","slug":"passiflora-caerulea-pink","status":"publish","type":"product","link":"https:\/\/www.gilianplants.com\/de\/produkt\/passiflora-caerulea-pink\/","title":{"rendered":"Passiflora caerulea rosa"},"content":{"rendered":"<p><strong><span style=\"font-size: 150%;\">Passiflora caerulea rosa &#8211; rosa Passionsblume<\/span><\/strong><\/p>\n<p>Diese Passiflora caerulea Pflanze ist ein Muss f\u00fcr Ihren Garten. Wenn die Pflanzen noch jung sind, bl\u00fchen sie bereits. Muture Pflanzen mit viel Sonnenlicht wird eine Menge von Blumen mit gr\u00fcnen Fr\u00fcchten zu produzieren. wenn sie reif sind sie die Farbe zu Orange ver\u00e4ndert. Eine echte Zierpflanze. Sie w\u00e4chst in B\u00fcscheln mit hohen Pflanzen. Dieser Baum kann eine H\u00f6he von 5 Metern erreichen. Am besten gedeiht diese Pflanze in einem vollen Boden mit viel Sonne. Sie erhalten eine Pflanze in der Gr\u00f6\u00dfe wie auf diesem Bild. Diese Kletterpflanze sorgt f\u00fcr ein exotisches Aussehen in Ihrem Garten.<\/p>\n<p>Wir sind Experten in der Keimung von speziellen seltenen Passiflora-Samen. Gilian Plants macht alles selbst, so dass sie Ihnen das Richtige bieten k\u00f6nnen. Jedes Jahr gibt es bei Gilian Plants neue Exemplare in einigen Gro\u00dfhandelsmengen.<\/p>\n<ul>\n<li><strong>Pflanzenstandort: Schatten \/ Halbschatten<\/strong><\/li>\n<li><strong>Pflanzenpflege: einfach<\/strong><\/li>\n<li><strong>Bew\u00e4sserung: normale Bew\u00e4sserung<\/strong><\/li>\n<li><strong>Winterhart: ja mit Schutz\u00a0<\/strong><\/li>\n<li><strong>Herkunftsland: Die Niederlande\u00a0<\/strong><\/li>\n<\/ul>\n","protected":false},"excerpt":{"rendered":"<p><span style=\"font-size: 140%;\"><strong>Passiflora caerulea rosa &#8211; rosa Passionsblume<\/strong><\/span><\/p>\n","protected":false},"featured_media":11457,"comment_status":"open","ping_status":"closed","template":"","meta":[],"product_brand":[],"product_cat":[132,510,231,393],"product_tag":[1395,1401,1397,1399,1400,1402,1398,1394,1396,1403,1404,1405],"class_list":{"0":"post-10259","1":"product","2":"type-product","3":"status-publish","4":"has-post-thumbnail","6":"product_cat-diverse-planten","7":"product_cat-plantes-diverses","8":"product_cat-various-plants","9":"product_cat-verschiedene-pflanzen","10":"product_tag-caerulea","11":"product_tag-caerulea-de","12":"product_tag-caerulea-nl","13":"product_tag-caerulea-fr","14":"product_tag-passiflora-fr","15":"product_tag-passiflora-de","16":"product_tag-passiflora-nl","17":"product_tag-passiflora","18":"product_tag-pink-3","19":"product_tag-pink-3-nl","20":"product_tag-pink-3-fr","21":"product_tag-pink-3-de","22":"product_shipping_class-colis-normal-1-10kg","23":"product_shipping_class-normal-paket-1-10kg","24":"product_shipping_class-normal-parcel-1-10kg-en","25":"product_shipping_class-normal-parcel-1-10kg","27":"first","28":"outofstock","29":"taxable","30":"shipping-taxable","31":"purchasable","32":"product-type-simple"},"yoast_head":"<!-- This site is optimized with the Yoast SEO plugin v27.5 - https:\/\/yoast.com\/product\/yoast-seo-wordpress\/ -->\n<title>Passiflora caerulea rosa - Gilian Plants<\/title>\n<meta name=\"robots\" content=\"index, follow, max-snippet:-1, max-image-preview:large, max-video-preview:-1\" \/>\n<link rel=\"canonical\" href=\"https:\/\/www.gilianplants.com\/de\/produkt\/passiflora-caerulea-pink\/\" \/>\n<meta property=\"og:locale\" content=\"de_DE\" \/>\n<meta property=\"og:type\" content=\"article\" \/>\n<meta property=\"og:title\" content=\"Passiflora caerulea rosa - Gilian Plants\" \/>\n<meta property=\"og:description\" content=\"Passiflora caerulea rosa - rosa Passionsblume\" \/>\n<meta property=\"og:url\" content=\"https:\/\/www.gilianplants.com\/de\/produkt\/passiflora-caerulea-pink\/\" \/>\n<meta property=\"og:site_name\" content=\"Gilian Plants\" \/>\n<meta property=\"article:modified_time\" content=\"2023-10-08T21:33:45+00:00\" \/>\n<meta property=\"og:image\" content=\"https:\/\/www.gilianplants.com\/wp-content\/uploads\/2022\/06\/0e6c3552-1b93-47cb-8716-73f9b9aeecf2.png\" \/>\n\t<meta property=\"og:image:width\" content=\"1920\" \/>\n\t<meta property=\"og:image:height\" content=\"1080\" \/>\n\t<meta property=\"og:image:type\" content=\"image\/png\" \/>\n<meta name=\"twitter:card\" content=\"summary_large_image\" \/>\n<meta name=\"twitter:label1\" content=\"Gesch\u00e4tzte Lesezeit\" \/>\n\t<meta name=\"twitter:data1\" content=\"1\u00a0Minute\" \/>\n<script type=\"application\/ld+json\" class=\"yoast-schema-graph\">{\"@context\":\"https:\\\/\\\/schema.org\",\"@graph\":[{\"@type\":\"WebPage\",\"@id\":\"https:\\\/\\\/www.gilianplants.com\\\/de\\\/produkt\\\/passiflora-caerulea-pink\\\/\",\"url\":\"https:\\\/\\\/www.gilianplants.com\\\/de\\\/produkt\\\/passiflora-caerulea-pink\\\/\",\"name\":\"Passiflora caerulea rosa - Gilian Plants\",\"isPartOf\":{\"@id\":\"https:\\\/\\\/www.gilianplants.com\\\/de\\\/#website\"},\"primaryImageOfPage\":{\"@id\":\"https:\\\/\\\/www.gilianplants.com\\\/de\\\/produkt\\\/passiflora-caerulea-pink\\\/#primaryimage\"},\"image\":{\"@id\":\"https:\\\/\\\/www.gilianplants.com\\\/de\\\/produkt\\\/passiflora-caerulea-pink\\\/#primaryimage\"},\"thumbnailUrl\":\"https:\\\/\\\/www.gilianplants.com\\\/wp-content\\\/uploads\\\/2022\\\/09\\\/8467381d-bad7-48d2-8930-e8da772217ab.png\",\"datePublished\":\"2022-06-09T12:38:55+00:00\",\"dateModified\":\"2023-10-08T21:33:45+00:00\",\"breadcrumb\":{\"@id\":\"https:\\\/\\\/www.gilianplants.com\\\/de\\\/produkt\\\/passiflora-caerulea-pink\\\/#breadcrumb\"},\"inLanguage\":\"de\",\"potentialAction\":[{\"@type\":\"ReadAction\",\"target\":[\"https:\\\/\\\/www.gilianplants.com\\\/de\\\/produkt\\\/passiflora-caerulea-pink\\\/\"]}]},{\"@type\":\"ImageObject\",\"inLanguage\":\"de\",\"@id\":\"https:\\\/\\\/www.gilianplants.com\\\/de\\\/produkt\\\/passiflora-caerulea-pink\\\/#primaryimage\",\"url\":\"https:\\\/\\\/www.gilianplants.com\\\/wp-content\\\/uploads\\\/2022\\\/09\\\/8467381d-bad7-48d2-8930-e8da772217ab.png\",\"contentUrl\":\"https:\\\/\\\/www.gilianplants.com\\\/wp-content\\\/uploads\\\/2022\\\/09\\\/8467381d-bad7-48d2-8930-e8da772217ab.png\",\"width\":1800,\"height\":1200},{\"@type\":\"BreadcrumbList\",\"@id\":\"https:\\\/\\\/www.gilianplants.com\\\/de\\\/produkt\\\/passiflora-caerulea-pink\\\/#breadcrumb\",\"itemListElement\":[{\"@type\":\"ListItem\",\"position\":1,\"name\":\"Home\",\"item\":\"https:\\\/\\\/www.gilianplants.com\\\/de\\\/home\\\/\"},{\"@type\":\"ListItem\",\"position\":2,\"name\":\"Shop\",\"item\":\"https:\\\/\\\/www.gilianplants.com\\\/shop\\\/\"},{\"@type\":\"ListItem\",\"position\":3,\"name\":\"Passiflora caerulea rosa\"}]},{\"@type\":\"WebSite\",\"@id\":\"https:\\\/\\\/www.gilianplants.com\\\/de\\\/#website\",\"url\":\"https:\\\/\\\/www.gilianplants.com\\\/de\\\/\",\"name\":\"Gilian Plants\",\"description\":\"Specialist in germination of rare exotic plants\",\"potentialAction\":[{\"@type\":\"SearchAction\",\"target\":{\"@type\":\"EntryPoint\",\"urlTemplate\":\"https:\\\/\\\/www.gilianplants.com\\\/de\\\/?s={search_term_string}\"},\"query-input\":{\"@type\":\"PropertyValueSpecification\",\"valueRequired\":true,\"valueName\":\"search_term_string\"}}],\"inLanguage\":\"de\"}]}<\/script>\n<!-- \/ Yoast SEO plugin. -->","yoast_head_json":{"title":"Passiflora caerulea rosa - Gilian Plants","robots":{"index":"index","follow":"follow","max-snippet":"max-snippet:-1","max-image-preview":"max-image-preview:large","max-video-preview":"max-video-preview:-1"},"canonical":"https:\/\/www.gilianplants.com\/de\/produkt\/passiflora-caerulea-pink\/","og_locale":"de_DE","og_type":"article","og_title":"Passiflora caerulea rosa - Gilian Plants","og_description":"Passiflora caerulea rosa - rosa Passionsblume","og_url":"https:\/\/www.gilianplants.com\/de\/produkt\/passiflora-caerulea-pink\/","og_site_name":"Gilian Plants","article_modified_time":"2023-10-08T21:33:45+00:00","og_image":[{"width":1920,"height":1080,"url":"https:\/\/www.gilianplants.com\/wp-content\/uploads\/2022\/06\/0e6c3552-1b93-47cb-8716-73f9b9aeecf2.png","type":"image\/png"}],"twitter_card":"summary_large_image","twitter_misc":{"Gesch\u00e4tzte Lesezeit":"1\u00a0Minute"},"schema":{"@context":"https:\/\/schema.org","@graph":[{"@type":"WebPage","@id":"https:\/\/www.gilianplants.com\/de\/produkt\/passiflora-caerulea-pink\/","url":"https:\/\/www.gilianplants.com\/de\/produkt\/passiflora-caerulea-pink\/","name":"Passiflora caerulea rosa - Gilian Plants","isPartOf":{"@id":"https:\/\/www.gilianplants.com\/de\/#website"},"primaryImageOfPage":{"@id":"https:\/\/www.gilianplants.com\/de\/produkt\/passiflora-caerulea-pink\/#primaryimage"},"image":{"@id":"https:\/\/www.gilianplants.com\/de\/produkt\/passiflora-caerulea-pink\/#primaryimage"},"thumbnailUrl":"https:\/\/www.gilianplants.com\/wp-content\/uploads\/2022\/09\/8467381d-bad7-48d2-8930-e8da772217ab.png","datePublished":"2022-06-09T12:38:55+00:00","dateModified":"2023-10-08T21:33:45+00:00","breadcrumb":{"@id":"https:\/\/www.gilianplants.com\/de\/produkt\/passiflora-caerulea-pink\/#breadcrumb"},"inLanguage":"de","potentialAction":[{"@type":"ReadAction","target":["https:\/\/www.gilianplants.com\/de\/produkt\/passiflora-caerulea-pink\/"]}]},{"@type":"ImageObject","inLanguage":"de","@id":"https:\/\/www.gilianplants.com\/de\/produkt\/passiflora-caerulea-pink\/#primaryimage","url":"https:\/\/www.gilianplants.com\/wp-content\/uploads\/2022\/09\/8467381d-bad7-48d2-8930-e8da772217ab.png","contentUrl":"https:\/\/www.gilianplants.com\/wp-content\/uploads\/2022\/09\/8467381d-bad7-48d2-8930-e8da772217ab.png","width":1800,"height":1200},{"@type":"BreadcrumbList","@id":"https:\/\/www.gilianplants.com\/de\/produkt\/passiflora-caerulea-pink\/#breadcrumb","itemListElement":[{"@type":"ListItem","position":1,"name":"Home","item":"https:\/\/www.gilianplants.com\/de\/home\/"},{"@type":"ListItem","position":2,"name":"Shop","item":"https:\/\/www.gilianplants.com\/shop\/"},{"@type":"ListItem","position":3,"name":"Passiflora caerulea rosa"}]},{"@type":"WebSite","@id":"https:\/\/www.gilianplants.com\/de\/#website","url":"https:\/\/www.gilianplants.com\/de\/","name":"Gilian Plants","description":"Specialist in germination of rare exotic plants","potentialAction":[{"@type":"SearchAction","target":{"@type":"EntryPoint","urlTemplate":"https:\/\/www.gilianplants.com\/de\/?s={search_term_string}"},"query-input":{"@type":"PropertyValueSpecification","valueRequired":true,"valueName":"search_term_string"}}],"inLanguage":"de"}]}},"jetpack_sharing_enabled":true,"_links":{"self":[{"href":"https:\/\/www.gilianplants.com\/de\/wp-json\/wp\/v2\/product\/10259","targetHints":{"allow":["GET"]}}],"collection":[{"href":"https:\/\/www.gilianplants.com\/de\/wp-json\/wp\/v2\/product"}],"about":[{"href":"https:\/\/www.gilianplants.com\/de\/wp-json\/wp\/v2\/types\/product"}],"replies":[{"embeddable":true,"href":"https:\/\/www.gilianplants.com\/de\/wp-json\/wp\/v2\/comments?post=10259"}],"wp:featuredmedia":[{"embeddable":true,"href":"https:\/\/www.gilianplants.com\/de\/wp-json\/wp\/v2\/media\/11457"}],"wp:attachment":[{"href":"https:\/\/www.gilianplants.com\/de\/wp-json\/wp\/v2\/media?parent=10259"}],"wp:term":[{"taxonomy":"product_brand","embeddable":true,"href":"https:\/\/www.gilianplants.com\/de\/wp-json\/wp\/v2\/product_brand?post=10259"},{"taxonomy":"product_cat","embeddable":true,"href":"https:\/\/www.gilianplants.com\/de\/wp-json\/wp\/v2\/product_cat?post=10259"},{"taxonomy":"product_tag","embeddable":true,"href":"https:\/\/www.gilianplants.com\/de\/wp-json\/wp\/v2\/product_tag?post=10259"}],"curies":[{"name":"wp","href":"https:\/\/api.w.org\/{rel}","templated":true}]}}