{"id":10800,"date":"2022-07-30T23:32:11","date_gmt":"2022-07-30T22:32:11","guid":{"rendered":"https:\/\/www.gilianplants.com\/product\/yucca-periculosa\/"},"modified":"2023-08-23T00:36:54","modified_gmt":"2023-08-22T23:36:54","slug":"yucca-periculosa","status":"publish","type":"product","link":"https:\/\/www.gilianplants.com\/de\/produkt\/yucca-periculosa\/","title":{"rendered":"Yucca periculosa"},"content":{"rendered":"<h1><strong>Yucca periculosa &#8211; Izote Yucca<\/strong><\/h1>\n<p>Diese Yucca periculosa hat einen sch\u00f6nen hohen Stamm und ist recht selten in Kultur. Diese Yucca kann bis zu 8 Meter hoch werden. Diese Art w\u00e4chst auf sandigem Boden. Sie hat gro\u00dfe grasartige Bl\u00e4tter in einer robusten Rosette. In voller Sonne hat sie eine bl\u00e4uliche Farbe. Die Bl\u00fctenstiele sind sehr gro\u00df mit vielen wei\u00dfen Bl\u00fcten. Wirklich beeindruckend f\u00fcr diese Pflanze. Nach der Bl\u00fcte produziert sie viele Samen. Diese Yucca periculosa ist k\u00e4ltetauglich. Geben Sie dieser exotisch aussehenden Yucca einen guten Platz in Ihrem Garten und sie wird eine tolle Gartenpflanze werden! Sch\u00fctzen Sie sie ein wenig vor Frost&#8230; Eine wunderbare Pflanze f\u00fcr warme und tropische Klimazonen.<\/p>\n<p>&nbsp;<\/p>\n<ul>\n<li><strong>Standort: volle Sonne \/ Halbschatten<\/strong><\/li>\n<li><strong>Bew\u00e4sserung: nicht viel<\/strong><\/li>\n<li><strong>Winterh\u00e4rte: -10 Grad<\/strong><\/li>\n<li><strong>Herkunftsland: USA<\/strong><\/li>\n<\/ul>\n","protected":false},"excerpt":{"rendered":"<h1><strong>Yucca periculosa &#8211; Izote Yucca<\/strong><\/h1>\n","protected":false},"featured_media":11523,"comment_status":"open","ping_status":"closed","template":"","meta":[],"product_brand":[],"product_cat":[418],"product_tag":[1464,1465],"class_list":{"0":"post-10800","1":"product","2":"type-product","3":"status-publish","4":"has-post-thumbnail","6":"product_cat-yucca","7":"product_tag-izote-de","8":"product_tag-periculosa-de","9":"product_shipping_class-normal-paket-1-10kg","11":"first","12":"instock","13":"taxable","14":"shipping-taxable","15":"purchasable","16":"product-type-simple"},"yoast_head":"<!-- This site is optimized with the Yoast SEO plugin v27.5 - https:\/\/yoast.com\/product\/yoast-seo-wordpress\/ -->\n<title>Yucca periculosa - Gilian Plants<\/title>\n<meta name=\"robots\" content=\"index, follow, max-snippet:-1, max-image-preview:large, max-video-preview:-1\" \/>\n<link rel=\"canonical\" href=\"https:\/\/www.gilianplants.com\/de\/produkt\/yucca-periculosa\/\" \/>\n<meta property=\"og:locale\" content=\"de_DE\" \/>\n<meta property=\"og:type\" content=\"article\" \/>\n<meta property=\"og:title\" content=\"Yucca periculosa - Gilian Plants\" \/>\n<meta property=\"og:description\" content=\"Yucca periculosa - Izote Yucca\" \/>\n<meta property=\"og:url\" content=\"https:\/\/www.gilianplants.com\/de\/produkt\/yucca-periculosa\/\" \/>\n<meta property=\"og:site_name\" content=\"Gilian Plants\" \/>\n<meta property=\"article:modified_time\" content=\"2023-08-22T23:36:54+00:00\" \/>\n<meta name=\"twitter:card\" content=\"summary_large_image\" \/>\n<meta name=\"twitter:label1\" content=\"Gesch\u00e4tzte Lesezeit\" \/>\n\t<meta name=\"twitter:data1\" content=\"1\u00a0Minute\" \/>\n<script type=\"application\/ld+json\" class=\"yoast-schema-graph\">{\"@context\":\"https:\\\/\\\/schema.org\",\"@graph\":[{\"@type\":\"WebPage\",\"@id\":\"https:\\\/\\\/www.gilianplants.com\\\/de\\\/produkt\\\/yucca-periculosa\\\/\",\"url\":\"https:\\\/\\\/www.gilianplants.com\\\/de\\\/produkt\\\/yucca-periculosa\\\/\",\"name\":\"Yucca periculosa - Gilian Plants\",\"isPartOf\":{\"@id\":\"https:\\\/\\\/www.gilianplants.com\\\/de\\\/#website\"},\"primaryImageOfPage\":{\"@id\":\"https:\\\/\\\/www.gilianplants.com\\\/de\\\/produkt\\\/yucca-periculosa\\\/#primaryimage\"},\"image\":{\"@id\":\"https:\\\/\\\/www.gilianplants.com\\\/de\\\/produkt\\\/yucca-periculosa\\\/#primaryimage\"},\"thumbnailUrl\":\"https:\\\/\\\/www.gilianplants.com\\\/wp-content\\\/uploads\\\/2022\\\/09\\\/ab9b2b07-40ce-497d-a50b-4f79b691ba69.png\",\"datePublished\":\"2022-07-30T22:32:11+00:00\",\"dateModified\":\"2023-08-22T23:36:54+00:00\",\"breadcrumb\":{\"@id\":\"https:\\\/\\\/www.gilianplants.com\\\/de\\\/produkt\\\/yucca-periculosa\\\/#breadcrumb\"},\"inLanguage\":\"de\",\"potentialAction\":[{\"@type\":\"ReadAction\",\"target\":[\"https:\\\/\\\/www.gilianplants.com\\\/de\\\/produkt\\\/yucca-periculosa\\\/\"]}]},{\"@type\":\"ImageObject\",\"inLanguage\":\"de\",\"@id\":\"https:\\\/\\\/www.gilianplants.com\\\/de\\\/produkt\\\/yucca-periculosa\\\/#primaryimage\",\"url\":\"https:\\\/\\\/www.gilianplants.com\\\/wp-content\\\/uploads\\\/2022\\\/09\\\/ab9b2b07-40ce-497d-a50b-4f79b691ba69.png\",\"contentUrl\":\"https:\\\/\\\/www.gilianplants.com\\\/wp-content\\\/uploads\\\/2022\\\/09\\\/ab9b2b07-40ce-497d-a50b-4f79b691ba69.png\",\"width\":1800,\"height\":1200},{\"@type\":\"BreadcrumbList\",\"@id\":\"https:\\\/\\\/www.gilianplants.com\\\/de\\\/produkt\\\/yucca-periculosa\\\/#breadcrumb\",\"itemListElement\":[{\"@type\":\"ListItem\",\"position\":1,\"name\":\"Home\",\"item\":\"https:\\\/\\\/www.gilianplants.com\\\/de\\\/home\\\/\"},{\"@type\":\"ListItem\",\"position\":2,\"name\":\"Shop\",\"item\":\"https:\\\/\\\/www.gilianplants.com\\\/shop\\\/\"},{\"@type\":\"ListItem\",\"position\":3,\"name\":\"Yucca periculosa\"}]},{\"@type\":\"WebSite\",\"@id\":\"https:\\\/\\\/www.gilianplants.com\\\/de\\\/#website\",\"url\":\"https:\\\/\\\/www.gilianplants.com\\\/de\\\/\",\"name\":\"Gilian Plants\",\"description\":\"Specialist in germination of rare exotic plants\",\"potentialAction\":[{\"@type\":\"SearchAction\",\"target\":{\"@type\":\"EntryPoint\",\"urlTemplate\":\"https:\\\/\\\/www.gilianplants.com\\\/de\\\/?s={search_term_string}\"},\"query-input\":{\"@type\":\"PropertyValueSpecification\",\"valueRequired\":true,\"valueName\":\"search_term_string\"}}],\"inLanguage\":\"de\"}]}<\/script>\n<!-- \/ Yoast SEO plugin. -->","yoast_head_json":{"title":"Yucca periculosa - Gilian Plants","robots":{"index":"index","follow":"follow","max-snippet":"max-snippet:-1","max-image-preview":"max-image-preview:large","max-video-preview":"max-video-preview:-1"},"canonical":"https:\/\/www.gilianplants.com\/de\/produkt\/yucca-periculosa\/","og_locale":"de_DE","og_type":"article","og_title":"Yucca periculosa - Gilian Plants","og_description":"Yucca periculosa - Izote Yucca","og_url":"https:\/\/www.gilianplants.com\/de\/produkt\/yucca-periculosa\/","og_site_name":"Gilian Plants","article_modified_time":"2023-08-22T23:36:54+00:00","twitter_card":"summary_large_image","twitter_misc":{"Gesch\u00e4tzte Lesezeit":"1\u00a0Minute"},"schema":{"@context":"https:\/\/schema.org","@graph":[{"@type":"WebPage","@id":"https:\/\/www.gilianplants.com\/de\/produkt\/yucca-periculosa\/","url":"https:\/\/www.gilianplants.com\/de\/produkt\/yucca-periculosa\/","name":"Yucca periculosa - Gilian Plants","isPartOf":{"@id":"https:\/\/www.gilianplants.com\/de\/#website"},"primaryImageOfPage":{"@id":"https:\/\/www.gilianplants.com\/de\/produkt\/yucca-periculosa\/#primaryimage"},"image":{"@id":"https:\/\/www.gilianplants.com\/de\/produkt\/yucca-periculosa\/#primaryimage"},"thumbnailUrl":"https:\/\/www.gilianplants.com\/wp-content\/uploads\/2022\/09\/ab9b2b07-40ce-497d-a50b-4f79b691ba69.png","datePublished":"2022-07-30T22:32:11+00:00","dateModified":"2023-08-22T23:36:54+00:00","breadcrumb":{"@id":"https:\/\/www.gilianplants.com\/de\/produkt\/yucca-periculosa\/#breadcrumb"},"inLanguage":"de","potentialAction":[{"@type":"ReadAction","target":["https:\/\/www.gilianplants.com\/de\/produkt\/yucca-periculosa\/"]}]},{"@type":"ImageObject","inLanguage":"de","@id":"https:\/\/www.gilianplants.com\/de\/produkt\/yucca-periculosa\/#primaryimage","url":"https:\/\/www.gilianplants.com\/wp-content\/uploads\/2022\/09\/ab9b2b07-40ce-497d-a50b-4f79b691ba69.png","contentUrl":"https:\/\/www.gilianplants.com\/wp-content\/uploads\/2022\/09\/ab9b2b07-40ce-497d-a50b-4f79b691ba69.png","width":1800,"height":1200},{"@type":"BreadcrumbList","@id":"https:\/\/www.gilianplants.com\/de\/produkt\/yucca-periculosa\/#breadcrumb","itemListElement":[{"@type":"ListItem","position":1,"name":"Home","item":"https:\/\/www.gilianplants.com\/de\/home\/"},{"@type":"ListItem","position":2,"name":"Shop","item":"https:\/\/www.gilianplants.com\/shop\/"},{"@type":"ListItem","position":3,"name":"Yucca periculosa"}]},{"@type":"WebSite","@id":"https:\/\/www.gilianplants.com\/de\/#website","url":"https:\/\/www.gilianplants.com\/de\/","name":"Gilian Plants","description":"Specialist in germination of rare exotic plants","potentialAction":[{"@type":"SearchAction","target":{"@type":"EntryPoint","urlTemplate":"https:\/\/www.gilianplants.com\/de\/?s={search_term_string}"},"query-input":{"@type":"PropertyValueSpecification","valueRequired":true,"valueName":"search_term_string"}}],"inLanguage":"de"}]}},"jetpack_sharing_enabled":true,"_links":{"self":[{"href":"https:\/\/www.gilianplants.com\/de\/wp-json\/wp\/v2\/product\/10800","targetHints":{"allow":["GET"]}}],"collection":[{"href":"https:\/\/www.gilianplants.com\/de\/wp-json\/wp\/v2\/product"}],"about":[{"href":"https:\/\/www.gilianplants.com\/de\/wp-json\/wp\/v2\/types\/product"}],"replies":[{"embeddable":true,"href":"https:\/\/www.gilianplants.com\/de\/wp-json\/wp\/v2\/comments?post=10800"}],"wp:featuredmedia":[{"embeddable":true,"href":"https:\/\/www.gilianplants.com\/de\/wp-json\/wp\/v2\/media\/11523"}],"wp:attachment":[{"href":"https:\/\/www.gilianplants.com\/de\/wp-json\/wp\/v2\/media?parent=10800"}],"wp:term":[{"taxonomy":"product_brand","embeddable":true,"href":"https:\/\/www.gilianplants.com\/de\/wp-json\/wp\/v2\/product_brand?post=10800"},{"taxonomy":"product_cat","embeddable":true,"href":"https:\/\/www.gilianplants.com\/de\/wp-json\/wp\/v2\/product_cat?post=10800"},{"taxonomy":"product_tag","embeddable":true,"href":"https:\/\/www.gilianplants.com\/de\/wp-json\/wp\/v2\/product_tag?post=10800"}],"curies":[{"name":"wp","href":"https:\/\/api.w.org\/{rel}","templated":true}]}}