{"id":10804,"date":"2022-07-31T00:25:19","date_gmt":"2022-07-30T22:25:19","guid":{"rendered":"https:\/\/www.gilianplants.com\/product\/yucca-rostrata\/"},"modified":"2024-05-09T20:00:49","modified_gmt":"2024-05-09T18:00:49","slug":"yucca-rostrata","status":"publish","type":"product","link":"https:\/\/www.gilianplants.com\/de\/produkt\/yucca-rostrata\/","title":{"rendered":"Yucca rostrata"},"content":{"rendered":"<h1><strong>Yucca rostrata &#8211; Schnabel Yucca\u00a0\u00a0\u00a0\u00a0<\/strong><\/h1>\n<p>Diese meist in Gesch\u00e4ften zu verkaufende Yucca rostrata hat einen gro\u00dfen schlanken Stamm und bl\u00e4uliche Bl\u00e4tter. Diese Art w\u00e4chst auf sandigen B\u00f6den. Sie hat gro\u00dfe, dicke Bl\u00e4tter in einer robusten Rosette. In voller Sonne hat sie eine gr\u00fcne, bl\u00e4uliche Farbe. Die Bl\u00fctenstiele sind sehr gro\u00df mit vielen wei\u00dfen Bl\u00fcten. Wirklich beeindruckend f\u00fcr diese Pflanze. Nach der Bl\u00fcte produziert sie viele Samen. Sie kann nicht leicht Ableger um den Hauptstamm herum produzieren. Die Produktion erfolgt nur durch Samen oder Gewebekultur. Diese Yucca rostrata ist k\u00e4ltetauglich. Geben Sie dieser exotisch aussehenden Zwerg-Yucca einen guten Platz in Ihrem Garten und sie wird eine gro\u00dfartige Gartenpflanze werden! Sch\u00fctzen Sie sie eine Zeit lang gut vor Frost&#8230; Eine wunderbare Pflanze f\u00fcr warme und tropische Klimazonen. Yucca rostrata ist die am meisten verbreitete Yuccasorte im Handel. In Spanien hat man gro\u00dfe Felder voller Yucca rostrata!<\/p>\n<p>Preis gilt f\u00fcr eine Pflanze<\/p>\n<ul>\n<li><strong>Standort: volle Sonne \/ Halbschatten<\/strong><\/li>\n<li><strong>Bew\u00e4sserung: nicht viel<\/strong><\/li>\n<li><strong>Winterh\u00e4rte: -10 Grad<\/strong><\/li>\n<li><strong>Herkunftsland: USA<\/strong><\/li>\n<\/ul>\n","protected":false},"excerpt":{"rendered":"<h1><strong>Yucca rostrata &#8211; Schnabel Yucca\u00a0\u00a0<\/strong><\/h1>\n","protected":false},"featured_media":0,"comment_status":"open","ping_status":"closed","template":"","meta":[],"product_brand":[],"product_cat":[418],"product_tag":[1475,445,419],"class_list":{"0":"post-10804","1":"product","2":"type-product","3":"status-publish","5":"product_cat-yucca","6":"product_tag-beaked-de","7":"product_tag-rostrata-de","8":"product_tag-yucca-de","9":"product_shipping_class-normal-paket-1-10kg","11":"first","12":"instock","13":"taxable","14":"shipping-taxable","15":"purchasable","16":"product-type-simple"},"yoast_head":"<!-- This site is optimized with the Yoast SEO plugin v27.5 - https:\/\/yoast.com\/product\/yoast-seo-wordpress\/ -->\n<title>Yucca rostrata - Gilian Plants<\/title>\n<meta name=\"robots\" content=\"index, follow, max-snippet:-1, max-image-preview:large, max-video-preview:-1\" \/>\n<link rel=\"canonical\" href=\"https:\/\/www.gilianplants.com\/de\/produkt\/yucca-rostrata\/\" \/>\n<meta property=\"og:locale\" content=\"de_DE\" \/>\n<meta property=\"og:type\" content=\"article\" \/>\n<meta property=\"og:title\" content=\"Yucca rostrata - Gilian Plants\" \/>\n<meta property=\"og:description\" content=\"Yucca rostrata - Schnabel Yucca\u00a0\u00a0\" \/>\n<meta property=\"og:url\" content=\"https:\/\/www.gilianplants.com\/de\/produkt\/yucca-rostrata\/\" \/>\n<meta property=\"og:site_name\" content=\"Gilian Plants\" \/>\n<meta property=\"article:modified_time\" content=\"2024-05-09T18:00:49+00:00\" \/>\n<meta name=\"twitter:card\" content=\"summary_large_image\" \/>\n<meta name=\"twitter:label1\" content=\"Gesch\u00e4tzte Lesezeit\" \/>\n\t<meta name=\"twitter:data1\" content=\"1\u00a0Minute\" \/>\n<script type=\"application\/ld+json\" class=\"yoast-schema-graph\">{\"@context\":\"https:\\\/\\\/schema.org\",\"@graph\":[{\"@type\":\"WebPage\",\"@id\":\"https:\\\/\\\/www.gilianplants.com\\\/de\\\/produkt\\\/yucca-rostrata\\\/\",\"url\":\"https:\\\/\\\/www.gilianplants.com\\\/de\\\/produkt\\\/yucca-rostrata\\\/\",\"name\":\"Yucca rostrata - Gilian Plants\",\"isPartOf\":{\"@id\":\"https:\\\/\\\/www.gilianplants.com\\\/de\\\/#website\"},\"datePublished\":\"2022-07-30T22:25:19+00:00\",\"dateModified\":\"2024-05-09T18:00:49+00:00\",\"breadcrumb\":{\"@id\":\"https:\\\/\\\/www.gilianplants.com\\\/de\\\/produkt\\\/yucca-rostrata\\\/#breadcrumb\"},\"inLanguage\":\"de\",\"potentialAction\":[{\"@type\":\"ReadAction\",\"target\":[\"https:\\\/\\\/www.gilianplants.com\\\/de\\\/produkt\\\/yucca-rostrata\\\/\"]}]},{\"@type\":\"BreadcrumbList\",\"@id\":\"https:\\\/\\\/www.gilianplants.com\\\/de\\\/produkt\\\/yucca-rostrata\\\/#breadcrumb\",\"itemListElement\":[{\"@type\":\"ListItem\",\"position\":1,\"name\":\"Home\",\"item\":\"https:\\\/\\\/www.gilianplants.com\\\/de\\\/home\\\/\"},{\"@type\":\"ListItem\",\"position\":2,\"name\":\"Shop\",\"item\":\"https:\\\/\\\/www.gilianplants.com\\\/shop\\\/\"},{\"@type\":\"ListItem\",\"position\":3,\"name\":\"Yucca rostrata\"}]},{\"@type\":\"WebSite\",\"@id\":\"https:\\\/\\\/www.gilianplants.com\\\/de\\\/#website\",\"url\":\"https:\\\/\\\/www.gilianplants.com\\\/de\\\/\",\"name\":\"Gilian Plants\",\"description\":\"Specialist in germination of rare exotic plants\",\"potentialAction\":[{\"@type\":\"SearchAction\",\"target\":{\"@type\":\"EntryPoint\",\"urlTemplate\":\"https:\\\/\\\/www.gilianplants.com\\\/de\\\/?s={search_term_string}\"},\"query-input\":{\"@type\":\"PropertyValueSpecification\",\"valueRequired\":true,\"valueName\":\"search_term_string\"}}],\"inLanguage\":\"de\"}]}<\/script>\n<!-- \/ Yoast SEO plugin. -->","yoast_head_json":{"title":"Yucca rostrata - Gilian Plants","robots":{"index":"index","follow":"follow","max-snippet":"max-snippet:-1","max-image-preview":"max-image-preview:large","max-video-preview":"max-video-preview:-1"},"canonical":"https:\/\/www.gilianplants.com\/de\/produkt\/yucca-rostrata\/","og_locale":"de_DE","og_type":"article","og_title":"Yucca rostrata - Gilian Plants","og_description":"Yucca rostrata - Schnabel Yucca\u00a0\u00a0","og_url":"https:\/\/www.gilianplants.com\/de\/produkt\/yucca-rostrata\/","og_site_name":"Gilian Plants","article_modified_time":"2024-05-09T18:00:49+00:00","twitter_card":"summary_large_image","twitter_misc":{"Gesch\u00e4tzte Lesezeit":"1\u00a0Minute"},"schema":{"@context":"https:\/\/schema.org","@graph":[{"@type":"WebPage","@id":"https:\/\/www.gilianplants.com\/de\/produkt\/yucca-rostrata\/","url":"https:\/\/www.gilianplants.com\/de\/produkt\/yucca-rostrata\/","name":"Yucca rostrata - Gilian Plants","isPartOf":{"@id":"https:\/\/www.gilianplants.com\/de\/#website"},"datePublished":"2022-07-30T22:25:19+00:00","dateModified":"2024-05-09T18:00:49+00:00","breadcrumb":{"@id":"https:\/\/www.gilianplants.com\/de\/produkt\/yucca-rostrata\/#breadcrumb"},"inLanguage":"de","potentialAction":[{"@type":"ReadAction","target":["https:\/\/www.gilianplants.com\/de\/produkt\/yucca-rostrata\/"]}]},{"@type":"BreadcrumbList","@id":"https:\/\/www.gilianplants.com\/de\/produkt\/yucca-rostrata\/#breadcrumb","itemListElement":[{"@type":"ListItem","position":1,"name":"Home","item":"https:\/\/www.gilianplants.com\/de\/home\/"},{"@type":"ListItem","position":2,"name":"Shop","item":"https:\/\/www.gilianplants.com\/shop\/"},{"@type":"ListItem","position":3,"name":"Yucca rostrata"}]},{"@type":"WebSite","@id":"https:\/\/www.gilianplants.com\/de\/#website","url":"https:\/\/www.gilianplants.com\/de\/","name":"Gilian Plants","description":"Specialist in germination of rare exotic plants","potentialAction":[{"@type":"SearchAction","target":{"@type":"EntryPoint","urlTemplate":"https:\/\/www.gilianplants.com\/de\/?s={search_term_string}"},"query-input":{"@type":"PropertyValueSpecification","valueRequired":true,"valueName":"search_term_string"}}],"inLanguage":"de"}]}},"jetpack_sharing_enabled":true,"_links":{"self":[{"href":"https:\/\/www.gilianplants.com\/de\/wp-json\/wp\/v2\/product\/10804","targetHints":{"allow":["GET"]}}],"collection":[{"href":"https:\/\/www.gilianplants.com\/de\/wp-json\/wp\/v2\/product"}],"about":[{"href":"https:\/\/www.gilianplants.com\/de\/wp-json\/wp\/v2\/types\/product"}],"replies":[{"embeddable":true,"href":"https:\/\/www.gilianplants.com\/de\/wp-json\/wp\/v2\/comments?post=10804"}],"wp:attachment":[{"href":"https:\/\/www.gilianplants.com\/de\/wp-json\/wp\/v2\/media?parent=10804"}],"wp:term":[{"taxonomy":"product_brand","embeddable":true,"href":"https:\/\/www.gilianplants.com\/de\/wp-json\/wp\/v2\/product_brand?post=10804"},{"taxonomy":"product_cat","embeddable":true,"href":"https:\/\/www.gilianplants.com\/de\/wp-json\/wp\/v2\/product_cat?post=10804"},{"taxonomy":"product_tag","embeddable":true,"href":"https:\/\/www.gilianplants.com\/de\/wp-json\/wp\/v2\/product_tag?post=10804"}],"curies":[{"name":"wp","href":"https:\/\/api.w.org\/{rel}","templated":true}]}}