{"id":10807,"date":"2022-07-30T23:20:37","date_gmt":"2022-07-30T22:20:37","guid":{"rendered":"https:\/\/www.gilianplants.com\/product\/yucca-mixtecana\/"},"modified":"2025-05-23T17:55:38","modified_gmt":"2025-05-23T15:55:38","slug":"yucca-mixtecana","status":"publish","type":"product","link":"https:\/\/www.gilianplants.com\/de\/produkt\/yucca-mixtecana\/","title":{"rendered":"Yucca mixtecana"},"content":{"rendered":"<h1><strong>Yucca mixtecana &#8211; Mixteca Yucca\u00a0\u00a0\u00a0<\/strong><\/h1>\n<p>Diese seltene Yucca mixtecana hat einen gro\u00dfen, schlanken Stamm und gr\u00fcne Bl\u00e4tter. Diese Art w\u00e4chst auf sandigen B\u00f6den. Sie hat gro\u00dfe, steife, dicke Bl\u00e4tter in einer Rosette. In voller Sonne hat sie eine gr\u00fcne, bl\u00e4uliche Farbe. Die Bl\u00fctenstiele sind sehr gro\u00df mit vielen wei\u00dfen Bl\u00fcten. Wirklich beeindruckend f\u00fcr diese Pflanze. Nach der Bl\u00fcte produziert sie viele Samen. Sie kann nicht leicht Ableger um den Hauptstamm herum produzieren. Die Produktion erfolgt nur durch Samen oder Gewebekultur. Diese Yucca mixtecana ist k\u00e4ltetauglich. Geben Sie dieser exotisch aussehenden Zwerg-Yucca einen guten Platz in Ihrem Garten und sie wird eine tolle Gartenpflanze werden! Sch\u00fctzen Sie sie eine Zeit lang gut vor Frost&#8230; Eine wunderbare Pflanze f\u00fcr warme und tropische Klimazonen. Yucca mixtecana ist schwierig, gro\u00dfe Pflanzen zu bekommen.<\/p>\n<p>Preis gilt f\u00fcr eine Pflanze<\/p>\n<ul>\n<li><strong>Standort: volle Sonne \/ Halbschatten<\/strong><\/li>\n<li><strong>Bew\u00e4sserung: nicht viel<\/strong><\/li>\n<li><strong>Winterh\u00e4rte: -10 Grad<\/strong><\/li>\n<li><strong>Land der Herkunft: USA<\/strong><\/li>\n<\/ul>\n","protected":false},"excerpt":{"rendered":"<h1><strong>Yucca mixtecana &#8211; Mixteca Yucca\u00a0\u00a0\u00a0<\/strong><\/h1>\n","protected":false},"featured_media":11530,"comment_status":"open","ping_status":"closed","template":"","meta":[],"product_brand":[],"product_cat":[418],"product_tag":[1478,1479,419],"class_list":{"0":"post-10807","1":"product","2":"type-product","3":"status-publish","4":"has-post-thumbnail","6":"product_cat-yucca","7":"product_tag-mixteca-de","8":"product_tag-mixtecana-de","9":"product_tag-yucca-de","10":"product_shipping_class-normal-paket-1-10kg","12":"first","13":"instock","14":"taxable","15":"shipping-taxable","16":"purchasable","17":"product-type-simple"},"yoast_head":"<!-- This site is optimized with the Yoast SEO plugin v27.5 - https:\/\/yoast.com\/product\/yoast-seo-wordpress\/ -->\n<title>Yucca mixtecana - Gilian Plants<\/title>\n<meta name=\"robots\" content=\"index, follow, max-snippet:-1, max-image-preview:large, max-video-preview:-1\" \/>\n<link rel=\"canonical\" href=\"https:\/\/www.gilianplants.com\/de\/produkt\/yucca-mixtecana\/\" \/>\n<meta property=\"og:locale\" content=\"de_DE\" \/>\n<meta property=\"og:type\" content=\"article\" \/>\n<meta property=\"og:title\" content=\"Yucca mixtecana - Gilian Plants\" \/>\n<meta property=\"og:description\" content=\"Yucca mixtecana - Mixteca Yucca\u00a0\u00a0\u00a0\" \/>\n<meta property=\"og:url\" content=\"https:\/\/www.gilianplants.com\/de\/produkt\/yucca-mixtecana\/\" \/>\n<meta property=\"og:site_name\" content=\"Gilian Plants\" \/>\n<meta property=\"article:modified_time\" content=\"2025-05-23T15:55:38+00:00\" \/>\n<meta name=\"twitter:card\" content=\"summary_large_image\" \/>\n<meta name=\"twitter:label1\" content=\"Gesch\u00e4tzte Lesezeit\" \/>\n\t<meta name=\"twitter:data1\" content=\"1\u00a0Minute\" \/>\n<script type=\"application\/ld+json\" class=\"yoast-schema-graph\">{\"@context\":\"https:\\\/\\\/schema.org\",\"@graph\":[{\"@type\":\"WebPage\",\"@id\":\"https:\\\/\\\/www.gilianplants.com\\\/de\\\/produkt\\\/yucca-mixtecana\\\/\",\"url\":\"https:\\\/\\\/www.gilianplants.com\\\/de\\\/produkt\\\/yucca-mixtecana\\\/\",\"name\":\"Yucca mixtecana - Gilian Plants\",\"isPartOf\":{\"@id\":\"https:\\\/\\\/www.gilianplants.com\\\/de\\\/#website\"},\"primaryImageOfPage\":{\"@id\":\"https:\\\/\\\/www.gilianplants.com\\\/de\\\/produkt\\\/yucca-mixtecana\\\/#primaryimage\"},\"image\":{\"@id\":\"https:\\\/\\\/www.gilianplants.com\\\/de\\\/produkt\\\/yucca-mixtecana\\\/#primaryimage\"},\"thumbnailUrl\":\"https:\\\/\\\/www.gilianplants.com\\\/wp-content\\\/uploads\\\/2022\\\/09\\\/d14bf22d-6dc1-48db-9c9c-60e90ceb4256.png\",\"datePublished\":\"2022-07-30T22:20:37+00:00\",\"dateModified\":\"2025-05-23T15:55:38+00:00\",\"breadcrumb\":{\"@id\":\"https:\\\/\\\/www.gilianplants.com\\\/de\\\/produkt\\\/yucca-mixtecana\\\/#breadcrumb\"},\"inLanguage\":\"de\",\"potentialAction\":[{\"@type\":\"ReadAction\",\"target\":[\"https:\\\/\\\/www.gilianplants.com\\\/de\\\/produkt\\\/yucca-mixtecana\\\/\"]}]},{\"@type\":\"ImageObject\",\"inLanguage\":\"de\",\"@id\":\"https:\\\/\\\/www.gilianplants.com\\\/de\\\/produkt\\\/yucca-mixtecana\\\/#primaryimage\",\"url\":\"https:\\\/\\\/www.gilianplants.com\\\/wp-content\\\/uploads\\\/2022\\\/09\\\/d14bf22d-6dc1-48db-9c9c-60e90ceb4256.png\",\"contentUrl\":\"https:\\\/\\\/www.gilianplants.com\\\/wp-content\\\/uploads\\\/2022\\\/09\\\/d14bf22d-6dc1-48db-9c9c-60e90ceb4256.png\",\"width\":1800,\"height\":1200},{\"@type\":\"BreadcrumbList\",\"@id\":\"https:\\\/\\\/www.gilianplants.com\\\/de\\\/produkt\\\/yucca-mixtecana\\\/#breadcrumb\",\"itemListElement\":[{\"@type\":\"ListItem\",\"position\":1,\"name\":\"Home\",\"item\":\"https:\\\/\\\/www.gilianplants.com\\\/de\\\/home\\\/\"},{\"@type\":\"ListItem\",\"position\":2,\"name\":\"Shop\",\"item\":\"https:\\\/\\\/www.gilianplants.com\\\/shop\\\/\"},{\"@type\":\"ListItem\",\"position\":3,\"name\":\"Yucca mixtecana\"}]},{\"@type\":\"WebSite\",\"@id\":\"https:\\\/\\\/www.gilianplants.com\\\/de\\\/#website\",\"url\":\"https:\\\/\\\/www.gilianplants.com\\\/de\\\/\",\"name\":\"Gilian Plants\",\"description\":\"Specialist in germination of rare exotic plants\",\"potentialAction\":[{\"@type\":\"SearchAction\",\"target\":{\"@type\":\"EntryPoint\",\"urlTemplate\":\"https:\\\/\\\/www.gilianplants.com\\\/de\\\/?s={search_term_string}\"},\"query-input\":{\"@type\":\"PropertyValueSpecification\",\"valueRequired\":true,\"valueName\":\"search_term_string\"}}],\"inLanguage\":\"de\"}]}<\/script>\n<!-- \/ Yoast SEO plugin. -->","yoast_head_json":{"title":"Yucca mixtecana - Gilian Plants","robots":{"index":"index","follow":"follow","max-snippet":"max-snippet:-1","max-image-preview":"max-image-preview:large","max-video-preview":"max-video-preview:-1"},"canonical":"https:\/\/www.gilianplants.com\/de\/produkt\/yucca-mixtecana\/","og_locale":"de_DE","og_type":"article","og_title":"Yucca mixtecana - Gilian Plants","og_description":"Yucca mixtecana - Mixteca Yucca\u00a0\u00a0\u00a0","og_url":"https:\/\/www.gilianplants.com\/de\/produkt\/yucca-mixtecana\/","og_site_name":"Gilian Plants","article_modified_time":"2025-05-23T15:55:38+00:00","twitter_card":"summary_large_image","twitter_misc":{"Gesch\u00e4tzte Lesezeit":"1\u00a0Minute"},"schema":{"@context":"https:\/\/schema.org","@graph":[{"@type":"WebPage","@id":"https:\/\/www.gilianplants.com\/de\/produkt\/yucca-mixtecana\/","url":"https:\/\/www.gilianplants.com\/de\/produkt\/yucca-mixtecana\/","name":"Yucca mixtecana - Gilian Plants","isPartOf":{"@id":"https:\/\/www.gilianplants.com\/de\/#website"},"primaryImageOfPage":{"@id":"https:\/\/www.gilianplants.com\/de\/produkt\/yucca-mixtecana\/#primaryimage"},"image":{"@id":"https:\/\/www.gilianplants.com\/de\/produkt\/yucca-mixtecana\/#primaryimage"},"thumbnailUrl":"https:\/\/www.gilianplants.com\/wp-content\/uploads\/2022\/09\/d14bf22d-6dc1-48db-9c9c-60e90ceb4256.png","datePublished":"2022-07-30T22:20:37+00:00","dateModified":"2025-05-23T15:55:38+00:00","breadcrumb":{"@id":"https:\/\/www.gilianplants.com\/de\/produkt\/yucca-mixtecana\/#breadcrumb"},"inLanguage":"de","potentialAction":[{"@type":"ReadAction","target":["https:\/\/www.gilianplants.com\/de\/produkt\/yucca-mixtecana\/"]}]},{"@type":"ImageObject","inLanguage":"de","@id":"https:\/\/www.gilianplants.com\/de\/produkt\/yucca-mixtecana\/#primaryimage","url":"https:\/\/www.gilianplants.com\/wp-content\/uploads\/2022\/09\/d14bf22d-6dc1-48db-9c9c-60e90ceb4256.png","contentUrl":"https:\/\/www.gilianplants.com\/wp-content\/uploads\/2022\/09\/d14bf22d-6dc1-48db-9c9c-60e90ceb4256.png","width":1800,"height":1200},{"@type":"BreadcrumbList","@id":"https:\/\/www.gilianplants.com\/de\/produkt\/yucca-mixtecana\/#breadcrumb","itemListElement":[{"@type":"ListItem","position":1,"name":"Home","item":"https:\/\/www.gilianplants.com\/de\/home\/"},{"@type":"ListItem","position":2,"name":"Shop","item":"https:\/\/www.gilianplants.com\/shop\/"},{"@type":"ListItem","position":3,"name":"Yucca mixtecana"}]},{"@type":"WebSite","@id":"https:\/\/www.gilianplants.com\/de\/#website","url":"https:\/\/www.gilianplants.com\/de\/","name":"Gilian Plants","description":"Specialist in germination of rare exotic plants","potentialAction":[{"@type":"SearchAction","target":{"@type":"EntryPoint","urlTemplate":"https:\/\/www.gilianplants.com\/de\/?s={search_term_string}"},"query-input":{"@type":"PropertyValueSpecification","valueRequired":true,"valueName":"search_term_string"}}],"inLanguage":"de"}]}},"jetpack_sharing_enabled":true,"_links":{"self":[{"href":"https:\/\/www.gilianplants.com\/de\/wp-json\/wp\/v2\/product\/10807","targetHints":{"allow":["GET"]}}],"collection":[{"href":"https:\/\/www.gilianplants.com\/de\/wp-json\/wp\/v2\/product"}],"about":[{"href":"https:\/\/www.gilianplants.com\/de\/wp-json\/wp\/v2\/types\/product"}],"replies":[{"embeddable":true,"href":"https:\/\/www.gilianplants.com\/de\/wp-json\/wp\/v2\/comments?post=10807"}],"wp:featuredmedia":[{"embeddable":true,"href":"https:\/\/www.gilianplants.com\/de\/wp-json\/wp\/v2\/media\/11530"}],"wp:attachment":[{"href":"https:\/\/www.gilianplants.com\/de\/wp-json\/wp\/v2\/media?parent=10807"}],"wp:term":[{"taxonomy":"product_brand","embeddable":true,"href":"https:\/\/www.gilianplants.com\/de\/wp-json\/wp\/v2\/product_brand?post=10807"},{"taxonomy":"product_cat","embeddable":true,"href":"https:\/\/www.gilianplants.com\/de\/wp-json\/wp\/v2\/product_cat?post=10807"},{"taxonomy":"product_tag","embeddable":true,"href":"https:\/\/www.gilianplants.com\/de\/wp-json\/wp\/v2\/product_tag?post=10807"}],"curies":[{"name":"wp","href":"https:\/\/api.w.org\/{rel}","templated":true}]}}