{"id":11313,"date":"2022-09-15T09:27:15","date_gmt":"2022-09-15T08:27:15","guid":{"rendered":"https:\/\/www.gilianplants.com\/product\/monstera-thai-constellation\/"},"modified":"2022-09-15T10:07:02","modified_gmt":"2022-09-15T09:07:02","slug":"monstera-thai-constellation","status":"publish","type":"product","link":"https:\/\/www.gilianplants.com\/de\/produkt\/monstera-thai-constellation\/","title":{"rendered":"Monstera Thai Constellation"},"content":{"rendered":"<h1><em><strong>Monstera Thai Constellation &#8211; Wei\u00df gefleckte Monstera<\/strong><\/em><\/h1>\n<p>Die Monstera Thai Constellation ist eine ungew\u00f6hnliche Zimmerpflanze, die in den letzten Jahren sehr beliebt geworden ist. Die gefleckten Bl\u00e4tter in Kombination mit den Einkerbungen machen diese Pflanze zu einer einzigartigen Erg\u00e4nzung f\u00fcr Ihr Wohnzimmer. Die Monstera Thai Constellation \u00e4hnelt der Monstera deliciosa variegata, aber der Hauptunterschied liegt in dem marmorierten Muster der Thai Constellation. Die Monstera variegata besteht aus gr\u00f6\u00dferen Fl\u00e4chen, w\u00e4hrend die Thai Constellation aus vielen kleinen Flecken besteht.<\/p>\n<p>Jede Pflanze ist anders als die Monstera Thai Constellation. Jede Pflanze hat andere Muster, so dass die Variationsbreite sehr gro\u00df ist.\u00a0Diese Zimmerpflanze wurde so gez\u00fcchtet, dass sie stabil panaschiert ist. Obwohl andere panaschierte Pflanzen oft gro\u00dfe wei\u00dfe Teile haben, k\u00f6nnen diese herauswachsen. Die Monstera Thai Constellation wird immer ihre sch\u00f6ne Panaschierung behalten.<br \/>\nDie Monstera Thai Constellation mag einen gut durchl\u00e4ssigen Boden und feucht-warme Bedingungen zum Wachsen. Sie braucht eine st\u00fctzende Struktur, um zu wachsen, wenn sie reif ist. Sie l\u00e4sst ihre St\u00e4ngel mit Luftwurzeln sicher hochklettern.<br \/>\nLuftwurzeln.<\/p>\n<p>Jede Pflanze ist anders, so Pflanze kann anders aussehen als die Bilder, erhalten Sie ein sch\u00f6nes Exemplar proportional zu dem Bild. Und eine gute variegata gewachsen in einem P9.<\/p>\n<p>Wir sind Experten im Anbau von speziellen Monstera Thai Constellation. Gilian Plants macht alles selbst, so dass sie Ihnen die echte Sache bieten k\u00f6nnen. Jedes Jahr hat Gilian Plants neue St\u00e4mme in einigen Gro\u00dfhandelsmengen.<\/p>\n<ul>\n<li><strong>Standort der Pflanze: warm, im Haus<\/strong><\/li>\n<li><strong>Pflanzenpflege: einfach<\/strong><\/li>\n<li><strong>Bew\u00e4sserung: normale Bew\u00e4sserung<\/strong><\/li>\n<li><strong>Winterhart: nein<\/strong><\/li>\n<li><strong>Herkunftsland: Die Niederlande\u00a0<\/strong><\/li>\n<\/ul>\n","protected":false},"excerpt":{"rendered":"<h1><em><strong>Monstera Thai Constellation &#8211; Wei\u00df gefleckte Monstera<\/strong><\/em><\/h1>\n","protected":false},"featured_media":11351,"comment_status":"open","ping_status":"closed","template":"","meta":[],"product_brand":[],"product_cat":[451,393],"product_tag":[1596,1597,896],"class_list":{"0":"post-11313","1":"product","2":"type-product","3":"status-publish","4":"has-post-thumbnail","6":"product_cat-variegated","7":"product_cat-verschiedene-pflanzen","8":"product_tag-constellation-de","9":"product_tag-monstera-de","10":"product_tag-thai-de","11":"product_shipping_class-normal-paket-1-10kg","13":"first","14":"instock","15":"taxable","16":"shipping-taxable","17":"purchasable","18":"product-type-simple"},"yoast_head":"<!-- This site is optimized with the Yoast SEO plugin v27.5 - https:\/\/yoast.com\/product\/yoast-seo-wordpress\/ -->\n<title>Monstera Thai Constellation - Gilian Plants<\/title>\n<meta name=\"robots\" content=\"index, follow, max-snippet:-1, max-image-preview:large, max-video-preview:-1\" \/>\n<link rel=\"canonical\" href=\"https:\/\/www.gilianplants.com\/de\/produkt\/monstera-thai-constellation\/\" \/>\n<meta property=\"og:locale\" content=\"de_DE\" \/>\n<meta property=\"og:type\" content=\"article\" \/>\n<meta property=\"og:title\" content=\"Monstera Thai Constellation - Gilian Plants\" \/>\n<meta property=\"og:description\" content=\"Monstera Thai Constellation - Wei\u00df gefleckte Monstera\" \/>\n<meta property=\"og:url\" content=\"https:\/\/www.gilianplants.com\/de\/produkt\/monstera-thai-constellation\/\" \/>\n<meta property=\"og:site_name\" content=\"Gilian Plants\" \/>\n<meta property=\"article:modified_time\" content=\"2022-09-15T09:07:02+00:00\" \/>\n<meta name=\"twitter:card\" content=\"summary_large_image\" \/>\n<meta name=\"twitter:label1\" content=\"Gesch\u00e4tzte Lesezeit\" \/>\n\t<meta name=\"twitter:data1\" content=\"2\u00a0Minuten\" \/>\n<script type=\"application\/ld+json\" class=\"yoast-schema-graph\">{\"@context\":\"https:\\\/\\\/schema.org\",\"@graph\":[{\"@type\":\"WebPage\",\"@id\":\"https:\\\/\\\/www.gilianplants.com\\\/de\\\/produkt\\\/monstera-thai-constellation\\\/\",\"url\":\"https:\\\/\\\/www.gilianplants.com\\\/de\\\/produkt\\\/monstera-thai-constellation\\\/\",\"name\":\"Monstera Thai Constellation - Gilian Plants\",\"isPartOf\":{\"@id\":\"https:\\\/\\\/www.gilianplants.com\\\/de\\\/#website\"},\"primaryImageOfPage\":{\"@id\":\"https:\\\/\\\/www.gilianplants.com\\\/de\\\/produkt\\\/monstera-thai-constellation\\\/#primaryimage\"},\"image\":{\"@id\":\"https:\\\/\\\/www.gilianplants.com\\\/de\\\/produkt\\\/monstera-thai-constellation\\\/#primaryimage\"},\"thumbnailUrl\":\"https:\\\/\\\/www.gilianplants.com\\\/wp-content\\\/uploads\\\/2022\\\/09\\\/0d90bc74-0cc1-4a11-a7dc-0600552c39ea-1.png\",\"datePublished\":\"2022-09-15T08:27:15+00:00\",\"dateModified\":\"2022-09-15T09:07:02+00:00\",\"breadcrumb\":{\"@id\":\"https:\\\/\\\/www.gilianplants.com\\\/de\\\/produkt\\\/monstera-thai-constellation\\\/#breadcrumb\"},\"inLanguage\":\"de\",\"potentialAction\":[{\"@type\":\"ReadAction\",\"target\":[\"https:\\\/\\\/www.gilianplants.com\\\/de\\\/produkt\\\/monstera-thai-constellation\\\/\"]}]},{\"@type\":\"ImageObject\",\"inLanguage\":\"de\",\"@id\":\"https:\\\/\\\/www.gilianplants.com\\\/de\\\/produkt\\\/monstera-thai-constellation\\\/#primaryimage\",\"url\":\"https:\\\/\\\/www.gilianplants.com\\\/wp-content\\\/uploads\\\/2022\\\/09\\\/0d90bc74-0cc1-4a11-a7dc-0600552c39ea-1.png\",\"contentUrl\":\"https:\\\/\\\/www.gilianplants.com\\\/wp-content\\\/uploads\\\/2022\\\/09\\\/0d90bc74-0cc1-4a11-a7dc-0600552c39ea-1.png\",\"width\":1800,\"height\":1200},{\"@type\":\"BreadcrumbList\",\"@id\":\"https:\\\/\\\/www.gilianplants.com\\\/de\\\/produkt\\\/monstera-thai-constellation\\\/#breadcrumb\",\"itemListElement\":[{\"@type\":\"ListItem\",\"position\":1,\"name\":\"Home\",\"item\":\"https:\\\/\\\/www.gilianplants.com\\\/de\\\/home\\\/\"},{\"@type\":\"ListItem\",\"position\":2,\"name\":\"Shop\",\"item\":\"https:\\\/\\\/www.gilianplants.com\\\/shop\\\/\"},{\"@type\":\"ListItem\",\"position\":3,\"name\":\"Monstera Thai Constellation\"}]},{\"@type\":\"WebSite\",\"@id\":\"https:\\\/\\\/www.gilianplants.com\\\/de\\\/#website\",\"url\":\"https:\\\/\\\/www.gilianplants.com\\\/de\\\/\",\"name\":\"Gilian Plants\",\"description\":\"Specialist in germination of rare exotic plants\",\"potentialAction\":[{\"@type\":\"SearchAction\",\"target\":{\"@type\":\"EntryPoint\",\"urlTemplate\":\"https:\\\/\\\/www.gilianplants.com\\\/de\\\/?s={search_term_string}\"},\"query-input\":{\"@type\":\"PropertyValueSpecification\",\"valueRequired\":true,\"valueName\":\"search_term_string\"}}],\"inLanguage\":\"de\"}]}<\/script>\n<!-- \/ Yoast SEO plugin. -->","yoast_head_json":{"title":"Monstera Thai Constellation - Gilian Plants","robots":{"index":"index","follow":"follow","max-snippet":"max-snippet:-1","max-image-preview":"max-image-preview:large","max-video-preview":"max-video-preview:-1"},"canonical":"https:\/\/www.gilianplants.com\/de\/produkt\/monstera-thai-constellation\/","og_locale":"de_DE","og_type":"article","og_title":"Monstera Thai Constellation - Gilian Plants","og_description":"Monstera Thai Constellation - Wei\u00df gefleckte Monstera","og_url":"https:\/\/www.gilianplants.com\/de\/produkt\/monstera-thai-constellation\/","og_site_name":"Gilian Plants","article_modified_time":"2022-09-15T09:07:02+00:00","twitter_card":"summary_large_image","twitter_misc":{"Gesch\u00e4tzte Lesezeit":"2\u00a0Minuten"},"schema":{"@context":"https:\/\/schema.org","@graph":[{"@type":"WebPage","@id":"https:\/\/www.gilianplants.com\/de\/produkt\/monstera-thai-constellation\/","url":"https:\/\/www.gilianplants.com\/de\/produkt\/monstera-thai-constellation\/","name":"Monstera Thai Constellation - Gilian Plants","isPartOf":{"@id":"https:\/\/www.gilianplants.com\/de\/#website"},"primaryImageOfPage":{"@id":"https:\/\/www.gilianplants.com\/de\/produkt\/monstera-thai-constellation\/#primaryimage"},"image":{"@id":"https:\/\/www.gilianplants.com\/de\/produkt\/monstera-thai-constellation\/#primaryimage"},"thumbnailUrl":"https:\/\/www.gilianplants.com\/wp-content\/uploads\/2022\/09\/0d90bc74-0cc1-4a11-a7dc-0600552c39ea-1.png","datePublished":"2022-09-15T08:27:15+00:00","dateModified":"2022-09-15T09:07:02+00:00","breadcrumb":{"@id":"https:\/\/www.gilianplants.com\/de\/produkt\/monstera-thai-constellation\/#breadcrumb"},"inLanguage":"de","potentialAction":[{"@type":"ReadAction","target":["https:\/\/www.gilianplants.com\/de\/produkt\/monstera-thai-constellation\/"]}]},{"@type":"ImageObject","inLanguage":"de","@id":"https:\/\/www.gilianplants.com\/de\/produkt\/monstera-thai-constellation\/#primaryimage","url":"https:\/\/www.gilianplants.com\/wp-content\/uploads\/2022\/09\/0d90bc74-0cc1-4a11-a7dc-0600552c39ea-1.png","contentUrl":"https:\/\/www.gilianplants.com\/wp-content\/uploads\/2022\/09\/0d90bc74-0cc1-4a11-a7dc-0600552c39ea-1.png","width":1800,"height":1200},{"@type":"BreadcrumbList","@id":"https:\/\/www.gilianplants.com\/de\/produkt\/monstera-thai-constellation\/#breadcrumb","itemListElement":[{"@type":"ListItem","position":1,"name":"Home","item":"https:\/\/www.gilianplants.com\/de\/home\/"},{"@type":"ListItem","position":2,"name":"Shop","item":"https:\/\/www.gilianplants.com\/shop\/"},{"@type":"ListItem","position":3,"name":"Monstera Thai Constellation"}]},{"@type":"WebSite","@id":"https:\/\/www.gilianplants.com\/de\/#website","url":"https:\/\/www.gilianplants.com\/de\/","name":"Gilian Plants","description":"Specialist in germination of rare exotic plants","potentialAction":[{"@type":"SearchAction","target":{"@type":"EntryPoint","urlTemplate":"https:\/\/www.gilianplants.com\/de\/?s={search_term_string}"},"query-input":{"@type":"PropertyValueSpecification","valueRequired":true,"valueName":"search_term_string"}}],"inLanguage":"de"}]}},"jetpack_sharing_enabled":true,"_links":{"self":[{"href":"https:\/\/www.gilianplants.com\/de\/wp-json\/wp\/v2\/product\/11313","targetHints":{"allow":["GET"]}}],"collection":[{"href":"https:\/\/www.gilianplants.com\/de\/wp-json\/wp\/v2\/product"}],"about":[{"href":"https:\/\/www.gilianplants.com\/de\/wp-json\/wp\/v2\/types\/product"}],"replies":[{"embeddable":true,"href":"https:\/\/www.gilianplants.com\/de\/wp-json\/wp\/v2\/comments?post=11313"}],"wp:featuredmedia":[{"embeddable":true,"href":"https:\/\/www.gilianplants.com\/de\/wp-json\/wp\/v2\/media\/11351"}],"wp:attachment":[{"href":"https:\/\/www.gilianplants.com\/de\/wp-json\/wp\/v2\/media?parent=11313"}],"wp:term":[{"taxonomy":"product_brand","embeddable":true,"href":"https:\/\/www.gilianplants.com\/de\/wp-json\/wp\/v2\/product_brand?post=11313"},{"taxonomy":"product_cat","embeddable":true,"href":"https:\/\/www.gilianplants.com\/de\/wp-json\/wp\/v2\/product_cat?post=11313"},{"taxonomy":"product_tag","embeddable":true,"href":"https:\/\/www.gilianplants.com\/de\/wp-json\/wp\/v2\/product_tag?post=11313"}],"curies":[{"name":"wp","href":"https:\/\/api.w.org\/{rel}","templated":true}]}}