{"id":2538,"date":"2021-04-14T10:20:48","date_gmt":"2021-05-17T17:59:04","guid":{"rendered":"https:\/\/www.gilianplants.com\/product\/araucaria-araucana-3-jahre-alt\/"},"modified":"2025-02-16T10:00:08","modified_gmt":"2025-02-16T09:00:08","slug":"araucaria-araucana-2","status":"publish","type":"product","link":"https:\/\/www.gilianplants.com\/de\/produkt\/araucaria-araucana-2\/","title":{"rendered":"Araucaria araucana"},"content":{"rendered":"<p><span style=\"font-size: 160%;\"><strong>Araucaria araucana &#8211; Affenpuzzle-Baum, Europ\u00e4ische Araukarie<\/strong><\/span><\/p>\n<p>Diese Araucaria araucana ist die h\u00e4ufigste Pflanze in alten G\u00e4rten in Europa. In den holl\u00e4ndischen G\u00e4rten wird sie gerne kultiviert. Sie ist frosthart und sehr dekorativ f\u00fcr Ihren Garten. Ein Blickfang f\u00fcr Ihren Garten. Die Erfahrungen von Gilian Plants mit dieser Sorte sind f\u00fcr Europa positiv. Diese Konifere w\u00e4chst gut als Containerpflanze in Europa. In Europa ist der beste Weg, sie in einem Container zu halten, wenn es eine kleine Pflanze ist. Ausgewachsene Pflanzen k\u00f6nnen eine Gr\u00f6\u00dfe von 30 Metern erreichen! Die Bl\u00e4tter sind schlank und gr\u00fcn. Die Zapfen mit Samen sind klein und voll mit lebensf\u00e4higen Samen. Warten Sie nicht zu lange mit der Aussaat dieser Samen. Alte Samen keimen nicht und verlieren ihre Lebensf\u00e4higkeit. Eine zierliche immergr\u00fcne Koniferenkiefer.<\/p>\n<p>Wir sind Experten in der Keimung von speziellen seltenen Araucaria-Samen. Jedes Jahr hat Gilian Plants neue Spieces in einigen gro\u00dfen Mengen Gro\u00dfhandel.<\/p>\n<p>&#8211; Preis ist f\u00fcr eine 3 Jahre alte Pflanze.<\/p>\n<ul>\n<li><strong>Pflanzenstandort: volle Sonne<\/strong><\/li>\n<li><strong>Pflanzenpflege: einfach<\/strong><\/li>\n<li><strong>Gie\u00dfen: junge Pflanzen eher trocken halten.<\/strong><\/li>\n<li><strong>Winterhart: -20<\/strong><\/li>\n<li><strong>Herkunftsland: Chile und Argentinien<\/strong><\/li>\n<\/ul>\n","protected":false},"excerpt":{"rendered":"<p><span style=\"font-size: 160%;\"><strong>Araucaria araucana &#8211; Affenpuzzle-Baum, Europ\u00e4ische Araukarie<\/strong><\/span><\/p>\n","protected":false},"featured_media":917,"comment_status":"open","ping_status":"closed","template":"","meta":[],"product_brand":[],"product_cat":[393],"product_tag":[505,396],"class_list":{"0":"post-2538","1":"product","2":"type-product","3":"status-publish","4":"has-post-thumbnail","6":"product_cat-verschiedene-pflanzen","7":"product_tag-araucana-de","8":"product_tag-araucaria-de","9":"product_shipping_class-normal-paket-1-10kg","11":"first","12":"instock","13":"taxable","14":"shipping-taxable","15":"purchasable","16":"product-type-simple"},"yoast_head":"<!-- This site is optimized with the Yoast SEO plugin v27.5 - https:\/\/yoast.com\/product\/yoast-seo-wordpress\/ -->\n<title>Araucaria araucana - Gilian Plants<\/title>\n<meta name=\"robots\" content=\"index, follow, max-snippet:-1, max-image-preview:large, max-video-preview:-1\" \/>\n<link rel=\"canonical\" href=\"https:\/\/www.gilianplants.com\/de\/produkt\/araucaria-araucana-2\/\" \/>\n<meta property=\"og:locale\" content=\"de_DE\" \/>\n<meta property=\"og:type\" content=\"article\" \/>\n<meta property=\"og:title\" content=\"Araucaria araucana - Gilian Plants\" \/>\n<meta property=\"og:description\" content=\"Araucaria araucana - Affenpuzzle-Baum, Europ\u00e4ische Araukarie\" \/>\n<meta property=\"og:url\" content=\"https:\/\/www.gilianplants.com\/de\/produkt\/araucaria-araucana-2\/\" \/>\n<meta property=\"og:site_name\" content=\"Gilian Plants\" \/>\n<meta property=\"article:modified_time\" content=\"2025-02-16T09:00:08+00:00\" \/>\n<meta property=\"og:image\" content=\"https:\/\/www.gilianplants.com\/wp-content\/uploads\/2021\/04\/mg_2118-2.jpeg\" \/>\n\t<meta property=\"og:image:width\" content=\"1280\" \/>\n\t<meta property=\"og:image:height\" content=\"1920\" \/>\n\t<meta property=\"og:image:type\" content=\"image\/jpeg\" \/>\n<meta name=\"twitter:card\" content=\"summary_large_image\" \/>\n<meta name=\"twitter:label1\" content=\"Gesch\u00e4tzte Lesezeit\" \/>\n\t<meta name=\"twitter:data1\" content=\"1\u00a0Minute\" \/>\n<script type=\"application\/ld+json\" class=\"yoast-schema-graph\">{\"@context\":\"https:\\\/\\\/schema.org\",\"@graph\":[{\"@type\":\"WebPage\",\"@id\":\"https:\\\/\\\/www.gilianplants.com\\\/de\\\/produkt\\\/araucaria-araucana-2\\\/\",\"url\":\"https:\\\/\\\/www.gilianplants.com\\\/de\\\/produkt\\\/araucaria-araucana-2\\\/\",\"name\":\"Araucaria araucana - Gilian Plants\",\"isPartOf\":{\"@id\":\"https:\\\/\\\/www.gilianplants.com\\\/de\\\/#website\"},\"primaryImageOfPage\":{\"@id\":\"https:\\\/\\\/www.gilianplants.com\\\/de\\\/produkt\\\/araucaria-araucana-2\\\/#primaryimage\"},\"image\":{\"@id\":\"https:\\\/\\\/www.gilianplants.com\\\/de\\\/produkt\\\/araucaria-araucana-2\\\/#primaryimage\"},\"thumbnailUrl\":\"https:\\\/\\\/www.gilianplants.com\\\/wp-content\\\/uploads\\\/2021\\\/04\\\/mg_2118-2.jpeg\",\"datePublished\":\"2021-05-17T17:59:04+00:00\",\"dateModified\":\"2025-02-16T09:00:08+00:00\",\"breadcrumb\":{\"@id\":\"https:\\\/\\\/www.gilianplants.com\\\/de\\\/produkt\\\/araucaria-araucana-2\\\/#breadcrumb\"},\"inLanguage\":\"de\",\"potentialAction\":[{\"@type\":\"ReadAction\",\"target\":[\"https:\\\/\\\/www.gilianplants.com\\\/de\\\/produkt\\\/araucaria-araucana-2\\\/\"]}]},{\"@type\":\"ImageObject\",\"inLanguage\":\"de\",\"@id\":\"https:\\\/\\\/www.gilianplants.com\\\/de\\\/produkt\\\/araucaria-araucana-2\\\/#primaryimage\",\"url\":\"https:\\\/\\\/www.gilianplants.com\\\/wp-content\\\/uploads\\\/2021\\\/04\\\/mg_2118-2.jpeg\",\"contentUrl\":\"https:\\\/\\\/www.gilianplants.com\\\/wp-content\\\/uploads\\\/2021\\\/04\\\/mg_2118-2.jpeg\",\"width\":1280,\"height\":1920},{\"@type\":\"BreadcrumbList\",\"@id\":\"https:\\\/\\\/www.gilianplants.com\\\/de\\\/produkt\\\/araucaria-araucana-2\\\/#breadcrumb\",\"itemListElement\":[{\"@type\":\"ListItem\",\"position\":1,\"name\":\"Home\",\"item\":\"https:\\\/\\\/www.gilianplants.com\\\/de\\\/home\\\/\"},{\"@type\":\"ListItem\",\"position\":2,\"name\":\"Shop\",\"item\":\"https:\\\/\\\/www.gilianplants.com\\\/shop\\\/\"},{\"@type\":\"ListItem\",\"position\":3,\"name\":\"Araucaria araucana\"}]},{\"@type\":\"WebSite\",\"@id\":\"https:\\\/\\\/www.gilianplants.com\\\/de\\\/#website\",\"url\":\"https:\\\/\\\/www.gilianplants.com\\\/de\\\/\",\"name\":\"Gilian Plants\",\"description\":\"Specialist in germination of rare exotic plants\",\"potentialAction\":[{\"@type\":\"SearchAction\",\"target\":{\"@type\":\"EntryPoint\",\"urlTemplate\":\"https:\\\/\\\/www.gilianplants.com\\\/de\\\/?s={search_term_string}\"},\"query-input\":{\"@type\":\"PropertyValueSpecification\",\"valueRequired\":true,\"valueName\":\"search_term_string\"}}],\"inLanguage\":\"de\"}]}<\/script>\n<!-- \/ Yoast SEO plugin. -->","yoast_head_json":{"title":"Araucaria araucana - Gilian Plants","robots":{"index":"index","follow":"follow","max-snippet":"max-snippet:-1","max-image-preview":"max-image-preview:large","max-video-preview":"max-video-preview:-1"},"canonical":"https:\/\/www.gilianplants.com\/de\/produkt\/araucaria-araucana-2\/","og_locale":"de_DE","og_type":"article","og_title":"Araucaria araucana - Gilian Plants","og_description":"Araucaria araucana - Affenpuzzle-Baum, Europ\u00e4ische Araukarie","og_url":"https:\/\/www.gilianplants.com\/de\/produkt\/araucaria-araucana-2\/","og_site_name":"Gilian Plants","article_modified_time":"2025-02-16T09:00:08+00:00","og_image":[{"width":1280,"height":1920,"url":"https:\/\/www.gilianplants.com\/wp-content\/uploads\/2021\/04\/mg_2118-2.jpeg","type":"image\/jpeg"}],"twitter_card":"summary_large_image","twitter_misc":{"Gesch\u00e4tzte Lesezeit":"1\u00a0Minute"},"schema":{"@context":"https:\/\/schema.org","@graph":[{"@type":"WebPage","@id":"https:\/\/www.gilianplants.com\/de\/produkt\/araucaria-araucana-2\/","url":"https:\/\/www.gilianplants.com\/de\/produkt\/araucaria-araucana-2\/","name":"Araucaria araucana - Gilian Plants","isPartOf":{"@id":"https:\/\/www.gilianplants.com\/de\/#website"},"primaryImageOfPage":{"@id":"https:\/\/www.gilianplants.com\/de\/produkt\/araucaria-araucana-2\/#primaryimage"},"image":{"@id":"https:\/\/www.gilianplants.com\/de\/produkt\/araucaria-araucana-2\/#primaryimage"},"thumbnailUrl":"https:\/\/www.gilianplants.com\/wp-content\/uploads\/2021\/04\/mg_2118-2.jpeg","datePublished":"2021-05-17T17:59:04+00:00","dateModified":"2025-02-16T09:00:08+00:00","breadcrumb":{"@id":"https:\/\/www.gilianplants.com\/de\/produkt\/araucaria-araucana-2\/#breadcrumb"},"inLanguage":"de","potentialAction":[{"@type":"ReadAction","target":["https:\/\/www.gilianplants.com\/de\/produkt\/araucaria-araucana-2\/"]}]},{"@type":"ImageObject","inLanguage":"de","@id":"https:\/\/www.gilianplants.com\/de\/produkt\/araucaria-araucana-2\/#primaryimage","url":"https:\/\/www.gilianplants.com\/wp-content\/uploads\/2021\/04\/mg_2118-2.jpeg","contentUrl":"https:\/\/www.gilianplants.com\/wp-content\/uploads\/2021\/04\/mg_2118-2.jpeg","width":1280,"height":1920},{"@type":"BreadcrumbList","@id":"https:\/\/www.gilianplants.com\/de\/produkt\/araucaria-araucana-2\/#breadcrumb","itemListElement":[{"@type":"ListItem","position":1,"name":"Home","item":"https:\/\/www.gilianplants.com\/de\/home\/"},{"@type":"ListItem","position":2,"name":"Shop","item":"https:\/\/www.gilianplants.com\/shop\/"},{"@type":"ListItem","position":3,"name":"Araucaria araucana"}]},{"@type":"WebSite","@id":"https:\/\/www.gilianplants.com\/de\/#website","url":"https:\/\/www.gilianplants.com\/de\/","name":"Gilian Plants","description":"Specialist in germination of rare exotic plants","potentialAction":[{"@type":"SearchAction","target":{"@type":"EntryPoint","urlTemplate":"https:\/\/www.gilianplants.com\/de\/?s={search_term_string}"},"query-input":{"@type":"PropertyValueSpecification","valueRequired":true,"valueName":"search_term_string"}}],"inLanguage":"de"}]}},"jetpack_sharing_enabled":true,"_links":{"self":[{"href":"https:\/\/www.gilianplants.com\/de\/wp-json\/wp\/v2\/product\/2538","targetHints":{"allow":["GET"]}}],"collection":[{"href":"https:\/\/www.gilianplants.com\/de\/wp-json\/wp\/v2\/product"}],"about":[{"href":"https:\/\/www.gilianplants.com\/de\/wp-json\/wp\/v2\/types\/product"}],"replies":[{"embeddable":true,"href":"https:\/\/www.gilianplants.com\/de\/wp-json\/wp\/v2\/comments?post=2538"}],"wp:featuredmedia":[{"embeddable":true,"href":"https:\/\/www.gilianplants.com\/de\/wp-json\/wp\/v2\/media\/917"}],"wp:attachment":[{"href":"https:\/\/www.gilianplants.com\/de\/wp-json\/wp\/v2\/media?parent=2538"}],"wp:term":[{"taxonomy":"product_brand","embeddable":true,"href":"https:\/\/www.gilianplants.com\/de\/wp-json\/wp\/v2\/product_brand?post=2538"},{"taxonomy":"product_cat","embeddable":true,"href":"https:\/\/www.gilianplants.com\/de\/wp-json\/wp\/v2\/product_cat?post=2538"},{"taxonomy":"product_tag","embeddable":true,"href":"https:\/\/www.gilianplants.com\/de\/wp-json\/wp\/v2\/product_tag?post=2538"}],"curies":[{"name":"wp","href":"https:\/\/api.w.org\/{rel}","templated":true}]}}