{"id":2539,"date":"2021-05-17T19:59:22","date_gmt":"2021-05-17T17:59:22","guid":{"rendered":"https:\/\/www.gilianplants.com\/product\/araucaria-bidwilii\/"},"modified":"2026-03-04T14:21:18","modified_gmt":"2026-03-04T13:21:18","slug":"araucaria-bidwilii-2","status":"publish","type":"product","link":"https:\/\/www.gilianplants.com\/de\/produkt\/araucaria-bidwilii-2\/","title":{"rendered":"Araucaria bidwilii"},"content":{"rendered":"<h2><em><strong>Araucaria bidwillii \u2013<\/strong> Bunya Pine<\/em><\/h2>\n<p>Diese Araucaria bidwillii hat die gr\u00f6\u00dften Samen der Araucaria-Familie. Die Erfahrungen von Gilian Plants mit dieser Sorte sind f\u00fcr Europa positiv. Diese Konifere w\u00e4chst gut als Containerpflanze in Europa. In Europa ist die beste Art, sie in einem Container zu halten, wenn es eine kleine Pflanze ist. Ausgewachsene Pflanzen k\u00f6nnen eine Gr\u00f6\u00dfe von 15 Metern erreichen! Die Bl\u00e4tter sind schlank und gr\u00fcn. Die Zapfen mit Samen sind robust und voll mit lebensf\u00e4higen Samen. Warten Sie nicht zu lange mit der Aussaat dieser Samen. Alte Samen keimen nicht und verlieren ihre Lebensf\u00e4higkeit. Eine immergr\u00fcne Konifere als Zierpflanze. Im Anbau ist sie sehr selten.<\/p>\n<p>Wir sind Experten in der Keimung von speziellen seltenen Araucaria-Samen. Jedes Jahr hat Gilian Plants neue Spieces in einigen Gro\u00dfhandelsmengen.<\/p>\n<p>&#8211; Preis ist f\u00fcr eine 2 Jahre alte Pflanze.<\/p>\n<ul>\n<li><strong>Pflanzenstandort: volle Sonne<\/strong><\/li>\n<li><strong>Pflanzenpflege: mittel<\/strong><\/li>\n<li><strong>Gie\u00dfen: junge Pflanzen eher trocken halten.<\/strong><\/li>\n<li><strong>Winterh\u00e4rte: -5<\/strong><\/li>\n<li><strong>Herkunftsland: Queensland<\/strong><\/li>\n<\/ul>\n","protected":false},"excerpt":{"rendered":"<h2><em><strong>Araucaria bidwillii \u2013<\/strong> Bunya Pine<\/em><\/h2>\n","protected":false},"featured_media":921,"comment_status":"open","ping_status":"closed","template":"","meta":[],"product_brand":[],"product_cat":[393],"product_tag":[134,135,762,1281],"class_list":{"0":"post-2539","1":"product","2":"type-product","3":"status-publish","4":"has-post-thumbnail","6":"product_cat-verschiedene-pflanzen","7":"product_tag-araucaria","8":"product_tag-bidwilii","9":"product_tag-pine","10":"product_tag-bunya","11":"product_shipping_class-normal-parcel-1-10kg-en","13":"first","14":"instock","15":"taxable","16":"shipping-taxable","17":"purchasable","18":"product-type-simple"},"yoast_head":"<!-- This site is optimized with the Yoast SEO plugin v27.5 - https:\/\/yoast.com\/product\/yoast-seo-wordpress\/ -->\n<title>Araucaria bidwilii - Gilian Plants<\/title>\n<meta name=\"robots\" content=\"index, follow, max-snippet:-1, max-image-preview:large, max-video-preview:-1\" \/>\n<link rel=\"canonical\" href=\"https:\/\/www.gilianplants.com\/de\/produkt\/araucaria-bidwilii-2\/\" \/>\n<meta property=\"og:locale\" content=\"de_DE\" \/>\n<meta property=\"og:type\" content=\"article\" \/>\n<meta property=\"og:title\" content=\"Araucaria bidwilii - Gilian Plants\" \/>\n<meta property=\"og:description\" content=\"Araucaria bidwillii \u2013 Bunya Pine\" \/>\n<meta property=\"og:url\" content=\"https:\/\/www.gilianplants.com\/de\/produkt\/araucaria-bidwilii-2\/\" \/>\n<meta property=\"og:site_name\" content=\"Gilian Plants\" \/>\n<meta property=\"article:modified_time\" content=\"2026-03-04T13:21:18+00:00\" \/>\n<meta property=\"og:image\" content=\"https:\/\/www.gilianplants.com\/wp-content\/uploads\/2021\/04\/mg_2153.jpeg\" \/>\n\t<meta property=\"og:image:width\" content=\"1280\" \/>\n\t<meta property=\"og:image:height\" content=\"1920\" \/>\n\t<meta property=\"og:image:type\" content=\"image\/jpeg\" \/>\n<meta name=\"twitter:card\" content=\"summary_large_image\" \/>\n<meta name=\"twitter:label1\" content=\"Gesch\u00e4tzte Lesezeit\" \/>\n\t<meta name=\"twitter:data1\" content=\"1\u00a0Minute\" \/>\n<script type=\"application\/ld+json\" class=\"yoast-schema-graph\">{\"@context\":\"https:\\\/\\\/schema.org\",\"@graph\":[{\"@type\":\"WebPage\",\"@id\":\"https:\\\/\\\/www.gilianplants.com\\\/de\\\/produkt\\\/araucaria-bidwilii-2\\\/\",\"url\":\"https:\\\/\\\/www.gilianplants.com\\\/de\\\/produkt\\\/araucaria-bidwilii-2\\\/\",\"name\":\"Araucaria bidwilii - Gilian Plants\",\"isPartOf\":{\"@id\":\"https:\\\/\\\/www.gilianplants.com\\\/de\\\/#website\"},\"primaryImageOfPage\":{\"@id\":\"https:\\\/\\\/www.gilianplants.com\\\/de\\\/produkt\\\/araucaria-bidwilii-2\\\/#primaryimage\"},\"image\":{\"@id\":\"https:\\\/\\\/www.gilianplants.com\\\/de\\\/produkt\\\/araucaria-bidwilii-2\\\/#primaryimage\"},\"thumbnailUrl\":\"https:\\\/\\\/www.gilianplants.com\\\/wp-content\\\/uploads\\\/2021\\\/04\\\/mg_2153.jpeg\",\"datePublished\":\"2021-05-17T17:59:22+00:00\",\"dateModified\":\"2026-03-04T13:21:18+00:00\",\"breadcrumb\":{\"@id\":\"https:\\\/\\\/www.gilianplants.com\\\/de\\\/produkt\\\/araucaria-bidwilii-2\\\/#breadcrumb\"},\"inLanguage\":\"de\",\"potentialAction\":[{\"@type\":\"ReadAction\",\"target\":[\"https:\\\/\\\/www.gilianplants.com\\\/de\\\/produkt\\\/araucaria-bidwilii-2\\\/\"]}]},{\"@type\":\"ImageObject\",\"inLanguage\":\"de\",\"@id\":\"https:\\\/\\\/www.gilianplants.com\\\/de\\\/produkt\\\/araucaria-bidwilii-2\\\/#primaryimage\",\"url\":\"https:\\\/\\\/www.gilianplants.com\\\/wp-content\\\/uploads\\\/2021\\\/04\\\/mg_2153.jpeg\",\"contentUrl\":\"https:\\\/\\\/www.gilianplants.com\\\/wp-content\\\/uploads\\\/2021\\\/04\\\/mg_2153.jpeg\",\"width\":1280,\"height\":1920},{\"@type\":\"BreadcrumbList\",\"@id\":\"https:\\\/\\\/www.gilianplants.com\\\/de\\\/produkt\\\/araucaria-bidwilii-2\\\/#breadcrumb\",\"itemListElement\":[{\"@type\":\"ListItem\",\"position\":1,\"name\":\"Home\",\"item\":\"https:\\\/\\\/www.gilianplants.com\\\/de\\\/home\\\/\"},{\"@type\":\"ListItem\",\"position\":2,\"name\":\"Shop\",\"item\":\"https:\\\/\\\/www.gilianplants.com\\\/shop\\\/\"},{\"@type\":\"ListItem\",\"position\":3,\"name\":\"Araucaria bidwilii\"}]},{\"@type\":\"WebSite\",\"@id\":\"https:\\\/\\\/www.gilianplants.com\\\/de\\\/#website\",\"url\":\"https:\\\/\\\/www.gilianplants.com\\\/de\\\/\",\"name\":\"Gilian Plants\",\"description\":\"Specialist in germination of rare exotic plants\",\"potentialAction\":[{\"@type\":\"SearchAction\",\"target\":{\"@type\":\"EntryPoint\",\"urlTemplate\":\"https:\\\/\\\/www.gilianplants.com\\\/de\\\/?s={search_term_string}\"},\"query-input\":{\"@type\":\"PropertyValueSpecification\",\"valueRequired\":true,\"valueName\":\"search_term_string\"}}],\"inLanguage\":\"de\"}]}<\/script>\n<!-- \/ Yoast SEO plugin. -->","yoast_head_json":{"title":"Araucaria bidwilii - Gilian Plants","robots":{"index":"index","follow":"follow","max-snippet":"max-snippet:-1","max-image-preview":"max-image-preview:large","max-video-preview":"max-video-preview:-1"},"canonical":"https:\/\/www.gilianplants.com\/de\/produkt\/araucaria-bidwilii-2\/","og_locale":"de_DE","og_type":"article","og_title":"Araucaria bidwilii - Gilian Plants","og_description":"Araucaria bidwillii \u2013 Bunya Pine","og_url":"https:\/\/www.gilianplants.com\/de\/produkt\/araucaria-bidwilii-2\/","og_site_name":"Gilian Plants","article_modified_time":"2026-03-04T13:21:18+00:00","og_image":[{"width":1280,"height":1920,"url":"https:\/\/www.gilianplants.com\/wp-content\/uploads\/2021\/04\/mg_2153.jpeg","type":"image\/jpeg"}],"twitter_card":"summary_large_image","twitter_misc":{"Gesch\u00e4tzte Lesezeit":"1\u00a0Minute"},"schema":{"@context":"https:\/\/schema.org","@graph":[{"@type":"WebPage","@id":"https:\/\/www.gilianplants.com\/de\/produkt\/araucaria-bidwilii-2\/","url":"https:\/\/www.gilianplants.com\/de\/produkt\/araucaria-bidwilii-2\/","name":"Araucaria bidwilii - Gilian Plants","isPartOf":{"@id":"https:\/\/www.gilianplants.com\/de\/#website"},"primaryImageOfPage":{"@id":"https:\/\/www.gilianplants.com\/de\/produkt\/araucaria-bidwilii-2\/#primaryimage"},"image":{"@id":"https:\/\/www.gilianplants.com\/de\/produkt\/araucaria-bidwilii-2\/#primaryimage"},"thumbnailUrl":"https:\/\/www.gilianplants.com\/wp-content\/uploads\/2021\/04\/mg_2153.jpeg","datePublished":"2021-05-17T17:59:22+00:00","dateModified":"2026-03-04T13:21:18+00:00","breadcrumb":{"@id":"https:\/\/www.gilianplants.com\/de\/produkt\/araucaria-bidwilii-2\/#breadcrumb"},"inLanguage":"de","potentialAction":[{"@type":"ReadAction","target":["https:\/\/www.gilianplants.com\/de\/produkt\/araucaria-bidwilii-2\/"]}]},{"@type":"ImageObject","inLanguage":"de","@id":"https:\/\/www.gilianplants.com\/de\/produkt\/araucaria-bidwilii-2\/#primaryimage","url":"https:\/\/www.gilianplants.com\/wp-content\/uploads\/2021\/04\/mg_2153.jpeg","contentUrl":"https:\/\/www.gilianplants.com\/wp-content\/uploads\/2021\/04\/mg_2153.jpeg","width":1280,"height":1920},{"@type":"BreadcrumbList","@id":"https:\/\/www.gilianplants.com\/de\/produkt\/araucaria-bidwilii-2\/#breadcrumb","itemListElement":[{"@type":"ListItem","position":1,"name":"Home","item":"https:\/\/www.gilianplants.com\/de\/home\/"},{"@type":"ListItem","position":2,"name":"Shop","item":"https:\/\/www.gilianplants.com\/shop\/"},{"@type":"ListItem","position":3,"name":"Araucaria bidwilii"}]},{"@type":"WebSite","@id":"https:\/\/www.gilianplants.com\/de\/#website","url":"https:\/\/www.gilianplants.com\/de\/","name":"Gilian Plants","description":"Specialist in germination of rare exotic plants","potentialAction":[{"@type":"SearchAction","target":{"@type":"EntryPoint","urlTemplate":"https:\/\/www.gilianplants.com\/de\/?s={search_term_string}"},"query-input":{"@type":"PropertyValueSpecification","valueRequired":true,"valueName":"search_term_string"}}],"inLanguage":"de"}]}},"jetpack_sharing_enabled":true,"_links":{"self":[{"href":"https:\/\/www.gilianplants.com\/de\/wp-json\/wp\/v2\/product\/2539","targetHints":{"allow":["GET"]}}],"collection":[{"href":"https:\/\/www.gilianplants.com\/de\/wp-json\/wp\/v2\/product"}],"about":[{"href":"https:\/\/www.gilianplants.com\/de\/wp-json\/wp\/v2\/types\/product"}],"replies":[{"embeddable":true,"href":"https:\/\/www.gilianplants.com\/de\/wp-json\/wp\/v2\/comments?post=2539"}],"wp:featuredmedia":[{"embeddable":true,"href":"https:\/\/www.gilianplants.com\/de\/wp-json\/wp\/v2\/media\/921"}],"wp:attachment":[{"href":"https:\/\/www.gilianplants.com\/de\/wp-json\/wp\/v2\/media?parent=2539"}],"wp:term":[{"taxonomy":"product_brand","embeddable":true,"href":"https:\/\/www.gilianplants.com\/de\/wp-json\/wp\/v2\/product_brand?post=2539"},{"taxonomy":"product_cat","embeddable":true,"href":"https:\/\/www.gilianplants.com\/de\/wp-json\/wp\/v2\/product_cat?post=2539"},{"taxonomy":"product_tag","embeddable":true,"href":"https:\/\/www.gilianplants.com\/de\/wp-json\/wp\/v2\/product_tag?post=2539"}],"curies":[{"name":"wp","href":"https:\/\/api.w.org\/{rel}","templated":true}]}}