{"id":2667,"date":"2021-04-19T10:36:06","date_gmt":"2021-05-10T23:12:03","guid":{"rendered":"https:\/\/www.gilianplants.com\/product\/asimina-triloba-2\/"},"modified":"2022-04-23T14:19:12","modified_gmt":"2022-04-23T13:19:12","slug":"asimina-triloba-2","status":"publish","type":"product","link":"https:\/\/www.gilianplants.com\/de\/produkt\/asimina-triloba-2\/","title":{"rendered":"Asimina triloba"},"content":{"rendered":"<h2><em><strong>Asimina triloba &#8211; <\/strong>Pawpaw pflanze<\/em><\/h2>\n<p>Der Asimina triloba ist ein winterharter Obstbaum. Ausgewachsene Pflanzen werden selten 5 Meter hoch. Die Pflanzen wachsen in Europa sehr gut, und wenn sie erst einmal in der Erde sind, k\u00f6nnen sie mehr als 30 cm pro Jahr an Stamm wachsen. Sie schmecken k\u00f6stlich s\u00fc\u00df und cremig. Dieser Obstbaum kann als K\u00fcbelpflanze oder in den Boden gepflanzt werden. Der Asimina triloba ist ein Muss f\u00fcr Ihren essbaren Garten.<\/p>\n<p>Sie kaufen eine gesunde Pflanze.<\/p>\n<p>&nbsp;<\/p>\n<ul>\n<li><strong>Pflanzenstandort: volle Sonne \/ Halbschatten<\/strong><\/li>\n<li><strong>Bew\u00e4sserung: mittel<\/strong><\/li>\n<li><strong>Frosth\u00e4rte: ja -15 Grad<\/strong><\/li>\n<li><strong>Herkunftsland: Vereinigte Staaten<\/strong><\/li>\n<\/ul>\n","protected":false},"excerpt":{"rendered":"<h2><em><strong>Asimina triloba &#8211; <\/strong>Pawpaw pflanze<\/em><\/h2>\n","protected":false},"featured_media":9825,"comment_status":"open","ping_status":"closed","template":"","meta":[],"product_brand":[],"product_cat":[773],"product_tag":[1222,1223],"class_list":{"0":"post-2667","1":"product","2":"type-product","3":"status-publish","4":"has-post-thumbnail","6":"product_cat-presale","7":"product_tag-fruitplant-de","8":"product_tag-pawpaw-de","10":"first","11":"instock","12":"taxable","13":"shipping-taxable","14":"purchasable","15":"product-type-simple"},"yoast_head":"<!-- This site is optimized with the Yoast SEO plugin v27.5 - https:\/\/yoast.com\/product\/yoast-seo-wordpress\/ -->\n<title>Asimina triloba - Gilian Plants<\/title>\n<meta name=\"robots\" content=\"index, follow, max-snippet:-1, max-image-preview:large, max-video-preview:-1\" \/>\n<link rel=\"canonical\" href=\"https:\/\/www.gilianplants.com\/de\/produkt\/asimina-triloba-2\/\" \/>\n<meta property=\"og:locale\" content=\"de_DE\" \/>\n<meta property=\"og:type\" content=\"article\" \/>\n<meta property=\"og:title\" content=\"Asimina triloba - Gilian Plants\" \/>\n<meta property=\"og:description\" content=\"Asimina triloba - Pawpaw pflanze\" \/>\n<meta property=\"og:url\" content=\"https:\/\/www.gilianplants.com\/de\/produkt\/asimina-triloba-2\/\" \/>\n<meta property=\"og:site_name\" content=\"Gilian Plants\" \/>\n<meta property=\"article:modified_time\" content=\"2022-04-23T13:19:12+00:00\" \/>\n<meta property=\"og:image\" content=\"https:\/\/www.gilianplants.com\/wp-content\/uploads\/2021\/05\/img_2463-1.jpeg\" \/>\n\t<meta property=\"og:image:width\" content=\"1280\" \/>\n\t<meta property=\"og:image:height\" content=\"1920\" \/>\n\t<meta property=\"og:image:type\" content=\"image\/jpeg\" \/>\n<meta name=\"twitter:card\" content=\"summary_large_image\" \/>\n<script type=\"application\/ld+json\" class=\"yoast-schema-graph\">{\"@context\":\"https:\\\/\\\/schema.org\",\"@graph\":[{\"@type\":\"WebPage\",\"@id\":\"https:\\\/\\\/www.gilianplants.com\\\/de\\\/produkt\\\/asimina-triloba-2\\\/\",\"url\":\"https:\\\/\\\/www.gilianplants.com\\\/de\\\/produkt\\\/asimina-triloba-2\\\/\",\"name\":\"Asimina triloba - Gilian Plants\",\"isPartOf\":{\"@id\":\"https:\\\/\\\/www.gilianplants.com\\\/de\\\/#website\"},\"primaryImageOfPage\":{\"@id\":\"https:\\\/\\\/www.gilianplants.com\\\/de\\\/produkt\\\/asimina-triloba-2\\\/#primaryimage\"},\"image\":{\"@id\":\"https:\\\/\\\/www.gilianplants.com\\\/de\\\/produkt\\\/asimina-triloba-2\\\/#primaryimage\"},\"thumbnailUrl\":\"https:\\\/\\\/www.gilianplants.com\\\/wp-content\\\/uploads\\\/2022\\\/05\\\/5264b1ea-7acd-4270-9ed2-94b637e41537.png\",\"datePublished\":\"2021-05-10T23:12:03+00:00\",\"dateModified\":\"2022-04-23T13:19:12+00:00\",\"breadcrumb\":{\"@id\":\"https:\\\/\\\/www.gilianplants.com\\\/de\\\/produkt\\\/asimina-triloba-2\\\/#breadcrumb\"},\"inLanguage\":\"de\",\"potentialAction\":[{\"@type\":\"ReadAction\",\"target\":[\"https:\\\/\\\/www.gilianplants.com\\\/de\\\/produkt\\\/asimina-triloba-2\\\/\"]}]},{\"@type\":\"ImageObject\",\"inLanguage\":\"de\",\"@id\":\"https:\\\/\\\/www.gilianplants.com\\\/de\\\/produkt\\\/asimina-triloba-2\\\/#primaryimage\",\"url\":\"https:\\\/\\\/www.gilianplants.com\\\/wp-content\\\/uploads\\\/2022\\\/05\\\/5264b1ea-7acd-4270-9ed2-94b637e41537.png\",\"contentUrl\":\"https:\\\/\\\/www.gilianplants.com\\\/wp-content\\\/uploads\\\/2022\\\/05\\\/5264b1ea-7acd-4270-9ed2-94b637e41537.png\",\"width\":1920,\"height\":1080},{\"@type\":\"BreadcrumbList\",\"@id\":\"https:\\\/\\\/www.gilianplants.com\\\/de\\\/produkt\\\/asimina-triloba-2\\\/#breadcrumb\",\"itemListElement\":[{\"@type\":\"ListItem\",\"position\":1,\"name\":\"Home\",\"item\":\"https:\\\/\\\/www.gilianplants.com\\\/de\\\/home\\\/\"},{\"@type\":\"ListItem\",\"position\":2,\"name\":\"Shop\",\"item\":\"https:\\\/\\\/www.gilianplants.com\\\/shop\\\/\"},{\"@type\":\"ListItem\",\"position\":3,\"name\":\"Asimina triloba\"}]},{\"@type\":\"WebSite\",\"@id\":\"https:\\\/\\\/www.gilianplants.com\\\/de\\\/#website\",\"url\":\"https:\\\/\\\/www.gilianplants.com\\\/de\\\/\",\"name\":\"Gilian Plants\",\"description\":\"Specialist in germination of rare exotic plants\",\"potentialAction\":[{\"@type\":\"SearchAction\",\"target\":{\"@type\":\"EntryPoint\",\"urlTemplate\":\"https:\\\/\\\/www.gilianplants.com\\\/de\\\/?s={search_term_string}\"},\"query-input\":{\"@type\":\"PropertyValueSpecification\",\"valueRequired\":true,\"valueName\":\"search_term_string\"}}],\"inLanguage\":\"de\"}]}<\/script>\n<!-- \/ Yoast SEO plugin. -->","yoast_head_json":{"title":"Asimina triloba - Gilian Plants","robots":{"index":"index","follow":"follow","max-snippet":"max-snippet:-1","max-image-preview":"max-image-preview:large","max-video-preview":"max-video-preview:-1"},"canonical":"https:\/\/www.gilianplants.com\/de\/produkt\/asimina-triloba-2\/","og_locale":"de_DE","og_type":"article","og_title":"Asimina triloba - Gilian Plants","og_description":"Asimina triloba - Pawpaw pflanze","og_url":"https:\/\/www.gilianplants.com\/de\/produkt\/asimina-triloba-2\/","og_site_name":"Gilian Plants","article_modified_time":"2022-04-23T13:19:12+00:00","og_image":[{"width":1280,"height":1920,"url":"https:\/\/www.gilianplants.com\/wp-content\/uploads\/2021\/05\/img_2463-1.jpeg","type":"image\/jpeg"}],"twitter_card":"summary_large_image","schema":{"@context":"https:\/\/schema.org","@graph":[{"@type":"WebPage","@id":"https:\/\/www.gilianplants.com\/de\/produkt\/asimina-triloba-2\/","url":"https:\/\/www.gilianplants.com\/de\/produkt\/asimina-triloba-2\/","name":"Asimina triloba - Gilian Plants","isPartOf":{"@id":"https:\/\/www.gilianplants.com\/de\/#website"},"primaryImageOfPage":{"@id":"https:\/\/www.gilianplants.com\/de\/produkt\/asimina-triloba-2\/#primaryimage"},"image":{"@id":"https:\/\/www.gilianplants.com\/de\/produkt\/asimina-triloba-2\/#primaryimage"},"thumbnailUrl":"https:\/\/www.gilianplants.com\/wp-content\/uploads\/2022\/05\/5264b1ea-7acd-4270-9ed2-94b637e41537.png","datePublished":"2021-05-10T23:12:03+00:00","dateModified":"2022-04-23T13:19:12+00:00","breadcrumb":{"@id":"https:\/\/www.gilianplants.com\/de\/produkt\/asimina-triloba-2\/#breadcrumb"},"inLanguage":"de","potentialAction":[{"@type":"ReadAction","target":["https:\/\/www.gilianplants.com\/de\/produkt\/asimina-triloba-2\/"]}]},{"@type":"ImageObject","inLanguage":"de","@id":"https:\/\/www.gilianplants.com\/de\/produkt\/asimina-triloba-2\/#primaryimage","url":"https:\/\/www.gilianplants.com\/wp-content\/uploads\/2022\/05\/5264b1ea-7acd-4270-9ed2-94b637e41537.png","contentUrl":"https:\/\/www.gilianplants.com\/wp-content\/uploads\/2022\/05\/5264b1ea-7acd-4270-9ed2-94b637e41537.png","width":1920,"height":1080},{"@type":"BreadcrumbList","@id":"https:\/\/www.gilianplants.com\/de\/produkt\/asimina-triloba-2\/#breadcrumb","itemListElement":[{"@type":"ListItem","position":1,"name":"Home","item":"https:\/\/www.gilianplants.com\/de\/home\/"},{"@type":"ListItem","position":2,"name":"Shop","item":"https:\/\/www.gilianplants.com\/shop\/"},{"@type":"ListItem","position":3,"name":"Asimina triloba"}]},{"@type":"WebSite","@id":"https:\/\/www.gilianplants.com\/de\/#website","url":"https:\/\/www.gilianplants.com\/de\/","name":"Gilian Plants","description":"Specialist in germination of rare exotic plants","potentialAction":[{"@type":"SearchAction","target":{"@type":"EntryPoint","urlTemplate":"https:\/\/www.gilianplants.com\/de\/?s={search_term_string}"},"query-input":{"@type":"PropertyValueSpecification","valueRequired":true,"valueName":"search_term_string"}}],"inLanguage":"de"}]}},"jetpack_sharing_enabled":true,"_links":{"self":[{"href":"https:\/\/www.gilianplants.com\/de\/wp-json\/wp\/v2\/product\/2667","targetHints":{"allow":["GET"]}}],"collection":[{"href":"https:\/\/www.gilianplants.com\/de\/wp-json\/wp\/v2\/product"}],"about":[{"href":"https:\/\/www.gilianplants.com\/de\/wp-json\/wp\/v2\/types\/product"}],"replies":[{"embeddable":true,"href":"https:\/\/www.gilianplants.com\/de\/wp-json\/wp\/v2\/comments?post=2667"}],"wp:featuredmedia":[{"embeddable":true,"href":"https:\/\/www.gilianplants.com\/de\/wp-json\/wp\/v2\/media\/9825"}],"wp:attachment":[{"href":"https:\/\/www.gilianplants.com\/de\/wp-json\/wp\/v2\/media?parent=2667"}],"wp:term":[{"taxonomy":"product_brand","embeddable":true,"href":"https:\/\/www.gilianplants.com\/de\/wp-json\/wp\/v2\/product_brand?post=2667"},{"taxonomy":"product_cat","embeddable":true,"href":"https:\/\/www.gilianplants.com\/de\/wp-json\/wp\/v2\/product_cat?post=2667"},{"taxonomy":"product_tag","embeddable":true,"href":"https:\/\/www.gilianplants.com\/de\/wp-json\/wp\/v2\/product_tag?post=2667"}],"curies":[{"name":"wp","href":"https:\/\/api.w.org\/{rel}","templated":true}]}}