{"id":7454,"date":"2022-01-10T22:06:23","date_gmt":"2022-01-10T21:06:23","guid":{"rendered":"https:\/\/www.gilianplants.com\/product\/5x-trachycarpus-wagnerianus-x-naggy\/"},"modified":"2023-06-20T00:24:45","modified_gmt":"2023-06-19T23:24:45","slug":"5x-trachycarpus-wagnerianus-x-naggy","status":"publish","type":"product","link":"https:\/\/www.gilianplants.com\/de\/produkt\/5x-trachycarpus-wagnerianus-x-naggy\/","title":{"rendered":"Trachycarpus wagnerianus x naggy"},"content":{"rendered":"<h2><em><strong>Trachycarpus wagnerianus x naggy<\/strong><\/em><\/h2>\n<p>Es handelt sich um eine Hybride aus eigener Produktion zwischen einem weiblichen wagnerianus und einem m\u00e4nnlichen naggy (wagnerianusxnanus). Eine interessante Kreuzung, von der man nicht wei\u00df, was sie einmal werden wird. Es handelt sich um eine gro\u00dfe Art, die mit einer kleinen Art gekreuzt wurde. Gilian Plants ist der Meinung, dass dies eine sehr gute Hybride f\u00fcr unser europ\u00e4isches Klima ist. Frostresistente Hybridpalme. Die Pflege ist bei dieser Sorte einfach.<\/p>\n<p>Sie kaufen gesunde Setzlinge, die von uns gekreuzt und aufgezogen wurden.<\/p>\n<p>Foto 1 zeigt ein Weibchen von Trachycarpus wagnerianus.<\/p>\n<p>Foto 2 zeigt m\u00e4nnliche Trachycarpus wagnerianusXnanus<\/p>\n<ul>\n<li><strong>Standort : volle Sonne \/ Halbschatten<\/strong><\/li>\n<li><strong>Bew\u00e4sserung: m\u00e4\u00dfig<\/strong><\/li>\n<li><strong>K\u00e4ltebest\u00e4ndig: ja -15<\/strong><\/li>\n<li><strong>Herkunftsland: Niederlande<\/strong><\/li>\n<\/ul>\n","protected":false},"excerpt":{"rendered":"<h2><em><strong>Trachycarpus wagnerianus x naggy<\/strong><\/em><\/h2>\n<p>&nbsp;<\/p>\n","protected":false},"featured_media":12250,"comment_status":"open","ping_status":"closed","template":"","meta":[],"product_brand":[],"product_cat":[410],"product_tag":[821,455,411,690],"class_list":{"0":"post-7454","1":"product","2":"type-product","3":"status-publish","4":"has-post-thumbnail","6":"product_cat-palmen","7":"product_tag-hybrid-de","8":"product_tag-naggy-de-2","9":"product_tag-trachycarpus-de","10":"product_tag-wagnerianus-de-2","11":"product_shipping_class-normal-paket-1-10kg","13":"first","14":"instock","15":"taxable","16":"shipping-taxable","17":"purchasable","18":"product-type-variable"},"yoast_head":"<!-- This site is optimized with the Yoast SEO plugin v27.5 - https:\/\/yoast.com\/product\/yoast-seo-wordpress\/ -->\n<title>Trachycarpus wagnerianus x naggy - Gilian Plants<\/title>\n<meta name=\"robots\" content=\"index, follow, max-snippet:-1, max-image-preview:large, max-video-preview:-1\" \/>\n<link rel=\"canonical\" href=\"https:\/\/www.gilianplants.com\/de\/produkt\/5x-trachycarpus-wagnerianus-x-naggy\/\" \/>\n<meta property=\"og:locale\" content=\"de_DE\" \/>\n<meta property=\"og:type\" content=\"article\" \/>\n<meta property=\"og:title\" content=\"Trachycarpus wagnerianus x naggy - Gilian Plants\" \/>\n<meta property=\"og:description\" content=\"Trachycarpus wagnerianus x naggy &nbsp;\" \/>\n<meta property=\"og:url\" content=\"https:\/\/www.gilianplants.com\/de\/produkt\/5x-trachycarpus-wagnerianus-x-naggy\/\" \/>\n<meta property=\"og:site_name\" content=\"Gilian Plants\" \/>\n<meta property=\"article:modified_time\" content=\"2023-06-19T23:24:45+00:00\" \/>\n<meta property=\"og:image\" content=\"https:\/\/www.gilianplants.com\/wp-content\/uploads\/2022\/01\/img_8500-2-scaled.jpeg\" \/>\n\t<meta property=\"og:image:width\" content=\"1920\" \/>\n\t<meta property=\"og:image:height\" content=\"2560\" \/>\n\t<meta property=\"og:image:type\" content=\"image\/jpeg\" \/>\n<meta name=\"twitter:card\" content=\"summary_large_image\" \/>\n<meta name=\"twitter:label1\" content=\"Gesch\u00e4tzte Lesezeit\" \/>\n\t<meta name=\"twitter:data1\" content=\"1\u00a0Minute\" \/>\n<script type=\"application\/ld+json\" class=\"yoast-schema-graph\">{\"@context\":\"https:\\\/\\\/schema.org\",\"@graph\":[{\"@type\":\"WebPage\",\"@id\":\"https:\\\/\\\/www.gilianplants.com\\\/de\\\/produkt\\\/5x-trachycarpus-wagnerianus-x-naggy\\\/\",\"url\":\"https:\\\/\\\/www.gilianplants.com\\\/de\\\/produkt\\\/5x-trachycarpus-wagnerianus-x-naggy\\\/\",\"name\":\"Trachycarpus wagnerianus x naggy - Gilian Plants\",\"isPartOf\":{\"@id\":\"https:\\\/\\\/www.gilianplants.com\\\/de\\\/#website\"},\"primaryImageOfPage\":{\"@id\":\"https:\\\/\\\/www.gilianplants.com\\\/de\\\/produkt\\\/5x-trachycarpus-wagnerianus-x-naggy\\\/#primaryimage\"},\"image\":{\"@id\":\"https:\\\/\\\/www.gilianplants.com\\\/de\\\/produkt\\\/5x-trachycarpus-wagnerianus-x-naggy\\\/#primaryimage\"},\"thumbnailUrl\":\"https:\\\/\\\/www.gilianplants.com\\\/wp-content\\\/uploads\\\/2022\\\/11\\\/ace67512-513d-4d81-beba-51e4da22fd25.png\",\"datePublished\":\"2022-01-10T21:06:23+00:00\",\"dateModified\":\"2023-06-19T23:24:45+00:00\",\"breadcrumb\":{\"@id\":\"https:\\\/\\\/www.gilianplants.com\\\/de\\\/produkt\\\/5x-trachycarpus-wagnerianus-x-naggy\\\/#breadcrumb\"},\"inLanguage\":\"de\",\"potentialAction\":[{\"@type\":\"ReadAction\",\"target\":[\"https:\\\/\\\/www.gilianplants.com\\\/de\\\/produkt\\\/5x-trachycarpus-wagnerianus-x-naggy\\\/\"]}]},{\"@type\":\"ImageObject\",\"inLanguage\":\"de\",\"@id\":\"https:\\\/\\\/www.gilianplants.com\\\/de\\\/produkt\\\/5x-trachycarpus-wagnerianus-x-naggy\\\/#primaryimage\",\"url\":\"https:\\\/\\\/www.gilianplants.com\\\/wp-content\\\/uploads\\\/2022\\\/11\\\/ace67512-513d-4d81-beba-51e4da22fd25.png\",\"contentUrl\":\"https:\\\/\\\/www.gilianplants.com\\\/wp-content\\\/uploads\\\/2022\\\/11\\\/ace67512-513d-4d81-beba-51e4da22fd25.png\",\"width\":1000,\"height\":1000},{\"@type\":\"BreadcrumbList\",\"@id\":\"https:\\\/\\\/www.gilianplants.com\\\/de\\\/produkt\\\/5x-trachycarpus-wagnerianus-x-naggy\\\/#breadcrumb\",\"itemListElement\":[{\"@type\":\"ListItem\",\"position\":1,\"name\":\"Home\",\"item\":\"https:\\\/\\\/www.gilianplants.com\\\/de\\\/home\\\/\"},{\"@type\":\"ListItem\",\"position\":2,\"name\":\"Shop\",\"item\":\"https:\\\/\\\/www.gilianplants.com\\\/shop\\\/\"},{\"@type\":\"ListItem\",\"position\":3,\"name\":\"Trachycarpus wagnerianus x naggy\"}]},{\"@type\":\"WebSite\",\"@id\":\"https:\\\/\\\/www.gilianplants.com\\\/de\\\/#website\",\"url\":\"https:\\\/\\\/www.gilianplants.com\\\/de\\\/\",\"name\":\"Gilian Plants\",\"description\":\"Specialist in germination of rare exotic plants\",\"potentialAction\":[{\"@type\":\"SearchAction\",\"target\":{\"@type\":\"EntryPoint\",\"urlTemplate\":\"https:\\\/\\\/www.gilianplants.com\\\/de\\\/?s={search_term_string}\"},\"query-input\":{\"@type\":\"PropertyValueSpecification\",\"valueRequired\":true,\"valueName\":\"search_term_string\"}}],\"inLanguage\":\"de\"}]}<\/script>\n<!-- \/ Yoast SEO plugin. -->","yoast_head_json":{"title":"Trachycarpus wagnerianus x naggy - Gilian Plants","robots":{"index":"index","follow":"follow","max-snippet":"max-snippet:-1","max-image-preview":"max-image-preview:large","max-video-preview":"max-video-preview:-1"},"canonical":"https:\/\/www.gilianplants.com\/de\/produkt\/5x-trachycarpus-wagnerianus-x-naggy\/","og_locale":"de_DE","og_type":"article","og_title":"Trachycarpus wagnerianus x naggy - Gilian Plants","og_description":"Trachycarpus wagnerianus x naggy &nbsp;","og_url":"https:\/\/www.gilianplants.com\/de\/produkt\/5x-trachycarpus-wagnerianus-x-naggy\/","og_site_name":"Gilian Plants","article_modified_time":"2023-06-19T23:24:45+00:00","og_image":[{"width":1920,"height":2560,"url":"https:\/\/www.gilianplants.com\/wp-content\/uploads\/2022\/01\/img_8500-2-scaled.jpeg","type":"image\/jpeg"}],"twitter_card":"summary_large_image","twitter_misc":{"Gesch\u00e4tzte Lesezeit":"1\u00a0Minute"},"schema":{"@context":"https:\/\/schema.org","@graph":[{"@type":"WebPage","@id":"https:\/\/www.gilianplants.com\/de\/produkt\/5x-trachycarpus-wagnerianus-x-naggy\/","url":"https:\/\/www.gilianplants.com\/de\/produkt\/5x-trachycarpus-wagnerianus-x-naggy\/","name":"Trachycarpus wagnerianus x naggy - Gilian Plants","isPartOf":{"@id":"https:\/\/www.gilianplants.com\/de\/#website"},"primaryImageOfPage":{"@id":"https:\/\/www.gilianplants.com\/de\/produkt\/5x-trachycarpus-wagnerianus-x-naggy\/#primaryimage"},"image":{"@id":"https:\/\/www.gilianplants.com\/de\/produkt\/5x-trachycarpus-wagnerianus-x-naggy\/#primaryimage"},"thumbnailUrl":"https:\/\/www.gilianplants.com\/wp-content\/uploads\/2022\/11\/ace67512-513d-4d81-beba-51e4da22fd25.png","datePublished":"2022-01-10T21:06:23+00:00","dateModified":"2023-06-19T23:24:45+00:00","breadcrumb":{"@id":"https:\/\/www.gilianplants.com\/de\/produkt\/5x-trachycarpus-wagnerianus-x-naggy\/#breadcrumb"},"inLanguage":"de","potentialAction":[{"@type":"ReadAction","target":["https:\/\/www.gilianplants.com\/de\/produkt\/5x-trachycarpus-wagnerianus-x-naggy\/"]}]},{"@type":"ImageObject","inLanguage":"de","@id":"https:\/\/www.gilianplants.com\/de\/produkt\/5x-trachycarpus-wagnerianus-x-naggy\/#primaryimage","url":"https:\/\/www.gilianplants.com\/wp-content\/uploads\/2022\/11\/ace67512-513d-4d81-beba-51e4da22fd25.png","contentUrl":"https:\/\/www.gilianplants.com\/wp-content\/uploads\/2022\/11\/ace67512-513d-4d81-beba-51e4da22fd25.png","width":1000,"height":1000},{"@type":"BreadcrumbList","@id":"https:\/\/www.gilianplants.com\/de\/produkt\/5x-trachycarpus-wagnerianus-x-naggy\/#breadcrumb","itemListElement":[{"@type":"ListItem","position":1,"name":"Home","item":"https:\/\/www.gilianplants.com\/de\/home\/"},{"@type":"ListItem","position":2,"name":"Shop","item":"https:\/\/www.gilianplants.com\/shop\/"},{"@type":"ListItem","position":3,"name":"Trachycarpus wagnerianus x naggy"}]},{"@type":"WebSite","@id":"https:\/\/www.gilianplants.com\/de\/#website","url":"https:\/\/www.gilianplants.com\/de\/","name":"Gilian Plants","description":"Specialist in germination of rare exotic plants","potentialAction":[{"@type":"SearchAction","target":{"@type":"EntryPoint","urlTemplate":"https:\/\/www.gilianplants.com\/de\/?s={search_term_string}"},"query-input":{"@type":"PropertyValueSpecification","valueRequired":true,"valueName":"search_term_string"}}],"inLanguage":"de"}]}},"jetpack_sharing_enabled":true,"_links":{"self":[{"href":"https:\/\/www.gilianplants.com\/de\/wp-json\/wp\/v2\/product\/7454","targetHints":{"allow":["GET"]}}],"collection":[{"href":"https:\/\/www.gilianplants.com\/de\/wp-json\/wp\/v2\/product"}],"about":[{"href":"https:\/\/www.gilianplants.com\/de\/wp-json\/wp\/v2\/types\/product"}],"replies":[{"embeddable":true,"href":"https:\/\/www.gilianplants.com\/de\/wp-json\/wp\/v2\/comments?post=7454"}],"wp:featuredmedia":[{"embeddable":true,"href":"https:\/\/www.gilianplants.com\/de\/wp-json\/wp\/v2\/media\/12250"}],"wp:attachment":[{"href":"https:\/\/www.gilianplants.com\/de\/wp-json\/wp\/v2\/media?parent=7454"}],"wp:term":[{"taxonomy":"product_brand","embeddable":true,"href":"https:\/\/www.gilianplants.com\/de\/wp-json\/wp\/v2\/product_brand?post=7454"},{"taxonomy":"product_cat","embeddable":true,"href":"https:\/\/www.gilianplants.com\/de\/wp-json\/wp\/v2\/product_cat?post=7454"},{"taxonomy":"product_tag","embeddable":true,"href":"https:\/\/www.gilianplants.com\/de\/wp-json\/wp\/v2\/product_tag?post=7454"}],"curies":[{"name":"wp","href":"https:\/\/api.w.org\/{rel}","templated":true}]}}