{"id":7466,"date":"2022-01-10T22:07:42","date_gmt":"2022-01-10T20:07:42","guid":{"rendered":"https:\/\/www.gilianplants.com\/product\/100x-butia-odorata-wholesale-deal\/"},"modified":"2024-03-12T18:22:37","modified_gmt":"2024-03-12T17:22:37","slug":"100x-butia-odorata-set-preis","status":"publish","type":"product","link":"https:\/\/www.gilianplants.com\/de\/produkt\/100x-butia-odorata-set-preis\/","title":{"rendered":"100x Butia odorata &#8211; set preis"},"content":{"rendered":"<h2><em><strong>Butia odorata &#8211; <\/strong>Southern Jelly Palm, Pindo palm<\/em><\/h2>\n<p>Diese Butia odorata \/ Butia capitata var. odorata ist eine hervorragende Erg\u00e4nzung f\u00fcr Ihren tropischen Garten. Diese Gattung aus der Familie der Butia ist eine der meistverkauften in Europa. Die Palme kann in Ihrem Garten zu einem robusten 6 Meter gro\u00dfen Exemplar mit blaugr\u00fcnen Bl\u00e4ttern heranwachsen. Diese federbl\u00e4ttrige Palme ist frostbest\u00e4ndig und immergr\u00fcn. Die Fr\u00fcchte dieser Pindopalme sind gelb\/orange und schmecken s\u00fc\u00df. Auch eine ornamentale Containter Pflanze.<\/p>\n<p>Der Preis gilt f\u00fcr 100 S\u00e4mlinge!<\/p>\n<p>Wir sind Experten in der Keimung von speziellen seltenen Butia und Syagrus Samen. Gilian Plants hat einen eigenen Import aus Brasilien mit eigenen Sammlern im Lebensraum dort. So Gilian Plants bieten Ihnen das echte Gesch\u00e4ft. Jedes Jahr hat Gilian Plants neue arten in einigen Gro\u00dfhandelsmengen.<\/p>\n<p>&nbsp;<\/p>\n<ul>\n<li><strong>Standort der Pflanzen: Sonne<\/strong><\/li>\n<li><strong>Pflanzenpflege: mittel<\/strong><\/li>\n<li><strong>Bew\u00e4sserung: viel Wasser<\/strong><\/li>\n<li><strong>Winterhart: -7 mit Schutzmulch um den Stamm herum<\/strong><\/li>\n<li><strong>Herkunftsland: Brasilien, Uruguay<\/strong><\/li>\n<\/ul>\n","protected":false},"excerpt":{"rendered":"<h2><em><strong>Butia odorata \u2013 <\/strong>Southern Jelly Palm, Pindo palm<\/em><\/h2>\n","protected":false},"featured_media":7335,"comment_status":"open","ping_status":"closed","template":"","meta":[],"product_brand":[],"product_cat":[1622],"product_tag":[825,826,827],"class_list":{"0":"post-7466","1":"product","2":"type-product","3":"status-publish","4":"has-post-thumbnail","6":"product_cat-grosshandel","7":"product_tag-palmtree-de","8":"product_tag-pindo-de","9":"product_tag-wholesale-de","11":"first","12":"instock","13":"taxable","14":"shipping-taxable","15":"purchasable","16":"product-type-simple"},"yoast_head":"<!-- This site is optimized with the Yoast SEO plugin v27.5 - https:\/\/yoast.com\/product\/yoast-seo-wordpress\/ -->\n<title>100x Butia odorata - set preis - Gilian Plants<\/title>\n<meta name=\"robots\" content=\"index, follow, max-snippet:-1, max-image-preview:large, max-video-preview:-1\" \/>\n<link rel=\"canonical\" href=\"https:\/\/www.gilianplants.com\/de\/produkt\/100x-butia-odorata-set-preis\/\" \/>\n<meta property=\"og:locale\" content=\"de_DE\" \/>\n<meta property=\"og:type\" content=\"article\" \/>\n<meta property=\"og:title\" content=\"100x Butia odorata - set preis - Gilian Plants\" \/>\n<meta property=\"og:description\" content=\"Butia odorata \u2013 Southern Jelly Palm, Pindo palm\" \/>\n<meta property=\"og:url\" content=\"https:\/\/www.gilianplants.com\/de\/produkt\/100x-butia-odorata-set-preis\/\" \/>\n<meta property=\"og:site_name\" content=\"Gilian Plants\" \/>\n<meta property=\"article:modified_time\" content=\"2024-03-12T17:22:37+00:00\" \/>\n<meta property=\"og:image\" content=\"https:\/\/www.gilianplants.com\/wp-content\/uploads\/2022\/01\/img_1312-scaled.jpeg\" \/>\n\t<meta property=\"og:image:width\" content=\"1920\" \/>\n\t<meta property=\"og:image:height\" content=\"2560\" \/>\n\t<meta property=\"og:image:type\" content=\"image\/jpeg\" \/>\n<meta name=\"twitter:card\" content=\"summary_large_image\" \/>\n<meta name=\"twitter:label1\" content=\"Gesch\u00e4tzte Lesezeit\" \/>\n\t<meta name=\"twitter:data1\" content=\"1\u00a0Minute\" \/>\n<script type=\"application\/ld+json\" class=\"yoast-schema-graph\">{\"@context\":\"https:\\\/\\\/schema.org\",\"@graph\":[{\"@type\":\"WebPage\",\"@id\":\"https:\\\/\\\/www.gilianplants.com\\\/de\\\/produkt\\\/100x-butia-odorata-set-preis\\\/\",\"url\":\"https:\\\/\\\/www.gilianplants.com\\\/de\\\/produkt\\\/100x-butia-odorata-set-preis\\\/\",\"name\":\"100x Butia odorata - set preis - Gilian Plants\",\"isPartOf\":{\"@id\":\"https:\\\/\\\/www.gilianplants.com\\\/de\\\/#website\"},\"primaryImageOfPage\":{\"@id\":\"https:\\\/\\\/www.gilianplants.com\\\/de\\\/produkt\\\/100x-butia-odorata-set-preis\\\/#primaryimage\"},\"image\":{\"@id\":\"https:\\\/\\\/www.gilianplants.com\\\/de\\\/produkt\\\/100x-butia-odorata-set-preis\\\/#primaryimage\"},\"thumbnailUrl\":\"https:\\\/\\\/www.gilianplants.com\\\/wp-content\\\/uploads\\\/2022\\\/01\\\/img_1312-scaled.jpeg\",\"datePublished\":\"2022-01-10T20:07:42+00:00\",\"dateModified\":\"2024-03-12T17:22:37+00:00\",\"breadcrumb\":{\"@id\":\"https:\\\/\\\/www.gilianplants.com\\\/de\\\/produkt\\\/100x-butia-odorata-set-preis\\\/#breadcrumb\"},\"inLanguage\":\"de\",\"potentialAction\":[{\"@type\":\"ReadAction\",\"target\":[\"https:\\\/\\\/www.gilianplants.com\\\/de\\\/produkt\\\/100x-butia-odorata-set-preis\\\/\"]}]},{\"@type\":\"ImageObject\",\"inLanguage\":\"de\",\"@id\":\"https:\\\/\\\/www.gilianplants.com\\\/de\\\/produkt\\\/100x-butia-odorata-set-preis\\\/#primaryimage\",\"url\":\"https:\\\/\\\/www.gilianplants.com\\\/wp-content\\\/uploads\\\/2022\\\/01\\\/img_1312-scaled.jpeg\",\"contentUrl\":\"https:\\\/\\\/www.gilianplants.com\\\/wp-content\\\/uploads\\\/2022\\\/01\\\/img_1312-scaled.jpeg\",\"width\":1920,\"height\":2560},{\"@type\":\"BreadcrumbList\",\"@id\":\"https:\\\/\\\/www.gilianplants.com\\\/de\\\/produkt\\\/100x-butia-odorata-set-preis\\\/#breadcrumb\",\"itemListElement\":[{\"@type\":\"ListItem\",\"position\":1,\"name\":\"Home\",\"item\":\"https:\\\/\\\/www.gilianplants.com\\\/de\\\/home\\\/\"},{\"@type\":\"ListItem\",\"position\":2,\"name\":\"Shop\",\"item\":\"https:\\\/\\\/www.gilianplants.com\\\/shop\\\/\"},{\"@type\":\"ListItem\",\"position\":3,\"name\":\"100x Butia odorata &#8211; set preis\"}]},{\"@type\":\"WebSite\",\"@id\":\"https:\\\/\\\/www.gilianplants.com\\\/de\\\/#website\",\"url\":\"https:\\\/\\\/www.gilianplants.com\\\/de\\\/\",\"name\":\"Gilian Plants\",\"description\":\"Specialist in germination of rare exotic plants\",\"potentialAction\":[{\"@type\":\"SearchAction\",\"target\":{\"@type\":\"EntryPoint\",\"urlTemplate\":\"https:\\\/\\\/www.gilianplants.com\\\/de\\\/?s={search_term_string}\"},\"query-input\":{\"@type\":\"PropertyValueSpecification\",\"valueRequired\":true,\"valueName\":\"search_term_string\"}}],\"inLanguage\":\"de\"}]}<\/script>\n<!-- \/ Yoast SEO plugin. -->","yoast_head_json":{"title":"100x Butia odorata - set preis - Gilian Plants","robots":{"index":"index","follow":"follow","max-snippet":"max-snippet:-1","max-image-preview":"max-image-preview:large","max-video-preview":"max-video-preview:-1"},"canonical":"https:\/\/www.gilianplants.com\/de\/produkt\/100x-butia-odorata-set-preis\/","og_locale":"de_DE","og_type":"article","og_title":"100x Butia odorata - set preis - Gilian Plants","og_description":"Butia odorata \u2013 Southern Jelly Palm, Pindo palm","og_url":"https:\/\/www.gilianplants.com\/de\/produkt\/100x-butia-odorata-set-preis\/","og_site_name":"Gilian Plants","article_modified_time":"2024-03-12T17:22:37+00:00","og_image":[{"width":1920,"height":2560,"url":"https:\/\/www.gilianplants.com\/wp-content\/uploads\/2022\/01\/img_1312-scaled.jpeg","type":"image\/jpeg"}],"twitter_card":"summary_large_image","twitter_misc":{"Gesch\u00e4tzte Lesezeit":"1\u00a0Minute"},"schema":{"@context":"https:\/\/schema.org","@graph":[{"@type":"WebPage","@id":"https:\/\/www.gilianplants.com\/de\/produkt\/100x-butia-odorata-set-preis\/","url":"https:\/\/www.gilianplants.com\/de\/produkt\/100x-butia-odorata-set-preis\/","name":"100x Butia odorata - set preis - Gilian Plants","isPartOf":{"@id":"https:\/\/www.gilianplants.com\/de\/#website"},"primaryImageOfPage":{"@id":"https:\/\/www.gilianplants.com\/de\/produkt\/100x-butia-odorata-set-preis\/#primaryimage"},"image":{"@id":"https:\/\/www.gilianplants.com\/de\/produkt\/100x-butia-odorata-set-preis\/#primaryimage"},"thumbnailUrl":"https:\/\/www.gilianplants.com\/wp-content\/uploads\/2022\/01\/img_1312-scaled.jpeg","datePublished":"2022-01-10T20:07:42+00:00","dateModified":"2024-03-12T17:22:37+00:00","breadcrumb":{"@id":"https:\/\/www.gilianplants.com\/de\/produkt\/100x-butia-odorata-set-preis\/#breadcrumb"},"inLanguage":"de","potentialAction":[{"@type":"ReadAction","target":["https:\/\/www.gilianplants.com\/de\/produkt\/100x-butia-odorata-set-preis\/"]}]},{"@type":"ImageObject","inLanguage":"de","@id":"https:\/\/www.gilianplants.com\/de\/produkt\/100x-butia-odorata-set-preis\/#primaryimage","url":"https:\/\/www.gilianplants.com\/wp-content\/uploads\/2022\/01\/img_1312-scaled.jpeg","contentUrl":"https:\/\/www.gilianplants.com\/wp-content\/uploads\/2022\/01\/img_1312-scaled.jpeg","width":1920,"height":2560},{"@type":"BreadcrumbList","@id":"https:\/\/www.gilianplants.com\/de\/produkt\/100x-butia-odorata-set-preis\/#breadcrumb","itemListElement":[{"@type":"ListItem","position":1,"name":"Home","item":"https:\/\/www.gilianplants.com\/de\/home\/"},{"@type":"ListItem","position":2,"name":"Shop","item":"https:\/\/www.gilianplants.com\/shop\/"},{"@type":"ListItem","position":3,"name":"100x Butia odorata &#8211; set preis"}]},{"@type":"WebSite","@id":"https:\/\/www.gilianplants.com\/de\/#website","url":"https:\/\/www.gilianplants.com\/de\/","name":"Gilian Plants","description":"Specialist in germination of rare exotic plants","potentialAction":[{"@type":"SearchAction","target":{"@type":"EntryPoint","urlTemplate":"https:\/\/www.gilianplants.com\/de\/?s={search_term_string}"},"query-input":{"@type":"PropertyValueSpecification","valueRequired":true,"valueName":"search_term_string"}}],"inLanguage":"de"}]}},"jetpack_sharing_enabled":true,"_links":{"self":[{"href":"https:\/\/www.gilianplants.com\/de\/wp-json\/wp\/v2\/product\/7466","targetHints":{"allow":["GET"]}}],"collection":[{"href":"https:\/\/www.gilianplants.com\/de\/wp-json\/wp\/v2\/product"}],"about":[{"href":"https:\/\/www.gilianplants.com\/de\/wp-json\/wp\/v2\/types\/product"}],"replies":[{"embeddable":true,"href":"https:\/\/www.gilianplants.com\/de\/wp-json\/wp\/v2\/comments?post=7466"}],"wp:featuredmedia":[{"embeddable":true,"href":"https:\/\/www.gilianplants.com\/de\/wp-json\/wp\/v2\/media\/7335"}],"wp:attachment":[{"href":"https:\/\/www.gilianplants.com\/de\/wp-json\/wp\/v2\/media?parent=7466"}],"wp:term":[{"taxonomy":"product_brand","embeddable":true,"href":"https:\/\/www.gilianplants.com\/de\/wp-json\/wp\/v2\/product_brand?post=7466"},{"taxonomy":"product_cat","embeddable":true,"href":"https:\/\/www.gilianplants.com\/de\/wp-json\/wp\/v2\/product_cat?post=7466"},{"taxonomy":"product_tag","embeddable":true,"href":"https:\/\/www.gilianplants.com\/de\/wp-json\/wp\/v2\/product_tag?post=7466"}],"curies":[{"name":"wp","href":"https:\/\/api.w.org\/{rel}","templated":true}]}}