{"id":7564,"date":"2022-01-04T15:52:17","date_gmt":"2022-01-04T13:52:17","guid":{"rendered":"https:\/\/www.gilianplants.com\/product\/rhapis-vidalii\/"},"modified":"2022-04-11T14:46:35","modified_gmt":"2022-04-11T13:46:35","slug":"rhapis-vidalii","status":"publish","type":"product","link":"https:\/\/www.gilianplants.com\/de\/produkt\/rhapis-vidalii\/","title":{"rendered":"Rhapis vidalii"},"content":{"rendered":"<h2><em><strong>Rhapis vidalii \u2013<\/strong> Averyanov&#8217;s Lady Palm<\/em><\/h2>\n<p>Diese Rhapis vidalii ist eine hervorragende Erg\u00e4nzung f\u00fcr Ihren tropischen Garten. Diese b\u00fcschelweise wachsende Palme kann in Ihrem Garten zu einem 2-3 Meter gro\u00dfen Exemplar mit einem schlanken Stamm heranwachsen. Dieses Exemplar ist schwer zu bekommen, da jede reife Pflanze jedes Mal 2-3 Samen produziert! Die Fr\u00fcchte von dieser Rhapis sind sehr selten und fast wei\u00df. Auch eine dekorative Containterpflanze.<\/p>\n<p>&nbsp;<\/p>\n<ul>\n<li><strong>Standort der Pflanze: Sonne<\/strong><\/li>\n<li><strong>Pflanzenpflege: mittel<\/strong><\/li>\n<li><strong>Bew\u00e4sserung: normal<\/strong><\/li>\n<li><strong>Winterhart: nein<\/strong><\/li>\n<li><strong>Herkunftsland: vietnam<\/strong><\/li>\n<\/ul>\n","protected":false},"excerpt":{"rendered":"<p>Rhapis vidalii \u2013 Averyanov&#8217;s Lady Palm Diese Rhapis vidalii ist eine hervorragende Erg\u00e4nzung f\u00fcr Ihren tropischen Garten. Diese b\u00fcschelweise wachsende Palme kann in Ihrem Garten zu einem 2-3 Meter gro\u00dfen Exemplar mit einem schlanken Stamm heranwachsen. Dieses Exemplar ist schwer zu bekommen, da jede reife Pflanze jedes Mal 2-3 Samen produziert! Die Fr\u00fcchte von dieser [&#8230;]\n","protected":false},"featured_media":7098,"comment_status":"open","ping_status":"closed","template":"","meta":[],"product_brand":[],"product_cat":[410],"product_tag":[891,892],"class_list":{"0":"post-7564","1":"product","2":"type-product","3":"status-publish","4":"has-post-thumbnail","6":"product_cat-palmen","7":"product_tag-rhapis-de","8":"product_tag-vidalii-de","9":"product_shipping_class-normal-paket-1-10kg","11":"first","12":"outofstock","13":"taxable","14":"shipping-taxable","15":"purchasable","16":"product-type-simple"},"yoast_head":"<!-- This site is optimized with the Yoast SEO plugin v27.5 - https:\/\/yoast.com\/product\/yoast-seo-wordpress\/ -->\n<title>Rhapis vidalii - Gilian Plants<\/title>\n<meta name=\"robots\" content=\"index, follow, max-snippet:-1, max-image-preview:large, max-video-preview:-1\" \/>\n<link rel=\"canonical\" href=\"https:\/\/www.gilianplants.com\/de\/produkt\/rhapis-vidalii\/\" \/>\n<meta property=\"og:locale\" content=\"de_DE\" \/>\n<meta property=\"og:type\" content=\"article\" \/>\n<meta property=\"og:title\" content=\"Rhapis vidalii - Gilian Plants\" \/>\n<meta property=\"og:description\" content=\"Rhapis vidalii \u2013 Averyanov&#8217;s Lady Palm Diese Rhapis vidalii ist eine hervorragende Erg\u00e4nzung f\u00fcr Ihren tropischen Garten. Diese b\u00fcschelweise wachsende Palme kann in Ihrem Garten zu einem 2-3 Meter gro\u00dfen Exemplar mit einem schlanken Stamm heranwachsen. Dieses Exemplar ist schwer zu bekommen, da jede reife Pflanze jedes Mal 2-3 Samen produziert! Die Fr\u00fcchte von dieser [...]\" \/>\n<meta property=\"og:url\" content=\"https:\/\/www.gilianplants.com\/de\/produkt\/rhapis-vidalii\/\" \/>\n<meta property=\"og:site_name\" content=\"Gilian Plants\" \/>\n<meta property=\"article:modified_time\" content=\"2022-04-11T13:46:35+00:00\" \/>\n<meta property=\"og:image\" content=\"https:\/\/www.gilianplants.com\/wp-content\/uploads\/2022\/01\/img_1318-scaled.jpeg\" \/>\n\t<meta property=\"og:image:width\" content=\"1920\" \/>\n\t<meta property=\"og:image:height\" content=\"2560\" \/>\n\t<meta property=\"og:image:type\" content=\"image\/jpeg\" \/>\n<meta name=\"twitter:card\" content=\"summary_large_image\" \/>\n<meta name=\"twitter:label1\" content=\"Gesch\u00e4tzte Lesezeit\" \/>\n\t<meta name=\"twitter:data1\" content=\"1\u00a0Minute\" \/>\n<script type=\"application\/ld+json\" class=\"yoast-schema-graph\">{\"@context\":\"https:\\\/\\\/schema.org\",\"@graph\":[{\"@type\":\"WebPage\",\"@id\":\"https:\\\/\\\/www.gilianplants.com\\\/de\\\/produkt\\\/rhapis-vidalii\\\/\",\"url\":\"https:\\\/\\\/www.gilianplants.com\\\/de\\\/produkt\\\/rhapis-vidalii\\\/\",\"name\":\"Rhapis vidalii - Gilian Plants\",\"isPartOf\":{\"@id\":\"https:\\\/\\\/www.gilianplants.com\\\/de\\\/#website\"},\"primaryImageOfPage\":{\"@id\":\"https:\\\/\\\/www.gilianplants.com\\\/de\\\/produkt\\\/rhapis-vidalii\\\/#primaryimage\"},\"image\":{\"@id\":\"https:\\\/\\\/www.gilianplants.com\\\/de\\\/produkt\\\/rhapis-vidalii\\\/#primaryimage\"},\"thumbnailUrl\":\"https:\\\/\\\/www.gilianplants.com\\\/wp-content\\\/uploads\\\/2022\\\/01\\\/img_1318-scaled.jpeg\",\"datePublished\":\"2022-01-04T13:52:17+00:00\",\"dateModified\":\"2022-04-11T13:46:35+00:00\",\"breadcrumb\":{\"@id\":\"https:\\\/\\\/www.gilianplants.com\\\/de\\\/produkt\\\/rhapis-vidalii\\\/#breadcrumb\"},\"inLanguage\":\"de\",\"potentialAction\":[{\"@type\":\"ReadAction\",\"target\":[\"https:\\\/\\\/www.gilianplants.com\\\/de\\\/produkt\\\/rhapis-vidalii\\\/\"]}]},{\"@type\":\"ImageObject\",\"inLanguage\":\"de\",\"@id\":\"https:\\\/\\\/www.gilianplants.com\\\/de\\\/produkt\\\/rhapis-vidalii\\\/#primaryimage\",\"url\":\"https:\\\/\\\/www.gilianplants.com\\\/wp-content\\\/uploads\\\/2022\\\/01\\\/img_1318-scaled.jpeg\",\"contentUrl\":\"https:\\\/\\\/www.gilianplants.com\\\/wp-content\\\/uploads\\\/2022\\\/01\\\/img_1318-scaled.jpeg\",\"width\":1920,\"height\":2560},{\"@type\":\"BreadcrumbList\",\"@id\":\"https:\\\/\\\/www.gilianplants.com\\\/de\\\/produkt\\\/rhapis-vidalii\\\/#breadcrumb\",\"itemListElement\":[{\"@type\":\"ListItem\",\"position\":1,\"name\":\"Home\",\"item\":\"https:\\\/\\\/www.gilianplants.com\\\/de\\\/home\\\/\"},{\"@type\":\"ListItem\",\"position\":2,\"name\":\"Shop\",\"item\":\"https:\\\/\\\/www.gilianplants.com\\\/shop\\\/\"},{\"@type\":\"ListItem\",\"position\":3,\"name\":\"Rhapis vidalii\"}]},{\"@type\":\"WebSite\",\"@id\":\"https:\\\/\\\/www.gilianplants.com\\\/de\\\/#website\",\"url\":\"https:\\\/\\\/www.gilianplants.com\\\/de\\\/\",\"name\":\"Gilian Plants\",\"description\":\"Specialist in germination of rare exotic plants\",\"potentialAction\":[{\"@type\":\"SearchAction\",\"target\":{\"@type\":\"EntryPoint\",\"urlTemplate\":\"https:\\\/\\\/www.gilianplants.com\\\/de\\\/?s={search_term_string}\"},\"query-input\":{\"@type\":\"PropertyValueSpecification\",\"valueRequired\":true,\"valueName\":\"search_term_string\"}}],\"inLanguage\":\"de\"}]}<\/script>\n<!-- \/ Yoast SEO plugin. -->","yoast_head_json":{"title":"Rhapis vidalii - Gilian Plants","robots":{"index":"index","follow":"follow","max-snippet":"max-snippet:-1","max-image-preview":"max-image-preview:large","max-video-preview":"max-video-preview:-1"},"canonical":"https:\/\/www.gilianplants.com\/de\/produkt\/rhapis-vidalii\/","og_locale":"de_DE","og_type":"article","og_title":"Rhapis vidalii - Gilian Plants","og_description":"Rhapis vidalii \u2013 Averyanov&#8217;s Lady Palm Diese Rhapis vidalii ist eine hervorragende Erg\u00e4nzung f\u00fcr Ihren tropischen Garten. Diese b\u00fcschelweise wachsende Palme kann in Ihrem Garten zu einem 2-3 Meter gro\u00dfen Exemplar mit einem schlanken Stamm heranwachsen. Dieses Exemplar ist schwer zu bekommen, da jede reife Pflanze jedes Mal 2-3 Samen produziert! Die Fr\u00fcchte von dieser [...]","og_url":"https:\/\/www.gilianplants.com\/de\/produkt\/rhapis-vidalii\/","og_site_name":"Gilian Plants","article_modified_time":"2022-04-11T13:46:35+00:00","og_image":[{"width":1920,"height":2560,"url":"https:\/\/www.gilianplants.com\/wp-content\/uploads\/2022\/01\/img_1318-scaled.jpeg","type":"image\/jpeg"}],"twitter_card":"summary_large_image","twitter_misc":{"Gesch\u00e4tzte Lesezeit":"1\u00a0Minute"},"schema":{"@context":"https:\/\/schema.org","@graph":[{"@type":"WebPage","@id":"https:\/\/www.gilianplants.com\/de\/produkt\/rhapis-vidalii\/","url":"https:\/\/www.gilianplants.com\/de\/produkt\/rhapis-vidalii\/","name":"Rhapis vidalii - Gilian Plants","isPartOf":{"@id":"https:\/\/www.gilianplants.com\/de\/#website"},"primaryImageOfPage":{"@id":"https:\/\/www.gilianplants.com\/de\/produkt\/rhapis-vidalii\/#primaryimage"},"image":{"@id":"https:\/\/www.gilianplants.com\/de\/produkt\/rhapis-vidalii\/#primaryimage"},"thumbnailUrl":"https:\/\/www.gilianplants.com\/wp-content\/uploads\/2022\/01\/img_1318-scaled.jpeg","datePublished":"2022-01-04T13:52:17+00:00","dateModified":"2022-04-11T13:46:35+00:00","breadcrumb":{"@id":"https:\/\/www.gilianplants.com\/de\/produkt\/rhapis-vidalii\/#breadcrumb"},"inLanguage":"de","potentialAction":[{"@type":"ReadAction","target":["https:\/\/www.gilianplants.com\/de\/produkt\/rhapis-vidalii\/"]}]},{"@type":"ImageObject","inLanguage":"de","@id":"https:\/\/www.gilianplants.com\/de\/produkt\/rhapis-vidalii\/#primaryimage","url":"https:\/\/www.gilianplants.com\/wp-content\/uploads\/2022\/01\/img_1318-scaled.jpeg","contentUrl":"https:\/\/www.gilianplants.com\/wp-content\/uploads\/2022\/01\/img_1318-scaled.jpeg","width":1920,"height":2560},{"@type":"BreadcrumbList","@id":"https:\/\/www.gilianplants.com\/de\/produkt\/rhapis-vidalii\/#breadcrumb","itemListElement":[{"@type":"ListItem","position":1,"name":"Home","item":"https:\/\/www.gilianplants.com\/de\/home\/"},{"@type":"ListItem","position":2,"name":"Shop","item":"https:\/\/www.gilianplants.com\/shop\/"},{"@type":"ListItem","position":3,"name":"Rhapis vidalii"}]},{"@type":"WebSite","@id":"https:\/\/www.gilianplants.com\/de\/#website","url":"https:\/\/www.gilianplants.com\/de\/","name":"Gilian Plants","description":"Specialist in germination of rare exotic plants","potentialAction":[{"@type":"SearchAction","target":{"@type":"EntryPoint","urlTemplate":"https:\/\/www.gilianplants.com\/de\/?s={search_term_string}"},"query-input":{"@type":"PropertyValueSpecification","valueRequired":true,"valueName":"search_term_string"}}],"inLanguage":"de"}]}},"jetpack_sharing_enabled":true,"_links":{"self":[{"href":"https:\/\/www.gilianplants.com\/de\/wp-json\/wp\/v2\/product\/7564","targetHints":{"allow":["GET"]}}],"collection":[{"href":"https:\/\/www.gilianplants.com\/de\/wp-json\/wp\/v2\/product"}],"about":[{"href":"https:\/\/www.gilianplants.com\/de\/wp-json\/wp\/v2\/types\/product"}],"replies":[{"embeddable":true,"href":"https:\/\/www.gilianplants.com\/de\/wp-json\/wp\/v2\/comments?post=7564"}],"wp:featuredmedia":[{"embeddable":true,"href":"https:\/\/www.gilianplants.com\/de\/wp-json\/wp\/v2\/media\/7098"}],"wp:attachment":[{"href":"https:\/\/www.gilianplants.com\/de\/wp-json\/wp\/v2\/media?parent=7564"}],"wp:term":[{"taxonomy":"product_brand","embeddable":true,"href":"https:\/\/www.gilianplants.com\/de\/wp-json\/wp\/v2\/product_brand?post=7564"},{"taxonomy":"product_cat","embeddable":true,"href":"https:\/\/www.gilianplants.com\/de\/wp-json\/wp\/v2\/product_cat?post=7564"},{"taxonomy":"product_tag","embeddable":true,"href":"https:\/\/www.gilianplants.com\/de\/wp-json\/wp\/v2\/product_tag?post=7564"}],"curies":[{"name":"wp","href":"https:\/\/api.w.org\/{rel}","templated":true}]}}