{"id":7572,"date":"2021-12-30T14:30:40","date_gmt":"2021-12-30T13:30:40","guid":{"rendered":"https:\/\/www.gilianplants.com\/product\/johannesteijsmannia-altifrons\/"},"modified":"2026-03-26T23:15:50","modified_gmt":"2026-03-26T22:15:50","slug":"johannesteijsmannia-altifrons","status":"publish","type":"product","link":"https:\/\/www.gilianplants.com\/de\/produkt\/johannesteijsmannia-altifrons\/","title":{"rendered":"Johannesteijsmannia altifrons"},"content":{"rendered":"<h2><strong>Johannesteijsmannia altifrons<\/strong><\/h2>\n<p>Diese Johannesteijsmannia altifroms ist nicht winterhart F\u00e4cherpalme. In Europa ist der beste Weg, um sie in einem Container zu halten, wenn es eine kleine Pflanze ist. Reife Pflanze Bl\u00e4tter k\u00f6nnen eine Gr\u00f6\u00dfe von 90 Zentimetern erreichen ! Die Bl\u00e4tter sind schlank und gr\u00fcn. Die Samen sind rund und sehen aus wie Eier. Eine dekorative tropische Palme f\u00fcr das Haus oder das Gew\u00e4chshaus. Ausgewachsene Pflanzen sind selten in Kultur zu sehen. Eine spektakul\u00e4re Palme f\u00fcr Ihre Sammlung.<\/p>\n<p>Wir sind Experten in der Keimung spezieller seltener Johannesteijsmannia-Samen. Gilian Plants hat eigenen Import aus Thailand mit eigenen Sammlern in Lebensraum dort. So Gilian Plants bieten Ihnen das echte Gesch\u00e4ft. Jedes Jahr hat Gilian Plants neue S\u00e4mlinge in einigen gro\u00dfen Mengen Gro\u00dfhandel.<\/p>\n<p>&#8211; Preis ist f\u00fcr einen Setzling. Lieferung im Mai, wenn es eine verlassen haben.<\/p>\n<ul>\n<li><strong>Pflanzenstandort: volle Sonne<\/strong><\/li>\n<li><strong>Pflanzenpflege: einfach<\/strong><\/li>\n<li><strong>Bew\u00e4sserung: halten junge Pflanzen mehr trocken.<\/strong><\/li>\n<li><strong>Winterh\u00e4rte: nein<\/strong><\/li>\n<li><strong>Herkunftsland: Thailand<\/strong><\/li>\n<\/ul>\n","protected":false},"excerpt":{"rendered":"<h2><em><strong>Johannesteijsmannia altifrons \u2013 <\/strong>Diamond joey palm<\/em><\/h2>\n<p>&nbsp;<\/p>\n","protected":false},"featured_media":9263,"comment_status":"open","ping_status":"closed","template":"","meta":[],"product_brand":[],"product_cat":[410],"product_tag":[909,910,911,825,912],"class_list":{"0":"post-7572","1":"product","2":"type-product","3":"status-publish","4":"has-post-thumbnail","6":"product_cat-palmen","7":"product_tag-altifrons-de","8":"product_tag-diamondjoey-de","9":"product_tag-johannesteijsmannia-de","10":"product_tag-palmtree-de","11":"product_tag-tropical-de","12":"product_shipping_class-normal-paket-1-10kg","14":"first","15":"instock","16":"taxable","17":"shipping-taxable","18":"purchasable","19":"product-type-simple"},"yoast_head":"<!-- This site is optimized with the Yoast SEO plugin v27.5 - https:\/\/yoast.com\/product\/yoast-seo-wordpress\/ -->\n<title>Johannesteijsmannia altifrons - Gilian Plants<\/title>\n<meta name=\"robots\" content=\"index, follow, max-snippet:-1, max-image-preview:large, max-video-preview:-1\" \/>\n<link rel=\"canonical\" href=\"https:\/\/www.gilianplants.com\/de\/produkt\/johannesteijsmannia-altifrons\/\" \/>\n<meta property=\"og:locale\" content=\"de_DE\" \/>\n<meta property=\"og:type\" content=\"article\" \/>\n<meta property=\"og:title\" content=\"Johannesteijsmannia altifrons - Gilian Plants\" \/>\n<meta property=\"og:description\" content=\"Johannesteijsmannia altifrons \u2013 Diamond joey palm &nbsp;\" \/>\n<meta property=\"og:url\" content=\"https:\/\/www.gilianplants.com\/de\/produkt\/johannesteijsmannia-altifrons\/\" \/>\n<meta property=\"og:site_name\" content=\"Gilian Plants\" \/>\n<meta property=\"article:modified_time\" content=\"2026-03-26T22:15:50+00:00\" \/>\n<meta property=\"og:image\" content=\"https:\/\/www.gilianplants.com\/wp-content\/uploads\/2022\/04\/img_3878-scaled.jpeg\" \/>\n\t<meta property=\"og:image:width\" content=\"1920\" \/>\n\t<meta property=\"og:image:height\" content=\"2560\" \/>\n\t<meta property=\"og:image:type\" content=\"image\/jpeg\" \/>\n<meta name=\"twitter:card\" content=\"summary_large_image\" \/>\n<meta name=\"twitter:label1\" content=\"Gesch\u00e4tzte Lesezeit\" \/>\n\t<meta name=\"twitter:data1\" content=\"1\u00a0Minute\" \/>\n<script type=\"application\/ld+json\" class=\"yoast-schema-graph\">{\"@context\":\"https:\\\/\\\/schema.org\",\"@graph\":[{\"@type\":\"WebPage\",\"@id\":\"https:\\\/\\\/www.gilianplants.com\\\/de\\\/produkt\\\/johannesteijsmannia-altifrons\\\/\",\"url\":\"https:\\\/\\\/www.gilianplants.com\\\/de\\\/produkt\\\/johannesteijsmannia-altifrons\\\/\",\"name\":\"Johannesteijsmannia altifrons - Gilian Plants\",\"isPartOf\":{\"@id\":\"https:\\\/\\\/www.gilianplants.com\\\/de\\\/#website\"},\"primaryImageOfPage\":{\"@id\":\"https:\\\/\\\/www.gilianplants.com\\\/de\\\/produkt\\\/johannesteijsmannia-altifrons\\\/#primaryimage\"},\"image\":{\"@id\":\"https:\\\/\\\/www.gilianplants.com\\\/de\\\/produkt\\\/johannesteijsmannia-altifrons\\\/#primaryimage\"},\"thumbnailUrl\":\"https:\\\/\\\/www.gilianplants.com\\\/wp-content\\\/uploads\\\/2022\\\/04\\\/img_3878-scaled.jpeg\",\"datePublished\":\"2021-12-30T13:30:40+00:00\",\"dateModified\":\"2026-03-26T22:15:50+00:00\",\"breadcrumb\":{\"@id\":\"https:\\\/\\\/www.gilianplants.com\\\/de\\\/produkt\\\/johannesteijsmannia-altifrons\\\/#breadcrumb\"},\"inLanguage\":\"de\",\"potentialAction\":[{\"@type\":\"ReadAction\",\"target\":[\"https:\\\/\\\/www.gilianplants.com\\\/de\\\/produkt\\\/johannesteijsmannia-altifrons\\\/\"]}]},{\"@type\":\"ImageObject\",\"inLanguage\":\"de\",\"@id\":\"https:\\\/\\\/www.gilianplants.com\\\/de\\\/produkt\\\/johannesteijsmannia-altifrons\\\/#primaryimage\",\"url\":\"https:\\\/\\\/www.gilianplants.com\\\/wp-content\\\/uploads\\\/2022\\\/04\\\/img_3878-scaled.jpeg\",\"contentUrl\":\"https:\\\/\\\/www.gilianplants.com\\\/wp-content\\\/uploads\\\/2022\\\/04\\\/img_3878-scaled.jpeg\",\"width\":1920,\"height\":2560},{\"@type\":\"BreadcrumbList\",\"@id\":\"https:\\\/\\\/www.gilianplants.com\\\/de\\\/produkt\\\/johannesteijsmannia-altifrons\\\/#breadcrumb\",\"itemListElement\":[{\"@type\":\"ListItem\",\"position\":1,\"name\":\"Home\",\"item\":\"https:\\\/\\\/www.gilianplants.com\\\/de\\\/home\\\/\"},{\"@type\":\"ListItem\",\"position\":2,\"name\":\"Shop\",\"item\":\"https:\\\/\\\/www.gilianplants.com\\\/shop\\\/\"},{\"@type\":\"ListItem\",\"position\":3,\"name\":\"Johannesteijsmannia altifrons\"}]},{\"@type\":\"WebSite\",\"@id\":\"https:\\\/\\\/www.gilianplants.com\\\/de\\\/#website\",\"url\":\"https:\\\/\\\/www.gilianplants.com\\\/de\\\/\",\"name\":\"Gilian Plants\",\"description\":\"Specialist in germination of rare exotic plants\",\"potentialAction\":[{\"@type\":\"SearchAction\",\"target\":{\"@type\":\"EntryPoint\",\"urlTemplate\":\"https:\\\/\\\/www.gilianplants.com\\\/de\\\/?s={search_term_string}\"},\"query-input\":{\"@type\":\"PropertyValueSpecification\",\"valueRequired\":true,\"valueName\":\"search_term_string\"}}],\"inLanguage\":\"de\"}]}<\/script>\n<!-- \/ Yoast SEO plugin. -->","yoast_head_json":{"title":"Johannesteijsmannia altifrons - Gilian Plants","robots":{"index":"index","follow":"follow","max-snippet":"max-snippet:-1","max-image-preview":"max-image-preview:large","max-video-preview":"max-video-preview:-1"},"canonical":"https:\/\/www.gilianplants.com\/de\/produkt\/johannesteijsmannia-altifrons\/","og_locale":"de_DE","og_type":"article","og_title":"Johannesteijsmannia altifrons - Gilian Plants","og_description":"Johannesteijsmannia altifrons \u2013 Diamond joey palm &nbsp;","og_url":"https:\/\/www.gilianplants.com\/de\/produkt\/johannesteijsmannia-altifrons\/","og_site_name":"Gilian Plants","article_modified_time":"2026-03-26T22:15:50+00:00","og_image":[{"width":1920,"height":2560,"url":"https:\/\/www.gilianplants.com\/wp-content\/uploads\/2022\/04\/img_3878-scaled.jpeg","type":"image\/jpeg"}],"twitter_card":"summary_large_image","twitter_misc":{"Gesch\u00e4tzte Lesezeit":"1\u00a0Minute"},"schema":{"@context":"https:\/\/schema.org","@graph":[{"@type":"WebPage","@id":"https:\/\/www.gilianplants.com\/de\/produkt\/johannesteijsmannia-altifrons\/","url":"https:\/\/www.gilianplants.com\/de\/produkt\/johannesteijsmannia-altifrons\/","name":"Johannesteijsmannia altifrons - Gilian Plants","isPartOf":{"@id":"https:\/\/www.gilianplants.com\/de\/#website"},"primaryImageOfPage":{"@id":"https:\/\/www.gilianplants.com\/de\/produkt\/johannesteijsmannia-altifrons\/#primaryimage"},"image":{"@id":"https:\/\/www.gilianplants.com\/de\/produkt\/johannesteijsmannia-altifrons\/#primaryimage"},"thumbnailUrl":"https:\/\/www.gilianplants.com\/wp-content\/uploads\/2022\/04\/img_3878-scaled.jpeg","datePublished":"2021-12-30T13:30:40+00:00","dateModified":"2026-03-26T22:15:50+00:00","breadcrumb":{"@id":"https:\/\/www.gilianplants.com\/de\/produkt\/johannesteijsmannia-altifrons\/#breadcrumb"},"inLanguage":"de","potentialAction":[{"@type":"ReadAction","target":["https:\/\/www.gilianplants.com\/de\/produkt\/johannesteijsmannia-altifrons\/"]}]},{"@type":"ImageObject","inLanguage":"de","@id":"https:\/\/www.gilianplants.com\/de\/produkt\/johannesteijsmannia-altifrons\/#primaryimage","url":"https:\/\/www.gilianplants.com\/wp-content\/uploads\/2022\/04\/img_3878-scaled.jpeg","contentUrl":"https:\/\/www.gilianplants.com\/wp-content\/uploads\/2022\/04\/img_3878-scaled.jpeg","width":1920,"height":2560},{"@type":"BreadcrumbList","@id":"https:\/\/www.gilianplants.com\/de\/produkt\/johannesteijsmannia-altifrons\/#breadcrumb","itemListElement":[{"@type":"ListItem","position":1,"name":"Home","item":"https:\/\/www.gilianplants.com\/de\/home\/"},{"@type":"ListItem","position":2,"name":"Shop","item":"https:\/\/www.gilianplants.com\/shop\/"},{"@type":"ListItem","position":3,"name":"Johannesteijsmannia altifrons"}]},{"@type":"WebSite","@id":"https:\/\/www.gilianplants.com\/de\/#website","url":"https:\/\/www.gilianplants.com\/de\/","name":"Gilian Plants","description":"Specialist in germination of rare exotic plants","potentialAction":[{"@type":"SearchAction","target":{"@type":"EntryPoint","urlTemplate":"https:\/\/www.gilianplants.com\/de\/?s={search_term_string}"},"query-input":{"@type":"PropertyValueSpecification","valueRequired":true,"valueName":"search_term_string"}}],"inLanguage":"de"}]}},"jetpack_sharing_enabled":true,"_links":{"self":[{"href":"https:\/\/www.gilianplants.com\/de\/wp-json\/wp\/v2\/product\/7572","targetHints":{"allow":["GET"]}}],"collection":[{"href":"https:\/\/www.gilianplants.com\/de\/wp-json\/wp\/v2\/product"}],"about":[{"href":"https:\/\/www.gilianplants.com\/de\/wp-json\/wp\/v2\/types\/product"}],"replies":[{"embeddable":true,"href":"https:\/\/www.gilianplants.com\/de\/wp-json\/wp\/v2\/comments?post=7572"}],"wp:featuredmedia":[{"embeddable":true,"href":"https:\/\/www.gilianplants.com\/de\/wp-json\/wp\/v2\/media\/9263"}],"wp:attachment":[{"href":"https:\/\/www.gilianplants.com\/de\/wp-json\/wp\/v2\/media?parent=7572"}],"wp:term":[{"taxonomy":"product_brand","embeddable":true,"href":"https:\/\/www.gilianplants.com\/de\/wp-json\/wp\/v2\/product_brand?post=7572"},{"taxonomy":"product_cat","embeddable":true,"href":"https:\/\/www.gilianplants.com\/de\/wp-json\/wp\/v2\/product_cat?post=7572"},{"taxonomy":"product_tag","embeddable":true,"href":"https:\/\/www.gilianplants.com\/de\/wp-json\/wp\/v2\/product_tag?post=7572"}],"curies":[{"name":"wp","href":"https:\/\/api.w.org\/{rel}","templated":true}]}}