{"id":7580,"date":"2021-12-27T22:49:49","date_gmt":"2021-12-27T20:49:49","guid":{"rendered":"https:\/\/www.gilianplants.com\/product\/syagrus-pleioclada\/"},"modified":"2022-04-11T15:04:40","modified_gmt":"2022-04-11T14:04:40","slug":"syagrus-pleioclada","status":"publish","type":"product","link":"https:\/\/www.gilianplants.com\/de\/produkt\/syagrus-pleioclada\/","title":{"rendered":"Syagrus pleioclada"},"content":{"rendered":"<p><span style=\"font-size: 150%;\"><strong>Syagrus pleioclada &#8211; schlanke Zier-Zwerg-Syagrus<\/strong><\/span><\/p>\n<p>Diese Syagrus pleioclada ist keine winterharte Federpalme. Gilian Plants hat in den letzten Jahren die Erfahrung gemacht, dass es schwierig ist, echte Pleioclada-Samen zu finden. Wir haben sie aus Brasilien importiert. In Europa ist der beste Weg, um sie in einem Container zu halten, wenn es eine kleine Pflanze ist. Ausgewachsene Pflanzen k\u00f6nnen eine Gr\u00f6\u00dfe von 90 Zentimetern erreichen! Die Bl\u00e4tter sind schlank und gr\u00fcn. Die Samen sind klein und eif\u00f6rmig. Die Bl\u00fcten und Fr\u00fcchte haben eine sch\u00f6ne gelbe Farbe. Ein Ziergras Zwerg Syagrus.<\/p>\n<p>Wir sind Experten in der Keimung von speziellen seltenen Butia und Syagrus Samen. Gilian Plants hat eigenen Import aus Brasilien mit eigenen Sammlern in Lebensraum dort. So Gilian Plants bieten Ihnen das echte Gesch\u00e4ft. Jedes Jahr hat Gilian Plants neue Setzlinge in einigen Gro\u00dfhandelsmengen.<\/p>\n<p>&#8211; Preis ist f\u00fcr einen Setzling.<\/p>\n<ul>\n<li><strong>Pflanzenstandort: volle Sonne<\/strong><\/li>\n<li><strong>Pflanzenpflege: einfach<\/strong><\/li>\n<li><strong>Bew\u00e4sserung: junge Pflanzen eher trocken halten.<\/strong><\/li>\n<li><strong>Winterhart: nein<\/strong><\/li>\n<li><strong>Herkunftsland: Brasilien<\/strong><\/li>\n<\/ul>\n","protected":false},"excerpt":{"rendered":"<p><span style=\"font-size: 150%;\"><strong>Syagrus pleioclada &#8211; schlanke Zier-Zwerg-Syagrus<\/strong><\/span><\/p>\n","protected":false},"featured_media":9597,"comment_status":"open","ping_status":"closed","template":"","meta":[],"product_brand":[],"product_cat":[410],"product_tag":[926,927],"class_list":{"0":"post-7580","1":"product","2":"type-product","3":"status-publish","4":"has-post-thumbnail","6":"product_cat-palmen","7":"product_tag-dwarfsyagrus-butia-de","8":"product_tag-pleioclada-de","10":"first","11":"instock","12":"taxable","13":"shipping-taxable","14":"purchasable","15":"product-type-simple"},"yoast_head":"<!-- This site is optimized with the Yoast SEO plugin v27.5 - https:\/\/yoast.com\/product\/yoast-seo-wordpress\/ -->\n<title>Syagrus pleioclada - Gilian Plants<\/title>\n<meta name=\"robots\" content=\"index, follow, max-snippet:-1, max-image-preview:large, max-video-preview:-1\" \/>\n<link rel=\"canonical\" href=\"https:\/\/www.gilianplants.com\/de\/produkt\/syagrus-pleioclada\/\" \/>\n<meta property=\"og:locale\" content=\"de_DE\" \/>\n<meta property=\"og:type\" content=\"article\" \/>\n<meta property=\"og:title\" content=\"Syagrus pleioclada - Gilian Plants\" \/>\n<meta property=\"og:description\" content=\"Syagrus pleioclada - schlanke Zier-Zwerg-Syagrus\" \/>\n<meta property=\"og:url\" content=\"https:\/\/www.gilianplants.com\/de\/produkt\/syagrus-pleioclada\/\" \/>\n<meta property=\"og:site_name\" content=\"Gilian Plants\" \/>\n<meta property=\"article:modified_time\" content=\"2022-04-11T14:04:40+00:00\" \/>\n<meta property=\"og:image\" content=\"https:\/\/www.gilianplants.com\/wp-content\/uploads\/2022\/03\/img_2741-scaled.jpeg\" \/>\n\t<meta property=\"og:image:width\" content=\"1920\" \/>\n\t<meta property=\"og:image:height\" content=\"2560\" \/>\n\t<meta property=\"og:image:type\" content=\"image\/jpeg\" \/>\n<meta name=\"twitter:card\" content=\"summary_large_image\" \/>\n<meta name=\"twitter:label1\" content=\"Gesch\u00e4tzte Lesezeit\" \/>\n\t<meta name=\"twitter:data1\" content=\"1\u00a0Minute\" \/>\n<script type=\"application\/ld+json\" class=\"yoast-schema-graph\">{\"@context\":\"https:\\\/\\\/schema.org\",\"@graph\":[{\"@type\":\"WebPage\",\"@id\":\"https:\\\/\\\/www.gilianplants.com\\\/de\\\/produkt\\\/syagrus-pleioclada\\\/\",\"url\":\"https:\\\/\\\/www.gilianplants.com\\\/de\\\/produkt\\\/syagrus-pleioclada\\\/\",\"name\":\"Syagrus pleioclada - Gilian Plants\",\"isPartOf\":{\"@id\":\"https:\\\/\\\/www.gilianplants.com\\\/de\\\/#website\"},\"primaryImageOfPage\":{\"@id\":\"https:\\\/\\\/www.gilianplants.com\\\/de\\\/produkt\\\/syagrus-pleioclada\\\/#primaryimage\"},\"image\":{\"@id\":\"https:\\\/\\\/www.gilianplants.com\\\/de\\\/produkt\\\/syagrus-pleioclada\\\/#primaryimage\"},\"thumbnailUrl\":\"https:\\\/\\\/www.gilianplants.com\\\/wp-content\\\/uploads\\\/2022\\\/05\\\/e76d4001-fbfd-4a5e-9213-1ec2bed13acc.png\",\"datePublished\":\"2021-12-27T20:49:49+00:00\",\"dateModified\":\"2022-04-11T14:04:40+00:00\",\"breadcrumb\":{\"@id\":\"https:\\\/\\\/www.gilianplants.com\\\/de\\\/produkt\\\/syagrus-pleioclada\\\/#breadcrumb\"},\"inLanguage\":\"de\",\"potentialAction\":[{\"@type\":\"ReadAction\",\"target\":[\"https:\\\/\\\/www.gilianplants.com\\\/de\\\/produkt\\\/syagrus-pleioclada\\\/\"]}]},{\"@type\":\"ImageObject\",\"inLanguage\":\"de\",\"@id\":\"https:\\\/\\\/www.gilianplants.com\\\/de\\\/produkt\\\/syagrus-pleioclada\\\/#primaryimage\",\"url\":\"https:\\\/\\\/www.gilianplants.com\\\/wp-content\\\/uploads\\\/2022\\\/05\\\/e76d4001-fbfd-4a5e-9213-1ec2bed13acc.png\",\"contentUrl\":\"https:\\\/\\\/www.gilianplants.com\\\/wp-content\\\/uploads\\\/2022\\\/05\\\/e76d4001-fbfd-4a5e-9213-1ec2bed13acc.png\",\"width\":1920,\"height\":1080},{\"@type\":\"BreadcrumbList\",\"@id\":\"https:\\\/\\\/www.gilianplants.com\\\/de\\\/produkt\\\/syagrus-pleioclada\\\/#breadcrumb\",\"itemListElement\":[{\"@type\":\"ListItem\",\"position\":1,\"name\":\"Home\",\"item\":\"https:\\\/\\\/www.gilianplants.com\\\/de\\\/home\\\/\"},{\"@type\":\"ListItem\",\"position\":2,\"name\":\"Shop\",\"item\":\"https:\\\/\\\/www.gilianplants.com\\\/shop\\\/\"},{\"@type\":\"ListItem\",\"position\":3,\"name\":\"Syagrus pleioclada\"}]},{\"@type\":\"WebSite\",\"@id\":\"https:\\\/\\\/www.gilianplants.com\\\/de\\\/#website\",\"url\":\"https:\\\/\\\/www.gilianplants.com\\\/de\\\/\",\"name\":\"Gilian Plants\",\"description\":\"Specialist in germination of rare exotic plants\",\"potentialAction\":[{\"@type\":\"SearchAction\",\"target\":{\"@type\":\"EntryPoint\",\"urlTemplate\":\"https:\\\/\\\/www.gilianplants.com\\\/de\\\/?s={search_term_string}\"},\"query-input\":{\"@type\":\"PropertyValueSpecification\",\"valueRequired\":true,\"valueName\":\"search_term_string\"}}],\"inLanguage\":\"de\"}]}<\/script>\n<!-- \/ Yoast SEO plugin. -->","yoast_head_json":{"title":"Syagrus pleioclada - Gilian Plants","robots":{"index":"index","follow":"follow","max-snippet":"max-snippet:-1","max-image-preview":"max-image-preview:large","max-video-preview":"max-video-preview:-1"},"canonical":"https:\/\/www.gilianplants.com\/de\/produkt\/syagrus-pleioclada\/","og_locale":"de_DE","og_type":"article","og_title":"Syagrus pleioclada - Gilian Plants","og_description":"Syagrus pleioclada - schlanke Zier-Zwerg-Syagrus","og_url":"https:\/\/www.gilianplants.com\/de\/produkt\/syagrus-pleioclada\/","og_site_name":"Gilian Plants","article_modified_time":"2022-04-11T14:04:40+00:00","og_image":[{"width":1920,"height":2560,"url":"https:\/\/www.gilianplants.com\/wp-content\/uploads\/2022\/03\/img_2741-scaled.jpeg","type":"image\/jpeg"}],"twitter_card":"summary_large_image","twitter_misc":{"Gesch\u00e4tzte Lesezeit":"1\u00a0Minute"},"schema":{"@context":"https:\/\/schema.org","@graph":[{"@type":"WebPage","@id":"https:\/\/www.gilianplants.com\/de\/produkt\/syagrus-pleioclada\/","url":"https:\/\/www.gilianplants.com\/de\/produkt\/syagrus-pleioclada\/","name":"Syagrus pleioclada - Gilian Plants","isPartOf":{"@id":"https:\/\/www.gilianplants.com\/de\/#website"},"primaryImageOfPage":{"@id":"https:\/\/www.gilianplants.com\/de\/produkt\/syagrus-pleioclada\/#primaryimage"},"image":{"@id":"https:\/\/www.gilianplants.com\/de\/produkt\/syagrus-pleioclada\/#primaryimage"},"thumbnailUrl":"https:\/\/www.gilianplants.com\/wp-content\/uploads\/2022\/05\/e76d4001-fbfd-4a5e-9213-1ec2bed13acc.png","datePublished":"2021-12-27T20:49:49+00:00","dateModified":"2022-04-11T14:04:40+00:00","breadcrumb":{"@id":"https:\/\/www.gilianplants.com\/de\/produkt\/syagrus-pleioclada\/#breadcrumb"},"inLanguage":"de","potentialAction":[{"@type":"ReadAction","target":["https:\/\/www.gilianplants.com\/de\/produkt\/syagrus-pleioclada\/"]}]},{"@type":"ImageObject","inLanguage":"de","@id":"https:\/\/www.gilianplants.com\/de\/produkt\/syagrus-pleioclada\/#primaryimage","url":"https:\/\/www.gilianplants.com\/wp-content\/uploads\/2022\/05\/e76d4001-fbfd-4a5e-9213-1ec2bed13acc.png","contentUrl":"https:\/\/www.gilianplants.com\/wp-content\/uploads\/2022\/05\/e76d4001-fbfd-4a5e-9213-1ec2bed13acc.png","width":1920,"height":1080},{"@type":"BreadcrumbList","@id":"https:\/\/www.gilianplants.com\/de\/produkt\/syagrus-pleioclada\/#breadcrumb","itemListElement":[{"@type":"ListItem","position":1,"name":"Home","item":"https:\/\/www.gilianplants.com\/de\/home\/"},{"@type":"ListItem","position":2,"name":"Shop","item":"https:\/\/www.gilianplants.com\/shop\/"},{"@type":"ListItem","position":3,"name":"Syagrus pleioclada"}]},{"@type":"WebSite","@id":"https:\/\/www.gilianplants.com\/de\/#website","url":"https:\/\/www.gilianplants.com\/de\/","name":"Gilian Plants","description":"Specialist in germination of rare exotic plants","potentialAction":[{"@type":"SearchAction","target":{"@type":"EntryPoint","urlTemplate":"https:\/\/www.gilianplants.com\/de\/?s={search_term_string}"},"query-input":{"@type":"PropertyValueSpecification","valueRequired":true,"valueName":"search_term_string"}}],"inLanguage":"de"}]}},"jetpack_sharing_enabled":true,"_links":{"self":[{"href":"https:\/\/www.gilianplants.com\/de\/wp-json\/wp\/v2\/product\/7580","targetHints":{"allow":["GET"]}}],"collection":[{"href":"https:\/\/www.gilianplants.com\/de\/wp-json\/wp\/v2\/product"}],"about":[{"href":"https:\/\/www.gilianplants.com\/de\/wp-json\/wp\/v2\/types\/product"}],"replies":[{"embeddable":true,"href":"https:\/\/www.gilianplants.com\/de\/wp-json\/wp\/v2\/comments?post=7580"}],"wp:featuredmedia":[{"embeddable":true,"href":"https:\/\/www.gilianplants.com\/de\/wp-json\/wp\/v2\/media\/9597"}],"wp:attachment":[{"href":"https:\/\/www.gilianplants.com\/de\/wp-json\/wp\/v2\/media?parent=7580"}],"wp:term":[{"taxonomy":"product_brand","embeddable":true,"href":"https:\/\/www.gilianplants.com\/de\/wp-json\/wp\/v2\/product_brand?post=7580"},{"taxonomy":"product_cat","embeddable":true,"href":"https:\/\/www.gilianplants.com\/de\/wp-json\/wp\/v2\/product_cat?post=7580"},{"taxonomy":"product_tag","embeddable":true,"href":"https:\/\/www.gilianplants.com\/de\/wp-json\/wp\/v2\/product_tag?post=7580"}],"curies":[{"name":"wp","href":"https:\/\/api.w.org\/{rel}","templated":true}]}}