{"id":7591,"date":"2021-12-27T20:52:29","date_gmt":"2021-12-27T19:52:29","guid":{"rendered":"https:\/\/www.gilianplants.com\/product\/jubutia-f3-x-syagrus-romanzaffiana-presale\/"},"modified":"2022-10-13T12:41:31","modified_gmt":"2022-10-13T11:41:31","slug":"jubutia-x-syagrus-romanzaffiana-jubutiagrus","status":"publish","type":"product","link":"https:\/\/www.gilianplants.com\/de\/produkt\/jubutia-x-syagrus-romanzaffiana-jubutiagrus\/","title":{"rendered":"Jubutia F3 X Syagrus romanzaffiana &#8211; jubutiagrus"},"content":{"rendered":"<p><span style=\"font-size: 160%;\"><strong>Jubutia F3 X Syagrus romanzaffiana &#8211; jubutiagrus<\/strong><\/span><\/p>\n<p>&nbsp;<\/p>\n<p>Diese spektakul\u00e4re Hybride ist eine winterharte Federpalmenhybride. Gilian Plants hat in den letzten Jahren die Erfahrung gemacht, dass es schwierig ist, echte Hybridsamen zu finden. Wir haben sie aus den USA importiert. In Europa ist der beste Weg, um sie in einem Container zu halten, wenn es eine kleine Pflanze ist. Ausgewachsene Pflanzen k\u00f6nnen eine Gr\u00f6\u00dfe von 7 Metern erreichen! Der Bl\u00fctenspatel dieses Super-Maultiers ist riesig. Die Bl\u00e4tter sind gr\u00fcn bis bl\u00e4ulich. Die Samen sind klein und rund. Eine ornamentale Dreifach-Hybride. Die Zuchtpflanze stammt von Dr. Merill Wilcox. (Bild 2)<\/p>\n<p>Wir sind Experten in der Keimung von besonders seltenen Butia- und Syagrus-Samen. Gilian Plants hat einen eigenen Import aus Brasilien mit eigenen Sammlern im dortigen Habitat. So Gilian Plants bieten Ihnen das echte Gesch\u00e4ft. Jedes Jahr hat Gilian Plants neue Setzlinge in einigen Gro\u00dfhandelsmengen.<\/p>\n<p>&#8211; Preis ist f\u00fcr einen Samling.<\/p>\n<ul>\n<li><strong>Pflanzenstandort: volle Sonne<\/strong><\/li>\n<li><strong>Pflanzenpflege: einfach<\/strong><\/li>\n<li><strong>Bew\u00e4sserung: junge Pflanzen eher trocken halten.<\/strong><\/li>\n<li><strong>Winterhart: -7<\/strong><\/li>\n<li><strong>Herkunftsland: USA<\/strong><\/li>\n<\/ul>\n","protected":false},"excerpt":{"rendered":"<h2><em><strong>Jubutia F3 X Syagrus romanzaffiana \u2013 <\/strong>triple hybrid, super mule, Wilcox hybrid<\/em><\/h2>\n<p>This spectacular hybrid is an cold hardy feather palm hybrid. Gilian Plants experience is last years finding real hybrid seeds is an hard job. We have imported them from USA. In Europe is the best way to keep them in a container when it is a small plant. Mature plants can reach a size of 7 meters ! The flower spathe from this super mule is huge. The leaves are green to bluish. The seeds are small and round. An ornamental triple hybrid. The breeding plant is from Dr. Merill Wilcox. (Picture 2)<\/p>\n<p>We are expert in germinating special rare Butia and Syagrus seeds. Gilian Plants has own import from Brasil with own collectors in habitat there. So Gilian Plants provide you the real deal. Every year has Gilian Plants new spieces in some bulk wholesale quantities.<\/p>\n<p>\u2013 price is for one seedling.<\/p>\n<ul>\n<li><strong>Plant location: full sun<\/strong><\/li>\n<li><strong>Plant care: easy<\/strong><\/li>\n<li><strong>Watering: keep young plants more dry.<\/strong><\/li>\n<li><strong>Cold hardy: -7<\/strong><\/li>\n<li><strong>Land of orgin: USA<\/strong><\/li>\n<\/ul>\n","protected":false},"featured_media":11793,"comment_status":"open","ping_status":"closed","template":"","meta":[],"product_brand":[],"product_cat":[410],"product_tag":[926,821,944,945,946],"class_list":{"0":"post-7591","1":"product","2":"type-product","3":"status-publish","4":"has-post-thumbnail","6":"product_cat-palmen","7":"product_tag-dwarfsyagrus-butia-de","8":"product_tag-hybrid-de","9":"product_tag-jubutia-de","10":"product_tag-mulepalm-de","11":"product_tag-supermule-de","13":"first","14":"outofstock","15":"taxable","16":"shipping-taxable","17":"purchasable","18":"product-type-simple"},"yoast_head":"<!-- This site is optimized with the Yoast SEO plugin v27.5 - https:\/\/yoast.com\/product\/yoast-seo-wordpress\/ -->\n<title>Jubutia F3 X Syagrus romanzaffiana - jubutiagrus - Gilian Plants<\/title>\n<meta name=\"robots\" content=\"index, follow, max-snippet:-1, max-image-preview:large, max-video-preview:-1\" \/>\n<link rel=\"canonical\" href=\"https:\/\/www.gilianplants.com\/de\/produkt\/jubutia-x-syagrus-romanzaffiana-jubutiagrus\/\" \/>\n<meta property=\"og:locale\" content=\"de_DE\" \/>\n<meta property=\"og:type\" content=\"article\" \/>\n<meta property=\"og:title\" content=\"Jubutia F3 X Syagrus romanzaffiana - jubutiagrus - Gilian Plants\" \/>\n<meta property=\"og:description\" content=\"Jubutia F3 X Syagrus romanzaffiana \u2013 triple hybrid, super mule, Wilcox hybrid This spectacular hybrid is an cold hardy feather palm hybrid. Gilian Plants experience is last years finding real hybrid seeds is an hard job. We have imported them from USA. In Europe is the best way to keep them in a container when it is a small plant. Mature plants can reach a size of 7 meters ! The flower spathe from this super mule is huge. The leaves are green to bluish. The seeds are small and round. An ornamental triple hybrid. The breeding plant is from Dr. Merill Wilcox. (Picture 2)  We are expert in germinating special rare Butia and Syagrus seeds. Gilian Plants has own import from Brasil with own collectors in habitat there. So Gilian Plants provide you the real deal. Every year has Gilian Plants new spieces in some bulk wholesale quantities.  \u2013 price is for one seedling.   Plant location: full sun  Plant care: easy  Watering: keep young plants more dry.  Cold hardy: -7  Land of orgin: USA\" \/>\n<meta property=\"og:url\" content=\"https:\/\/www.gilianplants.com\/de\/produkt\/jubutia-x-syagrus-romanzaffiana-jubutiagrus\/\" \/>\n<meta property=\"og:site_name\" content=\"Gilian Plants\" \/>\n<meta property=\"article:modified_time\" content=\"2022-10-13T11:41:31+00:00\" \/>\n<meta property=\"og:image\" content=\"https:\/\/www.gilianplants.com\/wp-content\/uploads\/2022\/10\/c1f507c0-261d-41c0-93a1-576887f1cc97.png\" \/>\n\t<meta property=\"og:image:width\" content=\"1800\" \/>\n\t<meta property=\"og:image:height\" content=\"1200\" \/>\n\t<meta property=\"og:image:type\" content=\"image\/png\" \/>\n<meta name=\"twitter:card\" content=\"summary_large_image\" \/>\n<meta name=\"twitter:label1\" content=\"Gesch\u00e4tzte Lesezeit\" \/>\n\t<meta name=\"twitter:data1\" content=\"1\u00a0Minute\" \/>\n<script type=\"application\/ld+json\" class=\"yoast-schema-graph\">{\"@context\":\"https:\\\/\\\/schema.org\",\"@graph\":[{\"@type\":\"WebPage\",\"@id\":\"https:\\\/\\\/www.gilianplants.com\\\/de\\\/produkt\\\/jubutia-x-syagrus-romanzaffiana-jubutiagrus\\\/\",\"url\":\"https:\\\/\\\/www.gilianplants.com\\\/de\\\/produkt\\\/jubutia-x-syagrus-romanzaffiana-jubutiagrus\\\/\",\"name\":\"Jubutia F3 X Syagrus romanzaffiana - jubutiagrus - Gilian Plants\",\"isPartOf\":{\"@id\":\"https:\\\/\\\/www.gilianplants.com\\\/de\\\/#website\"},\"primaryImageOfPage\":{\"@id\":\"https:\\\/\\\/www.gilianplants.com\\\/de\\\/produkt\\\/jubutia-x-syagrus-romanzaffiana-jubutiagrus\\\/#primaryimage\"},\"image\":{\"@id\":\"https:\\\/\\\/www.gilianplants.com\\\/de\\\/produkt\\\/jubutia-x-syagrus-romanzaffiana-jubutiagrus\\\/#primaryimage\"},\"thumbnailUrl\":\"https:\\\/\\\/www.gilianplants.com\\\/wp-content\\\/uploads\\\/2022\\\/10\\\/c1f507c0-261d-41c0-93a1-576887f1cc97.png\",\"datePublished\":\"2021-12-27T19:52:29+00:00\",\"dateModified\":\"2022-10-13T11:41:31+00:00\",\"breadcrumb\":{\"@id\":\"https:\\\/\\\/www.gilianplants.com\\\/de\\\/produkt\\\/jubutia-x-syagrus-romanzaffiana-jubutiagrus\\\/#breadcrumb\"},\"inLanguage\":\"de\",\"potentialAction\":[{\"@type\":\"ReadAction\",\"target\":[\"https:\\\/\\\/www.gilianplants.com\\\/de\\\/produkt\\\/jubutia-x-syagrus-romanzaffiana-jubutiagrus\\\/\"]}]},{\"@type\":\"ImageObject\",\"inLanguage\":\"de\",\"@id\":\"https:\\\/\\\/www.gilianplants.com\\\/de\\\/produkt\\\/jubutia-x-syagrus-romanzaffiana-jubutiagrus\\\/#primaryimage\",\"url\":\"https:\\\/\\\/www.gilianplants.com\\\/wp-content\\\/uploads\\\/2022\\\/10\\\/c1f507c0-261d-41c0-93a1-576887f1cc97.png\",\"contentUrl\":\"https:\\\/\\\/www.gilianplants.com\\\/wp-content\\\/uploads\\\/2022\\\/10\\\/c1f507c0-261d-41c0-93a1-576887f1cc97.png\",\"width\":1800,\"height\":1200},{\"@type\":\"BreadcrumbList\",\"@id\":\"https:\\\/\\\/www.gilianplants.com\\\/de\\\/produkt\\\/jubutia-x-syagrus-romanzaffiana-jubutiagrus\\\/#breadcrumb\",\"itemListElement\":[{\"@type\":\"ListItem\",\"position\":1,\"name\":\"Home\",\"item\":\"https:\\\/\\\/www.gilianplants.com\\\/de\\\/home\\\/\"},{\"@type\":\"ListItem\",\"position\":2,\"name\":\"Shop\",\"item\":\"https:\\\/\\\/www.gilianplants.com\\\/shop\\\/\"},{\"@type\":\"ListItem\",\"position\":3,\"name\":\"Jubutia F3 X Syagrus romanzaffiana &#8211; jubutiagrus\"}]},{\"@type\":\"WebSite\",\"@id\":\"https:\\\/\\\/www.gilianplants.com\\\/de\\\/#website\",\"url\":\"https:\\\/\\\/www.gilianplants.com\\\/de\\\/\",\"name\":\"Gilian Plants\",\"description\":\"Specialist in germination of rare exotic plants\",\"potentialAction\":[{\"@type\":\"SearchAction\",\"target\":{\"@type\":\"EntryPoint\",\"urlTemplate\":\"https:\\\/\\\/www.gilianplants.com\\\/de\\\/?s={search_term_string}\"},\"query-input\":{\"@type\":\"PropertyValueSpecification\",\"valueRequired\":true,\"valueName\":\"search_term_string\"}}],\"inLanguage\":\"de\"}]}<\/script>\n<!-- \/ Yoast SEO plugin. -->","yoast_head_json":{"title":"Jubutia F3 X Syagrus romanzaffiana - jubutiagrus - Gilian Plants","robots":{"index":"index","follow":"follow","max-snippet":"max-snippet:-1","max-image-preview":"max-image-preview:large","max-video-preview":"max-video-preview:-1"},"canonical":"https:\/\/www.gilianplants.com\/de\/produkt\/jubutia-x-syagrus-romanzaffiana-jubutiagrus\/","og_locale":"de_DE","og_type":"article","og_title":"Jubutia F3 X Syagrus romanzaffiana - jubutiagrus - Gilian Plants","og_description":"Jubutia F3 X Syagrus romanzaffiana \u2013 triple hybrid, super mule, Wilcox hybrid This spectacular hybrid is an cold hardy feather palm hybrid. Gilian Plants experience is last years finding real hybrid seeds is an hard job. We have imported them from USA. In Europe is the best way to keep them in a container when it is a small plant. Mature plants can reach a size of 7 meters ! The flower spathe from this super mule is huge. The leaves are green to bluish. The seeds are small and round. An ornamental triple hybrid. The breeding plant is from Dr. Merill Wilcox. (Picture 2)  We are expert in germinating special rare Butia and Syagrus seeds. Gilian Plants has own import from Brasil with own collectors in habitat there. So Gilian Plants provide you the real deal. Every year has Gilian Plants new spieces in some bulk wholesale quantities.  \u2013 price is for one seedling.   Plant location: full sun  Plant care: easy  Watering: keep young plants more dry.  Cold hardy: -7  Land of orgin: USA","og_url":"https:\/\/www.gilianplants.com\/de\/produkt\/jubutia-x-syagrus-romanzaffiana-jubutiagrus\/","og_site_name":"Gilian Plants","article_modified_time":"2022-10-13T11:41:31+00:00","og_image":[{"width":1800,"height":1200,"url":"https:\/\/www.gilianplants.com\/wp-content\/uploads\/2022\/10\/c1f507c0-261d-41c0-93a1-576887f1cc97.png","type":"image\/png"}],"twitter_card":"summary_large_image","twitter_misc":{"Gesch\u00e4tzte Lesezeit":"1\u00a0Minute"},"schema":{"@context":"https:\/\/schema.org","@graph":[{"@type":"WebPage","@id":"https:\/\/www.gilianplants.com\/de\/produkt\/jubutia-x-syagrus-romanzaffiana-jubutiagrus\/","url":"https:\/\/www.gilianplants.com\/de\/produkt\/jubutia-x-syagrus-romanzaffiana-jubutiagrus\/","name":"Jubutia F3 X Syagrus romanzaffiana - jubutiagrus - Gilian Plants","isPartOf":{"@id":"https:\/\/www.gilianplants.com\/de\/#website"},"primaryImageOfPage":{"@id":"https:\/\/www.gilianplants.com\/de\/produkt\/jubutia-x-syagrus-romanzaffiana-jubutiagrus\/#primaryimage"},"image":{"@id":"https:\/\/www.gilianplants.com\/de\/produkt\/jubutia-x-syagrus-romanzaffiana-jubutiagrus\/#primaryimage"},"thumbnailUrl":"https:\/\/www.gilianplants.com\/wp-content\/uploads\/2022\/10\/c1f507c0-261d-41c0-93a1-576887f1cc97.png","datePublished":"2021-12-27T19:52:29+00:00","dateModified":"2022-10-13T11:41:31+00:00","breadcrumb":{"@id":"https:\/\/www.gilianplants.com\/de\/produkt\/jubutia-x-syagrus-romanzaffiana-jubutiagrus\/#breadcrumb"},"inLanguage":"de","potentialAction":[{"@type":"ReadAction","target":["https:\/\/www.gilianplants.com\/de\/produkt\/jubutia-x-syagrus-romanzaffiana-jubutiagrus\/"]}]},{"@type":"ImageObject","inLanguage":"de","@id":"https:\/\/www.gilianplants.com\/de\/produkt\/jubutia-x-syagrus-romanzaffiana-jubutiagrus\/#primaryimage","url":"https:\/\/www.gilianplants.com\/wp-content\/uploads\/2022\/10\/c1f507c0-261d-41c0-93a1-576887f1cc97.png","contentUrl":"https:\/\/www.gilianplants.com\/wp-content\/uploads\/2022\/10\/c1f507c0-261d-41c0-93a1-576887f1cc97.png","width":1800,"height":1200},{"@type":"BreadcrumbList","@id":"https:\/\/www.gilianplants.com\/de\/produkt\/jubutia-x-syagrus-romanzaffiana-jubutiagrus\/#breadcrumb","itemListElement":[{"@type":"ListItem","position":1,"name":"Home","item":"https:\/\/www.gilianplants.com\/de\/home\/"},{"@type":"ListItem","position":2,"name":"Shop","item":"https:\/\/www.gilianplants.com\/shop\/"},{"@type":"ListItem","position":3,"name":"Jubutia F3 X Syagrus romanzaffiana &#8211; jubutiagrus"}]},{"@type":"WebSite","@id":"https:\/\/www.gilianplants.com\/de\/#website","url":"https:\/\/www.gilianplants.com\/de\/","name":"Gilian Plants","description":"Specialist in germination of rare exotic plants","potentialAction":[{"@type":"SearchAction","target":{"@type":"EntryPoint","urlTemplate":"https:\/\/www.gilianplants.com\/de\/?s={search_term_string}"},"query-input":{"@type":"PropertyValueSpecification","valueRequired":true,"valueName":"search_term_string"}}],"inLanguage":"de"}]}},"jetpack_sharing_enabled":true,"_links":{"self":[{"href":"https:\/\/www.gilianplants.com\/de\/wp-json\/wp\/v2\/product\/7591","targetHints":{"allow":["GET"]}}],"collection":[{"href":"https:\/\/www.gilianplants.com\/de\/wp-json\/wp\/v2\/product"}],"about":[{"href":"https:\/\/www.gilianplants.com\/de\/wp-json\/wp\/v2\/types\/product"}],"replies":[{"embeddable":true,"href":"https:\/\/www.gilianplants.com\/de\/wp-json\/wp\/v2\/comments?post=7591"}],"wp:featuredmedia":[{"embeddable":true,"href":"https:\/\/www.gilianplants.com\/de\/wp-json\/wp\/v2\/media\/11793"}],"wp:attachment":[{"href":"https:\/\/www.gilianplants.com\/de\/wp-json\/wp\/v2\/media?parent=7591"}],"wp:term":[{"taxonomy":"product_brand","embeddable":true,"href":"https:\/\/www.gilianplants.com\/de\/wp-json\/wp\/v2\/product_brand?post=7591"},{"taxonomy":"product_cat","embeddable":true,"href":"https:\/\/www.gilianplants.com\/de\/wp-json\/wp\/v2\/product_cat?post=7591"},{"taxonomy":"product_tag","embeddable":true,"href":"https:\/\/www.gilianplants.com\/de\/wp-json\/wp\/v2\/product_tag?post=7591"}],"curies":[{"name":"wp","href":"https:\/\/api.w.org\/{rel}","templated":true}]}}