{"id":7749,"date":"2022-01-14T18:01:55","date_gmt":"2022-01-14T16:01:55","guid":{"rendered":"https:\/\/www.gilianplants.com\/product\/trachycarpus-latisectus-2\/"},"modified":"2022-08-10T23:30:41","modified_gmt":"2022-08-10T22:30:41","slug":"trachycarpus-latisectus-2","status":"publish","type":"product","link":"https:\/\/www.gilianplants.com\/de\/produkt\/trachycarpus-latisectus-2\/","title":{"rendered":"Trachycarpus latisectus"},"content":{"rendered":"<p><em><strong>Trachycarpus latisectus \u2013\u00a0<\/strong>Windamere Palm<br \/>\n<\/em><\/p>\n<p>Diese Palme hat gro\u00dfe rubuste Bl\u00e4tter und einen schlanken Stamm. Die Samen sind anders als die aller anderen Trachycarpus-Sorten. Dieser Palmenbaum ist nicht so winterhart und braucht mehr W\u00e4rme f\u00fcr ein schnelleres Wachstum. Dieser Palmenbaum ist eine perfekte K\u00fcbelpflanze und es ist einfacher, sie im Winter zu \u00fcberleben. Sch\u00fctzen Sie sie gut vor Frost!\u00a0 Gilian Plants ist der Meinung, dass diese Palme genau das Richtige f\u00fcr Sie ist, wenn Sie eine Herausforderung m\u00f6gen. Nicht frostharte Palme. Wundersch\u00f6ne Pflanze f\u00fcr tropisch warme Klimazonen.<\/p>\n<p>&nbsp;<\/p>\n<ul>\n<li><strong>Standort: volle Sonne \/ Halbschatten<\/strong><\/li>\n<li><strong>Bew\u00e4sserung: mittel<\/strong><\/li>\n<li><strong>Frosth\u00e4rte: nicht viel -7<\/strong><\/li>\n<li><strong>Herkunftsland: Die Niederlande<\/strong><\/li>\n<\/ul>\n","protected":false},"excerpt":{"rendered":"<p><em><strong>Trachycarpus latisectus \u2013\u00a0<\/strong>Windamere Palm<br \/>\n<\/em><\/p>\n","protected":false},"featured_media":9573,"comment_status":"open","ping_status":"closed","template":"","meta":[],"product_brand":[],"product_cat":[410],"product_tag":[502,411],"class_list":{"0":"post-7749","1":"product","2":"type-product","3":"status-publish","4":"has-post-thumbnail","6":"product_cat-palmen","7":"product_tag-latisectus-de","8":"product_tag-trachycarpus-de","9":"product_shipping_class-normal-paket-1-10kg","11":"first","12":"outofstock","13":"taxable","14":"shipping-taxable","15":"purchasable","16":"product-type-simple"},"yoast_head":"<!-- This site is optimized with the Yoast SEO plugin v27.5 - https:\/\/yoast.com\/product\/yoast-seo-wordpress\/ -->\n<title>Trachycarpus latisectus - Gilian Plants<\/title>\n<meta name=\"robots\" content=\"index, follow, max-snippet:-1, max-image-preview:large, max-video-preview:-1\" \/>\n<link rel=\"canonical\" href=\"https:\/\/www.gilianplants.com\/de\/produkt\/trachycarpus-latisectus-2\/\" \/>\n<meta property=\"og:locale\" content=\"de_DE\" \/>\n<meta property=\"og:type\" content=\"article\" \/>\n<meta property=\"og:title\" content=\"Trachycarpus latisectus - Gilian Plants\" \/>\n<meta property=\"og:description\" content=\"Trachycarpus latisectus \u2013\u00a0Windamere Palm\" \/>\n<meta property=\"og:url\" content=\"https:\/\/www.gilianplants.com\/de\/produkt\/trachycarpus-latisectus-2\/\" \/>\n<meta property=\"og:site_name\" content=\"Gilian Plants\" \/>\n<meta property=\"article:modified_time\" content=\"2022-08-10T22:30:41+00:00\" \/>\n<meta property=\"og:image\" content=\"https:\/\/www.gilianplants.com\/wp-content\/uploads\/2022\/01\/img_1715-scaled.jpeg\" \/>\n\t<meta property=\"og:image:width\" content=\"1920\" \/>\n\t<meta property=\"og:image:height\" content=\"2560\" \/>\n\t<meta property=\"og:image:type\" content=\"image\/jpeg\" \/>\n<meta name=\"twitter:card\" content=\"summary_large_image\" \/>\n<meta name=\"twitter:label1\" content=\"Gesch\u00e4tzte Lesezeit\" \/>\n\t<meta name=\"twitter:data1\" content=\"1\u00a0Minute\" \/>\n<script type=\"application\/ld+json\" class=\"yoast-schema-graph\">{\"@context\":\"https:\\\/\\\/schema.org\",\"@graph\":[{\"@type\":\"WebPage\",\"@id\":\"https:\\\/\\\/www.gilianplants.com\\\/de\\\/produkt\\\/trachycarpus-latisectus-2\\\/\",\"url\":\"https:\\\/\\\/www.gilianplants.com\\\/de\\\/produkt\\\/trachycarpus-latisectus-2\\\/\",\"name\":\"Trachycarpus latisectus - Gilian Plants\",\"isPartOf\":{\"@id\":\"https:\\\/\\\/www.gilianplants.com\\\/de\\\/#website\"},\"primaryImageOfPage\":{\"@id\":\"https:\\\/\\\/www.gilianplants.com\\\/de\\\/produkt\\\/trachycarpus-latisectus-2\\\/#primaryimage\"},\"image\":{\"@id\":\"https:\\\/\\\/www.gilianplants.com\\\/de\\\/produkt\\\/trachycarpus-latisectus-2\\\/#primaryimage\"},\"thumbnailUrl\":\"https:\\\/\\\/www.gilianplants.com\\\/wp-content\\\/uploads\\\/2022\\\/05\\\/603e958a-29d2-4bc3-a3a7-10eaf1b4d7ad.png\",\"datePublished\":\"2022-01-14T16:01:55+00:00\",\"dateModified\":\"2022-08-10T22:30:41+00:00\",\"breadcrumb\":{\"@id\":\"https:\\\/\\\/www.gilianplants.com\\\/de\\\/produkt\\\/trachycarpus-latisectus-2\\\/#breadcrumb\"},\"inLanguage\":\"de\",\"potentialAction\":[{\"@type\":\"ReadAction\",\"target\":[\"https:\\\/\\\/www.gilianplants.com\\\/de\\\/produkt\\\/trachycarpus-latisectus-2\\\/\"]}]},{\"@type\":\"ImageObject\",\"inLanguage\":\"de\",\"@id\":\"https:\\\/\\\/www.gilianplants.com\\\/de\\\/produkt\\\/trachycarpus-latisectus-2\\\/#primaryimage\",\"url\":\"https:\\\/\\\/www.gilianplants.com\\\/wp-content\\\/uploads\\\/2022\\\/05\\\/603e958a-29d2-4bc3-a3a7-10eaf1b4d7ad.png\",\"contentUrl\":\"https:\\\/\\\/www.gilianplants.com\\\/wp-content\\\/uploads\\\/2022\\\/05\\\/603e958a-29d2-4bc3-a3a7-10eaf1b4d7ad.png\",\"width\":1920,\"height\":1080},{\"@type\":\"BreadcrumbList\",\"@id\":\"https:\\\/\\\/www.gilianplants.com\\\/de\\\/produkt\\\/trachycarpus-latisectus-2\\\/#breadcrumb\",\"itemListElement\":[{\"@type\":\"ListItem\",\"position\":1,\"name\":\"Home\",\"item\":\"https:\\\/\\\/www.gilianplants.com\\\/de\\\/home\\\/\"},{\"@type\":\"ListItem\",\"position\":2,\"name\":\"Shop\",\"item\":\"https:\\\/\\\/www.gilianplants.com\\\/shop\\\/\"},{\"@type\":\"ListItem\",\"position\":3,\"name\":\"Trachycarpus latisectus\"}]},{\"@type\":\"WebSite\",\"@id\":\"https:\\\/\\\/www.gilianplants.com\\\/de\\\/#website\",\"url\":\"https:\\\/\\\/www.gilianplants.com\\\/de\\\/\",\"name\":\"Gilian Plants\",\"description\":\"Specialist in germination of rare exotic plants\",\"potentialAction\":[{\"@type\":\"SearchAction\",\"target\":{\"@type\":\"EntryPoint\",\"urlTemplate\":\"https:\\\/\\\/www.gilianplants.com\\\/de\\\/?s={search_term_string}\"},\"query-input\":{\"@type\":\"PropertyValueSpecification\",\"valueRequired\":true,\"valueName\":\"search_term_string\"}}],\"inLanguage\":\"de\"}]}<\/script>\n<!-- \/ Yoast SEO plugin. -->","yoast_head_json":{"title":"Trachycarpus latisectus - Gilian Plants","robots":{"index":"index","follow":"follow","max-snippet":"max-snippet:-1","max-image-preview":"max-image-preview:large","max-video-preview":"max-video-preview:-1"},"canonical":"https:\/\/www.gilianplants.com\/de\/produkt\/trachycarpus-latisectus-2\/","og_locale":"de_DE","og_type":"article","og_title":"Trachycarpus latisectus - Gilian Plants","og_description":"Trachycarpus latisectus \u2013\u00a0Windamere Palm","og_url":"https:\/\/www.gilianplants.com\/de\/produkt\/trachycarpus-latisectus-2\/","og_site_name":"Gilian Plants","article_modified_time":"2022-08-10T22:30:41+00:00","og_image":[{"width":1920,"height":2560,"url":"https:\/\/www.gilianplants.com\/wp-content\/uploads\/2022\/01\/img_1715-scaled.jpeg","type":"image\/jpeg"}],"twitter_card":"summary_large_image","twitter_misc":{"Gesch\u00e4tzte Lesezeit":"1\u00a0Minute"},"schema":{"@context":"https:\/\/schema.org","@graph":[{"@type":"WebPage","@id":"https:\/\/www.gilianplants.com\/de\/produkt\/trachycarpus-latisectus-2\/","url":"https:\/\/www.gilianplants.com\/de\/produkt\/trachycarpus-latisectus-2\/","name":"Trachycarpus latisectus - Gilian Plants","isPartOf":{"@id":"https:\/\/www.gilianplants.com\/de\/#website"},"primaryImageOfPage":{"@id":"https:\/\/www.gilianplants.com\/de\/produkt\/trachycarpus-latisectus-2\/#primaryimage"},"image":{"@id":"https:\/\/www.gilianplants.com\/de\/produkt\/trachycarpus-latisectus-2\/#primaryimage"},"thumbnailUrl":"https:\/\/www.gilianplants.com\/wp-content\/uploads\/2022\/05\/603e958a-29d2-4bc3-a3a7-10eaf1b4d7ad.png","datePublished":"2022-01-14T16:01:55+00:00","dateModified":"2022-08-10T22:30:41+00:00","breadcrumb":{"@id":"https:\/\/www.gilianplants.com\/de\/produkt\/trachycarpus-latisectus-2\/#breadcrumb"},"inLanguage":"de","potentialAction":[{"@type":"ReadAction","target":["https:\/\/www.gilianplants.com\/de\/produkt\/trachycarpus-latisectus-2\/"]}]},{"@type":"ImageObject","inLanguage":"de","@id":"https:\/\/www.gilianplants.com\/de\/produkt\/trachycarpus-latisectus-2\/#primaryimage","url":"https:\/\/www.gilianplants.com\/wp-content\/uploads\/2022\/05\/603e958a-29d2-4bc3-a3a7-10eaf1b4d7ad.png","contentUrl":"https:\/\/www.gilianplants.com\/wp-content\/uploads\/2022\/05\/603e958a-29d2-4bc3-a3a7-10eaf1b4d7ad.png","width":1920,"height":1080},{"@type":"BreadcrumbList","@id":"https:\/\/www.gilianplants.com\/de\/produkt\/trachycarpus-latisectus-2\/#breadcrumb","itemListElement":[{"@type":"ListItem","position":1,"name":"Home","item":"https:\/\/www.gilianplants.com\/de\/home\/"},{"@type":"ListItem","position":2,"name":"Shop","item":"https:\/\/www.gilianplants.com\/shop\/"},{"@type":"ListItem","position":3,"name":"Trachycarpus latisectus"}]},{"@type":"WebSite","@id":"https:\/\/www.gilianplants.com\/de\/#website","url":"https:\/\/www.gilianplants.com\/de\/","name":"Gilian Plants","description":"Specialist in germination of rare exotic plants","potentialAction":[{"@type":"SearchAction","target":{"@type":"EntryPoint","urlTemplate":"https:\/\/www.gilianplants.com\/de\/?s={search_term_string}"},"query-input":{"@type":"PropertyValueSpecification","valueRequired":true,"valueName":"search_term_string"}}],"inLanguage":"de"}]}},"jetpack_sharing_enabled":true,"_links":{"self":[{"href":"https:\/\/www.gilianplants.com\/de\/wp-json\/wp\/v2\/product\/7749","targetHints":{"allow":["GET"]}}],"collection":[{"href":"https:\/\/www.gilianplants.com\/de\/wp-json\/wp\/v2\/product"}],"about":[{"href":"https:\/\/www.gilianplants.com\/de\/wp-json\/wp\/v2\/types\/product"}],"replies":[{"embeddable":true,"href":"https:\/\/www.gilianplants.com\/de\/wp-json\/wp\/v2\/comments?post=7749"}],"wp:featuredmedia":[{"embeddable":true,"href":"https:\/\/www.gilianplants.com\/de\/wp-json\/wp\/v2\/media\/9573"}],"wp:attachment":[{"href":"https:\/\/www.gilianplants.com\/de\/wp-json\/wp\/v2\/media?parent=7749"}],"wp:term":[{"taxonomy":"product_brand","embeddable":true,"href":"https:\/\/www.gilianplants.com\/de\/wp-json\/wp\/v2\/product_brand?post=7749"},{"taxonomy":"product_cat","embeddable":true,"href":"https:\/\/www.gilianplants.com\/de\/wp-json\/wp\/v2\/product_cat?post=7749"},{"taxonomy":"product_tag","embeddable":true,"href":"https:\/\/www.gilianplants.com\/de\/wp-json\/wp\/v2\/product_tag?post=7749"}],"curies":[{"name":"wp","href":"https:\/\/api.w.org\/{rel}","templated":true}]}}