{"id":7796,"date":"2022-01-15T16:25:00","date_gmt":"2022-01-15T14:25:00","guid":{"rendered":"https:\/\/www.gilianplants.com\/product\/100-chamaerops-humilis-cerifera-wholesale-deal\/"},"modified":"2022-04-09T12:37:48","modified_gmt":"2022-04-09T11:37:48","slug":"100-chamaerops-humilis-cerifera-bundel-preis","status":"publish","type":"product","link":"https:\/\/www.gilianplants.com\/de\/produkt\/100-chamaerops-humilis-cerifera-bundel-preis\/","title":{"rendered":"100 chamaerops humilis cerifera &#8211; bundel preis"},"content":{"rendered":"<h2><strong><i>Chamaerops humilis var. cerifera \u2013\u00a0<\/i><\/strong><i>Blue\u00a0<\/i><i>Mediterranean Fan Palm<\/i><\/h2>\n<p>Diese Chamaerops humilis var. cerifera eignet sich hervorragend f\u00fcr einen frostharten Palmengarten. Diese Palme ist winterhart und interessant f\u00fcr die Zukunft. Sie w\u00e4chst zu einer gro\u00dfen Solit\u00e4rpalme heran. Diese Chamaerops humilis var. cerifera kann in fast jedem Land wachsen!\u00a0\u00a0Die Bl\u00e4tter sind gr\u00fcn mit einer bl\u00e4ulichen Abdeckung. Die Bl\u00fctenst\u00e4ngel sind kompakt und enthalten viele rot-orangefarbene Samen. Eine dekorative, frostharte Palme f\u00fcr jedes Land.<\/p>\n<p>Wir sind Experten in der Keimung von speziellen Palmensamen. Gilian Plants hat einen eigenen Import mit eigenen Sammlern vor Ort. So Gilian Plants bieten Ihnen das echte Gesch\u00e4ft. Jedes Jahr hat Gilian Plants neue Setzlinge in einigen Gro\u00dfhandelsmengen.<\/p>\n<p>-Preis ist f\u00fcr 100 Samlinge<\/p>\n<ul>\n<li><strong>Pflanzenstandort: volle Sonne<\/strong><\/li>\n<li><strong>Pflanzenpflege: einfach<\/strong><\/li>\n<li><strong>Bew\u00e4sserung: junge Pflanzen eher trocken halten.<\/strong><\/li>\n<li><strong>Winterh\u00e4rte: &#8211; 20 Grad<\/strong><\/li>\n<li><strong>Herkunftsland:\u00a0Marokko<\/strong><\/li>\n<\/ul>\n","protected":false},"excerpt":{"rendered":"<h2><strong><i>Chamaerops humilis var. cerifera \u2013\u00a0<\/i><\/strong><i>Blue\u00a0<\/i><i>Mediterranean Fan Palm<\/i><\/h2>\n","protected":false},"featured_media":7784,"comment_status":"open","ping_status":"closed","template":"","meta":[],"product_brand":[],"product_cat":[1622],"product_tag":[488,487],"class_list":{"0":"post-7796","1":"product","2":"type-product","3":"status-publish","4":"has-post-thumbnail","6":"product_cat-grosshandel","7":"product_tag-cerifera-de","8":"product_tag-humilis-de","9":"product_shipping_class-normal-paket-1-10kg","11":"first","12":"instock","13":"taxable","14":"shipping-taxable","15":"purchasable","16":"product-type-simple"},"yoast_head":"<!-- This site is optimized with the Yoast SEO plugin v27.5 - https:\/\/yoast.com\/product\/yoast-seo-wordpress\/ -->\n<title>100 chamaerops humilis cerifera - bundel preis - Gilian Plants<\/title>\n<meta name=\"robots\" content=\"index, follow, max-snippet:-1, max-image-preview:large, max-video-preview:-1\" \/>\n<link rel=\"canonical\" href=\"https:\/\/www.gilianplants.com\/de\/produkt\/100-chamaerops-humilis-cerifera-bundel-preis\/\" \/>\n<meta property=\"og:locale\" content=\"de_DE\" \/>\n<meta property=\"og:type\" content=\"article\" \/>\n<meta property=\"og:title\" content=\"100 chamaerops humilis cerifera - bundel preis - Gilian Plants\" \/>\n<meta property=\"og:description\" content=\"Chamaerops humilis var. cerifera \u2013\u00a0Blue\u00a0Mediterranean Fan Palm\" \/>\n<meta property=\"og:url\" content=\"https:\/\/www.gilianplants.com\/de\/produkt\/100-chamaerops-humilis-cerifera-bundel-preis\/\" \/>\n<meta property=\"og:site_name\" content=\"Gilian Plants\" \/>\n<meta property=\"article:modified_time\" content=\"2022-04-09T11:37:48+00:00\" \/>\n<meta property=\"og:image\" content=\"https:\/\/www.gilianplants.com\/wp-content\/uploads\/2022\/01\/img_1752-scaled.jpeg\" \/>\n\t<meta property=\"og:image:width\" content=\"1920\" \/>\n\t<meta property=\"og:image:height\" content=\"2560\" \/>\n\t<meta property=\"og:image:type\" content=\"image\/jpeg\" \/>\n<meta name=\"twitter:card\" content=\"summary_large_image\" \/>\n<meta name=\"twitter:label1\" content=\"Gesch\u00e4tzte Lesezeit\" \/>\n\t<meta name=\"twitter:data1\" content=\"1\u00a0Minute\" \/>\n<script type=\"application\/ld+json\" class=\"yoast-schema-graph\">{\"@context\":\"https:\\\/\\\/schema.org\",\"@graph\":[{\"@type\":\"WebPage\",\"@id\":\"https:\\\/\\\/www.gilianplants.com\\\/de\\\/produkt\\\/100-chamaerops-humilis-cerifera-bundel-preis\\\/\",\"url\":\"https:\\\/\\\/www.gilianplants.com\\\/de\\\/produkt\\\/100-chamaerops-humilis-cerifera-bundel-preis\\\/\",\"name\":\"100 chamaerops humilis cerifera - bundel preis - Gilian Plants\",\"isPartOf\":{\"@id\":\"https:\\\/\\\/www.gilianplants.com\\\/de\\\/#website\"},\"primaryImageOfPage\":{\"@id\":\"https:\\\/\\\/www.gilianplants.com\\\/de\\\/produkt\\\/100-chamaerops-humilis-cerifera-bundel-preis\\\/#primaryimage\"},\"image\":{\"@id\":\"https:\\\/\\\/www.gilianplants.com\\\/de\\\/produkt\\\/100-chamaerops-humilis-cerifera-bundel-preis\\\/#primaryimage\"},\"thumbnailUrl\":\"https:\\\/\\\/www.gilianplants.com\\\/wp-content\\\/uploads\\\/2022\\\/01\\\/img_1752-scaled.jpeg\",\"datePublished\":\"2022-01-15T14:25:00+00:00\",\"dateModified\":\"2022-04-09T11:37:48+00:00\",\"breadcrumb\":{\"@id\":\"https:\\\/\\\/www.gilianplants.com\\\/de\\\/produkt\\\/100-chamaerops-humilis-cerifera-bundel-preis\\\/#breadcrumb\"},\"inLanguage\":\"de\",\"potentialAction\":[{\"@type\":\"ReadAction\",\"target\":[\"https:\\\/\\\/www.gilianplants.com\\\/de\\\/produkt\\\/100-chamaerops-humilis-cerifera-bundel-preis\\\/\"]}]},{\"@type\":\"ImageObject\",\"inLanguage\":\"de\",\"@id\":\"https:\\\/\\\/www.gilianplants.com\\\/de\\\/produkt\\\/100-chamaerops-humilis-cerifera-bundel-preis\\\/#primaryimage\",\"url\":\"https:\\\/\\\/www.gilianplants.com\\\/wp-content\\\/uploads\\\/2022\\\/01\\\/img_1752-scaled.jpeg\",\"contentUrl\":\"https:\\\/\\\/www.gilianplants.com\\\/wp-content\\\/uploads\\\/2022\\\/01\\\/img_1752-scaled.jpeg\",\"width\":1920,\"height\":2560},{\"@type\":\"BreadcrumbList\",\"@id\":\"https:\\\/\\\/www.gilianplants.com\\\/de\\\/produkt\\\/100-chamaerops-humilis-cerifera-bundel-preis\\\/#breadcrumb\",\"itemListElement\":[{\"@type\":\"ListItem\",\"position\":1,\"name\":\"Home\",\"item\":\"https:\\\/\\\/www.gilianplants.com\\\/de\\\/home\\\/\"},{\"@type\":\"ListItem\",\"position\":2,\"name\":\"Shop\",\"item\":\"https:\\\/\\\/www.gilianplants.com\\\/shop\\\/\"},{\"@type\":\"ListItem\",\"position\":3,\"name\":\"100 chamaerops humilis cerifera &#8211; bundel preis\"}]},{\"@type\":\"WebSite\",\"@id\":\"https:\\\/\\\/www.gilianplants.com\\\/de\\\/#website\",\"url\":\"https:\\\/\\\/www.gilianplants.com\\\/de\\\/\",\"name\":\"Gilian Plants\",\"description\":\"Specialist in germination of rare exotic plants\",\"potentialAction\":[{\"@type\":\"SearchAction\",\"target\":{\"@type\":\"EntryPoint\",\"urlTemplate\":\"https:\\\/\\\/www.gilianplants.com\\\/de\\\/?s={search_term_string}\"},\"query-input\":{\"@type\":\"PropertyValueSpecification\",\"valueRequired\":true,\"valueName\":\"search_term_string\"}}],\"inLanguage\":\"de\"}]}<\/script>\n<!-- \/ Yoast SEO plugin. -->","yoast_head_json":{"title":"100 chamaerops humilis cerifera - bundel preis - Gilian Plants","robots":{"index":"index","follow":"follow","max-snippet":"max-snippet:-1","max-image-preview":"max-image-preview:large","max-video-preview":"max-video-preview:-1"},"canonical":"https:\/\/www.gilianplants.com\/de\/produkt\/100-chamaerops-humilis-cerifera-bundel-preis\/","og_locale":"de_DE","og_type":"article","og_title":"100 chamaerops humilis cerifera - bundel preis - Gilian Plants","og_description":"Chamaerops humilis var. cerifera \u2013\u00a0Blue\u00a0Mediterranean Fan Palm","og_url":"https:\/\/www.gilianplants.com\/de\/produkt\/100-chamaerops-humilis-cerifera-bundel-preis\/","og_site_name":"Gilian Plants","article_modified_time":"2022-04-09T11:37:48+00:00","og_image":[{"width":1920,"height":2560,"url":"https:\/\/www.gilianplants.com\/wp-content\/uploads\/2022\/01\/img_1752-scaled.jpeg","type":"image\/jpeg"}],"twitter_card":"summary_large_image","twitter_misc":{"Gesch\u00e4tzte Lesezeit":"1\u00a0Minute"},"schema":{"@context":"https:\/\/schema.org","@graph":[{"@type":"WebPage","@id":"https:\/\/www.gilianplants.com\/de\/produkt\/100-chamaerops-humilis-cerifera-bundel-preis\/","url":"https:\/\/www.gilianplants.com\/de\/produkt\/100-chamaerops-humilis-cerifera-bundel-preis\/","name":"100 chamaerops humilis cerifera - bundel preis - Gilian Plants","isPartOf":{"@id":"https:\/\/www.gilianplants.com\/de\/#website"},"primaryImageOfPage":{"@id":"https:\/\/www.gilianplants.com\/de\/produkt\/100-chamaerops-humilis-cerifera-bundel-preis\/#primaryimage"},"image":{"@id":"https:\/\/www.gilianplants.com\/de\/produkt\/100-chamaerops-humilis-cerifera-bundel-preis\/#primaryimage"},"thumbnailUrl":"https:\/\/www.gilianplants.com\/wp-content\/uploads\/2022\/01\/img_1752-scaled.jpeg","datePublished":"2022-01-15T14:25:00+00:00","dateModified":"2022-04-09T11:37:48+00:00","breadcrumb":{"@id":"https:\/\/www.gilianplants.com\/de\/produkt\/100-chamaerops-humilis-cerifera-bundel-preis\/#breadcrumb"},"inLanguage":"de","potentialAction":[{"@type":"ReadAction","target":["https:\/\/www.gilianplants.com\/de\/produkt\/100-chamaerops-humilis-cerifera-bundel-preis\/"]}]},{"@type":"ImageObject","inLanguage":"de","@id":"https:\/\/www.gilianplants.com\/de\/produkt\/100-chamaerops-humilis-cerifera-bundel-preis\/#primaryimage","url":"https:\/\/www.gilianplants.com\/wp-content\/uploads\/2022\/01\/img_1752-scaled.jpeg","contentUrl":"https:\/\/www.gilianplants.com\/wp-content\/uploads\/2022\/01\/img_1752-scaled.jpeg","width":1920,"height":2560},{"@type":"BreadcrumbList","@id":"https:\/\/www.gilianplants.com\/de\/produkt\/100-chamaerops-humilis-cerifera-bundel-preis\/#breadcrumb","itemListElement":[{"@type":"ListItem","position":1,"name":"Home","item":"https:\/\/www.gilianplants.com\/de\/home\/"},{"@type":"ListItem","position":2,"name":"Shop","item":"https:\/\/www.gilianplants.com\/shop\/"},{"@type":"ListItem","position":3,"name":"100 chamaerops humilis cerifera &#8211; bundel preis"}]},{"@type":"WebSite","@id":"https:\/\/www.gilianplants.com\/de\/#website","url":"https:\/\/www.gilianplants.com\/de\/","name":"Gilian Plants","description":"Specialist in germination of rare exotic plants","potentialAction":[{"@type":"SearchAction","target":{"@type":"EntryPoint","urlTemplate":"https:\/\/www.gilianplants.com\/de\/?s={search_term_string}"},"query-input":{"@type":"PropertyValueSpecification","valueRequired":true,"valueName":"search_term_string"}}],"inLanguage":"de"}]}},"jetpack_sharing_enabled":true,"_links":{"self":[{"href":"https:\/\/www.gilianplants.com\/de\/wp-json\/wp\/v2\/product\/7796","targetHints":{"allow":["GET"]}}],"collection":[{"href":"https:\/\/www.gilianplants.com\/de\/wp-json\/wp\/v2\/product"}],"about":[{"href":"https:\/\/www.gilianplants.com\/de\/wp-json\/wp\/v2\/types\/product"}],"replies":[{"embeddable":true,"href":"https:\/\/www.gilianplants.com\/de\/wp-json\/wp\/v2\/comments?post=7796"}],"wp:featuredmedia":[{"embeddable":true,"href":"https:\/\/www.gilianplants.com\/de\/wp-json\/wp\/v2\/media\/7784"}],"wp:attachment":[{"href":"https:\/\/www.gilianplants.com\/de\/wp-json\/wp\/v2\/media?parent=7796"}],"wp:term":[{"taxonomy":"product_brand","embeddable":true,"href":"https:\/\/www.gilianplants.com\/de\/wp-json\/wp\/v2\/product_brand?post=7796"},{"taxonomy":"product_cat","embeddable":true,"href":"https:\/\/www.gilianplants.com\/de\/wp-json\/wp\/v2\/product_cat?post=7796"},{"taxonomy":"product_tag","embeddable":true,"href":"https:\/\/www.gilianplants.com\/de\/wp-json\/wp\/v2\/product_tag?post=7796"}],"curies":[{"name":"wp","href":"https:\/\/api.w.org\/{rel}","templated":true}]}}