{"id":8290,"date":"2022-02-16T17:27:48","date_gmt":"2022-02-16T15:27:48","guid":{"rendered":"https:\/\/www.gilianplants.com\/product\/trachycarpus-wagnerianus-x-new-form\/"},"modified":"2023-03-13T02:50:22","modified_gmt":"2023-03-13T01:50:22","slug":"trachycarpus-wagnerianus-x-new-form","status":"publish","type":"product","link":"https:\/\/www.gilianplants.com\/de\/produkt\/trachycarpus-wagnerianus-x-new-form\/","title":{"rendered":"Trachycarpus wagnerianus X princeps new form"},"content":{"rendered":"<p style=\"margin-bottom: 1.3em; margin-top: 0px; font-family: Lato, sans-serif; font-size: 16px; font-style: normal; font-weight: 300; letter-spacing: normal; text-align: start; text-indent: 0px; text-transform: none; text-decoration: none;\"><em><strong style=\"font-weight: bolder;\">Trachycarpus wagnerianus x princeps new form<\/strong><\/em><em><br \/>\n<\/em><\/p>\n<p>Diese Hybride zwischen einer weiblichen Trachycarpus wagnerianus und einer m\u00e4nnlichen Trachycarpus princeps neue Form sollte eine der kalth\u00e4rtesten Hybriden sein. Interessant zu sehen ist, dass einige von ihnen dem normalen wagnerianus \u00e4hneln, mit mehr Silber und einige haben einige Gene von Trachycarpus princeps, die kompakter aussehen. Die Bl\u00e4tter sind h\u00e4rter und steifer als bei einer normalen Trachycarpus princeps. Sie k\u00f6nnen mehr Wind vertragen. Eine ausgezeichnete Palme f\u00fcr Ihren Garten. In unseren Augen eine der sch\u00f6nsten Hybriden, die je gez\u00fcchtet wurden! Wir haben hier \u00e4ltere Pflanzen, die wirklich bl\u00e4ulich und kompakt aussehen. Die Bl\u00e4tter sind tiefgr\u00fcn und sind ein ausgezeichneter Blickfang f\u00fcr Ihren Garten. Diese Palmenhybride ist in unserem Klima k\u00e4ltetolerant und windresistent.<\/p>\n<ul>\n<li><strong>Standort: volle Sonne \/ Halbschatten<\/strong><\/li>\n<li><strong>Bew\u00e4sserung: mittel<\/strong><\/li>\n<li><strong>Winterhart: ja -15<\/strong><\/li>\n<li><strong>Herkunftsland: Die Niederlande<\/strong><\/li>\n<\/ul>\n","protected":false},"excerpt":{"rendered":"<p>Trachycarpus wagnernianus x princeps hybrid<\/p>\n","protected":false},"featured_media":8251,"comment_status":"open","ping_status":"closed","template":"","meta":[],"product_brand":[],"product_cat":[410],"product_tag":[1096,690],"class_list":{"0":"post-8290","1":"product","2":"type-product","3":"status-publish","4":"has-post-thumbnail","6":"product_cat-palmen","7":"product_tag-newform-de","8":"product_tag-wagnerianus-de-2","10":"first","11":"instock","12":"taxable","13":"shipping-taxable","14":"purchasable","15":"product-type-simple"},"yoast_head":"<!-- This site is optimized with the Yoast SEO plugin v27.5 - https:\/\/yoast.com\/product\/yoast-seo-wordpress\/ -->\n<title>Trachycarpus wagnerianus X princeps new form - Gilian Plants<\/title>\n<meta name=\"robots\" content=\"index, follow, max-snippet:-1, max-image-preview:large, max-video-preview:-1\" \/>\n<link rel=\"canonical\" href=\"https:\/\/www.gilianplants.com\/de\/produkt\/trachycarpus-wagnerianus-x-new-form\/\" \/>\n<meta property=\"og:locale\" content=\"de_DE\" \/>\n<meta property=\"og:type\" content=\"article\" \/>\n<meta property=\"og:title\" content=\"Trachycarpus wagnerianus X princeps new form - Gilian Plants\" \/>\n<meta property=\"og:description\" content=\"Trachycarpus wagnernianus x princeps hybrid\" \/>\n<meta property=\"og:url\" content=\"https:\/\/www.gilianplants.com\/de\/produkt\/trachycarpus-wagnerianus-x-new-form\/\" \/>\n<meta property=\"og:site_name\" content=\"Gilian Plants\" \/>\n<meta property=\"article:modified_time\" content=\"2023-03-13T01:50:22+00:00\" \/>\n<meta property=\"og:image\" content=\"https:\/\/www.gilianplants.com\/wp-content\/uploads\/2022\/02\/img_2231-scaled.jpeg\" \/>\n\t<meta property=\"og:image:width\" content=\"1920\" \/>\n\t<meta property=\"og:image:height\" content=\"2560\" \/>\n\t<meta property=\"og:image:type\" content=\"image\/jpeg\" \/>\n<meta name=\"twitter:card\" content=\"summary_large_image\" \/>\n<meta name=\"twitter:label1\" content=\"Gesch\u00e4tzte Lesezeit\" \/>\n\t<meta name=\"twitter:data1\" content=\"1\u00a0Minute\" \/>\n<script type=\"application\/ld+json\" class=\"yoast-schema-graph\">{\"@context\":\"https:\\\/\\\/schema.org\",\"@graph\":[{\"@type\":\"WebPage\",\"@id\":\"https:\\\/\\\/www.gilianplants.com\\\/de\\\/produkt\\\/trachycarpus-wagnerianus-x-new-form\\\/\",\"url\":\"https:\\\/\\\/www.gilianplants.com\\\/de\\\/produkt\\\/trachycarpus-wagnerianus-x-new-form\\\/\",\"name\":\"Trachycarpus wagnerianus X princeps new form - Gilian Plants\",\"isPartOf\":{\"@id\":\"https:\\\/\\\/www.gilianplants.com\\\/de\\\/#website\"},\"primaryImageOfPage\":{\"@id\":\"https:\\\/\\\/www.gilianplants.com\\\/de\\\/produkt\\\/trachycarpus-wagnerianus-x-new-form\\\/#primaryimage\"},\"image\":{\"@id\":\"https:\\\/\\\/www.gilianplants.com\\\/de\\\/produkt\\\/trachycarpus-wagnerianus-x-new-form\\\/#primaryimage\"},\"thumbnailUrl\":\"https:\\\/\\\/www.gilianplants.com\\\/wp-content\\\/uploads\\\/2022\\\/02\\\/img_2231-scaled.jpeg\",\"datePublished\":\"2022-02-16T15:27:48+00:00\",\"dateModified\":\"2023-03-13T01:50:22+00:00\",\"breadcrumb\":{\"@id\":\"https:\\\/\\\/www.gilianplants.com\\\/de\\\/produkt\\\/trachycarpus-wagnerianus-x-new-form\\\/#breadcrumb\"},\"inLanguage\":\"de\",\"potentialAction\":[{\"@type\":\"ReadAction\",\"target\":[\"https:\\\/\\\/www.gilianplants.com\\\/de\\\/produkt\\\/trachycarpus-wagnerianus-x-new-form\\\/\"]}]},{\"@type\":\"ImageObject\",\"inLanguage\":\"de\",\"@id\":\"https:\\\/\\\/www.gilianplants.com\\\/de\\\/produkt\\\/trachycarpus-wagnerianus-x-new-form\\\/#primaryimage\",\"url\":\"https:\\\/\\\/www.gilianplants.com\\\/wp-content\\\/uploads\\\/2022\\\/02\\\/img_2231-scaled.jpeg\",\"contentUrl\":\"https:\\\/\\\/www.gilianplants.com\\\/wp-content\\\/uploads\\\/2022\\\/02\\\/img_2231-scaled.jpeg\",\"width\":1920,\"height\":2560},{\"@type\":\"BreadcrumbList\",\"@id\":\"https:\\\/\\\/www.gilianplants.com\\\/de\\\/produkt\\\/trachycarpus-wagnerianus-x-new-form\\\/#breadcrumb\",\"itemListElement\":[{\"@type\":\"ListItem\",\"position\":1,\"name\":\"Home\",\"item\":\"https:\\\/\\\/www.gilianplants.com\\\/de\\\/home\\\/\"},{\"@type\":\"ListItem\",\"position\":2,\"name\":\"Shop\",\"item\":\"https:\\\/\\\/www.gilianplants.com\\\/shop\\\/\"},{\"@type\":\"ListItem\",\"position\":3,\"name\":\"Trachycarpus wagnerianus X princeps new form\"}]},{\"@type\":\"WebSite\",\"@id\":\"https:\\\/\\\/www.gilianplants.com\\\/de\\\/#website\",\"url\":\"https:\\\/\\\/www.gilianplants.com\\\/de\\\/\",\"name\":\"Gilian Plants\",\"description\":\"Specialist in germination of rare exotic plants\",\"potentialAction\":[{\"@type\":\"SearchAction\",\"target\":{\"@type\":\"EntryPoint\",\"urlTemplate\":\"https:\\\/\\\/www.gilianplants.com\\\/de\\\/?s={search_term_string}\"},\"query-input\":{\"@type\":\"PropertyValueSpecification\",\"valueRequired\":true,\"valueName\":\"search_term_string\"}}],\"inLanguage\":\"de\"}]}<\/script>\n<!-- \/ Yoast SEO plugin. -->","yoast_head_json":{"title":"Trachycarpus wagnerianus X princeps new form - Gilian Plants","robots":{"index":"index","follow":"follow","max-snippet":"max-snippet:-1","max-image-preview":"max-image-preview:large","max-video-preview":"max-video-preview:-1"},"canonical":"https:\/\/www.gilianplants.com\/de\/produkt\/trachycarpus-wagnerianus-x-new-form\/","og_locale":"de_DE","og_type":"article","og_title":"Trachycarpus wagnerianus X princeps new form - Gilian Plants","og_description":"Trachycarpus wagnernianus x princeps hybrid","og_url":"https:\/\/www.gilianplants.com\/de\/produkt\/trachycarpus-wagnerianus-x-new-form\/","og_site_name":"Gilian Plants","article_modified_time":"2023-03-13T01:50:22+00:00","og_image":[{"width":1920,"height":2560,"url":"https:\/\/www.gilianplants.com\/wp-content\/uploads\/2022\/02\/img_2231-scaled.jpeg","type":"image\/jpeg"}],"twitter_card":"summary_large_image","twitter_misc":{"Gesch\u00e4tzte Lesezeit":"1\u00a0Minute"},"schema":{"@context":"https:\/\/schema.org","@graph":[{"@type":"WebPage","@id":"https:\/\/www.gilianplants.com\/de\/produkt\/trachycarpus-wagnerianus-x-new-form\/","url":"https:\/\/www.gilianplants.com\/de\/produkt\/trachycarpus-wagnerianus-x-new-form\/","name":"Trachycarpus wagnerianus X princeps new form - Gilian Plants","isPartOf":{"@id":"https:\/\/www.gilianplants.com\/de\/#website"},"primaryImageOfPage":{"@id":"https:\/\/www.gilianplants.com\/de\/produkt\/trachycarpus-wagnerianus-x-new-form\/#primaryimage"},"image":{"@id":"https:\/\/www.gilianplants.com\/de\/produkt\/trachycarpus-wagnerianus-x-new-form\/#primaryimage"},"thumbnailUrl":"https:\/\/www.gilianplants.com\/wp-content\/uploads\/2022\/02\/img_2231-scaled.jpeg","datePublished":"2022-02-16T15:27:48+00:00","dateModified":"2023-03-13T01:50:22+00:00","breadcrumb":{"@id":"https:\/\/www.gilianplants.com\/de\/produkt\/trachycarpus-wagnerianus-x-new-form\/#breadcrumb"},"inLanguage":"de","potentialAction":[{"@type":"ReadAction","target":["https:\/\/www.gilianplants.com\/de\/produkt\/trachycarpus-wagnerianus-x-new-form\/"]}]},{"@type":"ImageObject","inLanguage":"de","@id":"https:\/\/www.gilianplants.com\/de\/produkt\/trachycarpus-wagnerianus-x-new-form\/#primaryimage","url":"https:\/\/www.gilianplants.com\/wp-content\/uploads\/2022\/02\/img_2231-scaled.jpeg","contentUrl":"https:\/\/www.gilianplants.com\/wp-content\/uploads\/2022\/02\/img_2231-scaled.jpeg","width":1920,"height":2560},{"@type":"BreadcrumbList","@id":"https:\/\/www.gilianplants.com\/de\/produkt\/trachycarpus-wagnerianus-x-new-form\/#breadcrumb","itemListElement":[{"@type":"ListItem","position":1,"name":"Home","item":"https:\/\/www.gilianplants.com\/de\/home\/"},{"@type":"ListItem","position":2,"name":"Shop","item":"https:\/\/www.gilianplants.com\/shop\/"},{"@type":"ListItem","position":3,"name":"Trachycarpus wagnerianus X princeps new form"}]},{"@type":"WebSite","@id":"https:\/\/www.gilianplants.com\/de\/#website","url":"https:\/\/www.gilianplants.com\/de\/","name":"Gilian Plants","description":"Specialist in germination of rare exotic plants","potentialAction":[{"@type":"SearchAction","target":{"@type":"EntryPoint","urlTemplate":"https:\/\/www.gilianplants.com\/de\/?s={search_term_string}"},"query-input":{"@type":"PropertyValueSpecification","valueRequired":true,"valueName":"search_term_string"}}],"inLanguage":"de"}]}},"jetpack_sharing_enabled":true,"_links":{"self":[{"href":"https:\/\/www.gilianplants.com\/de\/wp-json\/wp\/v2\/product\/8290","targetHints":{"allow":["GET"]}}],"collection":[{"href":"https:\/\/www.gilianplants.com\/de\/wp-json\/wp\/v2\/product"}],"about":[{"href":"https:\/\/www.gilianplants.com\/de\/wp-json\/wp\/v2\/types\/product"}],"replies":[{"embeddable":true,"href":"https:\/\/www.gilianplants.com\/de\/wp-json\/wp\/v2\/comments?post=8290"}],"wp:featuredmedia":[{"embeddable":true,"href":"https:\/\/www.gilianplants.com\/de\/wp-json\/wp\/v2\/media\/8251"}],"wp:attachment":[{"href":"https:\/\/www.gilianplants.com\/de\/wp-json\/wp\/v2\/media?parent=8290"}],"wp:term":[{"taxonomy":"product_brand","embeddable":true,"href":"https:\/\/www.gilianplants.com\/de\/wp-json\/wp\/v2\/product_brand?post=8290"},{"taxonomy":"product_cat","embeddable":true,"href":"https:\/\/www.gilianplants.com\/de\/wp-json\/wp\/v2\/product_cat?post=8290"},{"taxonomy":"product_tag","embeddable":true,"href":"https:\/\/www.gilianplants.com\/de\/wp-json\/wp\/v2\/product_tag?post=8290"}],"curies":[{"name":"wp","href":"https:\/\/api.w.org\/{rel}","templated":true}]}}