{"id":8400,"date":"2022-02-23T20:02:33","date_gmt":"2022-02-23T18:02:33","guid":{"rendered":"https:\/\/www.gilianplants.com\/product\/trachycarpus-princeps-new-form-x-wagnerianus-rare\/"},"modified":"2022-04-21T23:15:31","modified_gmt":"2022-04-21T22:15:31","slug":"trachycarpus-princeps-new-form-x-wagnerianus","status":"publish","type":"product","link":"https:\/\/www.gilianplants.com\/de\/produkt\/trachycarpus-princeps-new-form-x-wagnerianus\/","title":{"rendered":"Trachycarpus princeps new form X wagnerianus"},"content":{"rendered":"<h2 style=\"width: 398px; margin-top: 0px; margin-bottom: 0.5em; font-size: 1.2em; line-height: 1.3; font-family: Lato, sans-serif; font-weight: 300; font-style: normal; letter-spacing: normal; text-align: start; text-indent: 0px; text-transform: none; text-decoration: none;\"><em><strong style=\"font-weight: bolder;\">Trachycarpus\u00a0<\/strong><strong>princeps new form X wagnerianus<\/strong><br \/>\n<\/em><\/h2>\n<p>Diese Hybride zwischen einer weiblichen Trachycarpus princeps neue Form (Hybrid) und einer m\u00e4nnlichen Trachycarpus wagnernianus d\u00fcrfte die sch\u00f6nste Kreation sein, die je geschaffen wurde. Diese Palmenkreuzung w\u00e4chst schnell und produziert sehr tief geschlitzte Bl\u00e4tter. Die Bl\u00e4tter sind h\u00e4rter und steifer als die einer normalen Trachycarpus princeps. Sie k\u00f6nnen mehr Wind vertragen. Eine ausgezeichnete Palme f\u00fcr Ihren Garten. In unseren Augen eine der sch\u00f6nsten Hybriden, die je gez\u00fcchtet wurden! Wir haben hier alte Pflanzen, die aussehen, als h\u00e4tten sie tief geschlitzte Bl\u00e4tter. Die Bl\u00e4tter sind tiefgr\u00fcn und ein toller Blickfang f\u00fcr Ihren Garten. Diese Hybridpalme ist in unserem Klima k\u00e4lteresistent und windtolerant.<\/p>\n<p>RARE diese Gr\u00f6\u00dfe!!!<\/p>\n<ul>\n<li><strong>Standort der Pflanze: volle Sonne \/ Halbschatten.<\/strong><\/li>\n<li><strong>Bew\u00e4sserung: mittel<\/strong><\/li>\n<li><strong>Winterhart: ja -15<\/strong><\/li>\n<li><strong>Ursprungsland: Niederlande<\/strong><\/li>\n<\/ul>\n","protected":false},"excerpt":{"rendered":"<p>Trachycarpus princeps new form X wagnerianus<\/p>\n","protected":false},"featured_media":8380,"comment_status":"open","ping_status":"closed","template":"","meta":[],"product_brand":[],"product_cat":[410],"product_tag":[415,1096,414,1133,690],"class_list":{"0":"post-8400","1":"product","2":"type-product","3":"status-publish","4":"has-post-thumbnail","6":"product_cat-palmen","7":"product_tag-wagnerianus-de","8":"product_tag-newform-de","9":"product_tag-princeps-de","10":"product_tag-trachyarpus-de","11":"product_tag-wagnerianus-de-2","12":"product_shipping_class-normal-paket-1-10kg","14":"first","15":"outofstock","16":"taxable","17":"shipping-taxable","18":"purchasable","19":"product-type-simple"},"yoast_head":"<!-- This site is optimized with the Yoast SEO plugin v27.5 - https:\/\/yoast.com\/product\/yoast-seo-wordpress\/ -->\n<title>Trachycarpus princeps new form X wagnerianus - Gilian Plants<\/title>\n<meta name=\"robots\" content=\"index, follow, max-snippet:-1, max-image-preview:large, max-video-preview:-1\" \/>\n<link rel=\"canonical\" href=\"https:\/\/www.gilianplants.com\/de\/produkt\/trachycarpus-princeps-new-form-x-wagnerianus\/\" \/>\n<meta property=\"og:locale\" content=\"de_DE\" \/>\n<meta property=\"og:type\" content=\"article\" \/>\n<meta property=\"og:title\" content=\"Trachycarpus princeps new form X wagnerianus - Gilian Plants\" \/>\n<meta property=\"og:description\" content=\"Trachycarpus princeps new form X wagnerianus\" \/>\n<meta property=\"og:url\" content=\"https:\/\/www.gilianplants.com\/de\/produkt\/trachycarpus-princeps-new-form-x-wagnerianus\/\" \/>\n<meta property=\"og:site_name\" content=\"Gilian Plants\" \/>\n<meta property=\"article:modified_time\" content=\"2022-04-21T22:15:31+00:00\" \/>\n<meta property=\"og:image\" content=\"https:\/\/www.gilianplants.com\/wp-content\/uploads\/2022\/02\/img_2378-scaled.jpeg\" \/>\n\t<meta property=\"og:image:width\" content=\"1920\" \/>\n\t<meta property=\"og:image:height\" content=\"2560\" \/>\n\t<meta property=\"og:image:type\" content=\"image\/jpeg\" \/>\n<meta name=\"twitter:card\" content=\"summary_large_image\" \/>\n<meta name=\"twitter:label1\" content=\"Gesch\u00e4tzte Lesezeit\" \/>\n\t<meta name=\"twitter:data1\" content=\"1\u00a0Minute\" \/>\n<script type=\"application\/ld+json\" class=\"yoast-schema-graph\">{\"@context\":\"https:\\\/\\\/schema.org\",\"@graph\":[{\"@type\":\"WebPage\",\"@id\":\"https:\\\/\\\/www.gilianplants.com\\\/de\\\/produkt\\\/trachycarpus-princeps-new-form-x-wagnerianus\\\/\",\"url\":\"https:\\\/\\\/www.gilianplants.com\\\/de\\\/produkt\\\/trachycarpus-princeps-new-form-x-wagnerianus\\\/\",\"name\":\"Trachycarpus princeps new form X wagnerianus - Gilian Plants\",\"isPartOf\":{\"@id\":\"https:\\\/\\\/www.gilianplants.com\\\/de\\\/#website\"},\"primaryImageOfPage\":{\"@id\":\"https:\\\/\\\/www.gilianplants.com\\\/de\\\/produkt\\\/trachycarpus-princeps-new-form-x-wagnerianus\\\/#primaryimage\"},\"image\":{\"@id\":\"https:\\\/\\\/www.gilianplants.com\\\/de\\\/produkt\\\/trachycarpus-princeps-new-form-x-wagnerianus\\\/#primaryimage\"},\"thumbnailUrl\":\"https:\\\/\\\/www.gilianplants.com\\\/wp-content\\\/uploads\\\/2022\\\/02\\\/img_2378-scaled.jpeg\",\"datePublished\":\"2022-02-23T18:02:33+00:00\",\"dateModified\":\"2022-04-21T22:15:31+00:00\",\"breadcrumb\":{\"@id\":\"https:\\\/\\\/www.gilianplants.com\\\/de\\\/produkt\\\/trachycarpus-princeps-new-form-x-wagnerianus\\\/#breadcrumb\"},\"inLanguage\":\"de\",\"potentialAction\":[{\"@type\":\"ReadAction\",\"target\":[\"https:\\\/\\\/www.gilianplants.com\\\/de\\\/produkt\\\/trachycarpus-princeps-new-form-x-wagnerianus\\\/\"]}]},{\"@type\":\"ImageObject\",\"inLanguage\":\"de\",\"@id\":\"https:\\\/\\\/www.gilianplants.com\\\/de\\\/produkt\\\/trachycarpus-princeps-new-form-x-wagnerianus\\\/#primaryimage\",\"url\":\"https:\\\/\\\/www.gilianplants.com\\\/wp-content\\\/uploads\\\/2022\\\/02\\\/img_2378-scaled.jpeg\",\"contentUrl\":\"https:\\\/\\\/www.gilianplants.com\\\/wp-content\\\/uploads\\\/2022\\\/02\\\/img_2378-scaled.jpeg\",\"width\":1920,\"height\":2560},{\"@type\":\"BreadcrumbList\",\"@id\":\"https:\\\/\\\/www.gilianplants.com\\\/de\\\/produkt\\\/trachycarpus-princeps-new-form-x-wagnerianus\\\/#breadcrumb\",\"itemListElement\":[{\"@type\":\"ListItem\",\"position\":1,\"name\":\"Home\",\"item\":\"https:\\\/\\\/www.gilianplants.com\\\/de\\\/home\\\/\"},{\"@type\":\"ListItem\",\"position\":2,\"name\":\"Shop\",\"item\":\"https:\\\/\\\/www.gilianplants.com\\\/shop\\\/\"},{\"@type\":\"ListItem\",\"position\":3,\"name\":\"Trachycarpus princeps new form X wagnerianus\"}]},{\"@type\":\"WebSite\",\"@id\":\"https:\\\/\\\/www.gilianplants.com\\\/de\\\/#website\",\"url\":\"https:\\\/\\\/www.gilianplants.com\\\/de\\\/\",\"name\":\"Gilian Plants\",\"description\":\"Specialist in germination of rare exotic plants\",\"potentialAction\":[{\"@type\":\"SearchAction\",\"target\":{\"@type\":\"EntryPoint\",\"urlTemplate\":\"https:\\\/\\\/www.gilianplants.com\\\/de\\\/?s={search_term_string}\"},\"query-input\":{\"@type\":\"PropertyValueSpecification\",\"valueRequired\":true,\"valueName\":\"search_term_string\"}}],\"inLanguage\":\"de\"}]}<\/script>\n<!-- \/ Yoast SEO plugin. -->","yoast_head_json":{"title":"Trachycarpus princeps new form X wagnerianus - Gilian Plants","robots":{"index":"index","follow":"follow","max-snippet":"max-snippet:-1","max-image-preview":"max-image-preview:large","max-video-preview":"max-video-preview:-1"},"canonical":"https:\/\/www.gilianplants.com\/de\/produkt\/trachycarpus-princeps-new-form-x-wagnerianus\/","og_locale":"de_DE","og_type":"article","og_title":"Trachycarpus princeps new form X wagnerianus - Gilian Plants","og_description":"Trachycarpus princeps new form X wagnerianus","og_url":"https:\/\/www.gilianplants.com\/de\/produkt\/trachycarpus-princeps-new-form-x-wagnerianus\/","og_site_name":"Gilian Plants","article_modified_time":"2022-04-21T22:15:31+00:00","og_image":[{"width":1920,"height":2560,"url":"https:\/\/www.gilianplants.com\/wp-content\/uploads\/2022\/02\/img_2378-scaled.jpeg","type":"image\/jpeg"}],"twitter_card":"summary_large_image","twitter_misc":{"Gesch\u00e4tzte Lesezeit":"1\u00a0Minute"},"schema":{"@context":"https:\/\/schema.org","@graph":[{"@type":"WebPage","@id":"https:\/\/www.gilianplants.com\/de\/produkt\/trachycarpus-princeps-new-form-x-wagnerianus\/","url":"https:\/\/www.gilianplants.com\/de\/produkt\/trachycarpus-princeps-new-form-x-wagnerianus\/","name":"Trachycarpus princeps new form X wagnerianus - Gilian Plants","isPartOf":{"@id":"https:\/\/www.gilianplants.com\/de\/#website"},"primaryImageOfPage":{"@id":"https:\/\/www.gilianplants.com\/de\/produkt\/trachycarpus-princeps-new-form-x-wagnerianus\/#primaryimage"},"image":{"@id":"https:\/\/www.gilianplants.com\/de\/produkt\/trachycarpus-princeps-new-form-x-wagnerianus\/#primaryimage"},"thumbnailUrl":"https:\/\/www.gilianplants.com\/wp-content\/uploads\/2022\/02\/img_2378-scaled.jpeg","datePublished":"2022-02-23T18:02:33+00:00","dateModified":"2022-04-21T22:15:31+00:00","breadcrumb":{"@id":"https:\/\/www.gilianplants.com\/de\/produkt\/trachycarpus-princeps-new-form-x-wagnerianus\/#breadcrumb"},"inLanguage":"de","potentialAction":[{"@type":"ReadAction","target":["https:\/\/www.gilianplants.com\/de\/produkt\/trachycarpus-princeps-new-form-x-wagnerianus\/"]}]},{"@type":"ImageObject","inLanguage":"de","@id":"https:\/\/www.gilianplants.com\/de\/produkt\/trachycarpus-princeps-new-form-x-wagnerianus\/#primaryimage","url":"https:\/\/www.gilianplants.com\/wp-content\/uploads\/2022\/02\/img_2378-scaled.jpeg","contentUrl":"https:\/\/www.gilianplants.com\/wp-content\/uploads\/2022\/02\/img_2378-scaled.jpeg","width":1920,"height":2560},{"@type":"BreadcrumbList","@id":"https:\/\/www.gilianplants.com\/de\/produkt\/trachycarpus-princeps-new-form-x-wagnerianus\/#breadcrumb","itemListElement":[{"@type":"ListItem","position":1,"name":"Home","item":"https:\/\/www.gilianplants.com\/de\/home\/"},{"@type":"ListItem","position":2,"name":"Shop","item":"https:\/\/www.gilianplants.com\/shop\/"},{"@type":"ListItem","position":3,"name":"Trachycarpus princeps new form X wagnerianus"}]},{"@type":"WebSite","@id":"https:\/\/www.gilianplants.com\/de\/#website","url":"https:\/\/www.gilianplants.com\/de\/","name":"Gilian Plants","description":"Specialist in germination of rare exotic plants","potentialAction":[{"@type":"SearchAction","target":{"@type":"EntryPoint","urlTemplate":"https:\/\/www.gilianplants.com\/de\/?s={search_term_string}"},"query-input":{"@type":"PropertyValueSpecification","valueRequired":true,"valueName":"search_term_string"}}],"inLanguage":"de"}]}},"jetpack_sharing_enabled":true,"_links":{"self":[{"href":"https:\/\/www.gilianplants.com\/de\/wp-json\/wp\/v2\/product\/8400","targetHints":{"allow":["GET"]}}],"collection":[{"href":"https:\/\/www.gilianplants.com\/de\/wp-json\/wp\/v2\/product"}],"about":[{"href":"https:\/\/www.gilianplants.com\/de\/wp-json\/wp\/v2\/types\/product"}],"replies":[{"embeddable":true,"href":"https:\/\/www.gilianplants.com\/de\/wp-json\/wp\/v2\/comments?post=8400"}],"wp:featuredmedia":[{"embeddable":true,"href":"https:\/\/www.gilianplants.com\/de\/wp-json\/wp\/v2\/media\/8380"}],"wp:attachment":[{"href":"https:\/\/www.gilianplants.com\/de\/wp-json\/wp\/v2\/media?parent=8400"}],"wp:term":[{"taxonomy":"product_brand","embeddable":true,"href":"https:\/\/www.gilianplants.com\/de\/wp-json\/wp\/v2\/product_brand?post=8400"},{"taxonomy":"product_cat","embeddable":true,"href":"https:\/\/www.gilianplants.com\/de\/wp-json\/wp\/v2\/product_cat?post=8400"},{"taxonomy":"product_tag","embeddable":true,"href":"https:\/\/www.gilianplants.com\/de\/wp-json\/wp\/v2\/product_tag?post=8400"}],"curies":[{"name":"wp","href":"https:\/\/api.w.org\/{rel}","templated":true}]}}