{"id":8635,"date":"2022-03-11T19:54:37","date_gmt":"2022-03-11T18:54:37","guid":{"rendered":"https:\/\/www.gilianplants.com\/product\/yucca-linearifolia-x-yucca-thompsoniana\/"},"modified":"2024-07-22T18:10:26","modified_gmt":"2024-07-22T16:10:26","slug":"yucca-linearifoliaxflaccida-x-yucca-thompsoniana","status":"publish","type":"product","link":"https:\/\/www.gilianplants.com\/de\/produkt\/yucca-linearifoliaxflaccida-x-yucca-thompsoniana\/","title":{"rendered":"Yucca (linearifoliaxflaccida) X Yucca thompsoniana"},"content":{"rendered":"<p><strong><span style=\"font-size: 170%;\">Yucca (linearifoliaxflaccida) x Yucca thompsoniana &#8211;\u00a0<\/span><\/strong><span style=\"font-size: x-large;\"><b>hybrid yucca<\/b><\/span><\/p>\n<p>Diese Yucca-Hybride ist f\u00fcr den Sammler interessant. Diese Spie\u00dfe wachsen in sandigem Boden.\u00a0Sie bildet gro\u00dfe robuste Rosettenbl\u00e4tter. Es hat eine bl\u00e4uliche Farbe in voller Sonne. Die Bl\u00fctenstiele sind sehr gro\u00df mit vielen wei\u00dfen Bl\u00fcten. wirklich beeindruckend f\u00fcr diese Pflanze. Nach der Bl\u00fcte wird sie viele Samen produzieren. Diese Yucca linearifolia x Yucca thompsoniana Pflanze ist k\u00e4ltetauglich. Geben Sie dieser exotisch aussehenden Yucca einen guten Platz in Ihrem Garten und sie wird zu einer pr\u00e4chtigen Gartenpflanze heranwachsen! Sch\u00fctzen Sie sie gut durch Frost ein wenig. Wundersch\u00f6ne Pflanze f\u00fcr tropisch warme Klimazonen.<\/p>\n<p>&nbsp;<\/p>\n<ul>\n<li><strong>Pflanzenstandort: volle Sonne \/ Halbschatten<\/strong><\/li>\n<li><strong>Bew\u00e4sserung: nicht viel<\/strong><\/li>\n<li><strong>Winterhart: -10 Grad<\/strong><\/li>\n<li><strong>Herkunftsland: Die Niederlande<\/strong><\/li>\n<\/ul>\n<p>&nbsp;<\/p>\n","protected":false},"excerpt":{"rendered":"<p><strong><span style=\"font-size: 170%;\">Yucca linearifolia x Yucca thompsoniana &#8211;\u00a0<\/span><\/strong><span style=\"font-size: x-large;\"><b>hybrid yucca<\/b><\/span><\/p>\n","protected":false},"featured_media":11934,"comment_status":"open","ping_status":"closed","template":"","meta":[],"product_brand":[],"product_cat":[418],"product_tag":[1198],"class_list":{"0":"post-8635","1":"product","2":"type-product","3":"status-publish","4":"has-post-thumbnail","6":"product_cat-yucca","7":"product_tag-thompsoniana-de","8":"product_shipping_class-normal-paket-1-10kg","10":"first","11":"outofstock","12":"taxable","13":"shipping-taxable","14":"purchasable","15":"product-type-simple"},"yoast_head":"<!-- This site is optimized with the Yoast SEO plugin v27.5 - https:\/\/yoast.com\/product\/yoast-seo-wordpress\/ -->\n<title>Yucca (linearifoliaxflaccida) X Yucca thompsoniana - Gilian Plants<\/title>\n<meta name=\"robots\" content=\"index, follow, max-snippet:-1, max-image-preview:large, max-video-preview:-1\" \/>\n<link rel=\"canonical\" href=\"https:\/\/www.gilianplants.com\/de\/produkt\/yucca-linearifoliaxflaccida-x-yucca-thompsoniana\/\" \/>\n<meta property=\"og:locale\" content=\"de_DE\" \/>\n<meta property=\"og:type\" content=\"article\" \/>\n<meta property=\"og:title\" content=\"Yucca (linearifoliaxflaccida) X Yucca thompsoniana - Gilian Plants\" \/>\n<meta property=\"og:description\" content=\"Yucca linearifolia x Yucca thompsoniana -\u00a0hybrid yucca\" \/>\n<meta property=\"og:url\" content=\"https:\/\/www.gilianplants.com\/de\/produkt\/yucca-linearifoliaxflaccida-x-yucca-thompsoniana\/\" \/>\n<meta property=\"og:site_name\" content=\"Gilian Plants\" \/>\n<meta property=\"article:modified_time\" content=\"2024-07-22T16:10:26+00:00\" \/>\n<meta property=\"og:image\" content=\"https:\/\/www.gilianplants.com\/wp-content\/uploads\/2022\/10\/ce5b1445-279a-4939-8eb6-5149dc054fc9.png\" \/>\n\t<meta property=\"og:image:width\" content=\"1800\" \/>\n\t<meta property=\"og:image:height\" content=\"1200\" \/>\n\t<meta property=\"og:image:type\" content=\"image\/png\" \/>\n<meta name=\"twitter:card\" content=\"summary_large_image\" \/>\n<meta name=\"twitter:label1\" content=\"Gesch\u00e4tzte Lesezeit\" \/>\n\t<meta name=\"twitter:data1\" content=\"1\u00a0Minute\" \/>\n<script type=\"application\/ld+json\" class=\"yoast-schema-graph\">{\"@context\":\"https:\\\/\\\/schema.org\",\"@graph\":[{\"@type\":\"WebPage\",\"@id\":\"https:\\\/\\\/www.gilianplants.com\\\/de\\\/produkt\\\/yucca-linearifoliaxflaccida-x-yucca-thompsoniana\\\/\",\"url\":\"https:\\\/\\\/www.gilianplants.com\\\/de\\\/produkt\\\/yucca-linearifoliaxflaccida-x-yucca-thompsoniana\\\/\",\"name\":\"Yucca (linearifoliaxflaccida) X Yucca thompsoniana - Gilian Plants\",\"isPartOf\":{\"@id\":\"https:\\\/\\\/www.gilianplants.com\\\/de\\\/#website\"},\"primaryImageOfPage\":{\"@id\":\"https:\\\/\\\/www.gilianplants.com\\\/de\\\/produkt\\\/yucca-linearifoliaxflaccida-x-yucca-thompsoniana\\\/#primaryimage\"},\"image\":{\"@id\":\"https:\\\/\\\/www.gilianplants.com\\\/de\\\/produkt\\\/yucca-linearifoliaxflaccida-x-yucca-thompsoniana\\\/#primaryimage\"},\"thumbnailUrl\":\"https:\\\/\\\/www.gilianplants.com\\\/wp-content\\\/uploads\\\/2022\\\/10\\\/ce5b1445-279a-4939-8eb6-5149dc054fc9.png\",\"datePublished\":\"2022-03-11T18:54:37+00:00\",\"dateModified\":\"2024-07-22T16:10:26+00:00\",\"breadcrumb\":{\"@id\":\"https:\\\/\\\/www.gilianplants.com\\\/de\\\/produkt\\\/yucca-linearifoliaxflaccida-x-yucca-thompsoniana\\\/#breadcrumb\"},\"inLanguage\":\"de\",\"potentialAction\":[{\"@type\":\"ReadAction\",\"target\":[\"https:\\\/\\\/www.gilianplants.com\\\/de\\\/produkt\\\/yucca-linearifoliaxflaccida-x-yucca-thompsoniana\\\/\"]}]},{\"@type\":\"ImageObject\",\"inLanguage\":\"de\",\"@id\":\"https:\\\/\\\/www.gilianplants.com\\\/de\\\/produkt\\\/yucca-linearifoliaxflaccida-x-yucca-thompsoniana\\\/#primaryimage\",\"url\":\"https:\\\/\\\/www.gilianplants.com\\\/wp-content\\\/uploads\\\/2022\\\/10\\\/ce5b1445-279a-4939-8eb6-5149dc054fc9.png\",\"contentUrl\":\"https:\\\/\\\/www.gilianplants.com\\\/wp-content\\\/uploads\\\/2022\\\/10\\\/ce5b1445-279a-4939-8eb6-5149dc054fc9.png\",\"width\":1800,\"height\":1200},{\"@type\":\"BreadcrumbList\",\"@id\":\"https:\\\/\\\/www.gilianplants.com\\\/de\\\/produkt\\\/yucca-linearifoliaxflaccida-x-yucca-thompsoniana\\\/#breadcrumb\",\"itemListElement\":[{\"@type\":\"ListItem\",\"position\":1,\"name\":\"Home\",\"item\":\"https:\\\/\\\/www.gilianplants.com\\\/de\\\/home\\\/\"},{\"@type\":\"ListItem\",\"position\":2,\"name\":\"Shop\",\"item\":\"https:\\\/\\\/www.gilianplants.com\\\/shop\\\/\"},{\"@type\":\"ListItem\",\"position\":3,\"name\":\"Yucca (linearifoliaxflaccida) X Yucca thompsoniana\"}]},{\"@type\":\"WebSite\",\"@id\":\"https:\\\/\\\/www.gilianplants.com\\\/de\\\/#website\",\"url\":\"https:\\\/\\\/www.gilianplants.com\\\/de\\\/\",\"name\":\"Gilian Plants\",\"description\":\"Specialist in germination of rare exotic plants\",\"potentialAction\":[{\"@type\":\"SearchAction\",\"target\":{\"@type\":\"EntryPoint\",\"urlTemplate\":\"https:\\\/\\\/www.gilianplants.com\\\/de\\\/?s={search_term_string}\"},\"query-input\":{\"@type\":\"PropertyValueSpecification\",\"valueRequired\":true,\"valueName\":\"search_term_string\"}}],\"inLanguage\":\"de\"}]}<\/script>\n<!-- \/ Yoast SEO plugin. -->","yoast_head_json":{"title":"Yucca (linearifoliaxflaccida) X Yucca thompsoniana - Gilian Plants","robots":{"index":"index","follow":"follow","max-snippet":"max-snippet:-1","max-image-preview":"max-image-preview:large","max-video-preview":"max-video-preview:-1"},"canonical":"https:\/\/www.gilianplants.com\/de\/produkt\/yucca-linearifoliaxflaccida-x-yucca-thompsoniana\/","og_locale":"de_DE","og_type":"article","og_title":"Yucca (linearifoliaxflaccida) X Yucca thompsoniana - Gilian Plants","og_description":"Yucca linearifolia x Yucca thompsoniana -\u00a0hybrid yucca","og_url":"https:\/\/www.gilianplants.com\/de\/produkt\/yucca-linearifoliaxflaccida-x-yucca-thompsoniana\/","og_site_name":"Gilian Plants","article_modified_time":"2024-07-22T16:10:26+00:00","og_image":[{"width":1800,"height":1200,"url":"https:\/\/www.gilianplants.com\/wp-content\/uploads\/2022\/10\/ce5b1445-279a-4939-8eb6-5149dc054fc9.png","type":"image\/png"}],"twitter_card":"summary_large_image","twitter_misc":{"Gesch\u00e4tzte Lesezeit":"1\u00a0Minute"},"schema":{"@context":"https:\/\/schema.org","@graph":[{"@type":"WebPage","@id":"https:\/\/www.gilianplants.com\/de\/produkt\/yucca-linearifoliaxflaccida-x-yucca-thompsoniana\/","url":"https:\/\/www.gilianplants.com\/de\/produkt\/yucca-linearifoliaxflaccida-x-yucca-thompsoniana\/","name":"Yucca (linearifoliaxflaccida) X Yucca thompsoniana - Gilian Plants","isPartOf":{"@id":"https:\/\/www.gilianplants.com\/de\/#website"},"primaryImageOfPage":{"@id":"https:\/\/www.gilianplants.com\/de\/produkt\/yucca-linearifoliaxflaccida-x-yucca-thompsoniana\/#primaryimage"},"image":{"@id":"https:\/\/www.gilianplants.com\/de\/produkt\/yucca-linearifoliaxflaccida-x-yucca-thompsoniana\/#primaryimage"},"thumbnailUrl":"https:\/\/www.gilianplants.com\/wp-content\/uploads\/2022\/10\/ce5b1445-279a-4939-8eb6-5149dc054fc9.png","datePublished":"2022-03-11T18:54:37+00:00","dateModified":"2024-07-22T16:10:26+00:00","breadcrumb":{"@id":"https:\/\/www.gilianplants.com\/de\/produkt\/yucca-linearifoliaxflaccida-x-yucca-thompsoniana\/#breadcrumb"},"inLanguage":"de","potentialAction":[{"@type":"ReadAction","target":["https:\/\/www.gilianplants.com\/de\/produkt\/yucca-linearifoliaxflaccida-x-yucca-thompsoniana\/"]}]},{"@type":"ImageObject","inLanguage":"de","@id":"https:\/\/www.gilianplants.com\/de\/produkt\/yucca-linearifoliaxflaccida-x-yucca-thompsoniana\/#primaryimage","url":"https:\/\/www.gilianplants.com\/wp-content\/uploads\/2022\/10\/ce5b1445-279a-4939-8eb6-5149dc054fc9.png","contentUrl":"https:\/\/www.gilianplants.com\/wp-content\/uploads\/2022\/10\/ce5b1445-279a-4939-8eb6-5149dc054fc9.png","width":1800,"height":1200},{"@type":"BreadcrumbList","@id":"https:\/\/www.gilianplants.com\/de\/produkt\/yucca-linearifoliaxflaccida-x-yucca-thompsoniana\/#breadcrumb","itemListElement":[{"@type":"ListItem","position":1,"name":"Home","item":"https:\/\/www.gilianplants.com\/de\/home\/"},{"@type":"ListItem","position":2,"name":"Shop","item":"https:\/\/www.gilianplants.com\/shop\/"},{"@type":"ListItem","position":3,"name":"Yucca (linearifoliaxflaccida) X Yucca thompsoniana"}]},{"@type":"WebSite","@id":"https:\/\/www.gilianplants.com\/de\/#website","url":"https:\/\/www.gilianplants.com\/de\/","name":"Gilian Plants","description":"Specialist in germination of rare exotic plants","potentialAction":[{"@type":"SearchAction","target":{"@type":"EntryPoint","urlTemplate":"https:\/\/www.gilianplants.com\/de\/?s={search_term_string}"},"query-input":{"@type":"PropertyValueSpecification","valueRequired":true,"valueName":"search_term_string"}}],"inLanguage":"de"}]}},"jetpack_sharing_enabled":true,"_links":{"self":[{"href":"https:\/\/www.gilianplants.com\/de\/wp-json\/wp\/v2\/product\/8635","targetHints":{"allow":["GET"]}}],"collection":[{"href":"https:\/\/www.gilianplants.com\/de\/wp-json\/wp\/v2\/product"}],"about":[{"href":"https:\/\/www.gilianplants.com\/de\/wp-json\/wp\/v2\/types\/product"}],"replies":[{"embeddable":true,"href":"https:\/\/www.gilianplants.com\/de\/wp-json\/wp\/v2\/comments?post=8635"}],"wp:featuredmedia":[{"embeddable":true,"href":"https:\/\/www.gilianplants.com\/de\/wp-json\/wp\/v2\/media\/11934"}],"wp:attachment":[{"href":"https:\/\/www.gilianplants.com\/de\/wp-json\/wp\/v2\/media?parent=8635"}],"wp:term":[{"taxonomy":"product_brand","embeddable":true,"href":"https:\/\/www.gilianplants.com\/de\/wp-json\/wp\/v2\/product_brand?post=8635"},{"taxonomy":"product_cat","embeddable":true,"href":"https:\/\/www.gilianplants.com\/de\/wp-json\/wp\/v2\/product_cat?post=8635"},{"taxonomy":"product_tag","embeddable":true,"href":"https:\/\/www.gilianplants.com\/de\/wp-json\/wp\/v2\/product_tag?post=8635"}],"curies":[{"name":"wp","href":"https:\/\/api.w.org\/{rel}","templated":true}]}}