{"id":8937,"date":"2022-04-08T21:12:09","date_gmt":"2022-04-08T20:12:09","guid":{"rendered":"https:\/\/www.gilianplants.com\/product\/butiagrus-butia-lallemantii-x-syagrus-romanzoffiana\/"},"modified":"2022-05-05T14:27:42","modified_gmt":"2022-05-05T13:27:42","slug":"butiagrus-butia-lallemantii-x-syagrus-romanzoffiana","status":"publish","type":"product","link":"https:\/\/www.gilianplants.com\/de\/produkt\/butiagrus-butia-lallemantii-x-syagrus-romanzoffiana\/","title":{"rendered":"Butiagrus &#8211; Butia lallemantii x syagrus romanzoffiana"},"content":{"rendered":"<p><strong><span style=\"font-size: 160%;\">Butiagrus &#8211; Butia lallemantii x syagrus romanzoffiana<\/span><\/strong><\/p>\n<p>Dieser Butiagrus ist eine hervorragende Erg\u00e4nzung zu Ihrer speziellen Butiagrus-Sammlung. Diese Hybride ist in Europa selten. Die Palme kann in Ihrem Garten eine H\u00f6he von bis zu 5 Metern erreichen und hat blaugr\u00fcne Bl\u00e4tter. Diese gefiederte Palme ist frostbest\u00e4ndig und immergr\u00fcn. Die Fr\u00fcchte dieser Butiagrus sind gelb und haben einen s\u00fc\u00dfen Geschmack. Sie ist eine besondere Kreuzung aus einer Zwerg-Butia und einer gro\u00dfen Syagrus-Art. Ein besonderes Sammlerst\u00fcck.<\/p>\n<p>Wir sind Experten in der Keimung von seltenen Spezialsamen von Butia und Syagrus. Gilian Plants hat einen eigenen Import aus Brasilien mit eigenen Sammlern im lokalen Habitat. So bietet Gilian Plants Ihnen das echte Gesch\u00e4ft. Jedes Jahr bietet Gilian Plants neue Arten in bestimmten Gro\u00dfhandelsmengen an.<\/p>\n<ul>\n<li><strong>Standort der Pflanzen: Sonne.<\/strong><\/li>\n<li><strong>Pflege der Pflanzen: mittel.<\/strong><\/li>\n<li><strong>Bew\u00e4sserung: viel Wasser<\/strong><\/li>\n<li><strong>Winterh\u00e4rte: -7 mit sch\u00fctzendem Mulch um den Stamm.<\/strong><\/li>\n<li><strong>Ursprungsland: Brasilien<\/strong><\/li>\n<\/ul>\n","protected":false},"excerpt":{"rendered":"<p>Butiagrus &#8211; Butia lallemantii x syagrus romanzoffiana Dieser Butiagrus ist eine hervorragende Erg\u00e4nzung zu Ihrer speziellen Butiagrus-Sammlung. Diese Hybride ist in Europa selten. Die Palme kann in Ihrem Garten eine H\u00f6he von bis zu 5 Metern erreichen und hat blaugr\u00fcne Bl\u00e4tter. Diese gefiederte Palme ist frostbest\u00e4ndig und immergr\u00fcn. Die Fr\u00fcchte dieser Butiagrus sind gelb und [&#8230;]\n","protected":false},"featured_media":9420,"comment_status":"open","ping_status":"closed","template":"","meta":[],"product_brand":[],"product_cat":[410],"product_tag":[433,1238],"class_list":{"0":"post-8937","1":"product","2":"type-product","3":"status-publish","4":"has-post-thumbnail","6":"product_cat-palmen","7":"product_tag-butia-de","8":"product_tag-butiagrus-de","9":"product_shipping_class-normal-paket-1-10kg","11":"first","12":"outofstock","13":"taxable","14":"shipping-taxable","15":"purchasable","16":"product-type-simple"},"yoast_head":"<!-- This site is optimized with the Yoast SEO plugin v27.5 - https:\/\/yoast.com\/product\/yoast-seo-wordpress\/ -->\n<title>Butiagrus - Butia lallemantii x syagrus romanzoffiana - Gilian Plants<\/title>\n<meta name=\"robots\" content=\"index, follow, max-snippet:-1, max-image-preview:large, max-video-preview:-1\" \/>\n<link rel=\"canonical\" href=\"https:\/\/www.gilianplants.com\/de\/produkt\/butiagrus-butia-lallemantii-x-syagrus-romanzoffiana\/\" \/>\n<meta property=\"og:locale\" content=\"de_DE\" \/>\n<meta property=\"og:type\" content=\"article\" \/>\n<meta property=\"og:title\" content=\"Butiagrus - Butia lallemantii x syagrus romanzoffiana - Gilian Plants\" \/>\n<meta property=\"og:description\" content=\"Butiagrus &#8211; Butia lallemantii x syagrus romanzoffiana Dieser Butiagrus ist eine hervorragende Erg\u00e4nzung zu Ihrer speziellen Butiagrus-Sammlung. Diese Hybride ist in Europa selten. Die Palme kann in Ihrem Garten eine H\u00f6he von bis zu 5 Metern erreichen und hat blaugr\u00fcne Bl\u00e4tter. Diese gefiederte Palme ist frostbest\u00e4ndig und immergr\u00fcn. Die Fr\u00fcchte dieser Butiagrus sind gelb und [...]\" \/>\n<meta property=\"og:url\" content=\"https:\/\/www.gilianplants.com\/de\/produkt\/butiagrus-butia-lallemantii-x-syagrus-romanzoffiana\/\" \/>\n<meta property=\"og:site_name\" content=\"Gilian Plants\" \/>\n<meta property=\"article:modified_time\" content=\"2022-05-05T13:27:42+00:00\" \/>\n<meta name=\"twitter:card\" content=\"summary_large_image\" \/>\n<meta name=\"twitter:label1\" content=\"Gesch\u00e4tzte Lesezeit\" \/>\n\t<meta name=\"twitter:data1\" content=\"1\u00a0Minute\" \/>\n<script type=\"application\/ld+json\" class=\"yoast-schema-graph\">{\"@context\":\"https:\\\/\\\/schema.org\",\"@graph\":[{\"@type\":\"WebPage\",\"@id\":\"https:\\\/\\\/www.gilianplants.com\\\/de\\\/produkt\\\/butiagrus-butia-lallemantii-x-syagrus-romanzoffiana\\\/\",\"url\":\"https:\\\/\\\/www.gilianplants.com\\\/de\\\/produkt\\\/butiagrus-butia-lallemantii-x-syagrus-romanzoffiana\\\/\",\"name\":\"Butiagrus - Butia lallemantii x syagrus romanzoffiana - Gilian Plants\",\"isPartOf\":{\"@id\":\"https:\\\/\\\/www.gilianplants.com\\\/de\\\/#website\"},\"primaryImageOfPage\":{\"@id\":\"https:\\\/\\\/www.gilianplants.com\\\/de\\\/produkt\\\/butiagrus-butia-lallemantii-x-syagrus-romanzoffiana\\\/#primaryimage\"},\"image\":{\"@id\":\"https:\\\/\\\/www.gilianplants.com\\\/de\\\/produkt\\\/butiagrus-butia-lallemantii-x-syagrus-romanzoffiana\\\/#primaryimage\"},\"thumbnailUrl\":\"https:\\\/\\\/www.gilianplants.com\\\/wp-content\\\/uploads\\\/2022\\\/05\\\/img_4255.png\",\"datePublished\":\"2022-04-08T20:12:09+00:00\",\"dateModified\":\"2022-05-05T13:27:42+00:00\",\"breadcrumb\":{\"@id\":\"https:\\\/\\\/www.gilianplants.com\\\/de\\\/produkt\\\/butiagrus-butia-lallemantii-x-syagrus-romanzoffiana\\\/#breadcrumb\"},\"inLanguage\":\"de\",\"potentialAction\":[{\"@type\":\"ReadAction\",\"target\":[\"https:\\\/\\\/www.gilianplants.com\\\/de\\\/produkt\\\/butiagrus-butia-lallemantii-x-syagrus-romanzoffiana\\\/\"]}]},{\"@type\":\"ImageObject\",\"inLanguage\":\"de\",\"@id\":\"https:\\\/\\\/www.gilianplants.com\\\/de\\\/produkt\\\/butiagrus-butia-lallemantii-x-syagrus-romanzoffiana\\\/#primaryimage\",\"url\":\"https:\\\/\\\/www.gilianplants.com\\\/wp-content\\\/uploads\\\/2022\\\/05\\\/img_4255.png\",\"contentUrl\":\"https:\\\/\\\/www.gilianplants.com\\\/wp-content\\\/uploads\\\/2022\\\/05\\\/img_4255.png\",\"width\":1920,\"height\":1080},{\"@type\":\"BreadcrumbList\",\"@id\":\"https:\\\/\\\/www.gilianplants.com\\\/de\\\/produkt\\\/butiagrus-butia-lallemantii-x-syagrus-romanzoffiana\\\/#breadcrumb\",\"itemListElement\":[{\"@type\":\"ListItem\",\"position\":1,\"name\":\"Home\",\"item\":\"https:\\\/\\\/www.gilianplants.com\\\/de\\\/home\\\/\"},{\"@type\":\"ListItem\",\"position\":2,\"name\":\"Shop\",\"item\":\"https:\\\/\\\/www.gilianplants.com\\\/shop\\\/\"},{\"@type\":\"ListItem\",\"position\":3,\"name\":\"Butiagrus &#8211; Butia lallemantii x syagrus romanzoffiana\"}]},{\"@type\":\"WebSite\",\"@id\":\"https:\\\/\\\/www.gilianplants.com\\\/de\\\/#website\",\"url\":\"https:\\\/\\\/www.gilianplants.com\\\/de\\\/\",\"name\":\"Gilian Plants\",\"description\":\"Specialist in germination of rare exotic plants\",\"potentialAction\":[{\"@type\":\"SearchAction\",\"target\":{\"@type\":\"EntryPoint\",\"urlTemplate\":\"https:\\\/\\\/www.gilianplants.com\\\/de\\\/?s={search_term_string}\"},\"query-input\":{\"@type\":\"PropertyValueSpecification\",\"valueRequired\":true,\"valueName\":\"search_term_string\"}}],\"inLanguage\":\"de\"}]}<\/script>\n<!-- \/ Yoast SEO plugin. -->","yoast_head_json":{"title":"Butiagrus - Butia lallemantii x syagrus romanzoffiana - Gilian Plants","robots":{"index":"index","follow":"follow","max-snippet":"max-snippet:-1","max-image-preview":"max-image-preview:large","max-video-preview":"max-video-preview:-1"},"canonical":"https:\/\/www.gilianplants.com\/de\/produkt\/butiagrus-butia-lallemantii-x-syagrus-romanzoffiana\/","og_locale":"de_DE","og_type":"article","og_title":"Butiagrus - Butia lallemantii x syagrus romanzoffiana - Gilian Plants","og_description":"Butiagrus &#8211; Butia lallemantii x syagrus romanzoffiana Dieser Butiagrus ist eine hervorragende Erg\u00e4nzung zu Ihrer speziellen Butiagrus-Sammlung. Diese Hybride ist in Europa selten. Die Palme kann in Ihrem Garten eine H\u00f6he von bis zu 5 Metern erreichen und hat blaugr\u00fcne Bl\u00e4tter. Diese gefiederte Palme ist frostbest\u00e4ndig und immergr\u00fcn. Die Fr\u00fcchte dieser Butiagrus sind gelb und [...]","og_url":"https:\/\/www.gilianplants.com\/de\/produkt\/butiagrus-butia-lallemantii-x-syagrus-romanzoffiana\/","og_site_name":"Gilian Plants","article_modified_time":"2022-05-05T13:27:42+00:00","twitter_card":"summary_large_image","twitter_misc":{"Gesch\u00e4tzte Lesezeit":"1\u00a0Minute"},"schema":{"@context":"https:\/\/schema.org","@graph":[{"@type":"WebPage","@id":"https:\/\/www.gilianplants.com\/de\/produkt\/butiagrus-butia-lallemantii-x-syagrus-romanzoffiana\/","url":"https:\/\/www.gilianplants.com\/de\/produkt\/butiagrus-butia-lallemantii-x-syagrus-romanzoffiana\/","name":"Butiagrus - Butia lallemantii x syagrus romanzoffiana - Gilian Plants","isPartOf":{"@id":"https:\/\/www.gilianplants.com\/de\/#website"},"primaryImageOfPage":{"@id":"https:\/\/www.gilianplants.com\/de\/produkt\/butiagrus-butia-lallemantii-x-syagrus-romanzoffiana\/#primaryimage"},"image":{"@id":"https:\/\/www.gilianplants.com\/de\/produkt\/butiagrus-butia-lallemantii-x-syagrus-romanzoffiana\/#primaryimage"},"thumbnailUrl":"https:\/\/www.gilianplants.com\/wp-content\/uploads\/2022\/05\/img_4255.png","datePublished":"2022-04-08T20:12:09+00:00","dateModified":"2022-05-05T13:27:42+00:00","breadcrumb":{"@id":"https:\/\/www.gilianplants.com\/de\/produkt\/butiagrus-butia-lallemantii-x-syagrus-romanzoffiana\/#breadcrumb"},"inLanguage":"de","potentialAction":[{"@type":"ReadAction","target":["https:\/\/www.gilianplants.com\/de\/produkt\/butiagrus-butia-lallemantii-x-syagrus-romanzoffiana\/"]}]},{"@type":"ImageObject","inLanguage":"de","@id":"https:\/\/www.gilianplants.com\/de\/produkt\/butiagrus-butia-lallemantii-x-syagrus-romanzoffiana\/#primaryimage","url":"https:\/\/www.gilianplants.com\/wp-content\/uploads\/2022\/05\/img_4255.png","contentUrl":"https:\/\/www.gilianplants.com\/wp-content\/uploads\/2022\/05\/img_4255.png","width":1920,"height":1080},{"@type":"BreadcrumbList","@id":"https:\/\/www.gilianplants.com\/de\/produkt\/butiagrus-butia-lallemantii-x-syagrus-romanzoffiana\/#breadcrumb","itemListElement":[{"@type":"ListItem","position":1,"name":"Home","item":"https:\/\/www.gilianplants.com\/de\/home\/"},{"@type":"ListItem","position":2,"name":"Shop","item":"https:\/\/www.gilianplants.com\/shop\/"},{"@type":"ListItem","position":3,"name":"Butiagrus &#8211; Butia lallemantii x syagrus romanzoffiana"}]},{"@type":"WebSite","@id":"https:\/\/www.gilianplants.com\/de\/#website","url":"https:\/\/www.gilianplants.com\/de\/","name":"Gilian Plants","description":"Specialist in germination of rare exotic plants","potentialAction":[{"@type":"SearchAction","target":{"@type":"EntryPoint","urlTemplate":"https:\/\/www.gilianplants.com\/de\/?s={search_term_string}"},"query-input":{"@type":"PropertyValueSpecification","valueRequired":true,"valueName":"search_term_string"}}],"inLanguage":"de"}]}},"jetpack_sharing_enabled":true,"_links":{"self":[{"href":"https:\/\/www.gilianplants.com\/de\/wp-json\/wp\/v2\/product\/8937","targetHints":{"allow":["GET"]}}],"collection":[{"href":"https:\/\/www.gilianplants.com\/de\/wp-json\/wp\/v2\/product"}],"about":[{"href":"https:\/\/www.gilianplants.com\/de\/wp-json\/wp\/v2\/types\/product"}],"replies":[{"embeddable":true,"href":"https:\/\/www.gilianplants.com\/de\/wp-json\/wp\/v2\/comments?post=8937"}],"wp:featuredmedia":[{"embeddable":true,"href":"https:\/\/www.gilianplants.com\/de\/wp-json\/wp\/v2\/media\/9420"}],"wp:attachment":[{"href":"https:\/\/www.gilianplants.com\/de\/wp-json\/wp\/v2\/media?parent=8937"}],"wp:term":[{"taxonomy":"product_brand","embeddable":true,"href":"https:\/\/www.gilianplants.com\/de\/wp-json\/wp\/v2\/product_brand?post=8937"},{"taxonomy":"product_cat","embeddable":true,"href":"https:\/\/www.gilianplants.com\/de\/wp-json\/wp\/v2\/product_cat?post=8937"},{"taxonomy":"product_tag","embeddable":true,"href":"https:\/\/www.gilianplants.com\/de\/wp-json\/wp\/v2\/product_tag?post=8937"}],"curies":[{"name":"wp","href":"https:\/\/api.w.org\/{rel}","templated":true}]}}