{"id":9055,"date":"2022-04-19T21:30:09","date_gmt":"2022-04-19T20:30:09","guid":{"rendered":"https:\/\/www.gilianplants.com\/product\/syagrus-loefgrenii\/"},"modified":"2022-04-21T22:36:39","modified_gmt":"2022-04-21T21:36:39","slug":"syagrus-loefgrenii","status":"publish","type":"product","link":"https:\/\/www.gilianplants.com\/de\/produkt\/syagrus-loefgrenii\/","title":{"rendered":"Syagrus loefgrenii"},"content":{"rendered":"<h2 id=\"firstHeading\" class=\"firstHeading\"><em><strong>Syagrus loefgrenii \u2013 Zierzwerg Syagrus<\/strong><\/em><\/h2>\n<p>Diese Syagrus loefgrenii kann eine maximale H\u00f6he von 2 bis 3 Metern erreichen. Eine zwergige, b\u00fcschelartige Syagrus. Diese Zwergpalme bildet kompakte Bl\u00fctenst\u00e4ngel mit Samen. Die ausgewachsenen Pflanzen wachsen in B\u00fcscheln am Standort. Auch dieses Exemplar ist kriechend mit hohen St\u00e4mmen. Die Bl\u00e4tter haben eine herrlich dunkelgr\u00fcne Farbe. Dieser seltene Palmenbaum ist nicht sehr winterhart. Sie ist eine perfekte Containerpflanze in Europa. In Europa ist diese Sorte bisher sehr selten und schwer zu finden.<\/p>\n<p>&nbsp;<\/p>\n<p>Wir sind Experten in der Keimung von speziellen seltenen Butia und Syagrus Samen. Gilian Plants hat einen eigenen Import aus Brasilien mit eigenen Sammlern im dortigen Habitat. So Gilian Plants bieten Ihnen das echte Gesch\u00e4ft. Jedes Jahr hat Gilian Plants neue Spieces in einigen Gro\u00dfhandelsmengen.<\/p>\n<p>Vor-Verkauf!<\/p>\n<p>Lieferung Ende Mai 2022.<\/p>\n<p>&#8211; Preis ist f\u00fcr einen Setzling.<\/p>\n<ul>\n<li><strong>Pflanzenstandort: volle Sonne<\/strong><\/li>\n<li><strong>Pflanzenpflege: einfach<\/strong><\/li>\n<li><strong>Bew\u00e4sserung: junge Pflanzen eher trocken halten.<\/strong><\/li>\n<li><strong>Winterh\u00e4rte: -5<\/strong><\/li>\n<li><strong>Herkunftsland: Brasilien<\/strong><\/li>\n<\/ul>\n","protected":false},"excerpt":{"rendered":"<h2 id=\"firstHeading\" class=\"firstHeading\"><em><strong>Syagrus loefgrenii \u2013 Zierzwerg Syagrus<\/strong><\/em><\/h2>\n","protected":false},"featured_media":9051,"comment_status":"open","ping_status":"closed","template":"","meta":[],"product_brand":[],"product_cat":[410],"product_tag":[876,1257,456],"class_list":{"0":"post-9055","1":"product","2":"type-product","3":"status-publish","4":"has-post-thumbnail","6":"product_cat-palmen","7":"product_tag-dwarf-de","8":"product_tag-loefgrenii-de","9":"product_tag-syagrus-de","10":"product_shipping_class-normal-paket-1-10kg","12":"first","13":"instock","14":"taxable","15":"shipping-taxable","16":"purchasable","17":"product-type-simple"},"yoast_head":"<!-- This site is optimized with the Yoast SEO plugin v27.5 - https:\/\/yoast.com\/product\/yoast-seo-wordpress\/ -->\n<title>Syagrus loefgrenii - Gilian Plants<\/title>\n<meta name=\"robots\" content=\"index, follow, max-snippet:-1, max-image-preview:large, max-video-preview:-1\" \/>\n<link rel=\"canonical\" href=\"https:\/\/www.gilianplants.com\/de\/produkt\/syagrus-loefgrenii\/\" \/>\n<meta property=\"og:locale\" content=\"de_DE\" \/>\n<meta property=\"og:type\" content=\"article\" \/>\n<meta property=\"og:title\" content=\"Syagrus loefgrenii - Gilian Plants\" \/>\n<meta property=\"og:description\" content=\"Syagrus loefgrenii \u2013 Zierzwerg Syagrus\" \/>\n<meta property=\"og:url\" content=\"https:\/\/www.gilianplants.com\/de\/produkt\/syagrus-loefgrenii\/\" \/>\n<meta property=\"og:site_name\" content=\"Gilian Plants\" \/>\n<meta property=\"article:modified_time\" content=\"2022-04-21T21:36:39+00:00\" \/>\n<meta property=\"og:image\" content=\"https:\/\/www.gilianplants.com\/wp-content\/uploads\/2022\/04\/img_3765-scaled.jpeg\" \/>\n\t<meta property=\"og:image:width\" content=\"1920\" \/>\n\t<meta property=\"og:image:height\" content=\"2560\" \/>\n\t<meta property=\"og:image:type\" content=\"image\/jpeg\" \/>\n<meta name=\"twitter:card\" content=\"summary_large_image\" \/>\n<meta name=\"twitter:label1\" content=\"Gesch\u00e4tzte Lesezeit\" \/>\n\t<meta name=\"twitter:data1\" content=\"1\u00a0Minute\" \/>\n<script type=\"application\/ld+json\" class=\"yoast-schema-graph\">{\"@context\":\"https:\\\/\\\/schema.org\",\"@graph\":[{\"@type\":\"WebPage\",\"@id\":\"https:\\\/\\\/www.gilianplants.com\\\/de\\\/produkt\\\/syagrus-loefgrenii\\\/\",\"url\":\"https:\\\/\\\/www.gilianplants.com\\\/de\\\/produkt\\\/syagrus-loefgrenii\\\/\",\"name\":\"Syagrus loefgrenii - Gilian Plants\",\"isPartOf\":{\"@id\":\"https:\\\/\\\/www.gilianplants.com\\\/de\\\/#website\"},\"primaryImageOfPage\":{\"@id\":\"https:\\\/\\\/www.gilianplants.com\\\/de\\\/produkt\\\/syagrus-loefgrenii\\\/#primaryimage\"},\"image\":{\"@id\":\"https:\\\/\\\/www.gilianplants.com\\\/de\\\/produkt\\\/syagrus-loefgrenii\\\/#primaryimage\"},\"thumbnailUrl\":\"https:\\\/\\\/www.gilianplants.com\\\/wp-content\\\/uploads\\\/2022\\\/04\\\/img_3765-scaled.jpeg\",\"datePublished\":\"2022-04-19T20:30:09+00:00\",\"dateModified\":\"2022-04-21T21:36:39+00:00\",\"breadcrumb\":{\"@id\":\"https:\\\/\\\/www.gilianplants.com\\\/de\\\/produkt\\\/syagrus-loefgrenii\\\/#breadcrumb\"},\"inLanguage\":\"de\",\"potentialAction\":[{\"@type\":\"ReadAction\",\"target\":[\"https:\\\/\\\/www.gilianplants.com\\\/de\\\/produkt\\\/syagrus-loefgrenii\\\/\"]}]},{\"@type\":\"ImageObject\",\"inLanguage\":\"de\",\"@id\":\"https:\\\/\\\/www.gilianplants.com\\\/de\\\/produkt\\\/syagrus-loefgrenii\\\/#primaryimage\",\"url\":\"https:\\\/\\\/www.gilianplants.com\\\/wp-content\\\/uploads\\\/2022\\\/04\\\/img_3765-scaled.jpeg\",\"contentUrl\":\"https:\\\/\\\/www.gilianplants.com\\\/wp-content\\\/uploads\\\/2022\\\/04\\\/img_3765-scaled.jpeg\",\"width\":1920,\"height\":2560},{\"@type\":\"BreadcrumbList\",\"@id\":\"https:\\\/\\\/www.gilianplants.com\\\/de\\\/produkt\\\/syagrus-loefgrenii\\\/#breadcrumb\",\"itemListElement\":[{\"@type\":\"ListItem\",\"position\":1,\"name\":\"Home\",\"item\":\"https:\\\/\\\/www.gilianplants.com\\\/de\\\/home\\\/\"},{\"@type\":\"ListItem\",\"position\":2,\"name\":\"Shop\",\"item\":\"https:\\\/\\\/www.gilianplants.com\\\/shop\\\/\"},{\"@type\":\"ListItem\",\"position\":3,\"name\":\"Syagrus loefgrenii\"}]},{\"@type\":\"WebSite\",\"@id\":\"https:\\\/\\\/www.gilianplants.com\\\/de\\\/#website\",\"url\":\"https:\\\/\\\/www.gilianplants.com\\\/de\\\/\",\"name\":\"Gilian Plants\",\"description\":\"Specialist in germination of rare exotic plants\",\"potentialAction\":[{\"@type\":\"SearchAction\",\"target\":{\"@type\":\"EntryPoint\",\"urlTemplate\":\"https:\\\/\\\/www.gilianplants.com\\\/de\\\/?s={search_term_string}\"},\"query-input\":{\"@type\":\"PropertyValueSpecification\",\"valueRequired\":true,\"valueName\":\"search_term_string\"}}],\"inLanguage\":\"de\"}]}<\/script>\n<!-- \/ Yoast SEO plugin. -->","yoast_head_json":{"title":"Syagrus loefgrenii - Gilian Plants","robots":{"index":"index","follow":"follow","max-snippet":"max-snippet:-1","max-image-preview":"max-image-preview:large","max-video-preview":"max-video-preview:-1"},"canonical":"https:\/\/www.gilianplants.com\/de\/produkt\/syagrus-loefgrenii\/","og_locale":"de_DE","og_type":"article","og_title":"Syagrus loefgrenii - Gilian Plants","og_description":"Syagrus loefgrenii \u2013 Zierzwerg Syagrus","og_url":"https:\/\/www.gilianplants.com\/de\/produkt\/syagrus-loefgrenii\/","og_site_name":"Gilian Plants","article_modified_time":"2022-04-21T21:36:39+00:00","og_image":[{"width":1920,"height":2560,"url":"https:\/\/www.gilianplants.com\/wp-content\/uploads\/2022\/04\/img_3765-scaled.jpeg","type":"image\/jpeg"}],"twitter_card":"summary_large_image","twitter_misc":{"Gesch\u00e4tzte Lesezeit":"1\u00a0Minute"},"schema":{"@context":"https:\/\/schema.org","@graph":[{"@type":"WebPage","@id":"https:\/\/www.gilianplants.com\/de\/produkt\/syagrus-loefgrenii\/","url":"https:\/\/www.gilianplants.com\/de\/produkt\/syagrus-loefgrenii\/","name":"Syagrus loefgrenii - Gilian Plants","isPartOf":{"@id":"https:\/\/www.gilianplants.com\/de\/#website"},"primaryImageOfPage":{"@id":"https:\/\/www.gilianplants.com\/de\/produkt\/syagrus-loefgrenii\/#primaryimage"},"image":{"@id":"https:\/\/www.gilianplants.com\/de\/produkt\/syagrus-loefgrenii\/#primaryimage"},"thumbnailUrl":"https:\/\/www.gilianplants.com\/wp-content\/uploads\/2022\/04\/img_3765-scaled.jpeg","datePublished":"2022-04-19T20:30:09+00:00","dateModified":"2022-04-21T21:36:39+00:00","breadcrumb":{"@id":"https:\/\/www.gilianplants.com\/de\/produkt\/syagrus-loefgrenii\/#breadcrumb"},"inLanguage":"de","potentialAction":[{"@type":"ReadAction","target":["https:\/\/www.gilianplants.com\/de\/produkt\/syagrus-loefgrenii\/"]}]},{"@type":"ImageObject","inLanguage":"de","@id":"https:\/\/www.gilianplants.com\/de\/produkt\/syagrus-loefgrenii\/#primaryimage","url":"https:\/\/www.gilianplants.com\/wp-content\/uploads\/2022\/04\/img_3765-scaled.jpeg","contentUrl":"https:\/\/www.gilianplants.com\/wp-content\/uploads\/2022\/04\/img_3765-scaled.jpeg","width":1920,"height":2560},{"@type":"BreadcrumbList","@id":"https:\/\/www.gilianplants.com\/de\/produkt\/syagrus-loefgrenii\/#breadcrumb","itemListElement":[{"@type":"ListItem","position":1,"name":"Home","item":"https:\/\/www.gilianplants.com\/de\/home\/"},{"@type":"ListItem","position":2,"name":"Shop","item":"https:\/\/www.gilianplants.com\/shop\/"},{"@type":"ListItem","position":3,"name":"Syagrus loefgrenii"}]},{"@type":"WebSite","@id":"https:\/\/www.gilianplants.com\/de\/#website","url":"https:\/\/www.gilianplants.com\/de\/","name":"Gilian Plants","description":"Specialist in germination of rare exotic plants","potentialAction":[{"@type":"SearchAction","target":{"@type":"EntryPoint","urlTemplate":"https:\/\/www.gilianplants.com\/de\/?s={search_term_string}"},"query-input":{"@type":"PropertyValueSpecification","valueRequired":true,"valueName":"search_term_string"}}],"inLanguage":"de"}]}},"jetpack_sharing_enabled":true,"_links":{"self":[{"href":"https:\/\/www.gilianplants.com\/de\/wp-json\/wp\/v2\/product\/9055","targetHints":{"allow":["GET"]}}],"collection":[{"href":"https:\/\/www.gilianplants.com\/de\/wp-json\/wp\/v2\/product"}],"about":[{"href":"https:\/\/www.gilianplants.com\/de\/wp-json\/wp\/v2\/types\/product"}],"replies":[{"embeddable":true,"href":"https:\/\/www.gilianplants.com\/de\/wp-json\/wp\/v2\/comments?post=9055"}],"wp:featuredmedia":[{"embeddable":true,"href":"https:\/\/www.gilianplants.com\/de\/wp-json\/wp\/v2\/media\/9051"}],"wp:attachment":[{"href":"https:\/\/www.gilianplants.com\/de\/wp-json\/wp\/v2\/media?parent=9055"}],"wp:term":[{"taxonomy":"product_brand","embeddable":true,"href":"https:\/\/www.gilianplants.com\/de\/wp-json\/wp\/v2\/product_brand?post=9055"},{"taxonomy":"product_cat","embeddable":true,"href":"https:\/\/www.gilianplants.com\/de\/wp-json\/wp\/v2\/product_cat?post=9055"},{"taxonomy":"product_tag","embeddable":true,"href":"https:\/\/www.gilianplants.com\/de\/wp-json\/wp\/v2\/product_tag?post=9055"}],"curies":[{"name":"wp","href":"https:\/\/api.w.org\/{rel}","templated":true}]}}