{"id":9072,"date":"2022-04-19T23:48:58","date_gmt":"2022-04-19T22:48:58","guid":{"rendered":"https:\/\/www.gilianplants.com\/product\/butia-sp-blue-new-undescribed-spieces\/"},"modified":"2025-08-04T10:06:30","modified_gmt":"2025-08-04T08:06:30","slug":"butia-sp-blue-new-undescribed-spieces","status":"publish","type":"product","link":"https:\/\/www.gilianplants.com\/de\/produkt\/butia-sp-blue-new-undescribed-spieces\/","title":{"rendered":"Butia sp blue"},"content":{"rendered":"<h1><strong>Butia sp blue &#8211; unbeschriebene Zwerg butia<\/strong><\/h1>\n<p>Diese Butia sp blue ist neu und hat eine sehr bl\u00e4uliche Farbe! Dieser Spross ist 100% neu und unbeschrieben. Diese Samen sind riesig und von 500 Samen keimen nur 7. Die Keimung ist eine noch gr\u00f6\u00dfere Herausforderung! Gilian Plants kann mit Stolz sagen, dass er einige neue blaue Zwerg-Butapalmen-Setzlinge f\u00fcr den Anbau in Europa hat! Wie cool ist das denn! Diese S\u00e4mlinge brauchen einen warmen Platz. In Europa ist es am besten, sie in einem Container in tropischem Klima zu halten. Die Palme kann bis zu 2 Meter hoch werden. Die Samen sind eif\u00f6rmig und lang. Eine Zwerg-Butia, die in der Kultivierung unbekannt ist.<\/p>\n<p>Wir sind Experten in der Keimung von speziellen seltenen Butia und Syagrus Samen. Gilian Plants hat einen eigenen Import aus Brasilien mit eigenen Sammlern im dortigen Habitat. So Gilian Plants bieten Ihnen das echte Gesch\u00e4ft. Jedes Jahr hat Gilian Plants neue Setzlinge in einigen Gro\u00dfhandelsmengen.<\/p>\n<p>&#8211; Preis ist f\u00fcr einen Setzling.<\/p>\n<ul>\n<li><strong>Pflanzenstandort: volle Sonne<\/strong><\/li>\n<li><strong>Pflanzenpflege: schwierig<\/strong><\/li>\n<li><strong>Bew\u00e4sserung: halten Sie junge Pflanzen mehr trocken.<\/strong><\/li>\n<li><strong>Winterhart: nein, nicht unter 5 Grad halten.<\/strong><\/li>\n<li><strong>Herkunftsland: Brasilien<\/strong><\/li>\n<\/ul>\n","protected":false},"excerpt":{"rendered":"<h1><strong>Butia sp blue &#8211; unbeschriebene Zwerg butia<\/strong><\/h1>\n","protected":false},"featured_media":15056,"comment_status":"open","ping_status":"closed","template":"","meta":[],"product_brand":[],"product_cat":[410],"product_tag":[876,1265,1266],"class_list":{"0":"post-9072","1":"product","2":"type-product","3":"status-publish","4":"has-post-thumbnail","6":"product_cat-palmen","7":"product_tag-dwarf-de","8":"product_tag-sp-de","9":"product_tag-undescribed-de","11":"first","12":"instock","13":"taxable","14":"shipping-taxable","15":"purchasable","16":"product-type-simple"},"yoast_head":"<!-- This site is optimized with the Yoast SEO plugin v27.5 - https:\/\/yoast.com\/product\/yoast-seo-wordpress\/ -->\n<title>Butia sp blue - Gilian Plants<\/title>\n<meta name=\"robots\" content=\"index, follow, max-snippet:-1, max-image-preview:large, max-video-preview:-1\" \/>\n<link rel=\"canonical\" href=\"https:\/\/www.gilianplants.com\/de\/produkt\/butia-sp-blue-new-undescribed-spieces\/\" \/>\n<meta property=\"og:locale\" content=\"de_DE\" \/>\n<meta property=\"og:type\" content=\"article\" \/>\n<meta property=\"og:title\" content=\"Butia sp blue - Gilian Plants\" \/>\n<meta property=\"og:description\" content=\"Butia sp blue - unbeschriebene Zwerg butia\" \/>\n<meta property=\"og:url\" content=\"https:\/\/www.gilianplants.com\/de\/produkt\/butia-sp-blue-new-undescribed-spieces\/\" \/>\n<meta property=\"og:site_name\" content=\"Gilian Plants\" \/>\n<meta property=\"article:modified_time\" content=\"2025-08-04T08:06:30+00:00\" \/>\n<meta property=\"og:image\" content=\"https:\/\/www.gilianplants.com\/wp-content\/uploads\/2022\/07\/39390498-3b47-42b1-9414-337cb9c4cbe4.png\" \/>\n\t<meta property=\"og:image:width\" content=\"1800\" \/>\n\t<meta property=\"og:image:height\" content=\"1200\" \/>\n\t<meta property=\"og:image:type\" content=\"image\/png\" \/>\n<meta name=\"twitter:card\" content=\"summary_large_image\" \/>\n<meta name=\"twitter:label1\" content=\"Gesch\u00e4tzte Lesezeit\" \/>\n\t<meta name=\"twitter:data1\" content=\"1\u00a0Minute\" \/>\n<script type=\"application\/ld+json\" class=\"yoast-schema-graph\">{\"@context\":\"https:\\\/\\\/schema.org\",\"@graph\":[{\"@type\":\"WebPage\",\"@id\":\"https:\\\/\\\/www.gilianplants.com\\\/de\\\/produkt\\\/butia-sp-blue-new-undescribed-spieces\\\/\",\"url\":\"https:\\\/\\\/www.gilianplants.com\\\/de\\\/produkt\\\/butia-sp-blue-new-undescribed-spieces\\\/\",\"name\":\"Butia sp blue - Gilian Plants\",\"isPartOf\":{\"@id\":\"https:\\\/\\\/www.gilianplants.com\\\/de\\\/#website\"},\"primaryImageOfPage\":{\"@id\":\"https:\\\/\\\/www.gilianplants.com\\\/de\\\/produkt\\\/butia-sp-blue-new-undescribed-spieces\\\/#primaryimage\"},\"image\":{\"@id\":\"https:\\\/\\\/www.gilianplants.com\\\/de\\\/produkt\\\/butia-sp-blue-new-undescribed-spieces\\\/#primaryimage\"},\"thumbnailUrl\":\"https:\\\/\\\/www.gilianplants.com\\\/wp-content\\\/uploads\\\/2023\\\/09\\\/4d227350-6b63-4cb4-92a6-813215e66789.png\",\"datePublished\":\"2022-04-19T22:48:58+00:00\",\"dateModified\":\"2025-08-04T08:06:30+00:00\",\"breadcrumb\":{\"@id\":\"https:\\\/\\\/www.gilianplants.com\\\/de\\\/produkt\\\/butia-sp-blue-new-undescribed-spieces\\\/#breadcrumb\"},\"inLanguage\":\"de\",\"potentialAction\":[{\"@type\":\"ReadAction\",\"target\":[\"https:\\\/\\\/www.gilianplants.com\\\/de\\\/produkt\\\/butia-sp-blue-new-undescribed-spieces\\\/\"]}]},{\"@type\":\"ImageObject\",\"inLanguage\":\"de\",\"@id\":\"https:\\\/\\\/www.gilianplants.com\\\/de\\\/produkt\\\/butia-sp-blue-new-undescribed-spieces\\\/#primaryimage\",\"url\":\"https:\\\/\\\/www.gilianplants.com\\\/wp-content\\\/uploads\\\/2023\\\/09\\\/4d227350-6b63-4cb4-92a6-813215e66789.png\",\"contentUrl\":\"https:\\\/\\\/www.gilianplants.com\\\/wp-content\\\/uploads\\\/2023\\\/09\\\/4d227350-6b63-4cb4-92a6-813215e66789.png\",\"width\":1000,\"height\":1000},{\"@type\":\"BreadcrumbList\",\"@id\":\"https:\\\/\\\/www.gilianplants.com\\\/de\\\/produkt\\\/butia-sp-blue-new-undescribed-spieces\\\/#breadcrumb\",\"itemListElement\":[{\"@type\":\"ListItem\",\"position\":1,\"name\":\"Home\",\"item\":\"https:\\\/\\\/www.gilianplants.com\\\/de\\\/home\\\/\"},{\"@type\":\"ListItem\",\"position\":2,\"name\":\"Shop\",\"item\":\"https:\\\/\\\/www.gilianplants.com\\\/shop\\\/\"},{\"@type\":\"ListItem\",\"position\":3,\"name\":\"Butia sp blue\"}]},{\"@type\":\"WebSite\",\"@id\":\"https:\\\/\\\/www.gilianplants.com\\\/de\\\/#website\",\"url\":\"https:\\\/\\\/www.gilianplants.com\\\/de\\\/\",\"name\":\"Gilian Plants\",\"description\":\"Specialist in germination of rare exotic plants\",\"potentialAction\":[{\"@type\":\"SearchAction\",\"target\":{\"@type\":\"EntryPoint\",\"urlTemplate\":\"https:\\\/\\\/www.gilianplants.com\\\/de\\\/?s={search_term_string}\"},\"query-input\":{\"@type\":\"PropertyValueSpecification\",\"valueRequired\":true,\"valueName\":\"search_term_string\"}}],\"inLanguage\":\"de\"}]}<\/script>\n<!-- \/ Yoast SEO plugin. -->","yoast_head_json":{"title":"Butia sp blue - Gilian Plants","robots":{"index":"index","follow":"follow","max-snippet":"max-snippet:-1","max-image-preview":"max-image-preview:large","max-video-preview":"max-video-preview:-1"},"canonical":"https:\/\/www.gilianplants.com\/de\/produkt\/butia-sp-blue-new-undescribed-spieces\/","og_locale":"de_DE","og_type":"article","og_title":"Butia sp blue - Gilian Plants","og_description":"Butia sp blue - unbeschriebene Zwerg butia","og_url":"https:\/\/www.gilianplants.com\/de\/produkt\/butia-sp-blue-new-undescribed-spieces\/","og_site_name":"Gilian Plants","article_modified_time":"2025-08-04T08:06:30+00:00","og_image":[{"width":1800,"height":1200,"url":"https:\/\/www.gilianplants.com\/wp-content\/uploads\/2022\/07\/39390498-3b47-42b1-9414-337cb9c4cbe4.png","type":"image\/png"}],"twitter_card":"summary_large_image","twitter_misc":{"Gesch\u00e4tzte Lesezeit":"1\u00a0Minute"},"schema":{"@context":"https:\/\/schema.org","@graph":[{"@type":"WebPage","@id":"https:\/\/www.gilianplants.com\/de\/produkt\/butia-sp-blue-new-undescribed-spieces\/","url":"https:\/\/www.gilianplants.com\/de\/produkt\/butia-sp-blue-new-undescribed-spieces\/","name":"Butia sp blue - Gilian Plants","isPartOf":{"@id":"https:\/\/www.gilianplants.com\/de\/#website"},"primaryImageOfPage":{"@id":"https:\/\/www.gilianplants.com\/de\/produkt\/butia-sp-blue-new-undescribed-spieces\/#primaryimage"},"image":{"@id":"https:\/\/www.gilianplants.com\/de\/produkt\/butia-sp-blue-new-undescribed-spieces\/#primaryimage"},"thumbnailUrl":"https:\/\/www.gilianplants.com\/wp-content\/uploads\/2023\/09\/4d227350-6b63-4cb4-92a6-813215e66789.png","datePublished":"2022-04-19T22:48:58+00:00","dateModified":"2025-08-04T08:06:30+00:00","breadcrumb":{"@id":"https:\/\/www.gilianplants.com\/de\/produkt\/butia-sp-blue-new-undescribed-spieces\/#breadcrumb"},"inLanguage":"de","potentialAction":[{"@type":"ReadAction","target":["https:\/\/www.gilianplants.com\/de\/produkt\/butia-sp-blue-new-undescribed-spieces\/"]}]},{"@type":"ImageObject","inLanguage":"de","@id":"https:\/\/www.gilianplants.com\/de\/produkt\/butia-sp-blue-new-undescribed-spieces\/#primaryimage","url":"https:\/\/www.gilianplants.com\/wp-content\/uploads\/2023\/09\/4d227350-6b63-4cb4-92a6-813215e66789.png","contentUrl":"https:\/\/www.gilianplants.com\/wp-content\/uploads\/2023\/09\/4d227350-6b63-4cb4-92a6-813215e66789.png","width":1000,"height":1000},{"@type":"BreadcrumbList","@id":"https:\/\/www.gilianplants.com\/de\/produkt\/butia-sp-blue-new-undescribed-spieces\/#breadcrumb","itemListElement":[{"@type":"ListItem","position":1,"name":"Home","item":"https:\/\/www.gilianplants.com\/de\/home\/"},{"@type":"ListItem","position":2,"name":"Shop","item":"https:\/\/www.gilianplants.com\/shop\/"},{"@type":"ListItem","position":3,"name":"Butia sp blue"}]},{"@type":"WebSite","@id":"https:\/\/www.gilianplants.com\/de\/#website","url":"https:\/\/www.gilianplants.com\/de\/","name":"Gilian Plants","description":"Specialist in germination of rare exotic plants","potentialAction":[{"@type":"SearchAction","target":{"@type":"EntryPoint","urlTemplate":"https:\/\/www.gilianplants.com\/de\/?s={search_term_string}"},"query-input":{"@type":"PropertyValueSpecification","valueRequired":true,"valueName":"search_term_string"}}],"inLanguage":"de"}]}},"jetpack_sharing_enabled":true,"_links":{"self":[{"href":"https:\/\/www.gilianplants.com\/de\/wp-json\/wp\/v2\/product\/9072","targetHints":{"allow":["GET"]}}],"collection":[{"href":"https:\/\/www.gilianplants.com\/de\/wp-json\/wp\/v2\/product"}],"about":[{"href":"https:\/\/www.gilianplants.com\/de\/wp-json\/wp\/v2\/types\/product"}],"replies":[{"embeddable":true,"href":"https:\/\/www.gilianplants.com\/de\/wp-json\/wp\/v2\/comments?post=9072"}],"wp:featuredmedia":[{"embeddable":true,"href":"https:\/\/www.gilianplants.com\/de\/wp-json\/wp\/v2\/media\/15056"}],"wp:attachment":[{"href":"https:\/\/www.gilianplants.com\/de\/wp-json\/wp\/v2\/media?parent=9072"}],"wp:term":[{"taxonomy":"product_brand","embeddable":true,"href":"https:\/\/www.gilianplants.com\/de\/wp-json\/wp\/v2\/product_brand?post=9072"},{"taxonomy":"product_cat","embeddable":true,"href":"https:\/\/www.gilianplants.com\/de\/wp-json\/wp\/v2\/product_cat?post=9072"},{"taxonomy":"product_tag","embeddable":true,"href":"https:\/\/www.gilianplants.com\/de\/wp-json\/wp\/v2\/product_tag?post=9072"}],"curies":[{"name":"wp","href":"https:\/\/api.w.org\/{rel}","templated":true}]}}