{"id":9095,"date":"2022-04-22T00:44:31","date_gmt":"2022-04-21T23:44:31","guid":{"rendered":"https:\/\/www.gilianplants.com\/product\/caryota-urens\/"},"modified":"2022-08-03T19:40:39","modified_gmt":"2022-08-03T18:40:39","slug":"caryota-urens","status":"publish","type":"product","link":"https:\/\/www.gilianplants.com\/de\/produkt\/caryota-urens\/","title":{"rendered":"Caryota urens"},"content":{"rendered":"<p><span style=\"font-size: 140%;\"><span style=\"font-family: Arial, Helvetica, sans-serif; font-style: normal; font-weight: 400; letter-spacing: normal; text-align: left; text-indent: 0px; text-transform: none; text-decoration: none; float: none;\"><strong>Caryota urens<\/strong><\/span><span style=\"font-family: Arial, Helvetica, sans-serif; font-style: normal; font-weight: 400; letter-spacing: normal; text-align: left; text-indent: 0px; text-transform: none; text-decoration: none; float: none;\"> \u2013 Jaggery Palm, Toddy Palm<\/span><span style=\"font-family: Arial, Helvetica, sans-serif; font-style: normal; font-weight: 400; letter-spacing: normal; text-align: left; text-indent: 0px; text-transform: none; text-decoration: none; float: none;\"><span class=\"Apple-converted-space\">\u00a0<\/span><\/span><\/span><\/p>\n<p>Diese Caryota urens ist keine winterharte Federpalme. Gilian Plants hat in den letzten Jahren die Erfahrung gemacht, dass es schwierig ist, echte Caryota urens Samen zu finden und zu keimen. Wir haben sie aus Thailand importiert. In Europa ist der beste Weg, um sie in einem Container zu halten, wenn es eine kleine Pflanze ist. Ausgewachsene Pflanzen k\u00f6nnen eine Gr\u00f6\u00dfe von 4 Metern erreichen! Die Bl\u00e4tter sind schlank und gr\u00fcn. Die Samen sind klein und rund. Die Bl\u00fcten und Fr\u00fcchte haben eine sch\u00f6ne gelbe Farbe. Eine ornamentale Jaggery-Palme.<\/p>\n<p>Wir sind Experten in der Keimung von speziellen Caryota-Samen. Gilian Plants hat eigenen Import aus Thailand mit eigenen Sammlern in Lebensraum dort. So Gilian Plants bieten Ihnen das echte Gesch\u00e4ft. Jedes Jahr hat Gilian Plants neue Setzlinge in einigen Gro\u00dfhandelsmengen.<\/p>\n<p>&#8211; Preis ist f\u00fcr einen Setzling.<\/p>\n<ul>\n<li><strong>Pflanzenstandort: volle Sonne<\/strong><\/li>\n<li><strong>Pflanzenpflege: einfach<\/strong><\/li>\n<li><strong>Gie\u00dfen: junge Pflanzen eher trocken halten.<\/strong><\/li>\n<li><strong>Winterhart: nein<\/strong><\/li>\n<li><strong>Herkunftsland: Sri Lanka<\/strong><\/li>\n<\/ul>\n","protected":false},"excerpt":{"rendered":"<p><span style=\"font-size: 140%;\"><span style=\"font-family: Arial, Helvetica, sans-serif; font-style: normal; font-weight: 400; letter-spacing: normal; text-align: left; text-indent: 0px; text-transform: none; text-decoration: none; float: none;\"><strong>Caryota urens<\/strong><\/span><span style=\"font-family: Arial, Helvetica, sans-serif; font-style: normal; font-weight: 400; letter-spacing: normal; text-align: left; text-indent: 0px; text-transform: none; text-decoration: none; float: none;\"> \u2013 Jaggery Palm, Toddy Palm<\/span> <\/span><\/p>\n","protected":false},"featured_media":11810,"comment_status":"open","ping_status":"closed","template":"","meta":[],"product_brand":[],"product_cat":[410],"product_tag":[466,1277],"class_list":{"0":"post-9095","1":"product","2":"type-product","3":"status-publish","4":"has-post-thumbnail","6":"product_cat-palmen","7":"product_tag-caryota-de","8":"product_tag-urens-de","9":"product_shipping_class-normal-paket-1-10kg","11":"first","12":"instock","13":"taxable","14":"shipping-taxable","15":"purchasable","16":"product-type-simple"},"yoast_head":"<!-- This site is optimized with the Yoast SEO plugin v27.5 - https:\/\/yoast.com\/product\/yoast-seo-wordpress\/ -->\n<title>Caryota urens - Gilian Plants<\/title>\n<meta name=\"robots\" content=\"index, follow, max-snippet:-1, max-image-preview:large, max-video-preview:-1\" \/>\n<link rel=\"canonical\" href=\"https:\/\/www.gilianplants.com\/de\/produkt\/caryota-urens\/\" \/>\n<meta property=\"og:locale\" content=\"de_DE\" \/>\n<meta property=\"og:type\" content=\"article\" \/>\n<meta property=\"og:title\" content=\"Caryota urens - Gilian Plants\" \/>\n<meta property=\"og:description\" content=\"Caryota urens \u2013 Jaggery Palm, Toddy Palm\" \/>\n<meta property=\"og:url\" content=\"https:\/\/www.gilianplants.com\/de\/produkt\/caryota-urens\/\" \/>\n<meta property=\"og:site_name\" content=\"Gilian Plants\" \/>\n<meta property=\"article:modified_time\" content=\"2022-08-03T18:40:39+00:00\" \/>\n<meta name=\"twitter:card\" content=\"summary_large_image\" \/>\n<meta name=\"twitter:label1\" content=\"Gesch\u00e4tzte Lesezeit\" \/>\n\t<meta name=\"twitter:data1\" content=\"1\u00a0Minute\" \/>\n<script type=\"application\/ld+json\" class=\"yoast-schema-graph\">{\"@context\":\"https:\\\/\\\/schema.org\",\"@graph\":[{\"@type\":\"WebPage\",\"@id\":\"https:\\\/\\\/www.gilianplants.com\\\/de\\\/produkt\\\/caryota-urens\\\/\",\"url\":\"https:\\\/\\\/www.gilianplants.com\\\/de\\\/produkt\\\/caryota-urens\\\/\",\"name\":\"Caryota urens - Gilian Plants\",\"isPartOf\":{\"@id\":\"https:\\\/\\\/www.gilianplants.com\\\/de\\\/#website\"},\"primaryImageOfPage\":{\"@id\":\"https:\\\/\\\/www.gilianplants.com\\\/de\\\/produkt\\\/caryota-urens\\\/#primaryimage\"},\"image\":{\"@id\":\"https:\\\/\\\/www.gilianplants.com\\\/de\\\/produkt\\\/caryota-urens\\\/#primaryimage\"},\"thumbnailUrl\":\"https:\\\/\\\/www.gilianplants.com\\\/wp-content\\\/uploads\\\/2022\\\/10\\\/f4de5032-8edd-4fcc-8cb0-80be10549050.png\",\"datePublished\":\"2022-04-21T23:44:31+00:00\",\"dateModified\":\"2022-08-03T18:40:39+00:00\",\"breadcrumb\":{\"@id\":\"https:\\\/\\\/www.gilianplants.com\\\/de\\\/produkt\\\/caryota-urens\\\/#breadcrumb\"},\"inLanguage\":\"de\",\"potentialAction\":[{\"@type\":\"ReadAction\",\"target\":[\"https:\\\/\\\/www.gilianplants.com\\\/de\\\/produkt\\\/caryota-urens\\\/\"]}]},{\"@type\":\"ImageObject\",\"inLanguage\":\"de\",\"@id\":\"https:\\\/\\\/www.gilianplants.com\\\/de\\\/produkt\\\/caryota-urens\\\/#primaryimage\",\"url\":\"https:\\\/\\\/www.gilianplants.com\\\/wp-content\\\/uploads\\\/2022\\\/10\\\/f4de5032-8edd-4fcc-8cb0-80be10549050.png\",\"contentUrl\":\"https:\\\/\\\/www.gilianplants.com\\\/wp-content\\\/uploads\\\/2022\\\/10\\\/f4de5032-8edd-4fcc-8cb0-80be10549050.png\",\"width\":1800,\"height\":1200},{\"@type\":\"BreadcrumbList\",\"@id\":\"https:\\\/\\\/www.gilianplants.com\\\/de\\\/produkt\\\/caryota-urens\\\/#breadcrumb\",\"itemListElement\":[{\"@type\":\"ListItem\",\"position\":1,\"name\":\"Home\",\"item\":\"https:\\\/\\\/www.gilianplants.com\\\/de\\\/home\\\/\"},{\"@type\":\"ListItem\",\"position\":2,\"name\":\"Shop\",\"item\":\"https:\\\/\\\/www.gilianplants.com\\\/shop\\\/\"},{\"@type\":\"ListItem\",\"position\":3,\"name\":\"Caryota urens\"}]},{\"@type\":\"WebSite\",\"@id\":\"https:\\\/\\\/www.gilianplants.com\\\/de\\\/#website\",\"url\":\"https:\\\/\\\/www.gilianplants.com\\\/de\\\/\",\"name\":\"Gilian Plants\",\"description\":\"Specialist in germination of rare exotic plants\",\"potentialAction\":[{\"@type\":\"SearchAction\",\"target\":{\"@type\":\"EntryPoint\",\"urlTemplate\":\"https:\\\/\\\/www.gilianplants.com\\\/de\\\/?s={search_term_string}\"},\"query-input\":{\"@type\":\"PropertyValueSpecification\",\"valueRequired\":true,\"valueName\":\"search_term_string\"}}],\"inLanguage\":\"de\"}]}<\/script>\n<!-- \/ Yoast SEO plugin. -->","yoast_head_json":{"title":"Caryota urens - Gilian Plants","robots":{"index":"index","follow":"follow","max-snippet":"max-snippet:-1","max-image-preview":"max-image-preview:large","max-video-preview":"max-video-preview:-1"},"canonical":"https:\/\/www.gilianplants.com\/de\/produkt\/caryota-urens\/","og_locale":"de_DE","og_type":"article","og_title":"Caryota urens - Gilian Plants","og_description":"Caryota urens \u2013 Jaggery Palm, Toddy Palm","og_url":"https:\/\/www.gilianplants.com\/de\/produkt\/caryota-urens\/","og_site_name":"Gilian Plants","article_modified_time":"2022-08-03T18:40:39+00:00","twitter_card":"summary_large_image","twitter_misc":{"Gesch\u00e4tzte Lesezeit":"1\u00a0Minute"},"schema":{"@context":"https:\/\/schema.org","@graph":[{"@type":"WebPage","@id":"https:\/\/www.gilianplants.com\/de\/produkt\/caryota-urens\/","url":"https:\/\/www.gilianplants.com\/de\/produkt\/caryota-urens\/","name":"Caryota urens - Gilian Plants","isPartOf":{"@id":"https:\/\/www.gilianplants.com\/de\/#website"},"primaryImageOfPage":{"@id":"https:\/\/www.gilianplants.com\/de\/produkt\/caryota-urens\/#primaryimage"},"image":{"@id":"https:\/\/www.gilianplants.com\/de\/produkt\/caryota-urens\/#primaryimage"},"thumbnailUrl":"https:\/\/www.gilianplants.com\/wp-content\/uploads\/2022\/10\/f4de5032-8edd-4fcc-8cb0-80be10549050.png","datePublished":"2022-04-21T23:44:31+00:00","dateModified":"2022-08-03T18:40:39+00:00","breadcrumb":{"@id":"https:\/\/www.gilianplants.com\/de\/produkt\/caryota-urens\/#breadcrumb"},"inLanguage":"de","potentialAction":[{"@type":"ReadAction","target":["https:\/\/www.gilianplants.com\/de\/produkt\/caryota-urens\/"]}]},{"@type":"ImageObject","inLanguage":"de","@id":"https:\/\/www.gilianplants.com\/de\/produkt\/caryota-urens\/#primaryimage","url":"https:\/\/www.gilianplants.com\/wp-content\/uploads\/2022\/10\/f4de5032-8edd-4fcc-8cb0-80be10549050.png","contentUrl":"https:\/\/www.gilianplants.com\/wp-content\/uploads\/2022\/10\/f4de5032-8edd-4fcc-8cb0-80be10549050.png","width":1800,"height":1200},{"@type":"BreadcrumbList","@id":"https:\/\/www.gilianplants.com\/de\/produkt\/caryota-urens\/#breadcrumb","itemListElement":[{"@type":"ListItem","position":1,"name":"Home","item":"https:\/\/www.gilianplants.com\/de\/home\/"},{"@type":"ListItem","position":2,"name":"Shop","item":"https:\/\/www.gilianplants.com\/shop\/"},{"@type":"ListItem","position":3,"name":"Caryota urens"}]},{"@type":"WebSite","@id":"https:\/\/www.gilianplants.com\/de\/#website","url":"https:\/\/www.gilianplants.com\/de\/","name":"Gilian Plants","description":"Specialist in germination of rare exotic plants","potentialAction":[{"@type":"SearchAction","target":{"@type":"EntryPoint","urlTemplate":"https:\/\/www.gilianplants.com\/de\/?s={search_term_string}"},"query-input":{"@type":"PropertyValueSpecification","valueRequired":true,"valueName":"search_term_string"}}],"inLanguage":"de"}]}},"jetpack_sharing_enabled":true,"_links":{"self":[{"href":"https:\/\/www.gilianplants.com\/de\/wp-json\/wp\/v2\/product\/9095","targetHints":{"allow":["GET"]}}],"collection":[{"href":"https:\/\/www.gilianplants.com\/de\/wp-json\/wp\/v2\/product"}],"about":[{"href":"https:\/\/www.gilianplants.com\/de\/wp-json\/wp\/v2\/types\/product"}],"replies":[{"embeddable":true,"href":"https:\/\/www.gilianplants.com\/de\/wp-json\/wp\/v2\/comments?post=9095"}],"wp:featuredmedia":[{"embeddable":true,"href":"https:\/\/www.gilianplants.com\/de\/wp-json\/wp\/v2\/media\/11810"}],"wp:attachment":[{"href":"https:\/\/www.gilianplants.com\/de\/wp-json\/wp\/v2\/media?parent=9095"}],"wp:term":[{"taxonomy":"product_brand","embeddable":true,"href":"https:\/\/www.gilianplants.com\/de\/wp-json\/wp\/v2\/product_brand?post=9095"},{"taxonomy":"product_cat","embeddable":true,"href":"https:\/\/www.gilianplants.com\/de\/wp-json\/wp\/v2\/product_cat?post=9095"},{"taxonomy":"product_tag","embeddable":true,"href":"https:\/\/www.gilianplants.com\/de\/wp-json\/wp\/v2\/product_tag?post=9095"}],"curies":[{"name":"wp","href":"https:\/\/api.w.org\/{rel}","templated":true}]}}