{"id":10174,"date":"2022-06-04T11:18:57","date_gmt":"2022-06-04T10:18:57","guid":{"rendered":"https:\/\/www.gilianplants.com\/product\/yucca-potosina\/"},"modified":"2022-06-04T11:33:14","modified_gmt":"2022-06-04T10:33:14","slug":"yucca-potosina","status":"publish","type":"product","link":"https:\/\/www.gilianplants.com\/fr\/produit\/yucca-potosina\/","title":{"rendered":"Yucca potosina"},"content":{"rendered":"<p><strong><span style=\"font-size: 140%;\">Yucca potosina &#8211; Yucca g\u00e9ant de Potos\u00ed<\/span><\/strong><\/p>\n<p>Ce Yucca potosina a une belle tige haute et est assez rare en culture. Ce Yucca peut atteindre 8 m\u00e8tres de haut. Cette esp\u00e8ce pousse dans un sol sablonneux. Elle a de grandes feuilles herbeuses en rosette robuste. Elle a une couleur bleut\u00e9e en plein soleil. Les tiges florales sont tr\u00e8s grandes et portent de nombreuses fleurs blanches. Vraiment impressionnant pour cette plante. Apr\u00e8s la floraison, elle produira de nombreuses graines. Ce Yucca potosina est r\u00e9sistant au froid. Donnez \u00e0 ce Yucca au look exotique un bon emplacement dans votre jardin et il deviendra une grande plante de jardin ! Prot\u00e9gez-le bien du gel un peu&#8230; Une plante merveilleuse pour les climats chauds et tropicaux.<\/p>\n<p>&nbsp;<\/p>\n<ul>\n<li><strong>Emplacement de la plante : plein soleil \/ mi-ombre<\/strong><\/li>\n<li><strong>Arrosage : pas beaucoup<\/strong><\/li>\n<li><strong>R\u00e9sistance au froid : -10 degr\u00e9s<\/strong><\/li>\n<li><strong>Pays d&rsquo;origine : USA<\/strong><\/li>\n<\/ul>\n","protected":false},"excerpt":{"rendered":"<p><strong><span style=\"font-size: 140%;\">Yucca potosina &#8211; Yucca g\u00e9ant de Potos\u00ed<\/span><\/strong><\/p>\n","protected":false},"featured_media":10170,"comment_status":"open","ping_status":"closed","template":"","meta":[],"product_brand":[],"product_cat":[418,538,152,238],"product_tag":[1143,1140,1141,1142,1369,1364,1365,1367,1368,710,1370,1366,419,539,153,276],"class_list":{"0":"post-10174","1":"product","2":"type-product","3":"status-publish","4":"has-post-thumbnail","6":"product_cat-yucca","7":"product_cat-yuccas","10":"product_tag-giant-de","11":"product_tag-giant","12":"product_tag-giant-nl","13":"product_tag-giant-fr","14":"product_tag-potosi-de","15":"product_tag-potosi","16":"product_tag-potosi-nl","17":"product_tag-potosi-fr","18":"product_tag-potosina-fr","19":"product_tag-potosina","20":"product_tag-potosina-de","21":"product_tag-potosina-nl","22":"product_tag-yucca-de","23":"product_tag-yucca-fr","24":"product_tag-yucca","25":"product_tag-yucca-en","26":"product_shipping_class-colis-normal-1-10kg","27":"product_shipping_class-normal-paket-1-10kg","28":"product_shipping_class-normal-parcel-1-10kg","29":"product_shipping_class-normal-parcel-1-10kg-en","31":"first","32":"instock","33":"taxable","34":"shipping-taxable","35":"purchasable","36":"product-type-simple"},"yoast_head":"<!-- This site is optimized with the Yoast SEO plugin v27.5 - https:\/\/yoast.com\/product\/yoast-seo-wordpress\/ -->\n<title>Yucca potosina - Gilian Plants<\/title>\n<meta name=\"robots\" content=\"index, follow, max-snippet:-1, max-image-preview:large, max-video-preview:-1\" \/>\n<link rel=\"canonical\" href=\"https:\/\/www.gilianplants.com\/fr\/produit\/yucca-potosina\/\" \/>\n<meta property=\"og:locale\" content=\"fr_FR\" \/>\n<meta property=\"og:type\" content=\"article\" \/>\n<meta property=\"og:title\" content=\"Yucca potosina - Gilian Plants\" \/>\n<meta property=\"og:description\" content=\"Yucca potosina - Yucca g\u00e9ant de Potos\u00ed\" \/>\n<meta property=\"og:url\" content=\"https:\/\/www.gilianplants.com\/fr\/produit\/yucca-potosina\/\" \/>\n<meta property=\"og:site_name\" content=\"Gilian Plants\" \/>\n<meta property=\"article:modified_time\" content=\"2022-06-04T10:33:14+00:00\" \/>\n<meta property=\"og:image\" content=\"https:\/\/www.gilianplants.com\/wp-content\/uploads\/2022\/06\/0ebf914c-f5f0-455a-a907-eeaf8e4fdead-768x512.png\" \/>\n\t<meta property=\"og:image:width\" content=\"768\" \/>\n\t<meta property=\"og:image:height\" content=\"512\" \/>\n\t<meta property=\"og:image:type\" content=\"image\/png\" \/>\n<meta name=\"twitter:card\" content=\"summary_large_image\" \/>\n<meta name=\"twitter:label1\" content=\"Dur\u00e9e de lecture estim\u00e9e\" \/>\n\t<meta name=\"twitter:data1\" content=\"1 minute\" \/>\n<script type=\"application\/ld+json\" class=\"yoast-schema-graph\">{\"@context\":\"https:\\\/\\\/schema.org\",\"@graph\":[{\"@type\":\"WebPage\",\"@id\":\"https:\\\/\\\/www.gilianplants.com\\\/fr\\\/produit\\\/yucca-potosina\\\/\",\"url\":\"https:\\\/\\\/www.gilianplants.com\\\/fr\\\/produit\\\/yucca-potosina\\\/\",\"name\":\"Yucca potosina - Gilian Plants\",\"isPartOf\":{\"@id\":\"https:\\\/\\\/www.gilianplants.com\\\/fr\\\/#website\"},\"primaryImageOfPage\":{\"@id\":\"https:\\\/\\\/www.gilianplants.com\\\/fr\\\/produit\\\/yucca-potosina\\\/#primaryimage\"},\"image\":{\"@id\":\"https:\\\/\\\/www.gilianplants.com\\\/fr\\\/produit\\\/yucca-potosina\\\/#primaryimage\"},\"thumbnailUrl\":\"https:\\\/\\\/www.gilianplants.com\\\/wp-content\\\/uploads\\\/2022\\\/06\\\/0ebf914c-f5f0-455a-a907-eeaf8e4fdead.png\",\"datePublished\":\"2022-06-04T10:18:57+00:00\",\"dateModified\":\"2022-06-04T10:33:14+00:00\",\"breadcrumb\":{\"@id\":\"https:\\\/\\\/www.gilianplants.com\\\/fr\\\/produit\\\/yucca-potosina\\\/#breadcrumb\"},\"inLanguage\":\"fr-FR\",\"potentialAction\":[{\"@type\":\"ReadAction\",\"target\":[\"https:\\\/\\\/www.gilianplants.com\\\/fr\\\/produit\\\/yucca-potosina\\\/\"]}]},{\"@type\":\"ImageObject\",\"inLanguage\":\"fr-FR\",\"@id\":\"https:\\\/\\\/www.gilianplants.com\\\/fr\\\/produit\\\/yucca-potosina\\\/#primaryimage\",\"url\":\"https:\\\/\\\/www.gilianplants.com\\\/wp-content\\\/uploads\\\/2022\\\/06\\\/0ebf914c-f5f0-455a-a907-eeaf8e4fdead.png\",\"contentUrl\":\"https:\\\/\\\/www.gilianplants.com\\\/wp-content\\\/uploads\\\/2022\\\/06\\\/0ebf914c-f5f0-455a-a907-eeaf8e4fdead.png\",\"width\":1800,\"height\":1200},{\"@type\":\"BreadcrumbList\",\"@id\":\"https:\\\/\\\/www.gilianplants.com\\\/fr\\\/produit\\\/yucca-potosina\\\/#breadcrumb\",\"itemListElement\":[{\"@type\":\"ListItem\",\"position\":1,\"name\":\"Home\",\"item\":\"https:\\\/\\\/www.gilianplants.com\\\/fr\\\/\"},{\"@type\":\"ListItem\",\"position\":2,\"name\":\"Shop\",\"item\":\"https:\\\/\\\/www.gilianplants.com\\\/shop\\\/\"},{\"@type\":\"ListItem\",\"position\":3,\"name\":\"Yucca potosina\"}]},{\"@type\":\"WebSite\",\"@id\":\"https:\\\/\\\/www.gilianplants.com\\\/fr\\\/#website\",\"url\":\"https:\\\/\\\/www.gilianplants.com\\\/fr\\\/\",\"name\":\"Gilian Plants\",\"description\":\"Specialist in germination of rare exotic plants\",\"potentialAction\":[{\"@type\":\"SearchAction\",\"target\":{\"@type\":\"EntryPoint\",\"urlTemplate\":\"https:\\\/\\\/www.gilianplants.com\\\/fr\\\/?s={search_term_string}\"},\"query-input\":{\"@type\":\"PropertyValueSpecification\",\"valueRequired\":true,\"valueName\":\"search_term_string\"}}],\"inLanguage\":\"fr-FR\"}]}<\/script>\n<!-- \/ Yoast SEO plugin. -->","yoast_head_json":{"title":"Yucca potosina - Gilian Plants","robots":{"index":"index","follow":"follow","max-snippet":"max-snippet:-1","max-image-preview":"max-image-preview:large","max-video-preview":"max-video-preview:-1"},"canonical":"https:\/\/www.gilianplants.com\/fr\/produit\/yucca-potosina\/","og_locale":"fr_FR","og_type":"article","og_title":"Yucca potosina - Gilian Plants","og_description":"Yucca potosina - Yucca g\u00e9ant de Potos\u00ed","og_url":"https:\/\/www.gilianplants.com\/fr\/produit\/yucca-potosina\/","og_site_name":"Gilian Plants","article_modified_time":"2022-06-04T10:33:14+00:00","og_image":[{"width":768,"height":512,"url":"https:\/\/www.gilianplants.com\/wp-content\/uploads\/2022\/06\/0ebf914c-f5f0-455a-a907-eeaf8e4fdead-768x512.png","type":"image\/png"}],"twitter_card":"summary_large_image","twitter_misc":{"Dur\u00e9e de lecture estim\u00e9e":"1 minute"},"schema":{"@context":"https:\/\/schema.org","@graph":[{"@type":"WebPage","@id":"https:\/\/www.gilianplants.com\/fr\/produit\/yucca-potosina\/","url":"https:\/\/www.gilianplants.com\/fr\/produit\/yucca-potosina\/","name":"Yucca potosina - Gilian Plants","isPartOf":{"@id":"https:\/\/www.gilianplants.com\/fr\/#website"},"primaryImageOfPage":{"@id":"https:\/\/www.gilianplants.com\/fr\/produit\/yucca-potosina\/#primaryimage"},"image":{"@id":"https:\/\/www.gilianplants.com\/fr\/produit\/yucca-potosina\/#primaryimage"},"thumbnailUrl":"https:\/\/www.gilianplants.com\/wp-content\/uploads\/2022\/06\/0ebf914c-f5f0-455a-a907-eeaf8e4fdead.png","datePublished":"2022-06-04T10:18:57+00:00","dateModified":"2022-06-04T10:33:14+00:00","breadcrumb":{"@id":"https:\/\/www.gilianplants.com\/fr\/produit\/yucca-potosina\/#breadcrumb"},"inLanguage":"fr-FR","potentialAction":[{"@type":"ReadAction","target":["https:\/\/www.gilianplants.com\/fr\/produit\/yucca-potosina\/"]}]},{"@type":"ImageObject","inLanguage":"fr-FR","@id":"https:\/\/www.gilianplants.com\/fr\/produit\/yucca-potosina\/#primaryimage","url":"https:\/\/www.gilianplants.com\/wp-content\/uploads\/2022\/06\/0ebf914c-f5f0-455a-a907-eeaf8e4fdead.png","contentUrl":"https:\/\/www.gilianplants.com\/wp-content\/uploads\/2022\/06\/0ebf914c-f5f0-455a-a907-eeaf8e4fdead.png","width":1800,"height":1200},{"@type":"BreadcrumbList","@id":"https:\/\/www.gilianplants.com\/fr\/produit\/yucca-potosina\/#breadcrumb","itemListElement":[{"@type":"ListItem","position":1,"name":"Home","item":"https:\/\/www.gilianplants.com\/fr\/"},{"@type":"ListItem","position":2,"name":"Shop","item":"https:\/\/www.gilianplants.com\/shop\/"},{"@type":"ListItem","position":3,"name":"Yucca potosina"}]},{"@type":"WebSite","@id":"https:\/\/www.gilianplants.com\/fr\/#website","url":"https:\/\/www.gilianplants.com\/fr\/","name":"Gilian Plants","description":"Specialist in germination of rare exotic plants","potentialAction":[{"@type":"SearchAction","target":{"@type":"EntryPoint","urlTemplate":"https:\/\/www.gilianplants.com\/fr\/?s={search_term_string}"},"query-input":{"@type":"PropertyValueSpecification","valueRequired":true,"valueName":"search_term_string"}}],"inLanguage":"fr-FR"}]}},"jetpack_sharing_enabled":true,"_links":{"self":[{"href":"https:\/\/www.gilianplants.com\/fr\/wp-json\/wp\/v2\/product\/10174","targetHints":{"allow":["GET"]}}],"collection":[{"href":"https:\/\/www.gilianplants.com\/fr\/wp-json\/wp\/v2\/product"}],"about":[{"href":"https:\/\/www.gilianplants.com\/fr\/wp-json\/wp\/v2\/types\/product"}],"replies":[{"embeddable":true,"href":"https:\/\/www.gilianplants.com\/fr\/wp-json\/wp\/v2\/comments?post=10174"}],"wp:featuredmedia":[{"embeddable":true,"href":"https:\/\/www.gilianplants.com\/fr\/wp-json\/wp\/v2\/media\/10170"}],"wp:attachment":[{"href":"https:\/\/www.gilianplants.com\/fr\/wp-json\/wp\/v2\/media?parent=10174"}],"wp:term":[{"taxonomy":"product_brand","embeddable":true,"href":"https:\/\/www.gilianplants.com\/fr\/wp-json\/wp\/v2\/product_brand?post=10174"},{"taxonomy":"product_cat","embeddable":true,"href":"https:\/\/www.gilianplants.com\/fr\/wp-json\/wp\/v2\/product_cat?post=10174"},{"taxonomy":"product_tag","embeddable":true,"href":"https:\/\/www.gilianplants.com\/fr\/wp-json\/wp\/v2\/product_tag?post=10174"}],"curies":[{"name":"wp","href":"https:\/\/api.w.org\/{rel}","templated":true}]}}