{"id":10177,"date":"2022-06-04T12:16:27","date_gmt":"2022-06-04T10:16:27","guid":{"rendered":"https:\/\/www.gilianplants.com\/product\/yucca-faxoniana-2-2\/"},"modified":"2022-06-04T11:43:54","modified_gmt":"2022-06-04T10:43:54","slug":"yucca-faxoniana-petite","status":"publish","type":"product","link":"https:\/\/www.gilianplants.com\/fr\/produit\/yucca-faxoniana-petite\/","title":{"rendered":"Yucca faxoniana"},"content":{"rendered":"<p><span style=\"font-size: 150%;\"><strong>Yucca faxoniana &#8211; Dague espagnole<\/strong><\/span><\/p>\n<p>Ce Yucca faxoniana a un gros tronc et est tr\u00e8s robuste. Cette esp\u00e8ce pousse dans les sols sablonneux. Il a de grandes feuilles raides dans une rosette robuste. Il a une couleur verte bleut\u00e9e en plein soleil. Les tiges de fleurs sont tr\u00e8s grandes avec beaucoup de fleurs blanches. Vraiment impressionnant pour cette plante. Apr\u00e8s la floraison, elle produit de nombreuses graines. Elle ne peut pas facilement produire des drageons autour de la tige principale. La production se fait uniquement en graines ou en culture de tissus. Ce Yucca faxoniana est r\u00e9sistant au froid. Donnez \u00e0 ce Yucca nain \u00e0 l&rsquo;aspect exotique un bon emplacement dans votre jardin et il deviendra une grande plante de jardin ! Prot\u00e9gez-le bien du gel pendant un certain temps&#8230; Une plante merveilleuse pour les climats chauds et tropicaux. Yucca faxoniana si difficile \u00e0 obtenir de vraies plantes.<\/p>\n<p>le prix est pour une plante<\/p>\n<ul>\n<li><strong>Emplacement de la plante : plein soleil \/ mi-ombre<\/strong><\/li>\n<li><strong>Arrosage : pas beaucoup<\/strong><\/li>\n<li><strong>R\u00e9sistance au froid : -10 degr\u00e9s<\/strong><\/li>\n<li><strong>Pays d&rsquo;origine : USA USA<\/strong><\/li>\n<\/ul>\n","protected":false},"excerpt":{"rendered":"<p><span style=\"font-size: 150%;\"><strong>Yucca faxoniana &#8211; Dague espagnole<\/strong><\/span><\/p>\n","protected":false},"featured_media":15067,"comment_status":"open","ping_status":"closed","template":"","meta":[],"product_brand":[],"product_cat":[538],"product_tag":[565,539],"class_list":{"0":"post-10177","1":"product","2":"type-product","3":"status-publish","4":"has-post-thumbnail","6":"product_cat-yuccas","7":"product_tag-faxoniana-fr","8":"product_tag-yucca-fr","9":"product_shipping_class-colis-normal-1-10kg","11":"first","12":"instock","13":"taxable","14":"shipping-taxable","15":"purchasable","16":"product-type-simple"},"yoast_head":"<!-- This site is optimized with the Yoast SEO plugin v27.5 - https:\/\/yoast.com\/product\/yoast-seo-wordpress\/ -->\n<title>Yucca faxoniana - Gilian Plants<\/title>\n<meta name=\"robots\" content=\"index, follow, max-snippet:-1, max-image-preview:large, max-video-preview:-1\" \/>\n<link rel=\"canonical\" href=\"https:\/\/www.gilianplants.com\/fr\/produit\/yucca-faxoniana-petite\/\" \/>\n<meta property=\"og:locale\" content=\"fr_FR\" \/>\n<meta property=\"og:type\" content=\"article\" \/>\n<meta property=\"og:title\" content=\"Yucca faxoniana - Gilian Plants\" \/>\n<meta property=\"og:description\" content=\"Yucca faxoniana - Dague espagnole\" \/>\n<meta property=\"og:url\" content=\"https:\/\/www.gilianplants.com\/fr\/produit\/yucca-faxoniana-petite\/\" \/>\n<meta property=\"og:site_name\" content=\"Gilian Plants\" \/>\n<meta property=\"article:modified_time\" content=\"2022-06-04T10:43:54+00:00\" \/>\n<meta property=\"og:image\" content=\"https:\/\/www.gilianplants.com\/wp-content\/uploads\/2022\/06\/356ca623-22f6-48bf-9bbd-e37203746543.png\" \/>\n\t<meta property=\"og:image:width\" content=\"1800\" \/>\n\t<meta property=\"og:image:height\" content=\"1200\" \/>\n\t<meta property=\"og:image:type\" content=\"image\/png\" \/>\n<meta name=\"twitter:card\" content=\"summary_large_image\" \/>\n<meta name=\"twitter:label1\" content=\"Dur\u00e9e de lecture estim\u00e9e\" \/>\n\t<meta name=\"twitter:data1\" content=\"1 minute\" \/>\n<script type=\"application\/ld+json\" class=\"yoast-schema-graph\">{\"@context\":\"https:\\\/\\\/schema.org\",\"@graph\":[{\"@type\":\"WebPage\",\"@id\":\"https:\\\/\\\/www.gilianplants.com\\\/fr\\\/produit\\\/yucca-faxoniana-petite\\\/\",\"url\":\"https:\\\/\\\/www.gilianplants.com\\\/fr\\\/produit\\\/yucca-faxoniana-petite\\\/\",\"name\":\"Yucca faxoniana - Gilian Plants\",\"isPartOf\":{\"@id\":\"https:\\\/\\\/www.gilianplants.com\\\/fr\\\/#website\"},\"primaryImageOfPage\":{\"@id\":\"https:\\\/\\\/www.gilianplants.com\\\/fr\\\/produit\\\/yucca-faxoniana-petite\\\/#primaryimage\"},\"image\":{\"@id\":\"https:\\\/\\\/www.gilianplants.com\\\/fr\\\/produit\\\/yucca-faxoniana-petite\\\/#primaryimage\"},\"thumbnailUrl\":\"https:\\\/\\\/www.gilianplants.com\\\/wp-content\\\/uploads\\\/2023\\\/09\\\/3fcf4339-329c-4c9e-8b4f-dc960895d718.png\",\"datePublished\":\"2022-06-04T10:16:27+00:00\",\"dateModified\":\"2022-06-04T10:43:54+00:00\",\"breadcrumb\":{\"@id\":\"https:\\\/\\\/www.gilianplants.com\\\/fr\\\/produit\\\/yucca-faxoniana-petite\\\/#breadcrumb\"},\"inLanguage\":\"fr-FR\",\"potentialAction\":[{\"@type\":\"ReadAction\",\"target\":[\"https:\\\/\\\/www.gilianplants.com\\\/fr\\\/produit\\\/yucca-faxoniana-petite\\\/\"]}]},{\"@type\":\"ImageObject\",\"inLanguage\":\"fr-FR\",\"@id\":\"https:\\\/\\\/www.gilianplants.com\\\/fr\\\/produit\\\/yucca-faxoniana-petite\\\/#primaryimage\",\"url\":\"https:\\\/\\\/www.gilianplants.com\\\/wp-content\\\/uploads\\\/2023\\\/09\\\/3fcf4339-329c-4c9e-8b4f-dc960895d718.png\",\"contentUrl\":\"https:\\\/\\\/www.gilianplants.com\\\/wp-content\\\/uploads\\\/2023\\\/09\\\/3fcf4339-329c-4c9e-8b4f-dc960895d718.png\",\"width\":1000,\"height\":1000},{\"@type\":\"BreadcrumbList\",\"@id\":\"https:\\\/\\\/www.gilianplants.com\\\/fr\\\/produit\\\/yucca-faxoniana-petite\\\/#breadcrumb\",\"itemListElement\":[{\"@type\":\"ListItem\",\"position\":1,\"name\":\"Home\",\"item\":\"https:\\\/\\\/www.gilianplants.com\\\/fr\\\/\"},{\"@type\":\"ListItem\",\"position\":2,\"name\":\"Shop\",\"item\":\"https:\\\/\\\/www.gilianplants.com\\\/shop\\\/\"},{\"@type\":\"ListItem\",\"position\":3,\"name\":\"Yucca faxoniana\"}]},{\"@type\":\"WebSite\",\"@id\":\"https:\\\/\\\/www.gilianplants.com\\\/fr\\\/#website\",\"url\":\"https:\\\/\\\/www.gilianplants.com\\\/fr\\\/\",\"name\":\"Gilian Plants\",\"description\":\"Specialist in germination of rare exotic plants\",\"potentialAction\":[{\"@type\":\"SearchAction\",\"target\":{\"@type\":\"EntryPoint\",\"urlTemplate\":\"https:\\\/\\\/www.gilianplants.com\\\/fr\\\/?s={search_term_string}\"},\"query-input\":{\"@type\":\"PropertyValueSpecification\",\"valueRequired\":true,\"valueName\":\"search_term_string\"}}],\"inLanguage\":\"fr-FR\"}]}<\/script>\n<!-- \/ Yoast SEO plugin. -->","yoast_head_json":{"title":"Yucca faxoniana - Gilian Plants","robots":{"index":"index","follow":"follow","max-snippet":"max-snippet:-1","max-image-preview":"max-image-preview:large","max-video-preview":"max-video-preview:-1"},"canonical":"https:\/\/www.gilianplants.com\/fr\/produit\/yucca-faxoniana-petite\/","og_locale":"fr_FR","og_type":"article","og_title":"Yucca faxoniana - Gilian Plants","og_description":"Yucca faxoniana - Dague espagnole","og_url":"https:\/\/www.gilianplants.com\/fr\/produit\/yucca-faxoniana-petite\/","og_site_name":"Gilian Plants","article_modified_time":"2022-06-04T10:43:54+00:00","og_image":[{"width":1800,"height":1200,"url":"https:\/\/www.gilianplants.com\/wp-content\/uploads\/2022\/06\/356ca623-22f6-48bf-9bbd-e37203746543.png","type":"image\/png"}],"twitter_card":"summary_large_image","twitter_misc":{"Dur\u00e9e de lecture estim\u00e9e":"1 minute"},"schema":{"@context":"https:\/\/schema.org","@graph":[{"@type":"WebPage","@id":"https:\/\/www.gilianplants.com\/fr\/produit\/yucca-faxoniana-petite\/","url":"https:\/\/www.gilianplants.com\/fr\/produit\/yucca-faxoniana-petite\/","name":"Yucca faxoniana - Gilian Plants","isPartOf":{"@id":"https:\/\/www.gilianplants.com\/fr\/#website"},"primaryImageOfPage":{"@id":"https:\/\/www.gilianplants.com\/fr\/produit\/yucca-faxoniana-petite\/#primaryimage"},"image":{"@id":"https:\/\/www.gilianplants.com\/fr\/produit\/yucca-faxoniana-petite\/#primaryimage"},"thumbnailUrl":"https:\/\/www.gilianplants.com\/wp-content\/uploads\/2023\/09\/3fcf4339-329c-4c9e-8b4f-dc960895d718.png","datePublished":"2022-06-04T10:16:27+00:00","dateModified":"2022-06-04T10:43:54+00:00","breadcrumb":{"@id":"https:\/\/www.gilianplants.com\/fr\/produit\/yucca-faxoniana-petite\/#breadcrumb"},"inLanguage":"fr-FR","potentialAction":[{"@type":"ReadAction","target":["https:\/\/www.gilianplants.com\/fr\/produit\/yucca-faxoniana-petite\/"]}]},{"@type":"ImageObject","inLanguage":"fr-FR","@id":"https:\/\/www.gilianplants.com\/fr\/produit\/yucca-faxoniana-petite\/#primaryimage","url":"https:\/\/www.gilianplants.com\/wp-content\/uploads\/2023\/09\/3fcf4339-329c-4c9e-8b4f-dc960895d718.png","contentUrl":"https:\/\/www.gilianplants.com\/wp-content\/uploads\/2023\/09\/3fcf4339-329c-4c9e-8b4f-dc960895d718.png","width":1000,"height":1000},{"@type":"BreadcrumbList","@id":"https:\/\/www.gilianplants.com\/fr\/produit\/yucca-faxoniana-petite\/#breadcrumb","itemListElement":[{"@type":"ListItem","position":1,"name":"Home","item":"https:\/\/www.gilianplants.com\/fr\/"},{"@type":"ListItem","position":2,"name":"Shop","item":"https:\/\/www.gilianplants.com\/shop\/"},{"@type":"ListItem","position":3,"name":"Yucca faxoniana"}]},{"@type":"WebSite","@id":"https:\/\/www.gilianplants.com\/fr\/#website","url":"https:\/\/www.gilianplants.com\/fr\/","name":"Gilian Plants","description":"Specialist in germination of rare exotic plants","potentialAction":[{"@type":"SearchAction","target":{"@type":"EntryPoint","urlTemplate":"https:\/\/www.gilianplants.com\/fr\/?s={search_term_string}"},"query-input":{"@type":"PropertyValueSpecification","valueRequired":true,"valueName":"search_term_string"}}],"inLanguage":"fr-FR"}]}},"jetpack_sharing_enabled":true,"_links":{"self":[{"href":"https:\/\/www.gilianplants.com\/fr\/wp-json\/wp\/v2\/product\/10177","targetHints":{"allow":["GET"]}}],"collection":[{"href":"https:\/\/www.gilianplants.com\/fr\/wp-json\/wp\/v2\/product"}],"about":[{"href":"https:\/\/www.gilianplants.com\/fr\/wp-json\/wp\/v2\/types\/product"}],"replies":[{"embeddable":true,"href":"https:\/\/www.gilianplants.com\/fr\/wp-json\/wp\/v2\/comments?post=10177"}],"wp:featuredmedia":[{"embeddable":true,"href":"https:\/\/www.gilianplants.com\/fr\/wp-json\/wp\/v2\/media\/15067"}],"wp:attachment":[{"href":"https:\/\/www.gilianplants.com\/fr\/wp-json\/wp\/v2\/media?parent=10177"}],"wp:term":[{"taxonomy":"product_brand","embeddable":true,"href":"https:\/\/www.gilianplants.com\/fr\/wp-json\/wp\/v2\/product_brand?post=10177"},{"taxonomy":"product_cat","embeddable":true,"href":"https:\/\/www.gilianplants.com\/fr\/wp-json\/wp\/v2\/product_cat?post=10177"},{"taxonomy":"product_tag","embeddable":true,"href":"https:\/\/www.gilianplants.com\/fr\/wp-json\/wp\/v2\/product_tag?post=10177"}],"curies":[{"name":"wp","href":"https:\/\/api.w.org\/{rel}","templated":true}]}}