{"id":10255,"date":"2022-06-09T13:40:14","date_gmt":"2022-06-09T12:40:14","guid":{"rendered":"https:\/\/www.gilianplants.com\/product\/passiflora-caerulea\/"},"modified":"2022-06-09T14:05:31","modified_gmt":"2022-06-09T13:05:31","slug":"passiflora-caerulea","status":"publish","type":"product","link":"https:\/\/www.gilianplants.com\/fr\/produit\/passiflora-caerulea\/","title":{"rendered":"Passiflora caerulea"},"content":{"rendered":"<p><strong><span style=\"font-size: 160%;\">Passiflora caerulea &#8211; Passiflore blanche et bleue<\/span><\/strong><\/p>\n<p>Cette plante Passiflora caerulea est un must pour votre jardin. Lorsque les plantes sont jeunes, elles sont d\u00e9j\u00e0 en train de fleurir. Les plantes mut\u00e9es, expos\u00e9es \u00e0 un fort ensoleillement, produisent beaucoup de fleurs et des fruits verts. Lorsqu&rsquo;ils sont m\u00fbrs, ils prennent une couleur orange. Une vraie plante ornementale. Elle pousse en grappes avec de grandes plantes. Cette plante peut atteindre une hauteur de 5 m\u00e8tres. Le mieux pour cette plante est de la garder en pleine terre avec beaucoup de soleil. Vous recevrez une plante de la taille de cette photo. Cette plante grimpante donne un look exotique \u00e0 votre jardin.<\/p>\n<p>Nous sommes experts dans la germination de graines de Passiflora rares et sp\u00e9ciales. Gilian Plants fait tout elle-m\u00eame pour pouvoir vous fournir la vraie affaire. Chaque ann\u00e9e a Gilian Plants nouveaux spieces dans certaines quantit\u00e9s de gros en vrac.<\/p>\n<ul>\n<li><strong>Emplacement de la plante : ombre \/ demi-ombre<\/strong><\/li>\n<li><strong>Soins des plantes : facile<\/strong><\/li>\n<li><strong>Arrosage : arrosage normal<\/strong><\/li>\n<li><strong>R\u00e9sistant au froid : oui avec protection\u00a0<\/strong><\/li>\n<li><strong>Pays d&rsquo;origine : Pays-Bas\u00a0<\/strong><\/li>\n<\/ul>\n","protected":false},"excerpt":{"rendered":"<p><strong><span style=\"font-size: 160%;\">Passiflora caerulea &#8211; Passiflore blanche et bleue<\/span><\/strong><\/p>\n","protected":false},"featured_media":10251,"comment_status":"open","ping_status":"closed","template":"","meta":[],"product_brand":[],"product_cat":[510],"product_tag":[1399,1400],"class_list":{"0":"post-10255","1":"product","2":"type-product","3":"status-publish","4":"has-post-thumbnail","6":"product_cat-plantes-diverses","7":"product_tag-caerulea-fr","8":"product_tag-passiflora-fr","9":"product_shipping_class-colis-normal-1-10kg","11":"first","12":"instock","13":"taxable","14":"shipping-taxable","15":"purchasable","16":"product-type-simple"},"yoast_head":"<!-- This site is optimized with the Yoast SEO plugin v27.5 - https:\/\/yoast.com\/product\/yoast-seo-wordpress\/ -->\n<title>Passiflora caerulea - Gilian Plants<\/title>\n<meta name=\"robots\" content=\"index, follow, max-snippet:-1, max-image-preview:large, max-video-preview:-1\" \/>\n<link rel=\"canonical\" href=\"https:\/\/www.gilianplants.com\/fr\/produit\/passiflora-caerulea\/\" \/>\n<meta property=\"og:locale\" content=\"fr_FR\" \/>\n<meta property=\"og:type\" content=\"article\" \/>\n<meta property=\"og:title\" content=\"Passiflora caerulea - Gilian Plants\" \/>\n<meta property=\"og:description\" content=\"Passiflora caerulea - Passiflore blanche et bleue\" \/>\n<meta property=\"og:url\" content=\"https:\/\/www.gilianplants.com\/fr\/produit\/passiflora-caerulea\/\" \/>\n<meta property=\"og:site_name\" content=\"Gilian Plants\" \/>\n<meta property=\"article:modified_time\" content=\"2022-06-09T13:05:31+00:00\" \/>\n<meta property=\"og:image\" content=\"https:\/\/www.gilianplants.com\/wp-content\/uploads\/2022\/06\/06d8c39c-2be7-4252-9ebc-947053b0571a.png\" \/>\n\t<meta property=\"og:image:width\" content=\"1920\" \/>\n\t<meta property=\"og:image:height\" content=\"1080\" \/>\n\t<meta property=\"og:image:type\" content=\"image\/png\" \/>\n<meta name=\"twitter:card\" content=\"summary_large_image\" \/>\n<meta name=\"twitter:label1\" content=\"Dur\u00e9e de lecture estim\u00e9e\" \/>\n\t<meta name=\"twitter:data1\" content=\"1 minute\" \/>\n<script type=\"application\/ld+json\" class=\"yoast-schema-graph\">{\"@context\":\"https:\\\/\\\/schema.org\",\"@graph\":[{\"@type\":\"WebPage\",\"@id\":\"https:\\\/\\\/www.gilianplants.com\\\/fr\\\/produit\\\/passiflora-caerulea\\\/\",\"url\":\"https:\\\/\\\/www.gilianplants.com\\\/fr\\\/produit\\\/passiflora-caerulea\\\/\",\"name\":\"Passiflora caerulea - Gilian Plants\",\"isPartOf\":{\"@id\":\"https:\\\/\\\/www.gilianplants.com\\\/fr\\\/#website\"},\"primaryImageOfPage\":{\"@id\":\"https:\\\/\\\/www.gilianplants.com\\\/fr\\\/produit\\\/passiflora-caerulea\\\/#primaryimage\"},\"image\":{\"@id\":\"https:\\\/\\\/www.gilianplants.com\\\/fr\\\/produit\\\/passiflora-caerulea\\\/#primaryimage\"},\"thumbnailUrl\":\"https:\\\/\\\/www.gilianplants.com\\\/wp-content\\\/uploads\\\/2022\\\/06\\\/06d8c39c-2be7-4252-9ebc-947053b0571a.png\",\"datePublished\":\"2022-06-09T12:40:14+00:00\",\"dateModified\":\"2022-06-09T13:05:31+00:00\",\"breadcrumb\":{\"@id\":\"https:\\\/\\\/www.gilianplants.com\\\/fr\\\/produit\\\/passiflora-caerulea\\\/#breadcrumb\"},\"inLanguage\":\"fr-FR\",\"potentialAction\":[{\"@type\":\"ReadAction\",\"target\":[\"https:\\\/\\\/www.gilianplants.com\\\/fr\\\/produit\\\/passiflora-caerulea\\\/\"]}]},{\"@type\":\"ImageObject\",\"inLanguage\":\"fr-FR\",\"@id\":\"https:\\\/\\\/www.gilianplants.com\\\/fr\\\/produit\\\/passiflora-caerulea\\\/#primaryimage\",\"url\":\"https:\\\/\\\/www.gilianplants.com\\\/wp-content\\\/uploads\\\/2022\\\/06\\\/06d8c39c-2be7-4252-9ebc-947053b0571a.png\",\"contentUrl\":\"https:\\\/\\\/www.gilianplants.com\\\/wp-content\\\/uploads\\\/2022\\\/06\\\/06d8c39c-2be7-4252-9ebc-947053b0571a.png\",\"width\":1920,\"height\":1080},{\"@type\":\"BreadcrumbList\",\"@id\":\"https:\\\/\\\/www.gilianplants.com\\\/fr\\\/produit\\\/passiflora-caerulea\\\/#breadcrumb\",\"itemListElement\":[{\"@type\":\"ListItem\",\"position\":1,\"name\":\"Home\",\"item\":\"https:\\\/\\\/www.gilianplants.com\\\/fr\\\/\"},{\"@type\":\"ListItem\",\"position\":2,\"name\":\"Shop\",\"item\":\"https:\\\/\\\/www.gilianplants.com\\\/shop\\\/\"},{\"@type\":\"ListItem\",\"position\":3,\"name\":\"Passiflora caerulea\"}]},{\"@type\":\"WebSite\",\"@id\":\"https:\\\/\\\/www.gilianplants.com\\\/fr\\\/#website\",\"url\":\"https:\\\/\\\/www.gilianplants.com\\\/fr\\\/\",\"name\":\"Gilian Plants\",\"description\":\"Specialist in germination of rare exotic plants\",\"potentialAction\":[{\"@type\":\"SearchAction\",\"target\":{\"@type\":\"EntryPoint\",\"urlTemplate\":\"https:\\\/\\\/www.gilianplants.com\\\/fr\\\/?s={search_term_string}\"},\"query-input\":{\"@type\":\"PropertyValueSpecification\",\"valueRequired\":true,\"valueName\":\"search_term_string\"}}],\"inLanguage\":\"fr-FR\"}]}<\/script>\n<!-- \/ Yoast SEO plugin. -->","yoast_head_json":{"title":"Passiflora caerulea - Gilian Plants","robots":{"index":"index","follow":"follow","max-snippet":"max-snippet:-1","max-image-preview":"max-image-preview:large","max-video-preview":"max-video-preview:-1"},"canonical":"https:\/\/www.gilianplants.com\/fr\/produit\/passiflora-caerulea\/","og_locale":"fr_FR","og_type":"article","og_title":"Passiflora caerulea - Gilian Plants","og_description":"Passiflora caerulea - Passiflore blanche et bleue","og_url":"https:\/\/www.gilianplants.com\/fr\/produit\/passiflora-caerulea\/","og_site_name":"Gilian Plants","article_modified_time":"2022-06-09T13:05:31+00:00","og_image":[{"width":1920,"height":1080,"url":"https:\/\/www.gilianplants.com\/wp-content\/uploads\/2022\/06\/06d8c39c-2be7-4252-9ebc-947053b0571a.png","type":"image\/png"}],"twitter_card":"summary_large_image","twitter_misc":{"Dur\u00e9e de lecture estim\u00e9e":"1 minute"},"schema":{"@context":"https:\/\/schema.org","@graph":[{"@type":"WebPage","@id":"https:\/\/www.gilianplants.com\/fr\/produit\/passiflora-caerulea\/","url":"https:\/\/www.gilianplants.com\/fr\/produit\/passiflora-caerulea\/","name":"Passiflora caerulea - Gilian Plants","isPartOf":{"@id":"https:\/\/www.gilianplants.com\/fr\/#website"},"primaryImageOfPage":{"@id":"https:\/\/www.gilianplants.com\/fr\/produit\/passiflora-caerulea\/#primaryimage"},"image":{"@id":"https:\/\/www.gilianplants.com\/fr\/produit\/passiflora-caerulea\/#primaryimage"},"thumbnailUrl":"https:\/\/www.gilianplants.com\/wp-content\/uploads\/2022\/06\/06d8c39c-2be7-4252-9ebc-947053b0571a.png","datePublished":"2022-06-09T12:40:14+00:00","dateModified":"2022-06-09T13:05:31+00:00","breadcrumb":{"@id":"https:\/\/www.gilianplants.com\/fr\/produit\/passiflora-caerulea\/#breadcrumb"},"inLanguage":"fr-FR","potentialAction":[{"@type":"ReadAction","target":["https:\/\/www.gilianplants.com\/fr\/produit\/passiflora-caerulea\/"]}]},{"@type":"ImageObject","inLanguage":"fr-FR","@id":"https:\/\/www.gilianplants.com\/fr\/produit\/passiflora-caerulea\/#primaryimage","url":"https:\/\/www.gilianplants.com\/wp-content\/uploads\/2022\/06\/06d8c39c-2be7-4252-9ebc-947053b0571a.png","contentUrl":"https:\/\/www.gilianplants.com\/wp-content\/uploads\/2022\/06\/06d8c39c-2be7-4252-9ebc-947053b0571a.png","width":1920,"height":1080},{"@type":"BreadcrumbList","@id":"https:\/\/www.gilianplants.com\/fr\/produit\/passiflora-caerulea\/#breadcrumb","itemListElement":[{"@type":"ListItem","position":1,"name":"Home","item":"https:\/\/www.gilianplants.com\/fr\/"},{"@type":"ListItem","position":2,"name":"Shop","item":"https:\/\/www.gilianplants.com\/shop\/"},{"@type":"ListItem","position":3,"name":"Passiflora caerulea"}]},{"@type":"WebSite","@id":"https:\/\/www.gilianplants.com\/fr\/#website","url":"https:\/\/www.gilianplants.com\/fr\/","name":"Gilian Plants","description":"Specialist in germination of rare exotic plants","potentialAction":[{"@type":"SearchAction","target":{"@type":"EntryPoint","urlTemplate":"https:\/\/www.gilianplants.com\/fr\/?s={search_term_string}"},"query-input":{"@type":"PropertyValueSpecification","valueRequired":true,"valueName":"search_term_string"}}],"inLanguage":"fr-FR"}]}},"jetpack_sharing_enabled":true,"_links":{"self":[{"href":"https:\/\/www.gilianplants.com\/fr\/wp-json\/wp\/v2\/product\/10255","targetHints":{"allow":["GET"]}}],"collection":[{"href":"https:\/\/www.gilianplants.com\/fr\/wp-json\/wp\/v2\/product"}],"about":[{"href":"https:\/\/www.gilianplants.com\/fr\/wp-json\/wp\/v2\/types\/product"}],"replies":[{"embeddable":true,"href":"https:\/\/www.gilianplants.com\/fr\/wp-json\/wp\/v2\/comments?post=10255"}],"wp:featuredmedia":[{"embeddable":true,"href":"https:\/\/www.gilianplants.com\/fr\/wp-json\/wp\/v2\/media\/10251"}],"wp:attachment":[{"href":"https:\/\/www.gilianplants.com\/fr\/wp-json\/wp\/v2\/media?parent=10255"}],"wp:term":[{"taxonomy":"product_brand","embeddable":true,"href":"https:\/\/www.gilianplants.com\/fr\/wp-json\/wp\/v2\/product_brand?post=10255"},{"taxonomy":"product_cat","embeddable":true,"href":"https:\/\/www.gilianplants.com\/fr\/wp-json\/wp\/v2\/product_cat?post=10255"},{"taxonomy":"product_tag","embeddable":true,"href":"https:\/\/www.gilianplants.com\/fr\/wp-json\/wp\/v2\/product_tag?post=10255"}],"curies":[{"name":"wp","href":"https:\/\/api.w.org\/{rel}","templated":true}]}}