{"id":10615,"date":"2022-07-02T18:25:34","date_gmt":"2022-07-02T17:25:34","guid":{"rendered":"https:\/\/www.gilianplants.com\/product\/syagrus-evansiana\/"},"modified":"2024-02-25T12:35:13","modified_gmt":"2024-02-25T11:35:13","slug":"syagrus-evansiana","status":"publish","type":"product","link":"https:\/\/www.gilianplants.com\/fr\/produit\/syagrus-evansiana\/","title":{"rendered":"Syagrus evansiana"},"content":{"rendered":"<h1><strong>Syagrus evansiana &#8211; Syagrus nain ornemental<\/strong><\/h1>\n<p>Ce Syagrus evansiana peut atteindre une hauteur maximale de 1 m\u00e8tre. Un Syagrus nain rare. Ce palmier nain produit de petites tiges de fleurs avec de grosses graines rondes. Les plantes matures poussent en grappes comme des palmiers \u00e9lanc\u00e9s. Ces spieces ont une couleur verte &#8211; bleu\u00e2tre. Ce palmier rare n&rsquo;est pas tr\u00e8s r\u00e9sistant au froid. C&rsquo;est une plante parfaite en Europe. En Europe, ce palmier est jusqu&rsquo;\u00e0 pr\u00e9sent tr\u00e8s rare et difficile \u00e0 trouver.<\/p>\n<p>&nbsp;<\/p>\n<p>Nous sommes experts dans la germination des graines rares de Butia et Syagrus. Gilian Plants a sa propre importation du Br\u00e9sil avec ses propres collectionneurs dans l&rsquo;habitat l\u00e0-bas. Ainsi Gilian Plants vous fournit la vraie affaire. Chaque ann\u00e9e Gilian Plants a de nouveaux spieces dans certaines quantit\u00e9s de gros en vrac.<\/p>\n<p>&#8211; Le prix est pour un plant.<\/p>\n<ul>\n<li><strong>Emplacement de la plante : plein soleil<\/strong><\/li>\n<li><strong>Soins des plantes : facile<\/strong><\/li>\n<li><strong>Arrosage : garder les jeunes plants plus secs.<\/strong><\/li>\n<li><strong>R\u00e9sistant au froid : -5 degr\u00e9s<\/strong><\/li>\n<li><strong>Pays d&rsquo;origine : Brasil<\/strong><\/li>\n<\/ul>\n","protected":false},"excerpt":{"rendered":"<h1><strong>Syagrus evansiana &#8211; Syagrus nain ornemental<\/strong><\/h1>\n","protected":false},"featured_media":10574,"comment_status":"open","ping_status":"closed","template":"","meta":[],"product_brand":[],"product_cat":[530],"product_tag":[1424],"class_list":{"0":"post-10615","1":"product","2":"type-product","3":"status-publish","4":"has-post-thumbnail","6":"product_cat-palms","7":"product_tag-evansiana-fr","8":"product_shipping_class-colis-normal-1-10kg","10":"first","11":"outofstock","12":"taxable","13":"shipping-taxable","14":"purchasable","15":"product-type-simple"},"yoast_head":"<!-- This site is optimized with the Yoast SEO plugin v27.5 - https:\/\/yoast.com\/product\/yoast-seo-wordpress\/ -->\n<title>Syagrus evansiana - Gilian Plants<\/title>\n<meta name=\"robots\" content=\"index, follow, max-snippet:-1, max-image-preview:large, max-video-preview:-1\" \/>\n<link rel=\"canonical\" href=\"https:\/\/www.gilianplants.com\/fr\/produit\/syagrus-evansiana\/\" \/>\n<meta property=\"og:locale\" content=\"fr_FR\" \/>\n<meta property=\"og:type\" content=\"article\" \/>\n<meta property=\"og:title\" content=\"Syagrus evansiana - Gilian Plants\" \/>\n<meta property=\"og:description\" content=\"Syagrus evansiana - Syagrus nain ornemental\" \/>\n<meta property=\"og:url\" content=\"https:\/\/www.gilianplants.com\/fr\/produit\/syagrus-evansiana\/\" \/>\n<meta property=\"og:site_name\" content=\"Gilian Plants\" \/>\n<meta property=\"article:modified_time\" content=\"2024-02-25T11:35:13+00:00\" \/>\n<meta property=\"og:image\" content=\"https:\/\/www.gilianplants.com\/wp-content\/uploads\/2022\/07\/9e4a4697-abaf-4b88-9695-72a6dbc4ec74-1.png\" \/>\n\t<meta property=\"og:image:width\" content=\"1800\" \/>\n\t<meta property=\"og:image:height\" content=\"1200\" \/>\n\t<meta property=\"og:image:type\" content=\"image\/png\" \/>\n<meta name=\"twitter:card\" content=\"summary_large_image\" \/>\n<meta name=\"twitter:label1\" content=\"Dur\u00e9e de lecture estim\u00e9e\" \/>\n\t<meta name=\"twitter:data1\" content=\"1 minute\" \/>\n<script type=\"application\/ld+json\" class=\"yoast-schema-graph\">{\"@context\":\"https:\\\/\\\/schema.org\",\"@graph\":[{\"@type\":\"WebPage\",\"@id\":\"https:\\\/\\\/www.gilianplants.com\\\/fr\\\/produit\\\/syagrus-evansiana\\\/\",\"url\":\"https:\\\/\\\/www.gilianplants.com\\\/fr\\\/produit\\\/syagrus-evansiana\\\/\",\"name\":\"Syagrus evansiana - Gilian Plants\",\"isPartOf\":{\"@id\":\"https:\\\/\\\/www.gilianplants.com\\\/fr\\\/#website\"},\"primaryImageOfPage\":{\"@id\":\"https:\\\/\\\/www.gilianplants.com\\\/fr\\\/produit\\\/syagrus-evansiana\\\/#primaryimage\"},\"image\":{\"@id\":\"https:\\\/\\\/www.gilianplants.com\\\/fr\\\/produit\\\/syagrus-evansiana\\\/#primaryimage\"},\"thumbnailUrl\":\"https:\\\/\\\/www.gilianplants.com\\\/wp-content\\\/uploads\\\/2022\\\/07\\\/9e4a4697-abaf-4b88-9695-72a6dbc4ec74-1.png\",\"datePublished\":\"2022-07-02T17:25:34+00:00\",\"dateModified\":\"2024-02-25T11:35:13+00:00\",\"breadcrumb\":{\"@id\":\"https:\\\/\\\/www.gilianplants.com\\\/fr\\\/produit\\\/syagrus-evansiana\\\/#breadcrumb\"},\"inLanguage\":\"fr-FR\",\"potentialAction\":[{\"@type\":\"ReadAction\",\"target\":[\"https:\\\/\\\/www.gilianplants.com\\\/fr\\\/produit\\\/syagrus-evansiana\\\/\"]}]},{\"@type\":\"ImageObject\",\"inLanguage\":\"fr-FR\",\"@id\":\"https:\\\/\\\/www.gilianplants.com\\\/fr\\\/produit\\\/syagrus-evansiana\\\/#primaryimage\",\"url\":\"https:\\\/\\\/www.gilianplants.com\\\/wp-content\\\/uploads\\\/2022\\\/07\\\/9e4a4697-abaf-4b88-9695-72a6dbc4ec74-1.png\",\"contentUrl\":\"https:\\\/\\\/www.gilianplants.com\\\/wp-content\\\/uploads\\\/2022\\\/07\\\/9e4a4697-abaf-4b88-9695-72a6dbc4ec74-1.png\",\"width\":1800,\"height\":1200},{\"@type\":\"BreadcrumbList\",\"@id\":\"https:\\\/\\\/www.gilianplants.com\\\/fr\\\/produit\\\/syagrus-evansiana\\\/#breadcrumb\",\"itemListElement\":[{\"@type\":\"ListItem\",\"position\":1,\"name\":\"Home\",\"item\":\"https:\\\/\\\/www.gilianplants.com\\\/fr\\\/\"},{\"@type\":\"ListItem\",\"position\":2,\"name\":\"Shop\",\"item\":\"https:\\\/\\\/www.gilianplants.com\\\/shop\\\/\"},{\"@type\":\"ListItem\",\"position\":3,\"name\":\"Syagrus evansiana\"}]},{\"@type\":\"WebSite\",\"@id\":\"https:\\\/\\\/www.gilianplants.com\\\/fr\\\/#website\",\"url\":\"https:\\\/\\\/www.gilianplants.com\\\/fr\\\/\",\"name\":\"Gilian Plants\",\"description\":\"Specialist in germination of rare exotic plants\",\"potentialAction\":[{\"@type\":\"SearchAction\",\"target\":{\"@type\":\"EntryPoint\",\"urlTemplate\":\"https:\\\/\\\/www.gilianplants.com\\\/fr\\\/?s={search_term_string}\"},\"query-input\":{\"@type\":\"PropertyValueSpecification\",\"valueRequired\":true,\"valueName\":\"search_term_string\"}}],\"inLanguage\":\"fr-FR\"}]}<\/script>\n<!-- \/ Yoast SEO plugin. -->","yoast_head_json":{"title":"Syagrus evansiana - Gilian Plants","robots":{"index":"index","follow":"follow","max-snippet":"max-snippet:-1","max-image-preview":"max-image-preview:large","max-video-preview":"max-video-preview:-1"},"canonical":"https:\/\/www.gilianplants.com\/fr\/produit\/syagrus-evansiana\/","og_locale":"fr_FR","og_type":"article","og_title":"Syagrus evansiana - Gilian Plants","og_description":"Syagrus evansiana - Syagrus nain ornemental","og_url":"https:\/\/www.gilianplants.com\/fr\/produit\/syagrus-evansiana\/","og_site_name":"Gilian Plants","article_modified_time":"2024-02-25T11:35:13+00:00","og_image":[{"width":1800,"height":1200,"url":"https:\/\/www.gilianplants.com\/wp-content\/uploads\/2022\/07\/9e4a4697-abaf-4b88-9695-72a6dbc4ec74-1.png","type":"image\/png"}],"twitter_card":"summary_large_image","twitter_misc":{"Dur\u00e9e de lecture estim\u00e9e":"1 minute"},"schema":{"@context":"https:\/\/schema.org","@graph":[{"@type":"WebPage","@id":"https:\/\/www.gilianplants.com\/fr\/produit\/syagrus-evansiana\/","url":"https:\/\/www.gilianplants.com\/fr\/produit\/syagrus-evansiana\/","name":"Syagrus evansiana - Gilian Plants","isPartOf":{"@id":"https:\/\/www.gilianplants.com\/fr\/#website"},"primaryImageOfPage":{"@id":"https:\/\/www.gilianplants.com\/fr\/produit\/syagrus-evansiana\/#primaryimage"},"image":{"@id":"https:\/\/www.gilianplants.com\/fr\/produit\/syagrus-evansiana\/#primaryimage"},"thumbnailUrl":"https:\/\/www.gilianplants.com\/wp-content\/uploads\/2022\/07\/9e4a4697-abaf-4b88-9695-72a6dbc4ec74-1.png","datePublished":"2022-07-02T17:25:34+00:00","dateModified":"2024-02-25T11:35:13+00:00","breadcrumb":{"@id":"https:\/\/www.gilianplants.com\/fr\/produit\/syagrus-evansiana\/#breadcrumb"},"inLanguage":"fr-FR","potentialAction":[{"@type":"ReadAction","target":["https:\/\/www.gilianplants.com\/fr\/produit\/syagrus-evansiana\/"]}]},{"@type":"ImageObject","inLanguage":"fr-FR","@id":"https:\/\/www.gilianplants.com\/fr\/produit\/syagrus-evansiana\/#primaryimage","url":"https:\/\/www.gilianplants.com\/wp-content\/uploads\/2022\/07\/9e4a4697-abaf-4b88-9695-72a6dbc4ec74-1.png","contentUrl":"https:\/\/www.gilianplants.com\/wp-content\/uploads\/2022\/07\/9e4a4697-abaf-4b88-9695-72a6dbc4ec74-1.png","width":1800,"height":1200},{"@type":"BreadcrumbList","@id":"https:\/\/www.gilianplants.com\/fr\/produit\/syagrus-evansiana\/#breadcrumb","itemListElement":[{"@type":"ListItem","position":1,"name":"Home","item":"https:\/\/www.gilianplants.com\/fr\/"},{"@type":"ListItem","position":2,"name":"Shop","item":"https:\/\/www.gilianplants.com\/shop\/"},{"@type":"ListItem","position":3,"name":"Syagrus evansiana"}]},{"@type":"WebSite","@id":"https:\/\/www.gilianplants.com\/fr\/#website","url":"https:\/\/www.gilianplants.com\/fr\/","name":"Gilian Plants","description":"Specialist in germination of rare exotic plants","potentialAction":[{"@type":"SearchAction","target":{"@type":"EntryPoint","urlTemplate":"https:\/\/www.gilianplants.com\/fr\/?s={search_term_string}"},"query-input":{"@type":"PropertyValueSpecification","valueRequired":true,"valueName":"search_term_string"}}],"inLanguage":"fr-FR"}]}},"jetpack_sharing_enabled":true,"_links":{"self":[{"href":"https:\/\/www.gilianplants.com\/fr\/wp-json\/wp\/v2\/product\/10615","targetHints":{"allow":["GET"]}}],"collection":[{"href":"https:\/\/www.gilianplants.com\/fr\/wp-json\/wp\/v2\/product"}],"about":[{"href":"https:\/\/www.gilianplants.com\/fr\/wp-json\/wp\/v2\/types\/product"}],"replies":[{"embeddable":true,"href":"https:\/\/www.gilianplants.com\/fr\/wp-json\/wp\/v2\/comments?post=10615"}],"wp:featuredmedia":[{"embeddable":true,"href":"https:\/\/www.gilianplants.com\/fr\/wp-json\/wp\/v2\/media\/10574"}],"wp:attachment":[{"href":"https:\/\/www.gilianplants.com\/fr\/wp-json\/wp\/v2\/media?parent=10615"}],"wp:term":[{"taxonomy":"product_brand","embeddable":true,"href":"https:\/\/www.gilianplants.com\/fr\/wp-json\/wp\/v2\/product_brand?post=10615"},{"taxonomy":"product_cat","embeddable":true,"href":"https:\/\/www.gilianplants.com\/fr\/wp-json\/wp\/v2\/product_cat?post=10615"},{"taxonomy":"product_tag","embeddable":true,"href":"https:\/\/www.gilianplants.com\/fr\/wp-json\/wp\/v2\/product_tag?post=10615"}],"curies":[{"name":"wp","href":"https:\/\/api.w.org\/{rel}","templated":true}]}}