{"id":10802,"date":"2022-07-30T23:29:02","date_gmt":"2022-07-30T22:29:02","guid":{"rendered":"https:\/\/www.gilianplants.com\/product\/yucca-torreyi\/"},"modified":"2022-08-03T15:02:51","modified_gmt":"2022-08-03T14:02:51","slug":"yucca-torreyi","status":"publish","type":"product","link":"https:\/\/www.gilianplants.com\/fr\/produit\/yucca-torreyi\/","title":{"rendered":"Yucca torreyi"},"content":{"rendered":"<h1><strong>Yucca torreyi &#8211; Dague Espagnol\u00a0\u00a0\u00a0\u00a0<\/strong><\/h1>\n<p>Ce Yucca torreyi a un tronc mince et des feuilles bleu\u00e2tres. Cette esp\u00e8ce pousse dans les sols sablonneux. Il a de grandes feuilles \u00e9paisses dans une rosette robuste. Il a une couleur verte bleut\u00e9e en plein soleil. Les tiges florales sont tr\u00e8s grandes et portent de nombreuses fleurs blanches. Vraiment impressionnant pour cette plante. Apr\u00e8s la floraison, elle produit de nombreuses graines. Elle ne peut pas facilement produire des drageons autour de la tige principale. La production se fait uniquement en graines ou en culture de tissus. Ce Yucca torreyi est r\u00e9sistant au froid. Donnez \u00e0 ce Yucca nain \u00e0 l&rsquo;aspect exotique un bon emplacement dans votre jardin et il deviendra une grande plante de jardin ! Prot\u00e9gez-le bien du gel pendant un certain temps&#8230; Une plante merveilleuse pour les climats chauds et tropicaux. Le Yucca torreyi est assez rare.<\/p>\n<p>le prix est pour une plante<\/p>\n<ul>\n<li><strong>Emplacement de la plante : plein soleil \/ mi-ombre<\/strong><\/li>\n<li><strong>Arrosage : pas beaucoup<\/strong><\/li>\n<li><strong>R\u00e9sistance au froid : -10 degr\u00e9s<\/strong><\/li>\n<li><strong>Pays d&rsquo;origine : USA<\/strong><\/li>\n<\/ul>\n","protected":false},"excerpt":{"rendered":"<h1><strong>Yucca torreyi &#8211; Dague espagnole<\/strong><\/h1>\n","protected":false},"featured_media":11585,"comment_status":"open","ping_status":"closed","template":"","meta":[],"product_brand":[],"product_cat":[538],"product_tag":[1469,1470,1471,539],"class_list":{"0":"post-10802","1":"product","2":"type-product","3":"status-publish","4":"has-post-thumbnail","6":"product_cat-yuccas","7":"product_tag-dagger-fr","8":"product_tag-spanish-fr","9":"product_tag-torreyi-fr","10":"product_tag-yucca-fr","11":"product_shipping_class-colis-normal-1-10kg","13":"first","14":"instock","15":"taxable","16":"shipping-taxable","17":"purchasable","18":"product-type-simple"},"yoast_head":"<!-- This site is optimized with the Yoast SEO plugin v27.5 - https:\/\/yoast.com\/product\/yoast-seo-wordpress\/ -->\n<title>Yucca torreyi - Gilian Plants<\/title>\n<meta name=\"robots\" content=\"index, follow, max-snippet:-1, max-image-preview:large, max-video-preview:-1\" \/>\n<link rel=\"canonical\" href=\"https:\/\/www.gilianplants.com\/fr\/produit\/yucca-torreyi\/\" \/>\n<meta property=\"og:locale\" content=\"fr_FR\" \/>\n<meta property=\"og:type\" content=\"article\" \/>\n<meta property=\"og:title\" content=\"Yucca torreyi - Gilian Plants\" \/>\n<meta property=\"og:description\" content=\"Yucca torreyi - Dague espagnole\" \/>\n<meta property=\"og:url\" content=\"https:\/\/www.gilianplants.com\/fr\/produit\/yucca-torreyi\/\" \/>\n<meta property=\"og:site_name\" content=\"Gilian Plants\" \/>\n<meta property=\"article:modified_time\" content=\"2022-08-03T14:02:51+00:00\" \/>\n<meta name=\"twitter:card\" content=\"summary_large_image\" \/>\n<meta name=\"twitter:label1\" content=\"Dur\u00e9e de lecture estim\u00e9e\" \/>\n\t<meta name=\"twitter:data1\" content=\"1 minute\" \/>\n<script type=\"application\/ld+json\" class=\"yoast-schema-graph\">{\"@context\":\"https:\\\/\\\/schema.org\",\"@graph\":[{\"@type\":\"WebPage\",\"@id\":\"https:\\\/\\\/www.gilianplants.com\\\/fr\\\/produit\\\/yucca-torreyi\\\/\",\"url\":\"https:\\\/\\\/www.gilianplants.com\\\/fr\\\/produit\\\/yucca-torreyi\\\/\",\"name\":\"Yucca torreyi - Gilian Plants\",\"isPartOf\":{\"@id\":\"https:\\\/\\\/www.gilianplants.com\\\/fr\\\/#website\"},\"primaryImageOfPage\":{\"@id\":\"https:\\\/\\\/www.gilianplants.com\\\/fr\\\/produit\\\/yucca-torreyi\\\/#primaryimage\"},\"image\":{\"@id\":\"https:\\\/\\\/www.gilianplants.com\\\/fr\\\/produit\\\/yucca-torreyi\\\/#primaryimage\"},\"thumbnailUrl\":\"https:\\\/\\\/www.gilianplants.com\\\/wp-content\\\/uploads\\\/2022\\\/09\\\/40cfcd3f-df23-48f8-bf8e-f384b489defd-1.png\",\"datePublished\":\"2022-07-30T22:29:02+00:00\",\"dateModified\":\"2022-08-03T14:02:51+00:00\",\"breadcrumb\":{\"@id\":\"https:\\\/\\\/www.gilianplants.com\\\/fr\\\/produit\\\/yucca-torreyi\\\/#breadcrumb\"},\"inLanguage\":\"fr-FR\",\"potentialAction\":[{\"@type\":\"ReadAction\",\"target\":[\"https:\\\/\\\/www.gilianplants.com\\\/fr\\\/produit\\\/yucca-torreyi\\\/\"]}]},{\"@type\":\"ImageObject\",\"inLanguage\":\"fr-FR\",\"@id\":\"https:\\\/\\\/www.gilianplants.com\\\/fr\\\/produit\\\/yucca-torreyi\\\/#primaryimage\",\"url\":\"https:\\\/\\\/www.gilianplants.com\\\/wp-content\\\/uploads\\\/2022\\\/09\\\/40cfcd3f-df23-48f8-bf8e-f384b489defd-1.png\",\"contentUrl\":\"https:\\\/\\\/www.gilianplants.com\\\/wp-content\\\/uploads\\\/2022\\\/09\\\/40cfcd3f-df23-48f8-bf8e-f384b489defd-1.png\",\"width\":1800,\"height\":1200},{\"@type\":\"BreadcrumbList\",\"@id\":\"https:\\\/\\\/www.gilianplants.com\\\/fr\\\/produit\\\/yucca-torreyi\\\/#breadcrumb\",\"itemListElement\":[{\"@type\":\"ListItem\",\"position\":1,\"name\":\"Home\",\"item\":\"https:\\\/\\\/www.gilianplants.com\\\/fr\\\/\"},{\"@type\":\"ListItem\",\"position\":2,\"name\":\"Shop\",\"item\":\"https:\\\/\\\/www.gilianplants.com\\\/shop\\\/\"},{\"@type\":\"ListItem\",\"position\":3,\"name\":\"Yucca torreyi\"}]},{\"@type\":\"WebSite\",\"@id\":\"https:\\\/\\\/www.gilianplants.com\\\/fr\\\/#website\",\"url\":\"https:\\\/\\\/www.gilianplants.com\\\/fr\\\/\",\"name\":\"Gilian Plants\",\"description\":\"Specialist in germination of rare exotic plants\",\"potentialAction\":[{\"@type\":\"SearchAction\",\"target\":{\"@type\":\"EntryPoint\",\"urlTemplate\":\"https:\\\/\\\/www.gilianplants.com\\\/fr\\\/?s={search_term_string}\"},\"query-input\":{\"@type\":\"PropertyValueSpecification\",\"valueRequired\":true,\"valueName\":\"search_term_string\"}}],\"inLanguage\":\"fr-FR\"}]}<\/script>\n<!-- \/ Yoast SEO plugin. -->","yoast_head_json":{"title":"Yucca torreyi - Gilian Plants","robots":{"index":"index","follow":"follow","max-snippet":"max-snippet:-1","max-image-preview":"max-image-preview:large","max-video-preview":"max-video-preview:-1"},"canonical":"https:\/\/www.gilianplants.com\/fr\/produit\/yucca-torreyi\/","og_locale":"fr_FR","og_type":"article","og_title":"Yucca torreyi - Gilian Plants","og_description":"Yucca torreyi - Dague espagnole","og_url":"https:\/\/www.gilianplants.com\/fr\/produit\/yucca-torreyi\/","og_site_name":"Gilian Plants","article_modified_time":"2022-08-03T14:02:51+00:00","twitter_card":"summary_large_image","twitter_misc":{"Dur\u00e9e de lecture estim\u00e9e":"1 minute"},"schema":{"@context":"https:\/\/schema.org","@graph":[{"@type":"WebPage","@id":"https:\/\/www.gilianplants.com\/fr\/produit\/yucca-torreyi\/","url":"https:\/\/www.gilianplants.com\/fr\/produit\/yucca-torreyi\/","name":"Yucca torreyi - Gilian Plants","isPartOf":{"@id":"https:\/\/www.gilianplants.com\/fr\/#website"},"primaryImageOfPage":{"@id":"https:\/\/www.gilianplants.com\/fr\/produit\/yucca-torreyi\/#primaryimage"},"image":{"@id":"https:\/\/www.gilianplants.com\/fr\/produit\/yucca-torreyi\/#primaryimage"},"thumbnailUrl":"https:\/\/www.gilianplants.com\/wp-content\/uploads\/2022\/09\/40cfcd3f-df23-48f8-bf8e-f384b489defd-1.png","datePublished":"2022-07-30T22:29:02+00:00","dateModified":"2022-08-03T14:02:51+00:00","breadcrumb":{"@id":"https:\/\/www.gilianplants.com\/fr\/produit\/yucca-torreyi\/#breadcrumb"},"inLanguage":"fr-FR","potentialAction":[{"@type":"ReadAction","target":["https:\/\/www.gilianplants.com\/fr\/produit\/yucca-torreyi\/"]}]},{"@type":"ImageObject","inLanguage":"fr-FR","@id":"https:\/\/www.gilianplants.com\/fr\/produit\/yucca-torreyi\/#primaryimage","url":"https:\/\/www.gilianplants.com\/wp-content\/uploads\/2022\/09\/40cfcd3f-df23-48f8-bf8e-f384b489defd-1.png","contentUrl":"https:\/\/www.gilianplants.com\/wp-content\/uploads\/2022\/09\/40cfcd3f-df23-48f8-bf8e-f384b489defd-1.png","width":1800,"height":1200},{"@type":"BreadcrumbList","@id":"https:\/\/www.gilianplants.com\/fr\/produit\/yucca-torreyi\/#breadcrumb","itemListElement":[{"@type":"ListItem","position":1,"name":"Home","item":"https:\/\/www.gilianplants.com\/fr\/"},{"@type":"ListItem","position":2,"name":"Shop","item":"https:\/\/www.gilianplants.com\/shop\/"},{"@type":"ListItem","position":3,"name":"Yucca torreyi"}]},{"@type":"WebSite","@id":"https:\/\/www.gilianplants.com\/fr\/#website","url":"https:\/\/www.gilianplants.com\/fr\/","name":"Gilian Plants","description":"Specialist in germination of rare exotic plants","potentialAction":[{"@type":"SearchAction","target":{"@type":"EntryPoint","urlTemplate":"https:\/\/www.gilianplants.com\/fr\/?s={search_term_string}"},"query-input":{"@type":"PropertyValueSpecification","valueRequired":true,"valueName":"search_term_string"}}],"inLanguage":"fr-FR"}]}},"jetpack_sharing_enabled":true,"_links":{"self":[{"href":"https:\/\/www.gilianplants.com\/fr\/wp-json\/wp\/v2\/product\/10802","targetHints":{"allow":["GET"]}}],"collection":[{"href":"https:\/\/www.gilianplants.com\/fr\/wp-json\/wp\/v2\/product"}],"about":[{"href":"https:\/\/www.gilianplants.com\/fr\/wp-json\/wp\/v2\/types\/product"}],"replies":[{"embeddable":true,"href":"https:\/\/www.gilianplants.com\/fr\/wp-json\/wp\/v2\/comments?post=10802"}],"wp:featuredmedia":[{"embeddable":true,"href":"https:\/\/www.gilianplants.com\/fr\/wp-json\/wp\/v2\/media\/11585"}],"wp:attachment":[{"href":"https:\/\/www.gilianplants.com\/fr\/wp-json\/wp\/v2\/media?parent=10802"}],"wp:term":[{"taxonomy":"product_brand","embeddable":true,"href":"https:\/\/www.gilianplants.com\/fr\/wp-json\/wp\/v2\/product_brand?post=10802"},{"taxonomy":"product_cat","embeddable":true,"href":"https:\/\/www.gilianplants.com\/fr\/wp-json\/wp\/v2\/product_cat?post=10802"},{"taxonomy":"product_tag","embeddable":true,"href":"https:\/\/www.gilianplants.com\/fr\/wp-json\/wp\/v2\/product_tag?post=10802"}],"curies":[{"name":"wp","href":"https:\/\/api.w.org\/{rel}","templated":true}]}}