{"id":10832,"date":"2022-07-30T22:44:26","date_gmt":"2022-07-30T21:44:26","guid":{"rendered":"https:\/\/www.gilianplants.com\/product\/yucca-treculeana\/"},"modified":"2022-08-03T15:48:16","modified_gmt":"2022-08-03T14:48:16","slug":"yucca-treculeana","status":"publish","type":"product","link":"https:\/\/www.gilianplants.com\/fr\/produit\/yucca-treculeana\/","title":{"rendered":"Yucca treculeana"},"content":{"rendered":"<h1><strong>Yucca treculeana &#8211; Dague espagnole de Tr\u00e9cula\u00a0<\/strong><\/h1>\n<p>Ce Yucca treculeana a une belle tige grasse et est assez rare en culture. Ce Yucca peut atteindre 6 m\u00e8tres de haut. Cette esp\u00e8ce pousse dans les sols sablonneux. Il a de grandes feuilles droites en rosette robuste. Elle a une couleur verte \u00e0 bleu\u00e2tre en plein soleil. Les tiges florales sont tr\u00e8s grandes et portent de nombreuses fleurs blanches. Vraiment impressionnant pour cette plante. Apr\u00e8s la floraison, elle produira de nombreuses graines. Ce Yucca treculeana est r\u00e9sistant au froid. Donnez \u00e0 ce Yucca au look exotique un bon emplacement dans votre jardin et il deviendra une grande plante de jardin ! Prot\u00e9gez-le bien du gel un peu&#8230; Une plante merveilleuse pour les climats chauds et tropicaux.<\/p>\n<p>&nbsp;<\/p>\n<ul>\n<li><strong>Emplacement de la plante : plein soleil \/ mi-ombre<\/strong><\/li>\n<li><strong>Arrosage : pas beaucoup<\/strong><\/li>\n<li><strong>R\u00e9sistance au froid : -10 degr\u00e9s<\/strong><\/li>\n<li><strong>Pays d&rsquo;origine : Usa<\/strong><\/li>\n<\/ul>\n","protected":false},"excerpt":{"rendered":"<h1><strong>Yucca treculeana &#8211; Dague espagnole de Tr\u00e9cula\u00a0<\/strong><\/h1>\n","protected":false},"featured_media":11549,"comment_status":"open","ping_status":"closed","template":"","meta":[],"product_brand":[],"product_cat":[538],"product_tag":[1469,1470,1516,1517,539],"class_list":{"0":"post-10832","1":"product","2":"type-product","3":"status-publish","4":"has-post-thumbnail","6":"product_cat-yuccas","7":"product_tag-dagger-fr","8":"product_tag-spanish-fr","9":"product_tag-treculs-fr","10":"product_tag-treculeana-fr","11":"product_tag-yucca-fr","12":"product_shipping_class-colis-normal-1-10kg","14":"first","15":"instock","16":"taxable","17":"shipping-taxable","18":"purchasable","19":"product-type-simple"},"yoast_head":"<!-- This site is optimized with the Yoast SEO plugin v27.5 - https:\/\/yoast.com\/product\/yoast-seo-wordpress\/ -->\n<title>Yucca treculeana - Gilian Plants<\/title>\n<meta name=\"robots\" content=\"index, follow, max-snippet:-1, max-image-preview:large, max-video-preview:-1\" \/>\n<link rel=\"canonical\" href=\"https:\/\/www.gilianplants.com\/fr\/produit\/yucca-treculeana\/\" \/>\n<meta property=\"og:locale\" content=\"fr_FR\" \/>\n<meta property=\"og:type\" content=\"article\" \/>\n<meta property=\"og:title\" content=\"Yucca treculeana - Gilian Plants\" \/>\n<meta property=\"og:description\" content=\"Yucca treculeana - Dague espagnole de Tr\u00e9cula\u00a0\" \/>\n<meta property=\"og:url\" content=\"https:\/\/www.gilianplants.com\/fr\/produit\/yucca-treculeana\/\" \/>\n<meta property=\"og:site_name\" content=\"Gilian Plants\" \/>\n<meta property=\"article:modified_time\" content=\"2022-08-03T14:48:16+00:00\" \/>\n<meta name=\"twitter:card\" content=\"summary_large_image\" \/>\n<meta name=\"twitter:label1\" content=\"Dur\u00e9e de lecture estim\u00e9e\" \/>\n\t<meta name=\"twitter:data1\" content=\"1 minute\" \/>\n<script type=\"application\/ld+json\" class=\"yoast-schema-graph\">{\"@context\":\"https:\\\/\\\/schema.org\",\"@graph\":[{\"@type\":\"WebPage\",\"@id\":\"https:\\\/\\\/www.gilianplants.com\\\/fr\\\/produit\\\/yucca-treculeana\\\/\",\"url\":\"https:\\\/\\\/www.gilianplants.com\\\/fr\\\/produit\\\/yucca-treculeana\\\/\",\"name\":\"Yucca treculeana - Gilian Plants\",\"isPartOf\":{\"@id\":\"https:\\\/\\\/www.gilianplants.com\\\/fr\\\/#website\"},\"primaryImageOfPage\":{\"@id\":\"https:\\\/\\\/www.gilianplants.com\\\/fr\\\/produit\\\/yucca-treculeana\\\/#primaryimage\"},\"image\":{\"@id\":\"https:\\\/\\\/www.gilianplants.com\\\/fr\\\/produit\\\/yucca-treculeana\\\/#primaryimage\"},\"thumbnailUrl\":\"https:\\\/\\\/www.gilianplants.com\\\/wp-content\\\/uploads\\\/2022\\\/09\\\/40cfcd3f-df23-48f8-bf8e-f384b489defd.png\",\"datePublished\":\"2022-07-30T21:44:26+00:00\",\"dateModified\":\"2022-08-03T14:48:16+00:00\",\"breadcrumb\":{\"@id\":\"https:\\\/\\\/www.gilianplants.com\\\/fr\\\/produit\\\/yucca-treculeana\\\/#breadcrumb\"},\"inLanguage\":\"fr-FR\",\"potentialAction\":[{\"@type\":\"ReadAction\",\"target\":[\"https:\\\/\\\/www.gilianplants.com\\\/fr\\\/produit\\\/yucca-treculeana\\\/\"]}]},{\"@type\":\"ImageObject\",\"inLanguage\":\"fr-FR\",\"@id\":\"https:\\\/\\\/www.gilianplants.com\\\/fr\\\/produit\\\/yucca-treculeana\\\/#primaryimage\",\"url\":\"https:\\\/\\\/www.gilianplants.com\\\/wp-content\\\/uploads\\\/2022\\\/09\\\/40cfcd3f-df23-48f8-bf8e-f384b489defd.png\",\"contentUrl\":\"https:\\\/\\\/www.gilianplants.com\\\/wp-content\\\/uploads\\\/2022\\\/09\\\/40cfcd3f-df23-48f8-bf8e-f384b489defd.png\",\"width\":1800,\"height\":1200},{\"@type\":\"BreadcrumbList\",\"@id\":\"https:\\\/\\\/www.gilianplants.com\\\/fr\\\/produit\\\/yucca-treculeana\\\/#breadcrumb\",\"itemListElement\":[{\"@type\":\"ListItem\",\"position\":1,\"name\":\"Home\",\"item\":\"https:\\\/\\\/www.gilianplants.com\\\/fr\\\/\"},{\"@type\":\"ListItem\",\"position\":2,\"name\":\"Shop\",\"item\":\"https:\\\/\\\/www.gilianplants.com\\\/shop\\\/\"},{\"@type\":\"ListItem\",\"position\":3,\"name\":\"Yucca treculeana\"}]},{\"@type\":\"WebSite\",\"@id\":\"https:\\\/\\\/www.gilianplants.com\\\/fr\\\/#website\",\"url\":\"https:\\\/\\\/www.gilianplants.com\\\/fr\\\/\",\"name\":\"Gilian Plants\",\"description\":\"Specialist in germination of rare exotic plants\",\"potentialAction\":[{\"@type\":\"SearchAction\",\"target\":{\"@type\":\"EntryPoint\",\"urlTemplate\":\"https:\\\/\\\/www.gilianplants.com\\\/fr\\\/?s={search_term_string}\"},\"query-input\":{\"@type\":\"PropertyValueSpecification\",\"valueRequired\":true,\"valueName\":\"search_term_string\"}}],\"inLanguage\":\"fr-FR\"}]}<\/script>\n<!-- \/ Yoast SEO plugin. -->","yoast_head_json":{"title":"Yucca treculeana - Gilian Plants","robots":{"index":"index","follow":"follow","max-snippet":"max-snippet:-1","max-image-preview":"max-image-preview:large","max-video-preview":"max-video-preview:-1"},"canonical":"https:\/\/www.gilianplants.com\/fr\/produit\/yucca-treculeana\/","og_locale":"fr_FR","og_type":"article","og_title":"Yucca treculeana - Gilian Plants","og_description":"Yucca treculeana - Dague espagnole de Tr\u00e9cula\u00a0","og_url":"https:\/\/www.gilianplants.com\/fr\/produit\/yucca-treculeana\/","og_site_name":"Gilian Plants","article_modified_time":"2022-08-03T14:48:16+00:00","twitter_card":"summary_large_image","twitter_misc":{"Dur\u00e9e de lecture estim\u00e9e":"1 minute"},"schema":{"@context":"https:\/\/schema.org","@graph":[{"@type":"WebPage","@id":"https:\/\/www.gilianplants.com\/fr\/produit\/yucca-treculeana\/","url":"https:\/\/www.gilianplants.com\/fr\/produit\/yucca-treculeana\/","name":"Yucca treculeana - Gilian Plants","isPartOf":{"@id":"https:\/\/www.gilianplants.com\/fr\/#website"},"primaryImageOfPage":{"@id":"https:\/\/www.gilianplants.com\/fr\/produit\/yucca-treculeana\/#primaryimage"},"image":{"@id":"https:\/\/www.gilianplants.com\/fr\/produit\/yucca-treculeana\/#primaryimage"},"thumbnailUrl":"https:\/\/www.gilianplants.com\/wp-content\/uploads\/2022\/09\/40cfcd3f-df23-48f8-bf8e-f384b489defd.png","datePublished":"2022-07-30T21:44:26+00:00","dateModified":"2022-08-03T14:48:16+00:00","breadcrumb":{"@id":"https:\/\/www.gilianplants.com\/fr\/produit\/yucca-treculeana\/#breadcrumb"},"inLanguage":"fr-FR","potentialAction":[{"@type":"ReadAction","target":["https:\/\/www.gilianplants.com\/fr\/produit\/yucca-treculeana\/"]}]},{"@type":"ImageObject","inLanguage":"fr-FR","@id":"https:\/\/www.gilianplants.com\/fr\/produit\/yucca-treculeana\/#primaryimage","url":"https:\/\/www.gilianplants.com\/wp-content\/uploads\/2022\/09\/40cfcd3f-df23-48f8-bf8e-f384b489defd.png","contentUrl":"https:\/\/www.gilianplants.com\/wp-content\/uploads\/2022\/09\/40cfcd3f-df23-48f8-bf8e-f384b489defd.png","width":1800,"height":1200},{"@type":"BreadcrumbList","@id":"https:\/\/www.gilianplants.com\/fr\/produit\/yucca-treculeana\/#breadcrumb","itemListElement":[{"@type":"ListItem","position":1,"name":"Home","item":"https:\/\/www.gilianplants.com\/fr\/"},{"@type":"ListItem","position":2,"name":"Shop","item":"https:\/\/www.gilianplants.com\/shop\/"},{"@type":"ListItem","position":3,"name":"Yucca treculeana"}]},{"@type":"WebSite","@id":"https:\/\/www.gilianplants.com\/fr\/#website","url":"https:\/\/www.gilianplants.com\/fr\/","name":"Gilian Plants","description":"Specialist in germination of rare exotic plants","potentialAction":[{"@type":"SearchAction","target":{"@type":"EntryPoint","urlTemplate":"https:\/\/www.gilianplants.com\/fr\/?s={search_term_string}"},"query-input":{"@type":"PropertyValueSpecification","valueRequired":true,"valueName":"search_term_string"}}],"inLanguage":"fr-FR"}]}},"jetpack_sharing_enabled":true,"_links":{"self":[{"href":"https:\/\/www.gilianplants.com\/fr\/wp-json\/wp\/v2\/product\/10832","targetHints":{"allow":["GET"]}}],"collection":[{"href":"https:\/\/www.gilianplants.com\/fr\/wp-json\/wp\/v2\/product"}],"about":[{"href":"https:\/\/www.gilianplants.com\/fr\/wp-json\/wp\/v2\/types\/product"}],"replies":[{"embeddable":true,"href":"https:\/\/www.gilianplants.com\/fr\/wp-json\/wp\/v2\/comments?post=10832"}],"wp:featuredmedia":[{"embeddable":true,"href":"https:\/\/www.gilianplants.com\/fr\/wp-json\/wp\/v2\/media\/11549"}],"wp:attachment":[{"href":"https:\/\/www.gilianplants.com\/fr\/wp-json\/wp\/v2\/media?parent=10832"}],"wp:term":[{"taxonomy":"product_brand","embeddable":true,"href":"https:\/\/www.gilianplants.com\/fr\/wp-json\/wp\/v2\/product_brand?post=10832"},{"taxonomy":"product_cat","embeddable":true,"href":"https:\/\/www.gilianplants.com\/fr\/wp-json\/wp\/v2\/product_cat?post=10832"},{"taxonomy":"product_tag","embeddable":true,"href":"https:\/\/www.gilianplants.com\/fr\/wp-json\/wp\/v2\/product_tag?post=10832"}],"curies":[{"name":"wp","href":"https:\/\/api.w.org\/{rel}","templated":true}]}}