{"id":10836,"date":"2022-07-30T22:39:46","date_gmt":"2022-07-30T21:39:46","guid":{"rendered":"https:\/\/www.gilianplants.com\/product\/yucca-decipiens\/"},"modified":"2025-10-07T14:40:01","modified_gmt":"2025-10-07T12:40:01","slug":"yucca-decipiens","status":"publish","type":"product","link":"https:\/\/www.gilianplants.com\/fr\/produit\/yucca-decipiens\/","title":{"rendered":"Yucca decipiens"},"content":{"rendered":"<h1><strong>Yucca decipiens &#8211; Palma China<\/strong><\/h1>\n<p>Ce Yucca decipiens a une belle tige haute et est assez rare en culture. Ce Yucca peut atteindre 8 m\u00e8tres de haut. Cette esp\u00e8ce pousse dans un sol sablonneux. Il a de grandes feuilles herbeuses en rosette robuste. Il est proche du Yucca filifera. Il a une couleur bleut\u00e9e en plein soleil. Les tiges florales sont tr\u00e8s grandes avec beaucoup de fleurs blanches. Vraiment impressionnant pour cette plante. Apr\u00e8s la floraison, elle produira de nombreuses graines. Ce Yucca decipiens est r\u00e9sistant au froid. Donnez \u00e0 ce Yucca au look exotique un bon emplacement dans votre jardin et il deviendra une grande plante de jardin ! Prot\u00e9gez-le bien du gel un peu&#8230; Une plante merveilleuse pour les climats chauds et tropicaux.<\/p>\n<p>&nbsp;<\/p>\n<ul>\n<li><strong>Emplacement de la plante : plein soleil \/ mi-ombre<\/strong><\/li>\n<li><strong>Arrosage : pas beaucoup<\/strong><\/li>\n<li><strong>R\u00e9sistance au froid : -10 degr\u00e9s<\/strong><\/li>\n<li><strong>Pays d&rsquo;origine : Mexique<\/strong><\/li>\n<\/ul>\n","protected":false},"excerpt":{"rendered":"<h1><strong>Yucca decipiens &#8211; Palma China<\/strong><\/h1>\n","protected":false},"featured_media":11555,"comment_status":"open","ping_status":"closed","template":"","meta":[],"product_brand":[],"product_cat":[538],"product_tag":[1111,1524,1525,539],"class_list":{"0":"post-10836","1":"product","2":"type-product","3":"status-publish","4":"has-post-thumbnail","6":"product_cat-yuccas","7":"product_tag-china-fr","8":"product_tag-decipiens-fr","9":"product_tag-palma-fr","10":"product_tag-yucca-fr","11":"product_shipping_class-colis-normal-1-10kg","13":"first","14":"instock","15":"taxable","16":"shipping-taxable","17":"purchasable","18":"product-type-simple"},"yoast_head":"<!-- This site is optimized with the Yoast SEO plugin v27.5 - https:\/\/yoast.com\/product\/yoast-seo-wordpress\/ -->\n<title>Yucca decipiens - Gilian Plants<\/title>\n<meta name=\"robots\" content=\"index, follow, max-snippet:-1, max-image-preview:large, max-video-preview:-1\" \/>\n<link rel=\"canonical\" href=\"https:\/\/www.gilianplants.com\/fr\/produit\/yucca-decipiens\/\" \/>\n<meta property=\"og:locale\" content=\"fr_FR\" \/>\n<meta property=\"og:type\" content=\"article\" \/>\n<meta property=\"og:title\" content=\"Yucca decipiens - Gilian Plants\" \/>\n<meta property=\"og:description\" content=\"Yucca decipiens - Palma China\" \/>\n<meta property=\"og:url\" content=\"https:\/\/www.gilianplants.com\/fr\/produit\/yucca-decipiens\/\" \/>\n<meta property=\"og:site_name\" content=\"Gilian Plants\" \/>\n<meta property=\"article:modified_time\" content=\"2025-10-07T12:40:01+00:00\" \/>\n<meta name=\"twitter:card\" content=\"summary_large_image\" \/>\n<meta name=\"twitter:label1\" content=\"Dur\u00e9e de lecture estim\u00e9e\" \/>\n\t<meta name=\"twitter:data1\" content=\"1 minute\" \/>\n<script type=\"application\/ld+json\" class=\"yoast-schema-graph\">{\"@context\":\"https:\\\/\\\/schema.org\",\"@graph\":[{\"@type\":\"WebPage\",\"@id\":\"https:\\\/\\\/www.gilianplants.com\\\/fr\\\/produit\\\/yucca-decipiens\\\/\",\"url\":\"https:\\\/\\\/www.gilianplants.com\\\/fr\\\/produit\\\/yucca-decipiens\\\/\",\"name\":\"Yucca decipiens - Gilian Plants\",\"isPartOf\":{\"@id\":\"https:\\\/\\\/www.gilianplants.com\\\/fr\\\/#website\"},\"primaryImageOfPage\":{\"@id\":\"https:\\\/\\\/www.gilianplants.com\\\/fr\\\/produit\\\/yucca-decipiens\\\/#primaryimage\"},\"image\":{\"@id\":\"https:\\\/\\\/www.gilianplants.com\\\/fr\\\/produit\\\/yucca-decipiens\\\/#primaryimage\"},\"thumbnailUrl\":\"https:\\\/\\\/www.gilianplants.com\\\/wp-content\\\/uploads\\\/2022\\\/09\\\/b85d240f-dd71-4808-b80b-5be0beed1de9.png\",\"datePublished\":\"2022-07-30T21:39:46+00:00\",\"dateModified\":\"2025-10-07T12:40:01+00:00\",\"breadcrumb\":{\"@id\":\"https:\\\/\\\/www.gilianplants.com\\\/fr\\\/produit\\\/yucca-decipiens\\\/#breadcrumb\"},\"inLanguage\":\"fr-FR\",\"potentialAction\":[{\"@type\":\"ReadAction\",\"target\":[\"https:\\\/\\\/www.gilianplants.com\\\/fr\\\/produit\\\/yucca-decipiens\\\/\"]}]},{\"@type\":\"ImageObject\",\"inLanguage\":\"fr-FR\",\"@id\":\"https:\\\/\\\/www.gilianplants.com\\\/fr\\\/produit\\\/yucca-decipiens\\\/#primaryimage\",\"url\":\"https:\\\/\\\/www.gilianplants.com\\\/wp-content\\\/uploads\\\/2022\\\/09\\\/b85d240f-dd71-4808-b80b-5be0beed1de9.png\",\"contentUrl\":\"https:\\\/\\\/www.gilianplants.com\\\/wp-content\\\/uploads\\\/2022\\\/09\\\/b85d240f-dd71-4808-b80b-5be0beed1de9.png\",\"width\":1800,\"height\":1200},{\"@type\":\"BreadcrumbList\",\"@id\":\"https:\\\/\\\/www.gilianplants.com\\\/fr\\\/produit\\\/yucca-decipiens\\\/#breadcrumb\",\"itemListElement\":[{\"@type\":\"ListItem\",\"position\":1,\"name\":\"Home\",\"item\":\"https:\\\/\\\/www.gilianplants.com\\\/fr\\\/\"},{\"@type\":\"ListItem\",\"position\":2,\"name\":\"Shop\",\"item\":\"https:\\\/\\\/www.gilianplants.com\\\/shop\\\/\"},{\"@type\":\"ListItem\",\"position\":3,\"name\":\"Yucca decipiens\"}]},{\"@type\":\"WebSite\",\"@id\":\"https:\\\/\\\/www.gilianplants.com\\\/fr\\\/#website\",\"url\":\"https:\\\/\\\/www.gilianplants.com\\\/fr\\\/\",\"name\":\"Gilian Plants\",\"description\":\"Specialist in germination of rare exotic plants\",\"potentialAction\":[{\"@type\":\"SearchAction\",\"target\":{\"@type\":\"EntryPoint\",\"urlTemplate\":\"https:\\\/\\\/www.gilianplants.com\\\/fr\\\/?s={search_term_string}\"},\"query-input\":{\"@type\":\"PropertyValueSpecification\",\"valueRequired\":true,\"valueName\":\"search_term_string\"}}],\"inLanguage\":\"fr-FR\"}]}<\/script>\n<!-- \/ Yoast SEO plugin. -->","yoast_head_json":{"title":"Yucca decipiens - Gilian Plants","robots":{"index":"index","follow":"follow","max-snippet":"max-snippet:-1","max-image-preview":"max-image-preview:large","max-video-preview":"max-video-preview:-1"},"canonical":"https:\/\/www.gilianplants.com\/fr\/produit\/yucca-decipiens\/","og_locale":"fr_FR","og_type":"article","og_title":"Yucca decipiens - Gilian Plants","og_description":"Yucca decipiens - Palma China","og_url":"https:\/\/www.gilianplants.com\/fr\/produit\/yucca-decipiens\/","og_site_name":"Gilian Plants","article_modified_time":"2025-10-07T12:40:01+00:00","twitter_card":"summary_large_image","twitter_misc":{"Dur\u00e9e de lecture estim\u00e9e":"1 minute"},"schema":{"@context":"https:\/\/schema.org","@graph":[{"@type":"WebPage","@id":"https:\/\/www.gilianplants.com\/fr\/produit\/yucca-decipiens\/","url":"https:\/\/www.gilianplants.com\/fr\/produit\/yucca-decipiens\/","name":"Yucca decipiens - Gilian Plants","isPartOf":{"@id":"https:\/\/www.gilianplants.com\/fr\/#website"},"primaryImageOfPage":{"@id":"https:\/\/www.gilianplants.com\/fr\/produit\/yucca-decipiens\/#primaryimage"},"image":{"@id":"https:\/\/www.gilianplants.com\/fr\/produit\/yucca-decipiens\/#primaryimage"},"thumbnailUrl":"https:\/\/www.gilianplants.com\/wp-content\/uploads\/2022\/09\/b85d240f-dd71-4808-b80b-5be0beed1de9.png","datePublished":"2022-07-30T21:39:46+00:00","dateModified":"2025-10-07T12:40:01+00:00","breadcrumb":{"@id":"https:\/\/www.gilianplants.com\/fr\/produit\/yucca-decipiens\/#breadcrumb"},"inLanguage":"fr-FR","potentialAction":[{"@type":"ReadAction","target":["https:\/\/www.gilianplants.com\/fr\/produit\/yucca-decipiens\/"]}]},{"@type":"ImageObject","inLanguage":"fr-FR","@id":"https:\/\/www.gilianplants.com\/fr\/produit\/yucca-decipiens\/#primaryimage","url":"https:\/\/www.gilianplants.com\/wp-content\/uploads\/2022\/09\/b85d240f-dd71-4808-b80b-5be0beed1de9.png","contentUrl":"https:\/\/www.gilianplants.com\/wp-content\/uploads\/2022\/09\/b85d240f-dd71-4808-b80b-5be0beed1de9.png","width":1800,"height":1200},{"@type":"BreadcrumbList","@id":"https:\/\/www.gilianplants.com\/fr\/produit\/yucca-decipiens\/#breadcrumb","itemListElement":[{"@type":"ListItem","position":1,"name":"Home","item":"https:\/\/www.gilianplants.com\/fr\/"},{"@type":"ListItem","position":2,"name":"Shop","item":"https:\/\/www.gilianplants.com\/shop\/"},{"@type":"ListItem","position":3,"name":"Yucca decipiens"}]},{"@type":"WebSite","@id":"https:\/\/www.gilianplants.com\/fr\/#website","url":"https:\/\/www.gilianplants.com\/fr\/","name":"Gilian Plants","description":"Specialist in germination of rare exotic plants","potentialAction":[{"@type":"SearchAction","target":{"@type":"EntryPoint","urlTemplate":"https:\/\/www.gilianplants.com\/fr\/?s={search_term_string}"},"query-input":{"@type":"PropertyValueSpecification","valueRequired":true,"valueName":"search_term_string"}}],"inLanguage":"fr-FR"}]}},"jetpack_sharing_enabled":true,"_links":{"self":[{"href":"https:\/\/www.gilianplants.com\/fr\/wp-json\/wp\/v2\/product\/10836","targetHints":{"allow":["GET"]}}],"collection":[{"href":"https:\/\/www.gilianplants.com\/fr\/wp-json\/wp\/v2\/product"}],"about":[{"href":"https:\/\/www.gilianplants.com\/fr\/wp-json\/wp\/v2\/types\/product"}],"replies":[{"embeddable":true,"href":"https:\/\/www.gilianplants.com\/fr\/wp-json\/wp\/v2\/comments?post=10836"}],"wp:featuredmedia":[{"embeddable":true,"href":"https:\/\/www.gilianplants.com\/fr\/wp-json\/wp\/v2\/media\/11555"}],"wp:attachment":[{"href":"https:\/\/www.gilianplants.com\/fr\/wp-json\/wp\/v2\/media?parent=10836"}],"wp:term":[{"taxonomy":"product_brand","embeddable":true,"href":"https:\/\/www.gilianplants.com\/fr\/wp-json\/wp\/v2\/product_brand?post=10836"},{"taxonomy":"product_cat","embeddable":true,"href":"https:\/\/www.gilianplants.com\/fr\/wp-json\/wp\/v2\/product_cat?post=10836"},{"taxonomy":"product_tag","embeddable":true,"href":"https:\/\/www.gilianplants.com\/fr\/wp-json\/wp\/v2\/product_tag?post=10836"}],"curies":[{"name":"wp","href":"https:\/\/api.w.org\/{rel}","templated":true}]}}