{"id":11312,"date":"2022-09-15T09:27:15","date_gmt":"2022-09-15T08:27:15","guid":{"rendered":"https:\/\/www.gilianplants.com\/product\/monstera-thai-constellation\/"},"modified":"2022-09-15T10:05:28","modified_gmt":"2022-09-15T09:05:28","slug":"monstera-thai-constellation","status":"publish","type":"product","link":"https:\/\/www.gilianplants.com\/fr\/produit\/monstera-thai-constellation\/","title":{"rendered":"Monstera Thai Constellation"},"content":{"rendered":"<h1><em><strong>Monstera Thai Constellation &#8211; Monstera \u00e0 taches blanches<\/strong><\/em><\/h1>\n<p>Le Monstera Thai Constellation est une plante d&rsquo;int\u00e9rieur inhabituelle qui est devenue tr\u00e8s populaire ces derni\u00e8res ann\u00e9es. Les feuilles tachet\u00e9es combin\u00e9es aux encoches font de cette plante un ajout unique \u00e0 votre salon. Le Monstera Thai constellation ressemble au Monstera deliciosa variegated mais la principale diff\u00e9rence r\u00e9side dans le motif marbr\u00e9 du Thai Constellation. Le Monstera variegata est constitu\u00e9 de zones plus grandes, tandis que le Thai Constellation est constitu\u00e9 de nombreuses petites taches.<\/p>\n<p>Chaque plante est unique par rapport au Monstera Thai Constellation. Chaque plante a des motifs diff\u00e9rents, la variation est donc tr\u00e8s grande.\u00a0Cette plante d&rsquo;int\u00e9rieur a \u00e9t\u00e9 s\u00e9lectionn\u00e9e pour avoir une panachure stable. Bien que d&rsquo;autres plantes panach\u00e9es pr\u00e9sentent souvent de grandes parties blanches, celles-ci peuvent dispara\u00eetre. Le Monstera Thai Constellation gardera toujours sa belle panachure.<br \/>\nLe Monstera Thai Constellation aime les sols bien drain\u00e9s et les conditions humides et chaudes pour pousser. Il a besoin d&rsquo;une structure de soutien pour se d\u00e9velopper \u00e0 mesure qu&rsquo;il m\u00fbrit. Il permet \u00e0 ses tiges de grimper en toute s\u00e9curit\u00e9 gr\u00e2ce \u00e0 des racines a\u00e9riennes.<\/p>\n<p>Chaque plante est diff\u00e9rente donc la plante peut para\u00eetre diff\u00e9rente des photos, vous recevrez un beau sp\u00e9cimen proportionnel \u00e0 la photo. Et une bonne variegata cultiv\u00e9e dans un P9.<\/p>\n<p>Nous sommes experts dans la culture de Monstera Thai Constellation. Gilian Plants fait tout par eux-m\u00eames afin de pouvoir vous fournir la vraie affaire. Chaque ann\u00e9e Gilian Plants a de nouveaux spieces dans certaines quantit\u00e9s de gros en vrac.<\/p>\n<ul>\n<li><strong>Emplacement des plantes : chaud, dans la maison<\/strong><\/li>\n<li><strong>Soin des plantes : facile<\/strong><\/li>\n<li><strong>Arrosage : arrosage normal<\/strong><\/li>\n<li><strong>R\u00e9sistant au froid : non<\/strong><\/li>\n<li><strong>Pays d&rsquo;origine : Pays-Bas\u00a0<\/strong><\/li>\n<\/ul>\n","protected":false},"excerpt":{"rendered":"<h1><em><strong>Monstera Thai Constellation &#8211; Monstera \u00e0 taches blanches<\/strong><\/em><\/h1>\n","protected":false},"featured_media":11351,"comment_status":"open","ping_status":"closed","template":"","meta":[],"product_brand":[],"product_cat":[602,510],"product_tag":[1594,1595,904],"class_list":{"0":"post-11312","1":"product","2":"type-product","3":"status-publish","4":"has-post-thumbnail","6":"product_cat-variegated","7":"product_cat-plantes-diverses","8":"product_tag-constellation-fr","9":"product_tag-monstera-fr","10":"product_tag-thai-fr","11":"product_shipping_class-colis-normal-1-10kg","13":"first","14":"instock","15":"taxable","16":"shipping-taxable","17":"purchasable","18":"product-type-simple"},"yoast_head":"<!-- This site is optimized with the Yoast SEO plugin v27.5 - https:\/\/yoast.com\/product\/yoast-seo-wordpress\/ -->\n<title>Monstera Thai Constellation - Gilian Plants<\/title>\n<meta name=\"robots\" content=\"index, follow, max-snippet:-1, max-image-preview:large, max-video-preview:-1\" \/>\n<link rel=\"canonical\" href=\"https:\/\/www.gilianplants.com\/fr\/produit\/monstera-thai-constellation\/\" \/>\n<meta property=\"og:locale\" content=\"fr_FR\" \/>\n<meta property=\"og:type\" content=\"article\" \/>\n<meta property=\"og:title\" content=\"Monstera Thai Constellation - Gilian Plants\" \/>\n<meta property=\"og:description\" content=\"Monstera Thai Constellation - Monstera \u00e0 taches blanches\" \/>\n<meta property=\"og:url\" content=\"https:\/\/www.gilianplants.com\/fr\/produit\/monstera-thai-constellation\/\" \/>\n<meta property=\"og:site_name\" content=\"Gilian Plants\" \/>\n<meta property=\"article:modified_time\" content=\"2022-09-15T09:05:28+00:00\" \/>\n<meta name=\"twitter:card\" content=\"summary_large_image\" \/>\n<meta name=\"twitter:label1\" content=\"Dur\u00e9e de lecture estim\u00e9e\" \/>\n\t<meta name=\"twitter:data1\" content=\"2 minutes\" \/>\n<script type=\"application\/ld+json\" class=\"yoast-schema-graph\">{\"@context\":\"https:\\\/\\\/schema.org\",\"@graph\":[{\"@type\":\"WebPage\",\"@id\":\"https:\\\/\\\/www.gilianplants.com\\\/fr\\\/produit\\\/monstera-thai-constellation\\\/\",\"url\":\"https:\\\/\\\/www.gilianplants.com\\\/fr\\\/produit\\\/monstera-thai-constellation\\\/\",\"name\":\"Monstera Thai Constellation - Gilian Plants\",\"isPartOf\":{\"@id\":\"https:\\\/\\\/www.gilianplants.com\\\/fr\\\/#website\"},\"primaryImageOfPage\":{\"@id\":\"https:\\\/\\\/www.gilianplants.com\\\/fr\\\/produit\\\/monstera-thai-constellation\\\/#primaryimage\"},\"image\":{\"@id\":\"https:\\\/\\\/www.gilianplants.com\\\/fr\\\/produit\\\/monstera-thai-constellation\\\/#primaryimage\"},\"thumbnailUrl\":\"https:\\\/\\\/www.gilianplants.com\\\/wp-content\\\/uploads\\\/2022\\\/09\\\/0d90bc74-0cc1-4a11-a7dc-0600552c39ea-1.png\",\"datePublished\":\"2022-09-15T08:27:15+00:00\",\"dateModified\":\"2022-09-15T09:05:28+00:00\",\"breadcrumb\":{\"@id\":\"https:\\\/\\\/www.gilianplants.com\\\/fr\\\/produit\\\/monstera-thai-constellation\\\/#breadcrumb\"},\"inLanguage\":\"fr-FR\",\"potentialAction\":[{\"@type\":\"ReadAction\",\"target\":[\"https:\\\/\\\/www.gilianplants.com\\\/fr\\\/produit\\\/monstera-thai-constellation\\\/\"]}]},{\"@type\":\"ImageObject\",\"inLanguage\":\"fr-FR\",\"@id\":\"https:\\\/\\\/www.gilianplants.com\\\/fr\\\/produit\\\/monstera-thai-constellation\\\/#primaryimage\",\"url\":\"https:\\\/\\\/www.gilianplants.com\\\/wp-content\\\/uploads\\\/2022\\\/09\\\/0d90bc74-0cc1-4a11-a7dc-0600552c39ea-1.png\",\"contentUrl\":\"https:\\\/\\\/www.gilianplants.com\\\/wp-content\\\/uploads\\\/2022\\\/09\\\/0d90bc74-0cc1-4a11-a7dc-0600552c39ea-1.png\",\"width\":1800,\"height\":1200},{\"@type\":\"BreadcrumbList\",\"@id\":\"https:\\\/\\\/www.gilianplants.com\\\/fr\\\/produit\\\/monstera-thai-constellation\\\/#breadcrumb\",\"itemListElement\":[{\"@type\":\"ListItem\",\"position\":1,\"name\":\"Home\",\"item\":\"https:\\\/\\\/www.gilianplants.com\\\/fr\\\/\"},{\"@type\":\"ListItem\",\"position\":2,\"name\":\"Shop\",\"item\":\"https:\\\/\\\/www.gilianplants.com\\\/shop\\\/\"},{\"@type\":\"ListItem\",\"position\":3,\"name\":\"Monstera Thai Constellation\"}]},{\"@type\":\"WebSite\",\"@id\":\"https:\\\/\\\/www.gilianplants.com\\\/fr\\\/#website\",\"url\":\"https:\\\/\\\/www.gilianplants.com\\\/fr\\\/\",\"name\":\"Gilian Plants\",\"description\":\"Specialist in germination of rare exotic plants\",\"potentialAction\":[{\"@type\":\"SearchAction\",\"target\":{\"@type\":\"EntryPoint\",\"urlTemplate\":\"https:\\\/\\\/www.gilianplants.com\\\/fr\\\/?s={search_term_string}\"},\"query-input\":{\"@type\":\"PropertyValueSpecification\",\"valueRequired\":true,\"valueName\":\"search_term_string\"}}],\"inLanguage\":\"fr-FR\"}]}<\/script>\n<!-- \/ Yoast SEO plugin. -->","yoast_head_json":{"title":"Monstera Thai Constellation - Gilian Plants","robots":{"index":"index","follow":"follow","max-snippet":"max-snippet:-1","max-image-preview":"max-image-preview:large","max-video-preview":"max-video-preview:-1"},"canonical":"https:\/\/www.gilianplants.com\/fr\/produit\/monstera-thai-constellation\/","og_locale":"fr_FR","og_type":"article","og_title":"Monstera Thai Constellation - Gilian Plants","og_description":"Monstera Thai Constellation - Monstera \u00e0 taches blanches","og_url":"https:\/\/www.gilianplants.com\/fr\/produit\/monstera-thai-constellation\/","og_site_name":"Gilian Plants","article_modified_time":"2022-09-15T09:05:28+00:00","twitter_card":"summary_large_image","twitter_misc":{"Dur\u00e9e de lecture estim\u00e9e":"2 minutes"},"schema":{"@context":"https:\/\/schema.org","@graph":[{"@type":"WebPage","@id":"https:\/\/www.gilianplants.com\/fr\/produit\/monstera-thai-constellation\/","url":"https:\/\/www.gilianplants.com\/fr\/produit\/monstera-thai-constellation\/","name":"Monstera Thai Constellation - Gilian Plants","isPartOf":{"@id":"https:\/\/www.gilianplants.com\/fr\/#website"},"primaryImageOfPage":{"@id":"https:\/\/www.gilianplants.com\/fr\/produit\/monstera-thai-constellation\/#primaryimage"},"image":{"@id":"https:\/\/www.gilianplants.com\/fr\/produit\/monstera-thai-constellation\/#primaryimage"},"thumbnailUrl":"https:\/\/www.gilianplants.com\/wp-content\/uploads\/2022\/09\/0d90bc74-0cc1-4a11-a7dc-0600552c39ea-1.png","datePublished":"2022-09-15T08:27:15+00:00","dateModified":"2022-09-15T09:05:28+00:00","breadcrumb":{"@id":"https:\/\/www.gilianplants.com\/fr\/produit\/monstera-thai-constellation\/#breadcrumb"},"inLanguage":"fr-FR","potentialAction":[{"@type":"ReadAction","target":["https:\/\/www.gilianplants.com\/fr\/produit\/monstera-thai-constellation\/"]}]},{"@type":"ImageObject","inLanguage":"fr-FR","@id":"https:\/\/www.gilianplants.com\/fr\/produit\/monstera-thai-constellation\/#primaryimage","url":"https:\/\/www.gilianplants.com\/wp-content\/uploads\/2022\/09\/0d90bc74-0cc1-4a11-a7dc-0600552c39ea-1.png","contentUrl":"https:\/\/www.gilianplants.com\/wp-content\/uploads\/2022\/09\/0d90bc74-0cc1-4a11-a7dc-0600552c39ea-1.png","width":1800,"height":1200},{"@type":"BreadcrumbList","@id":"https:\/\/www.gilianplants.com\/fr\/produit\/monstera-thai-constellation\/#breadcrumb","itemListElement":[{"@type":"ListItem","position":1,"name":"Home","item":"https:\/\/www.gilianplants.com\/fr\/"},{"@type":"ListItem","position":2,"name":"Shop","item":"https:\/\/www.gilianplants.com\/shop\/"},{"@type":"ListItem","position":3,"name":"Monstera Thai Constellation"}]},{"@type":"WebSite","@id":"https:\/\/www.gilianplants.com\/fr\/#website","url":"https:\/\/www.gilianplants.com\/fr\/","name":"Gilian Plants","description":"Specialist in germination of rare exotic plants","potentialAction":[{"@type":"SearchAction","target":{"@type":"EntryPoint","urlTemplate":"https:\/\/www.gilianplants.com\/fr\/?s={search_term_string}"},"query-input":{"@type":"PropertyValueSpecification","valueRequired":true,"valueName":"search_term_string"}}],"inLanguage":"fr-FR"}]}},"jetpack_sharing_enabled":true,"_links":{"self":[{"href":"https:\/\/www.gilianplants.com\/fr\/wp-json\/wp\/v2\/product\/11312","targetHints":{"allow":["GET"]}}],"collection":[{"href":"https:\/\/www.gilianplants.com\/fr\/wp-json\/wp\/v2\/product"}],"about":[{"href":"https:\/\/www.gilianplants.com\/fr\/wp-json\/wp\/v2\/types\/product"}],"replies":[{"embeddable":true,"href":"https:\/\/www.gilianplants.com\/fr\/wp-json\/wp\/v2\/comments?post=11312"}],"wp:featuredmedia":[{"embeddable":true,"href":"https:\/\/www.gilianplants.com\/fr\/wp-json\/wp\/v2\/media\/11351"}],"wp:attachment":[{"href":"https:\/\/www.gilianplants.com\/fr\/wp-json\/wp\/v2\/media?parent=11312"}],"wp:term":[{"taxonomy":"product_brand","embeddable":true,"href":"https:\/\/www.gilianplants.com\/fr\/wp-json\/wp\/v2\/product_brand?post=11312"},{"taxonomy":"product_cat","embeddable":true,"href":"https:\/\/www.gilianplants.com\/fr\/wp-json\/wp\/v2\/product_cat?post=11312"},{"taxonomy":"product_tag","embeddable":true,"href":"https:\/\/www.gilianplants.com\/fr\/wp-json\/wp\/v2\/product_tag?post=11312"}],"curies":[{"name":"wp","href":"https:\/\/api.w.org\/{rel}","templated":true}]}}