{"id":2723,"date":"2021-05-17T21:40:26","date_gmt":"2021-05-17T19:40:26","guid":{"rendered":"https:\/\/www.gilianplants.com\/product\/araucaria-araucana-3-ans\/"},"modified":"2025-01-26T17:15:33","modified_gmt":"2025-01-26T16:15:33","slug":"araucaria-araucana-2-2","status":"publish","type":"product","link":"https:\/\/www.gilianplants.com\/fr\/produit\/araucaria-araucana-2-2\/","title":{"rendered":"Araucaria araucana"},"content":{"rendered":"<p><span style=\"font-size: 150%\"><strong>Araucaria araucana &#8211; Arbre \u00e0 casse-t\u00eate, Araucaria europ\u00e9en<\/strong><\/span><\/p>\n<p>Cet Araucaria araucana est la plante la plus pr\u00e9sente dans les vieux jardins d&rsquo;Europe. Cet araucaria est tr\u00e8s populaire \u00e0 cultiver dans les jardins hollandais. Il est r\u00e9sistant au gel et tr\u00e8s ornemental pour votre jardin. Un accroche-regard pour votre jardin. L&rsquo;exp\u00e9rience de Gilian Plants avec ce conif\u00e8re est positive pour l&rsquo;Europe. Ce conif\u00e8re pousse bien comme plante en conteneur en Europe. En Europe est la meilleure fa\u00e7on de les garder dans un conteneur quand il est une petite plante. Les plantes matures peuvent atteindre une taille de 30 m\u00e8tres ! Les feuilles sont vertes et minces. Les c\u00f4nes avec les graines sont petits et pleins de graines viables. N&rsquo;attendez pas trop longtemps pour semer ces graines. Les vieilles graines ne germent pas et perdent leur viabilit\u00e9. Un pin conif\u00e8re ornemental \u00e0 feuilles persistantes.<\/p>\n<p>Nous sommes experts en germination de graines d&rsquo;Araucaria rares et sp\u00e9ciales. Chaque ann\u00e9e a Gilian Plants nouveaux spieces dans certaines quantit\u00e9s de gros en vrac.<\/p>\n<p>&#8211; Le prix est pour une plante de 3 an.<\/p>\n<ul>\n<li><strong>Emplacement de la plante : plein soleil<\/strong><\/li>\n<li><strong>Soin des plantes : facile<\/strong><\/li>\n<li><strong>Arrosage : garder les jeunes plantes plus s\u00e8ches.<\/strong><\/li>\n<li><strong>R\u00e9sistant au froid : -20<\/strong><\/li>\n<li><strong>Pays d&rsquo;origine : Chili et Argentine<\/strong><\/li>\n<\/ul>\n","protected":false},"excerpt":{"rendered":"<p><span style=\"font-size: 150%\"><strong>Araucaria araucana &#8211; Arbre \u00e0 casse-t\u00eate, Araucaria europ\u00e9en<\/strong><\/span><\/p>\n","protected":false},"featured_media":916,"comment_status":"open","ping_status":"closed","template":"","meta":[],"product_brand":[],"product_cat":[510],"product_tag":[296,134],"class_list":{"0":"post-2723","1":"product","2":"type-product","3":"status-publish","4":"has-post-thumbnail","6":"product_cat-plantes-diverses","7":"product_tag-araucana","8":"product_tag-araucaria","9":"product_shipping_class-normal-parcel-1-10kg-en","11":"first","12":"instock","13":"taxable","14":"shipping-taxable","15":"purchasable","16":"product-type-simple"},"yoast_head":"<!-- This site is optimized with the Yoast SEO plugin v27.5 - https:\/\/yoast.com\/product\/yoast-seo-wordpress\/ -->\n<title>Araucaria araucana - Gilian Plants<\/title>\n<meta name=\"robots\" content=\"index, follow, max-snippet:-1, max-image-preview:large, max-video-preview:-1\" \/>\n<link rel=\"canonical\" href=\"https:\/\/www.gilianplants.com\/fr\/produit\/araucaria-araucana-2-2\/\" \/>\n<meta property=\"og:locale\" content=\"fr_FR\" \/>\n<meta property=\"og:type\" content=\"article\" \/>\n<meta property=\"og:title\" content=\"Araucaria araucana - Gilian Plants\" \/>\n<meta property=\"og:description\" content=\"Araucaria araucana &#8211; Arbre \u00e0 casse-t\u00eate, Araucaria europ\u00e9en\" \/>\n<meta property=\"og:url\" content=\"https:\/\/www.gilianplants.com\/fr\/produit\/araucaria-araucana-2-2\/\" \/>\n<meta property=\"og:site_name\" content=\"Gilian Plants\" \/>\n<meta property=\"article:modified_time\" content=\"2025-01-26T16:15:33+00:00\" \/>\n<meta property=\"og:image\" content=\"https:\/\/www.gilianplants.com\/wp-content\/uploads\/2021\/04\/mg_2118-2.jpeg\" \/>\n\t<meta property=\"og:image:width\" content=\"1280\" \/>\n\t<meta property=\"og:image:height\" content=\"1920\" \/>\n\t<meta property=\"og:image:type\" content=\"image\/jpeg\" \/>\n<meta name=\"twitter:card\" content=\"summary_large_image\" \/>\n<meta name=\"twitter:label1\" content=\"Dur\u00e9e de lecture estim\u00e9e\" \/>\n\t<meta name=\"twitter:data1\" content=\"1 minute\" \/>\n<script type=\"application\/ld+json\" class=\"yoast-schema-graph\">{\"@context\":\"https:\\\/\\\/schema.org\",\"@graph\":[{\"@type\":\"WebPage\",\"@id\":\"https:\\\/\\\/www.gilianplants.com\\\/fr\\\/produit\\\/araucaria-araucana-2-2\\\/\",\"url\":\"https:\\\/\\\/www.gilianplants.com\\\/fr\\\/produit\\\/araucaria-araucana-2-2\\\/\",\"name\":\"Araucaria araucana - Gilian Plants\",\"isPartOf\":{\"@id\":\"https:\\\/\\\/www.gilianplants.com\\\/fr\\\/#website\"},\"primaryImageOfPage\":{\"@id\":\"https:\\\/\\\/www.gilianplants.com\\\/fr\\\/produit\\\/araucaria-araucana-2-2\\\/#primaryimage\"},\"image\":{\"@id\":\"https:\\\/\\\/www.gilianplants.com\\\/fr\\\/produit\\\/araucaria-araucana-2-2\\\/#primaryimage\"},\"thumbnailUrl\":\"https:\\\/\\\/www.gilianplants.com\\\/wp-content\\\/uploads\\\/2021\\\/04\\\/mg_2118-2.jpeg\",\"datePublished\":\"2021-05-17T19:40:26+00:00\",\"dateModified\":\"2025-01-26T16:15:33+00:00\",\"breadcrumb\":{\"@id\":\"https:\\\/\\\/www.gilianplants.com\\\/fr\\\/produit\\\/araucaria-araucana-2-2\\\/#breadcrumb\"},\"inLanguage\":\"fr-FR\",\"potentialAction\":[{\"@type\":\"ReadAction\",\"target\":[\"https:\\\/\\\/www.gilianplants.com\\\/fr\\\/produit\\\/araucaria-araucana-2-2\\\/\"]}]},{\"@type\":\"ImageObject\",\"inLanguage\":\"fr-FR\",\"@id\":\"https:\\\/\\\/www.gilianplants.com\\\/fr\\\/produit\\\/araucaria-araucana-2-2\\\/#primaryimage\",\"url\":\"https:\\\/\\\/www.gilianplants.com\\\/wp-content\\\/uploads\\\/2021\\\/04\\\/mg_2118-2.jpeg\",\"contentUrl\":\"https:\\\/\\\/www.gilianplants.com\\\/wp-content\\\/uploads\\\/2021\\\/04\\\/mg_2118-2.jpeg\",\"width\":1280,\"height\":1920},{\"@type\":\"BreadcrumbList\",\"@id\":\"https:\\\/\\\/www.gilianplants.com\\\/fr\\\/produit\\\/araucaria-araucana-2-2\\\/#breadcrumb\",\"itemListElement\":[{\"@type\":\"ListItem\",\"position\":1,\"name\":\"Home\",\"item\":\"https:\\\/\\\/www.gilianplants.com\\\/fr\\\/\"},{\"@type\":\"ListItem\",\"position\":2,\"name\":\"Shop\",\"item\":\"https:\\\/\\\/www.gilianplants.com\\\/shop\\\/\"},{\"@type\":\"ListItem\",\"position\":3,\"name\":\"Araucaria araucana\"}]},{\"@type\":\"WebSite\",\"@id\":\"https:\\\/\\\/www.gilianplants.com\\\/fr\\\/#website\",\"url\":\"https:\\\/\\\/www.gilianplants.com\\\/fr\\\/\",\"name\":\"Gilian Plants\",\"description\":\"Specialist in germination of rare exotic plants\",\"potentialAction\":[{\"@type\":\"SearchAction\",\"target\":{\"@type\":\"EntryPoint\",\"urlTemplate\":\"https:\\\/\\\/www.gilianplants.com\\\/fr\\\/?s={search_term_string}\"},\"query-input\":{\"@type\":\"PropertyValueSpecification\",\"valueRequired\":true,\"valueName\":\"search_term_string\"}}],\"inLanguage\":\"fr-FR\"}]}<\/script>\n<!-- \/ Yoast SEO plugin. -->","yoast_head_json":{"title":"Araucaria araucana - Gilian Plants","robots":{"index":"index","follow":"follow","max-snippet":"max-snippet:-1","max-image-preview":"max-image-preview:large","max-video-preview":"max-video-preview:-1"},"canonical":"https:\/\/www.gilianplants.com\/fr\/produit\/araucaria-araucana-2-2\/","og_locale":"fr_FR","og_type":"article","og_title":"Araucaria araucana - Gilian Plants","og_description":"Araucaria araucana &#8211; Arbre \u00e0 casse-t\u00eate, Araucaria europ\u00e9en","og_url":"https:\/\/www.gilianplants.com\/fr\/produit\/araucaria-araucana-2-2\/","og_site_name":"Gilian Plants","article_modified_time":"2025-01-26T16:15:33+00:00","og_image":[{"width":1280,"height":1920,"url":"https:\/\/www.gilianplants.com\/wp-content\/uploads\/2021\/04\/mg_2118-2.jpeg","type":"image\/jpeg"}],"twitter_card":"summary_large_image","twitter_misc":{"Dur\u00e9e de lecture estim\u00e9e":"1 minute"},"schema":{"@context":"https:\/\/schema.org","@graph":[{"@type":"WebPage","@id":"https:\/\/www.gilianplants.com\/fr\/produit\/araucaria-araucana-2-2\/","url":"https:\/\/www.gilianplants.com\/fr\/produit\/araucaria-araucana-2-2\/","name":"Araucaria araucana - Gilian Plants","isPartOf":{"@id":"https:\/\/www.gilianplants.com\/fr\/#website"},"primaryImageOfPage":{"@id":"https:\/\/www.gilianplants.com\/fr\/produit\/araucaria-araucana-2-2\/#primaryimage"},"image":{"@id":"https:\/\/www.gilianplants.com\/fr\/produit\/araucaria-araucana-2-2\/#primaryimage"},"thumbnailUrl":"https:\/\/www.gilianplants.com\/wp-content\/uploads\/2021\/04\/mg_2118-2.jpeg","datePublished":"2021-05-17T19:40:26+00:00","dateModified":"2025-01-26T16:15:33+00:00","breadcrumb":{"@id":"https:\/\/www.gilianplants.com\/fr\/produit\/araucaria-araucana-2-2\/#breadcrumb"},"inLanguage":"fr-FR","potentialAction":[{"@type":"ReadAction","target":["https:\/\/www.gilianplants.com\/fr\/produit\/araucaria-araucana-2-2\/"]}]},{"@type":"ImageObject","inLanguage":"fr-FR","@id":"https:\/\/www.gilianplants.com\/fr\/produit\/araucaria-araucana-2-2\/#primaryimage","url":"https:\/\/www.gilianplants.com\/wp-content\/uploads\/2021\/04\/mg_2118-2.jpeg","contentUrl":"https:\/\/www.gilianplants.com\/wp-content\/uploads\/2021\/04\/mg_2118-2.jpeg","width":1280,"height":1920},{"@type":"BreadcrumbList","@id":"https:\/\/www.gilianplants.com\/fr\/produit\/araucaria-araucana-2-2\/#breadcrumb","itemListElement":[{"@type":"ListItem","position":1,"name":"Home","item":"https:\/\/www.gilianplants.com\/fr\/"},{"@type":"ListItem","position":2,"name":"Shop","item":"https:\/\/www.gilianplants.com\/shop\/"},{"@type":"ListItem","position":3,"name":"Araucaria araucana"}]},{"@type":"WebSite","@id":"https:\/\/www.gilianplants.com\/fr\/#website","url":"https:\/\/www.gilianplants.com\/fr\/","name":"Gilian Plants","description":"Specialist in germination of rare exotic plants","potentialAction":[{"@type":"SearchAction","target":{"@type":"EntryPoint","urlTemplate":"https:\/\/www.gilianplants.com\/fr\/?s={search_term_string}"},"query-input":{"@type":"PropertyValueSpecification","valueRequired":true,"valueName":"search_term_string"}}],"inLanguage":"fr-FR"}]}},"jetpack_sharing_enabled":true,"_links":{"self":[{"href":"https:\/\/www.gilianplants.com\/fr\/wp-json\/wp\/v2\/product\/2723","targetHints":{"allow":["GET"]}}],"collection":[{"href":"https:\/\/www.gilianplants.com\/fr\/wp-json\/wp\/v2\/product"}],"about":[{"href":"https:\/\/www.gilianplants.com\/fr\/wp-json\/wp\/v2\/types\/product"}],"replies":[{"embeddable":true,"href":"https:\/\/www.gilianplants.com\/fr\/wp-json\/wp\/v2\/comments?post=2723"}],"wp:featuredmedia":[{"embeddable":true,"href":"https:\/\/www.gilianplants.com\/fr\/wp-json\/wp\/v2\/media\/916"}],"wp:attachment":[{"href":"https:\/\/www.gilianplants.com\/fr\/wp-json\/wp\/v2\/media?parent=2723"}],"wp:term":[{"taxonomy":"product_brand","embeddable":true,"href":"https:\/\/www.gilianplants.com\/fr\/wp-json\/wp\/v2\/product_brand?post=2723"},{"taxonomy":"product_cat","embeddable":true,"href":"https:\/\/www.gilianplants.com\/fr\/wp-json\/wp\/v2\/product_cat?post=2723"},{"taxonomy":"product_tag","embeddable":true,"href":"https:\/\/www.gilianplants.com\/fr\/wp-json\/wp\/v2\/product_tag?post=2723"}],"curies":[{"name":"wp","href":"https:\/\/api.w.org\/{rel}","templated":true}]}}