{"id":2899,"date":"2021-04-19T10:36:06","date_gmt":"2021-05-10T23:12:03","guid":{"rendered":"https:\/\/www.gilianplants.com\/product\/asimina-triloba-2\/"},"modified":"2022-04-23T14:14:05","modified_gmt":"2022-04-23T13:14:05","slug":"asimina-triloba-2","status":"publish","type":"product","link":"https:\/\/www.gilianplants.com\/fr\/produit\/asimina-triloba-2\/","title":{"rendered":"Asimina triloba"},"content":{"rendered":"<h2><em><strong>Asimina triloba &#8211; <\/strong>Pawpaw plante<\/em><\/h2>\n<p>L&rsquo;Asimina triloba est un arbre fruitier r\u00e9sistant au froid. Les plantes matures atteignent rarement 5 m\u00e8tres de haut. Les plantes qui poussent en Europe sont vraiment bonnes. Vitesse de croissance une fois dans le sol, il peut pousser plus de 30 cm (1 ft.) de tige par an. Les fleurs sont d&rsquo;un beau rouge et les fruits sont petits et ronds. Ils ont un go\u00fbt d\u00e9licieux, sucr\u00e9 et cr\u00e9meux. Cet arbre fruitier peut \u00eatre cultiv\u00e9 en conteneur ou plant\u00e9 en pleine terre. L&rsquo;Asimina triloba est indispensable pour votre jardin comestible.<\/p>\n<p>Vous achetez une plante saine.<\/p>\n<p>&nbsp;<\/p>\n<ul>\n<li><strong>Emplacement de la plante : plein soleil \/ mi-ombre<\/strong><\/li>\n<li><strong>Arrosage : moyen<\/strong><\/li>\n<li><strong>R\u00e9sistant au gel : oui -15 degr\u00e9s<\/strong><\/li>\n<li><strong>Pays d&rsquo;origine : Etats-Unis<\/strong><\/li>\n<\/ul>\n","protected":false},"excerpt":{"rendered":"<h2><em><strong>Asimina triloba &#8211; <\/strong>Pawpaw plante<\/em><\/h2>\n","protected":false},"featured_media":9824,"comment_status":"open","ping_status":"closed","template":"","meta":[],"product_brand":[],"product_cat":[772],"product_tag":[1226,1227],"class_list":{"0":"post-2899","1":"product","2":"type-product","3":"status-publish","4":"has-post-thumbnail","6":"product_cat-presale","7":"product_tag-fruitplant-fr","8":"product_tag-pawpaw-fr","10":"first","11":"instock","12":"taxable","13":"shipping-taxable","14":"purchasable","15":"product-type-simple"},"yoast_head":"<!-- This site is optimized with the Yoast SEO plugin v27.5 - https:\/\/yoast.com\/product\/yoast-seo-wordpress\/ -->\n<title>Asimina triloba - Gilian Plants<\/title>\n<meta name=\"robots\" content=\"index, follow, max-snippet:-1, max-image-preview:large, max-video-preview:-1\" \/>\n<link rel=\"canonical\" href=\"https:\/\/www.gilianplants.com\/fr\/produit\/asimina-triloba-2\/\" \/>\n<meta property=\"og:locale\" content=\"fr_FR\" \/>\n<meta property=\"og:type\" content=\"article\" \/>\n<meta property=\"og:title\" content=\"Asimina triloba - Gilian Plants\" \/>\n<meta property=\"og:description\" content=\"Asimina triloba - Pawpaw plante\" \/>\n<meta property=\"og:url\" content=\"https:\/\/www.gilianplants.com\/fr\/produit\/asimina-triloba-2\/\" \/>\n<meta property=\"og:site_name\" content=\"Gilian Plants\" \/>\n<meta property=\"article:modified_time\" content=\"2022-04-23T13:14:05+00:00\" \/>\n<meta property=\"og:image\" content=\"https:\/\/www.gilianplants.com\/wp-content\/uploads\/2021\/05\/img_2463-1.jpeg\" \/>\n\t<meta property=\"og:image:width\" content=\"1280\" \/>\n\t<meta property=\"og:image:height\" content=\"1920\" \/>\n\t<meta property=\"og:image:type\" content=\"image\/jpeg\" \/>\n<meta name=\"twitter:card\" content=\"summary_large_image\" \/>\n<meta name=\"twitter:label1\" content=\"Dur\u00e9e de lecture estim\u00e9e\" \/>\n\t<meta name=\"twitter:data1\" content=\"1 minute\" \/>\n<script type=\"application\/ld+json\" class=\"yoast-schema-graph\">{\"@context\":\"https:\\\/\\\/schema.org\",\"@graph\":[{\"@type\":\"WebPage\",\"@id\":\"https:\\\/\\\/www.gilianplants.com\\\/fr\\\/produit\\\/asimina-triloba-2\\\/\",\"url\":\"https:\\\/\\\/www.gilianplants.com\\\/fr\\\/produit\\\/asimina-triloba-2\\\/\",\"name\":\"Asimina triloba - Gilian Plants\",\"isPartOf\":{\"@id\":\"https:\\\/\\\/www.gilianplants.com\\\/fr\\\/#website\"},\"primaryImageOfPage\":{\"@id\":\"https:\\\/\\\/www.gilianplants.com\\\/fr\\\/produit\\\/asimina-triloba-2\\\/#primaryimage\"},\"image\":{\"@id\":\"https:\\\/\\\/www.gilianplants.com\\\/fr\\\/produit\\\/asimina-triloba-2\\\/#primaryimage\"},\"thumbnailUrl\":\"https:\\\/\\\/www.gilianplants.com\\\/wp-content\\\/uploads\\\/2022\\\/05\\\/5264b1ea-7acd-4270-9ed2-94b637e41537.png\",\"datePublished\":\"2021-05-10T23:12:03+00:00\",\"dateModified\":\"2022-04-23T13:14:05+00:00\",\"breadcrumb\":{\"@id\":\"https:\\\/\\\/www.gilianplants.com\\\/fr\\\/produit\\\/asimina-triloba-2\\\/#breadcrumb\"},\"inLanguage\":\"fr-FR\",\"potentialAction\":[{\"@type\":\"ReadAction\",\"target\":[\"https:\\\/\\\/www.gilianplants.com\\\/fr\\\/produit\\\/asimina-triloba-2\\\/\"]}]},{\"@type\":\"ImageObject\",\"inLanguage\":\"fr-FR\",\"@id\":\"https:\\\/\\\/www.gilianplants.com\\\/fr\\\/produit\\\/asimina-triloba-2\\\/#primaryimage\",\"url\":\"https:\\\/\\\/www.gilianplants.com\\\/wp-content\\\/uploads\\\/2022\\\/05\\\/5264b1ea-7acd-4270-9ed2-94b637e41537.png\",\"contentUrl\":\"https:\\\/\\\/www.gilianplants.com\\\/wp-content\\\/uploads\\\/2022\\\/05\\\/5264b1ea-7acd-4270-9ed2-94b637e41537.png\",\"width\":1920,\"height\":1080},{\"@type\":\"BreadcrumbList\",\"@id\":\"https:\\\/\\\/www.gilianplants.com\\\/fr\\\/produit\\\/asimina-triloba-2\\\/#breadcrumb\",\"itemListElement\":[{\"@type\":\"ListItem\",\"position\":1,\"name\":\"Home\",\"item\":\"https:\\\/\\\/www.gilianplants.com\\\/fr\\\/\"},{\"@type\":\"ListItem\",\"position\":2,\"name\":\"Shop\",\"item\":\"https:\\\/\\\/www.gilianplants.com\\\/shop\\\/\"},{\"@type\":\"ListItem\",\"position\":3,\"name\":\"Asimina triloba\"}]},{\"@type\":\"WebSite\",\"@id\":\"https:\\\/\\\/www.gilianplants.com\\\/fr\\\/#website\",\"url\":\"https:\\\/\\\/www.gilianplants.com\\\/fr\\\/\",\"name\":\"Gilian Plants\",\"description\":\"Specialist in germination of rare exotic plants\",\"potentialAction\":[{\"@type\":\"SearchAction\",\"target\":{\"@type\":\"EntryPoint\",\"urlTemplate\":\"https:\\\/\\\/www.gilianplants.com\\\/fr\\\/?s={search_term_string}\"},\"query-input\":{\"@type\":\"PropertyValueSpecification\",\"valueRequired\":true,\"valueName\":\"search_term_string\"}}],\"inLanguage\":\"fr-FR\"}]}<\/script>\n<!-- \/ Yoast SEO plugin. -->","yoast_head_json":{"title":"Asimina triloba - Gilian Plants","robots":{"index":"index","follow":"follow","max-snippet":"max-snippet:-1","max-image-preview":"max-image-preview:large","max-video-preview":"max-video-preview:-1"},"canonical":"https:\/\/www.gilianplants.com\/fr\/produit\/asimina-triloba-2\/","og_locale":"fr_FR","og_type":"article","og_title":"Asimina triloba - Gilian Plants","og_description":"Asimina triloba - Pawpaw plante","og_url":"https:\/\/www.gilianplants.com\/fr\/produit\/asimina-triloba-2\/","og_site_name":"Gilian Plants","article_modified_time":"2022-04-23T13:14:05+00:00","og_image":[{"width":1280,"height":1920,"url":"https:\/\/www.gilianplants.com\/wp-content\/uploads\/2021\/05\/img_2463-1.jpeg","type":"image\/jpeg"}],"twitter_card":"summary_large_image","twitter_misc":{"Dur\u00e9e de lecture estim\u00e9e":"1 minute"},"schema":{"@context":"https:\/\/schema.org","@graph":[{"@type":"WebPage","@id":"https:\/\/www.gilianplants.com\/fr\/produit\/asimina-triloba-2\/","url":"https:\/\/www.gilianplants.com\/fr\/produit\/asimina-triloba-2\/","name":"Asimina triloba - Gilian Plants","isPartOf":{"@id":"https:\/\/www.gilianplants.com\/fr\/#website"},"primaryImageOfPage":{"@id":"https:\/\/www.gilianplants.com\/fr\/produit\/asimina-triloba-2\/#primaryimage"},"image":{"@id":"https:\/\/www.gilianplants.com\/fr\/produit\/asimina-triloba-2\/#primaryimage"},"thumbnailUrl":"https:\/\/www.gilianplants.com\/wp-content\/uploads\/2022\/05\/5264b1ea-7acd-4270-9ed2-94b637e41537.png","datePublished":"2021-05-10T23:12:03+00:00","dateModified":"2022-04-23T13:14:05+00:00","breadcrumb":{"@id":"https:\/\/www.gilianplants.com\/fr\/produit\/asimina-triloba-2\/#breadcrumb"},"inLanguage":"fr-FR","potentialAction":[{"@type":"ReadAction","target":["https:\/\/www.gilianplants.com\/fr\/produit\/asimina-triloba-2\/"]}]},{"@type":"ImageObject","inLanguage":"fr-FR","@id":"https:\/\/www.gilianplants.com\/fr\/produit\/asimina-triloba-2\/#primaryimage","url":"https:\/\/www.gilianplants.com\/wp-content\/uploads\/2022\/05\/5264b1ea-7acd-4270-9ed2-94b637e41537.png","contentUrl":"https:\/\/www.gilianplants.com\/wp-content\/uploads\/2022\/05\/5264b1ea-7acd-4270-9ed2-94b637e41537.png","width":1920,"height":1080},{"@type":"BreadcrumbList","@id":"https:\/\/www.gilianplants.com\/fr\/produit\/asimina-triloba-2\/#breadcrumb","itemListElement":[{"@type":"ListItem","position":1,"name":"Home","item":"https:\/\/www.gilianplants.com\/fr\/"},{"@type":"ListItem","position":2,"name":"Shop","item":"https:\/\/www.gilianplants.com\/shop\/"},{"@type":"ListItem","position":3,"name":"Asimina triloba"}]},{"@type":"WebSite","@id":"https:\/\/www.gilianplants.com\/fr\/#website","url":"https:\/\/www.gilianplants.com\/fr\/","name":"Gilian Plants","description":"Specialist in germination of rare exotic plants","potentialAction":[{"@type":"SearchAction","target":{"@type":"EntryPoint","urlTemplate":"https:\/\/www.gilianplants.com\/fr\/?s={search_term_string}"},"query-input":{"@type":"PropertyValueSpecification","valueRequired":true,"valueName":"search_term_string"}}],"inLanguage":"fr-FR"}]}},"jetpack_sharing_enabled":true,"_links":{"self":[{"href":"https:\/\/www.gilianplants.com\/fr\/wp-json\/wp\/v2\/product\/2899","targetHints":{"allow":["GET"]}}],"collection":[{"href":"https:\/\/www.gilianplants.com\/fr\/wp-json\/wp\/v2\/product"}],"about":[{"href":"https:\/\/www.gilianplants.com\/fr\/wp-json\/wp\/v2\/types\/product"}],"replies":[{"embeddable":true,"href":"https:\/\/www.gilianplants.com\/fr\/wp-json\/wp\/v2\/comments?post=2899"}],"wp:featuredmedia":[{"embeddable":true,"href":"https:\/\/www.gilianplants.com\/fr\/wp-json\/wp\/v2\/media\/9824"}],"wp:attachment":[{"href":"https:\/\/www.gilianplants.com\/fr\/wp-json\/wp\/v2\/media?parent=2899"}],"wp:term":[{"taxonomy":"product_brand","embeddable":true,"href":"https:\/\/www.gilianplants.com\/fr\/wp-json\/wp\/v2\/product_brand?post=2899"},{"taxonomy":"product_cat","embeddable":true,"href":"https:\/\/www.gilianplants.com\/fr\/wp-json\/wp\/v2\/product_cat?post=2899"},{"taxonomy":"product_tag","embeddable":true,"href":"https:\/\/www.gilianplants.com\/fr\/wp-json\/wp\/v2\/product_tag?post=2899"}],"curies":[{"name":"wp","href":"https:\/\/api.w.org\/{rel}","templated":true}]}}