{"id":7563,"date":"2022-01-04T15:52:17","date_gmt":"2022-01-04T13:52:17","guid":{"rendered":"https:\/\/www.gilianplants.com\/product\/rhapis-vidalii\/"},"modified":"2022-04-11T14:47:26","modified_gmt":"2022-04-11T13:47:26","slug":"rhapis-vidalii","status":"publish","type":"product","link":"https:\/\/www.gilianplants.com\/fr\/produit\/rhapis-vidalii\/","title":{"rendered":"Rhapis vidalii"},"content":{"rendered":"<h2><em><strong>Rhapis vidalii \u2013<\/strong> Averyanov&rsquo;s Lady Palm<\/em><\/h2>\n<p>Ce Rhapis vidalii est un excellent ajout \u00e0 votre jardin tropical. Ce palmier en grappe peut atteindre un sp\u00e9cimen de 2-3 m\u00e8tres de large dans votre jardin avec une tige \u00e9lanc\u00e9e. Cette esp\u00e8ce est difficile \u00e0 obtenir car chaque plante mature produit 2 \u00e0 3 graines \u00e0 chaque fois ! Les fruits de ce Rhapis sont tr\u00e8s rares et presque blancs. Aussi une plante ornementale de confinement.<\/p>\n<p>&nbsp;<\/p>\n<ul>\n<li><strong>Emplacement de la plante : Soleil<\/strong><\/li>\n<li><strong>Soin de la plante : moyen<\/strong><\/li>\n<li><strong>Arrosage : normal<\/strong><\/li>\n<li><strong>R\u00e9sistant au froid : non<\/strong><\/li>\n<li><strong>Pays d&rsquo;origine : Vietnam<\/strong><\/li>\n<\/ul>\n","protected":false},"excerpt":{"rendered":"<p>Rhapis vidalii \u2013 Averyanov&rsquo;s Lady Palm Ce Rhapis vidalii est un excellent ajout \u00e0 votre jardin tropical. Ce palmier en grappe peut atteindre un sp\u00e9cimen de 2-3 m\u00e8tres de large dans votre jardin avec une tige \u00e9lanc\u00e9e. Cette esp\u00e8ce est difficile \u00e0 obtenir car chaque plante mature produit 2 \u00e0 3 graines \u00e0 chaque fois [&#8230;]\n","protected":false},"featured_media":7097,"comment_status":"open","ping_status":"closed","template":"","meta":[],"product_brand":[],"product_cat":[530],"product_tag":[889,890],"class_list":{"0":"post-7563","1":"product","2":"type-product","3":"status-publish","4":"has-post-thumbnail","6":"product_cat-palms","7":"product_tag-rhapis-fr","8":"product_tag-vidalii-fr","9":"product_shipping_class-colis-normal-1-10kg","11":"first","12":"outofstock","13":"taxable","14":"shipping-taxable","15":"purchasable","16":"product-type-simple"},"yoast_head":"<!-- This site is optimized with the Yoast SEO plugin v27.5 - https:\/\/yoast.com\/product\/yoast-seo-wordpress\/ -->\n<title>Rhapis vidalii - Gilian Plants<\/title>\n<meta name=\"robots\" content=\"index, follow, max-snippet:-1, max-image-preview:large, max-video-preview:-1\" \/>\n<link rel=\"canonical\" href=\"https:\/\/www.gilianplants.com\/fr\/produit\/rhapis-vidalii\/\" \/>\n<meta property=\"og:locale\" content=\"fr_FR\" \/>\n<meta property=\"og:type\" content=\"article\" \/>\n<meta property=\"og:title\" content=\"Rhapis vidalii - Gilian Plants\" \/>\n<meta property=\"og:description\" content=\"Rhapis vidalii \u2013 Averyanov&rsquo;s Lady Palm Ce Rhapis vidalii est un excellent ajout \u00e0 votre jardin tropical. Ce palmier en grappe peut atteindre un sp\u00e9cimen de 2-3 m\u00e8tres de large dans votre jardin avec une tige \u00e9lanc\u00e9e. Cette esp\u00e8ce est difficile \u00e0 obtenir car chaque plante mature produit 2 \u00e0 3 graines \u00e0 chaque fois [...]\" \/>\n<meta property=\"og:url\" content=\"https:\/\/www.gilianplants.com\/fr\/produit\/rhapis-vidalii\/\" \/>\n<meta property=\"og:site_name\" content=\"Gilian Plants\" \/>\n<meta property=\"article:modified_time\" content=\"2022-04-11T13:47:26+00:00\" \/>\n<meta property=\"og:image\" content=\"https:\/\/www.gilianplants.com\/wp-content\/uploads\/2022\/01\/img_1318-scaled.jpeg\" \/>\n\t<meta property=\"og:image:width\" content=\"1920\" \/>\n\t<meta property=\"og:image:height\" content=\"2560\" \/>\n\t<meta property=\"og:image:type\" content=\"image\/jpeg\" \/>\n<meta name=\"twitter:card\" content=\"summary_large_image\" \/>\n<meta name=\"twitter:label1\" content=\"Dur\u00e9e de lecture estim\u00e9e\" \/>\n\t<meta name=\"twitter:data1\" content=\"1 minute\" \/>\n<script type=\"application\/ld+json\" class=\"yoast-schema-graph\">{\"@context\":\"https:\\\/\\\/schema.org\",\"@graph\":[{\"@type\":\"WebPage\",\"@id\":\"https:\\\/\\\/www.gilianplants.com\\\/fr\\\/produit\\\/rhapis-vidalii\\\/\",\"url\":\"https:\\\/\\\/www.gilianplants.com\\\/fr\\\/produit\\\/rhapis-vidalii\\\/\",\"name\":\"Rhapis vidalii - Gilian Plants\",\"isPartOf\":{\"@id\":\"https:\\\/\\\/www.gilianplants.com\\\/fr\\\/#website\"},\"primaryImageOfPage\":{\"@id\":\"https:\\\/\\\/www.gilianplants.com\\\/fr\\\/produit\\\/rhapis-vidalii\\\/#primaryimage\"},\"image\":{\"@id\":\"https:\\\/\\\/www.gilianplants.com\\\/fr\\\/produit\\\/rhapis-vidalii\\\/#primaryimage\"},\"thumbnailUrl\":\"https:\\\/\\\/www.gilianplants.com\\\/wp-content\\\/uploads\\\/2022\\\/01\\\/img_1318-scaled.jpeg\",\"datePublished\":\"2022-01-04T13:52:17+00:00\",\"dateModified\":\"2022-04-11T13:47:26+00:00\",\"breadcrumb\":{\"@id\":\"https:\\\/\\\/www.gilianplants.com\\\/fr\\\/produit\\\/rhapis-vidalii\\\/#breadcrumb\"},\"inLanguage\":\"fr-FR\",\"potentialAction\":[{\"@type\":\"ReadAction\",\"target\":[\"https:\\\/\\\/www.gilianplants.com\\\/fr\\\/produit\\\/rhapis-vidalii\\\/\"]}]},{\"@type\":\"ImageObject\",\"inLanguage\":\"fr-FR\",\"@id\":\"https:\\\/\\\/www.gilianplants.com\\\/fr\\\/produit\\\/rhapis-vidalii\\\/#primaryimage\",\"url\":\"https:\\\/\\\/www.gilianplants.com\\\/wp-content\\\/uploads\\\/2022\\\/01\\\/img_1318-scaled.jpeg\",\"contentUrl\":\"https:\\\/\\\/www.gilianplants.com\\\/wp-content\\\/uploads\\\/2022\\\/01\\\/img_1318-scaled.jpeg\",\"width\":1920,\"height\":2560},{\"@type\":\"BreadcrumbList\",\"@id\":\"https:\\\/\\\/www.gilianplants.com\\\/fr\\\/produit\\\/rhapis-vidalii\\\/#breadcrumb\",\"itemListElement\":[{\"@type\":\"ListItem\",\"position\":1,\"name\":\"Home\",\"item\":\"https:\\\/\\\/www.gilianplants.com\\\/fr\\\/\"},{\"@type\":\"ListItem\",\"position\":2,\"name\":\"Shop\",\"item\":\"https:\\\/\\\/www.gilianplants.com\\\/shop\\\/\"},{\"@type\":\"ListItem\",\"position\":3,\"name\":\"Rhapis vidalii\"}]},{\"@type\":\"WebSite\",\"@id\":\"https:\\\/\\\/www.gilianplants.com\\\/fr\\\/#website\",\"url\":\"https:\\\/\\\/www.gilianplants.com\\\/fr\\\/\",\"name\":\"Gilian Plants\",\"description\":\"Specialist in germination of rare exotic plants\",\"potentialAction\":[{\"@type\":\"SearchAction\",\"target\":{\"@type\":\"EntryPoint\",\"urlTemplate\":\"https:\\\/\\\/www.gilianplants.com\\\/fr\\\/?s={search_term_string}\"},\"query-input\":{\"@type\":\"PropertyValueSpecification\",\"valueRequired\":true,\"valueName\":\"search_term_string\"}}],\"inLanguage\":\"fr-FR\"}]}<\/script>\n<!-- \/ Yoast SEO plugin. -->","yoast_head_json":{"title":"Rhapis vidalii - Gilian Plants","robots":{"index":"index","follow":"follow","max-snippet":"max-snippet:-1","max-image-preview":"max-image-preview:large","max-video-preview":"max-video-preview:-1"},"canonical":"https:\/\/www.gilianplants.com\/fr\/produit\/rhapis-vidalii\/","og_locale":"fr_FR","og_type":"article","og_title":"Rhapis vidalii - Gilian Plants","og_description":"Rhapis vidalii \u2013 Averyanov&rsquo;s Lady Palm Ce Rhapis vidalii est un excellent ajout \u00e0 votre jardin tropical. Ce palmier en grappe peut atteindre un sp\u00e9cimen de 2-3 m\u00e8tres de large dans votre jardin avec une tige \u00e9lanc\u00e9e. Cette esp\u00e8ce est difficile \u00e0 obtenir car chaque plante mature produit 2 \u00e0 3 graines \u00e0 chaque fois [...]","og_url":"https:\/\/www.gilianplants.com\/fr\/produit\/rhapis-vidalii\/","og_site_name":"Gilian Plants","article_modified_time":"2022-04-11T13:47:26+00:00","og_image":[{"width":1920,"height":2560,"url":"https:\/\/www.gilianplants.com\/wp-content\/uploads\/2022\/01\/img_1318-scaled.jpeg","type":"image\/jpeg"}],"twitter_card":"summary_large_image","twitter_misc":{"Dur\u00e9e de lecture estim\u00e9e":"1 minute"},"schema":{"@context":"https:\/\/schema.org","@graph":[{"@type":"WebPage","@id":"https:\/\/www.gilianplants.com\/fr\/produit\/rhapis-vidalii\/","url":"https:\/\/www.gilianplants.com\/fr\/produit\/rhapis-vidalii\/","name":"Rhapis vidalii - Gilian Plants","isPartOf":{"@id":"https:\/\/www.gilianplants.com\/fr\/#website"},"primaryImageOfPage":{"@id":"https:\/\/www.gilianplants.com\/fr\/produit\/rhapis-vidalii\/#primaryimage"},"image":{"@id":"https:\/\/www.gilianplants.com\/fr\/produit\/rhapis-vidalii\/#primaryimage"},"thumbnailUrl":"https:\/\/www.gilianplants.com\/wp-content\/uploads\/2022\/01\/img_1318-scaled.jpeg","datePublished":"2022-01-04T13:52:17+00:00","dateModified":"2022-04-11T13:47:26+00:00","breadcrumb":{"@id":"https:\/\/www.gilianplants.com\/fr\/produit\/rhapis-vidalii\/#breadcrumb"},"inLanguage":"fr-FR","potentialAction":[{"@type":"ReadAction","target":["https:\/\/www.gilianplants.com\/fr\/produit\/rhapis-vidalii\/"]}]},{"@type":"ImageObject","inLanguage":"fr-FR","@id":"https:\/\/www.gilianplants.com\/fr\/produit\/rhapis-vidalii\/#primaryimage","url":"https:\/\/www.gilianplants.com\/wp-content\/uploads\/2022\/01\/img_1318-scaled.jpeg","contentUrl":"https:\/\/www.gilianplants.com\/wp-content\/uploads\/2022\/01\/img_1318-scaled.jpeg","width":1920,"height":2560},{"@type":"BreadcrumbList","@id":"https:\/\/www.gilianplants.com\/fr\/produit\/rhapis-vidalii\/#breadcrumb","itemListElement":[{"@type":"ListItem","position":1,"name":"Home","item":"https:\/\/www.gilianplants.com\/fr\/"},{"@type":"ListItem","position":2,"name":"Shop","item":"https:\/\/www.gilianplants.com\/shop\/"},{"@type":"ListItem","position":3,"name":"Rhapis vidalii"}]},{"@type":"WebSite","@id":"https:\/\/www.gilianplants.com\/fr\/#website","url":"https:\/\/www.gilianplants.com\/fr\/","name":"Gilian Plants","description":"Specialist in germination of rare exotic plants","potentialAction":[{"@type":"SearchAction","target":{"@type":"EntryPoint","urlTemplate":"https:\/\/www.gilianplants.com\/fr\/?s={search_term_string}"},"query-input":{"@type":"PropertyValueSpecification","valueRequired":true,"valueName":"search_term_string"}}],"inLanguage":"fr-FR"}]}},"jetpack_sharing_enabled":true,"_links":{"self":[{"href":"https:\/\/www.gilianplants.com\/fr\/wp-json\/wp\/v2\/product\/7563","targetHints":{"allow":["GET"]}}],"collection":[{"href":"https:\/\/www.gilianplants.com\/fr\/wp-json\/wp\/v2\/product"}],"about":[{"href":"https:\/\/www.gilianplants.com\/fr\/wp-json\/wp\/v2\/types\/product"}],"replies":[{"embeddable":true,"href":"https:\/\/www.gilianplants.com\/fr\/wp-json\/wp\/v2\/comments?post=7563"}],"wp:featuredmedia":[{"embeddable":true,"href":"https:\/\/www.gilianplants.com\/fr\/wp-json\/wp\/v2\/media\/7097"}],"wp:attachment":[{"href":"https:\/\/www.gilianplants.com\/fr\/wp-json\/wp\/v2\/media?parent=7563"}],"wp:term":[{"taxonomy":"product_brand","embeddable":true,"href":"https:\/\/www.gilianplants.com\/fr\/wp-json\/wp\/v2\/product_brand?post=7563"},{"taxonomy":"product_cat","embeddable":true,"href":"https:\/\/www.gilianplants.com\/fr\/wp-json\/wp\/v2\/product_cat?post=7563"},{"taxonomy":"product_tag","embeddable":true,"href":"https:\/\/www.gilianplants.com\/fr\/wp-json\/wp\/v2\/product_tag?post=7563"}],"curies":[{"name":"wp","href":"https:\/\/api.w.org\/{rel}","templated":true}]}}