{"id":7585,"date":"2021-12-27T22:43:58","date_gmt":"2021-12-27T20:43:58","guid":{"rendered":"https:\/\/www.gilianplants.com\/product\/syagrus-werdermanii\/"},"modified":"2024-02-25T12:35:15","modified_gmt":"2024-02-25T11:35:15","slug":"syagrus-werdermanii","status":"publish","type":"product","link":"https:\/\/www.gilianplants.com\/fr\/produit\/syagrus-werdermanii\/","title":{"rendered":"Syagrus werdermanii"},"content":{"rendered":"<h2><strong>Syagrus werdermanii &#8211; Syagrus gras<\/strong><\/h2>\n<p>Ce Syagrus werdermanii n&rsquo;est pas un palmier \u00e0 plumes r\u00e9sistant au froid. L&rsquo;exp\u00e9rience de Gilian Plants est que ces derni\u00e8res ann\u00e9es, trouver de vraies graines de werdermanii est un travail difficile. Nous les avons import\u00e9es du Br\u00e9sil. En Europe est la meilleure fa\u00e7on de les garder dans un r\u00e9cipient quand il est une petite plante. Les plantes matures peuvent atteindre une taille de 100 centim\u00e8tres ! Les feuilles sont minces vertes \u00e0 bleu\u00e2tres. Les graines sont petites et rondes. Les fleurs et les fruits sont d&rsquo;une belle couleur jaune. Une herbe ornementale syagrus nain.<\/p>\n<p>Nous sommes experts dans la germination de graines rares de Butia et Syagrus. Gilian Plants a sa propre importation du Br\u00e9sil avec ses propres collectionneurs dans l&rsquo;habitat l\u00e0-bas. Ainsi Gilian Plants vous fournit la vraie affaire. Chaque ann\u00e9e Gilian Plants a de nouveaux spieces dans certaines quantit\u00e9s de gros en vrac.<\/p>\n<p>&#8211; Le prix est pour un plant.<\/p>\n<ul>\n<li><strong>Emplacement de la plante : plein soleil<\/strong><\/li>\n<li><strong>Soins des plantes : facile<\/strong><\/li>\n<li><strong>Arrosage : garder les jeunes plantes plus s\u00e8ches.<\/strong><\/li>\n<li><strong>R\u00e9sistant au froid : non<\/strong><\/li>\n<li><strong>Pays d&rsquo;origine : Brasil<\/strong><\/li>\n<\/ul>\n","protected":false},"excerpt":{"rendered":"<h2><strong>Syagrus werdermanii &#8211; Syagrus gras<\/strong><\/h2>\n","protected":false},"featured_media":9588,"comment_status":"open","ping_status":"closed","template":"","meta":[],"product_brand":[],"product_cat":[530],"product_tag":[575,934],"class_list":{"0":"post-7585","1":"product","2":"type-product","3":"status-publish","4":"has-post-thumbnail","6":"product_cat-palms","7":"product_tag-syagrus-fr","8":"product_tag-werdermanii-fr","10":"first","11":"instock","12":"taxable","13":"shipping-taxable","14":"purchasable","15":"product-type-simple"},"yoast_head":"<!-- This site is optimized with the Yoast SEO plugin v27.5 - https:\/\/yoast.com\/product\/yoast-seo-wordpress\/ -->\n<title>Syagrus werdermanii - Gilian Plants<\/title>\n<meta name=\"robots\" content=\"index, follow, max-snippet:-1, max-image-preview:large, max-video-preview:-1\" \/>\n<link rel=\"canonical\" href=\"https:\/\/www.gilianplants.com\/fr\/produit\/syagrus-werdermanii\/\" \/>\n<meta property=\"og:locale\" content=\"fr_FR\" \/>\n<meta property=\"og:type\" content=\"article\" \/>\n<meta property=\"og:title\" content=\"Syagrus werdermanii - Gilian Plants\" \/>\n<meta property=\"og:description\" content=\"Syagrus werdermanii - Syagrus gras\" \/>\n<meta property=\"og:url\" content=\"https:\/\/www.gilianplants.com\/fr\/produit\/syagrus-werdermanii\/\" \/>\n<meta property=\"og:site_name\" content=\"Gilian Plants\" \/>\n<meta property=\"article:modified_time\" content=\"2024-02-25T11:35:15+00:00\" \/>\n<meta property=\"og:image\" content=\"https:\/\/www.gilianplants.com\/wp-content\/uploads\/2022\/03\/img_2749-scaled.jpeg\" \/>\n\t<meta property=\"og:image:width\" content=\"1920\" \/>\n\t<meta property=\"og:image:height\" content=\"2560\" \/>\n\t<meta property=\"og:image:type\" content=\"image\/jpeg\" \/>\n<meta name=\"twitter:card\" content=\"summary_large_image\" \/>\n<meta name=\"twitter:label1\" content=\"Dur\u00e9e de lecture estim\u00e9e\" \/>\n\t<meta name=\"twitter:data1\" content=\"1 minute\" \/>\n<script type=\"application\/ld+json\" class=\"yoast-schema-graph\">{\"@context\":\"https:\\\/\\\/schema.org\",\"@graph\":[{\"@type\":\"WebPage\",\"@id\":\"https:\\\/\\\/www.gilianplants.com\\\/fr\\\/produit\\\/syagrus-werdermanii\\\/\",\"url\":\"https:\\\/\\\/www.gilianplants.com\\\/fr\\\/produit\\\/syagrus-werdermanii\\\/\",\"name\":\"Syagrus werdermanii - Gilian Plants\",\"isPartOf\":{\"@id\":\"https:\\\/\\\/www.gilianplants.com\\\/fr\\\/#website\"},\"primaryImageOfPage\":{\"@id\":\"https:\\\/\\\/www.gilianplants.com\\\/fr\\\/produit\\\/syagrus-werdermanii\\\/#primaryimage\"},\"image\":{\"@id\":\"https:\\\/\\\/www.gilianplants.com\\\/fr\\\/produit\\\/syagrus-werdermanii\\\/#primaryimage\"},\"thumbnailUrl\":\"https:\\\/\\\/www.gilianplants.com\\\/wp-content\\\/uploads\\\/2022\\\/05\\\/540903c5-a4b3-4de4-9eb2-779722b81a08.png\",\"datePublished\":\"2021-12-27T20:43:58+00:00\",\"dateModified\":\"2024-02-25T11:35:15+00:00\",\"breadcrumb\":{\"@id\":\"https:\\\/\\\/www.gilianplants.com\\\/fr\\\/produit\\\/syagrus-werdermanii\\\/#breadcrumb\"},\"inLanguage\":\"fr-FR\",\"potentialAction\":[{\"@type\":\"ReadAction\",\"target\":[\"https:\\\/\\\/www.gilianplants.com\\\/fr\\\/produit\\\/syagrus-werdermanii\\\/\"]}]},{\"@type\":\"ImageObject\",\"inLanguage\":\"fr-FR\",\"@id\":\"https:\\\/\\\/www.gilianplants.com\\\/fr\\\/produit\\\/syagrus-werdermanii\\\/#primaryimage\",\"url\":\"https:\\\/\\\/www.gilianplants.com\\\/wp-content\\\/uploads\\\/2022\\\/05\\\/540903c5-a4b3-4de4-9eb2-779722b81a08.png\",\"contentUrl\":\"https:\\\/\\\/www.gilianplants.com\\\/wp-content\\\/uploads\\\/2022\\\/05\\\/540903c5-a4b3-4de4-9eb2-779722b81a08.png\",\"width\":1920,\"height\":1080},{\"@type\":\"BreadcrumbList\",\"@id\":\"https:\\\/\\\/www.gilianplants.com\\\/fr\\\/produit\\\/syagrus-werdermanii\\\/#breadcrumb\",\"itemListElement\":[{\"@type\":\"ListItem\",\"position\":1,\"name\":\"Home\",\"item\":\"https:\\\/\\\/www.gilianplants.com\\\/fr\\\/\"},{\"@type\":\"ListItem\",\"position\":2,\"name\":\"Shop\",\"item\":\"https:\\\/\\\/www.gilianplants.com\\\/shop\\\/\"},{\"@type\":\"ListItem\",\"position\":3,\"name\":\"Syagrus werdermanii\"}]},{\"@type\":\"WebSite\",\"@id\":\"https:\\\/\\\/www.gilianplants.com\\\/fr\\\/#website\",\"url\":\"https:\\\/\\\/www.gilianplants.com\\\/fr\\\/\",\"name\":\"Gilian Plants\",\"description\":\"Specialist in germination of rare exotic plants\",\"potentialAction\":[{\"@type\":\"SearchAction\",\"target\":{\"@type\":\"EntryPoint\",\"urlTemplate\":\"https:\\\/\\\/www.gilianplants.com\\\/fr\\\/?s={search_term_string}\"},\"query-input\":{\"@type\":\"PropertyValueSpecification\",\"valueRequired\":true,\"valueName\":\"search_term_string\"}}],\"inLanguage\":\"fr-FR\"}]}<\/script>\n<!-- \/ Yoast SEO plugin. -->","yoast_head_json":{"title":"Syagrus werdermanii - Gilian Plants","robots":{"index":"index","follow":"follow","max-snippet":"max-snippet:-1","max-image-preview":"max-image-preview:large","max-video-preview":"max-video-preview:-1"},"canonical":"https:\/\/www.gilianplants.com\/fr\/produit\/syagrus-werdermanii\/","og_locale":"fr_FR","og_type":"article","og_title":"Syagrus werdermanii - Gilian Plants","og_description":"Syagrus werdermanii - Syagrus gras","og_url":"https:\/\/www.gilianplants.com\/fr\/produit\/syagrus-werdermanii\/","og_site_name":"Gilian Plants","article_modified_time":"2024-02-25T11:35:15+00:00","og_image":[{"width":1920,"height":2560,"url":"https:\/\/www.gilianplants.com\/wp-content\/uploads\/2022\/03\/img_2749-scaled.jpeg","type":"image\/jpeg"}],"twitter_card":"summary_large_image","twitter_misc":{"Dur\u00e9e de lecture estim\u00e9e":"1 minute"},"schema":{"@context":"https:\/\/schema.org","@graph":[{"@type":"WebPage","@id":"https:\/\/www.gilianplants.com\/fr\/produit\/syagrus-werdermanii\/","url":"https:\/\/www.gilianplants.com\/fr\/produit\/syagrus-werdermanii\/","name":"Syagrus werdermanii - Gilian Plants","isPartOf":{"@id":"https:\/\/www.gilianplants.com\/fr\/#website"},"primaryImageOfPage":{"@id":"https:\/\/www.gilianplants.com\/fr\/produit\/syagrus-werdermanii\/#primaryimage"},"image":{"@id":"https:\/\/www.gilianplants.com\/fr\/produit\/syagrus-werdermanii\/#primaryimage"},"thumbnailUrl":"https:\/\/www.gilianplants.com\/wp-content\/uploads\/2022\/05\/540903c5-a4b3-4de4-9eb2-779722b81a08.png","datePublished":"2021-12-27T20:43:58+00:00","dateModified":"2024-02-25T11:35:15+00:00","breadcrumb":{"@id":"https:\/\/www.gilianplants.com\/fr\/produit\/syagrus-werdermanii\/#breadcrumb"},"inLanguage":"fr-FR","potentialAction":[{"@type":"ReadAction","target":["https:\/\/www.gilianplants.com\/fr\/produit\/syagrus-werdermanii\/"]}]},{"@type":"ImageObject","inLanguage":"fr-FR","@id":"https:\/\/www.gilianplants.com\/fr\/produit\/syagrus-werdermanii\/#primaryimage","url":"https:\/\/www.gilianplants.com\/wp-content\/uploads\/2022\/05\/540903c5-a4b3-4de4-9eb2-779722b81a08.png","contentUrl":"https:\/\/www.gilianplants.com\/wp-content\/uploads\/2022\/05\/540903c5-a4b3-4de4-9eb2-779722b81a08.png","width":1920,"height":1080},{"@type":"BreadcrumbList","@id":"https:\/\/www.gilianplants.com\/fr\/produit\/syagrus-werdermanii\/#breadcrumb","itemListElement":[{"@type":"ListItem","position":1,"name":"Home","item":"https:\/\/www.gilianplants.com\/fr\/"},{"@type":"ListItem","position":2,"name":"Shop","item":"https:\/\/www.gilianplants.com\/shop\/"},{"@type":"ListItem","position":3,"name":"Syagrus werdermanii"}]},{"@type":"WebSite","@id":"https:\/\/www.gilianplants.com\/fr\/#website","url":"https:\/\/www.gilianplants.com\/fr\/","name":"Gilian Plants","description":"Specialist in germination of rare exotic plants","potentialAction":[{"@type":"SearchAction","target":{"@type":"EntryPoint","urlTemplate":"https:\/\/www.gilianplants.com\/fr\/?s={search_term_string}"},"query-input":{"@type":"PropertyValueSpecification","valueRequired":true,"valueName":"search_term_string"}}],"inLanguage":"fr-FR"}]}},"jetpack_sharing_enabled":true,"_links":{"self":[{"href":"https:\/\/www.gilianplants.com\/fr\/wp-json\/wp\/v2\/product\/7585","targetHints":{"allow":["GET"]}}],"collection":[{"href":"https:\/\/www.gilianplants.com\/fr\/wp-json\/wp\/v2\/product"}],"about":[{"href":"https:\/\/www.gilianplants.com\/fr\/wp-json\/wp\/v2\/types\/product"}],"replies":[{"embeddable":true,"href":"https:\/\/www.gilianplants.com\/fr\/wp-json\/wp\/v2\/comments?post=7585"}],"wp:featuredmedia":[{"embeddable":true,"href":"https:\/\/www.gilianplants.com\/fr\/wp-json\/wp\/v2\/media\/9588"}],"wp:attachment":[{"href":"https:\/\/www.gilianplants.com\/fr\/wp-json\/wp\/v2\/media?parent=7585"}],"wp:term":[{"taxonomy":"product_brand","embeddable":true,"href":"https:\/\/www.gilianplants.com\/fr\/wp-json\/wp\/v2\/product_brand?post=7585"},{"taxonomy":"product_cat","embeddable":true,"href":"https:\/\/www.gilianplants.com\/fr\/wp-json\/wp\/v2\/product_cat?post=7585"},{"taxonomy":"product_tag","embeddable":true,"href":"https:\/\/www.gilianplants.com\/fr\/wp-json\/wp\/v2\/product_tag?post=7585"}],"curies":[{"name":"wp","href":"https:\/\/api.w.org\/{rel}","templated":true}]}}