{"id":7795,"date":"2022-01-15T16:25:00","date_gmt":"2022-01-15T14:25:00","guid":{"rendered":"https:\/\/www.gilianplants.com\/product\/100-chamaerops-humilis-cerifera-wholesale-deal\/"},"modified":"2022-04-09T12:39:20","modified_gmt":"2022-04-09T11:39:20","slug":"100-chamaerops-humilis-cerifera-prix-fixe","status":"publish","type":"product","link":"https:\/\/www.gilianplants.com\/fr\/produit\/100-chamaerops-humilis-cerifera-prix-fixe\/","title":{"rendered":"100 chamaerops humilis cerifera &#8211; prix fixe"},"content":{"rendered":"<h2><strong><i>Chamaerops humilis var. cerifera \u2013\u00a0<\/i><\/strong><i>Blue\u00a0<\/i><i>Mediterranean Fan Palm<\/i><\/h2>\n<p>Ce Chamaerops humilis var. cerifera est excellent pour un jardin de palmiers r\u00e9sistants au gel. Ce palmier est r\u00e9sistant au froid et int\u00e9ressant pour l&rsquo;avenir. Il peut devenir un grand sp\u00e9cimen de palmier. Ce Chamaerops humilis var. cerifera peut pousser dans presque tous les pays !\u00a0\u00a0Les feuilles sont vertes avec une couverture bleu\u00e2tre. Les tiges des fleurs sont compactes avec beaucoup de graines rouges \/ orange. Un palmier ornemental r\u00e9sistant au gel pour chaque pays.<\/p>\n<p>Nous sommes experts dans la germination des graines de palmiers sp\u00e9ciaux. Gilian Plants a sa propre importation avec ses propres collecteurs dans l&rsquo;habitat l\u00e0-bas. Ainsi, Gilian Plants vous fournir la vraie affaire. Chaque ann\u00e9e a Gilian Plants nouveaux spieces dans certaines quantit\u00e9s de gros en vrac.<\/p>\n<p>-Le prix est pour 100 semis<\/p>\n<ul>\n<li><strong>Emplacement de la plante : plein soleil<\/strong><\/li>\n<li><strong>Soins des plantes : facile<\/strong><\/li>\n<li><strong>Arrosage : garder les jeunes plants plus secs.<\/strong><\/li>\n<li><strong>R\u00e9sistant au froid : &#8211; 20 degr\u00e9s<\/strong><\/li>\n<li><strong>Pays d&rsquo;origine :\u00a0Maroc<\/strong><\/li>\n<\/ul>\n","protected":false},"excerpt":{"rendered":"<h2><strong><i>Chamaerops humilis var. cerifera \u2013\u00a0<\/i><\/strong><i>Blue\u00a0<\/i><i>Mediterranean Fan Palm<\/i><\/h2>\n","protected":false},"featured_media":7783,"comment_status":"open","ping_status":"closed","template":"","meta":[],"product_brand":[],"product_cat":[1621],"product_tag":[601,600],"class_list":{"0":"post-7795","1":"product","2":"type-product","3":"status-publish","4":"has-post-thumbnail","6":"product_cat-commerce-de-gros","7":"product_tag-cerifera-fr","8":"product_tag-humilis-fr","9":"product_shipping_class-colis-normal-1-10kg","11":"first","12":"instock","13":"taxable","14":"shipping-taxable","15":"purchasable","16":"product-type-simple"},"yoast_head":"<!-- This site is optimized with the Yoast SEO plugin v27.5 - https:\/\/yoast.com\/product\/yoast-seo-wordpress\/ -->\n<title>100 chamaerops humilis cerifera - prix fixe - Gilian Plants<\/title>\n<meta name=\"robots\" content=\"index, follow, max-snippet:-1, max-image-preview:large, max-video-preview:-1\" \/>\n<link rel=\"canonical\" href=\"https:\/\/www.gilianplants.com\/fr\/produit\/100-chamaerops-humilis-cerifera-prix-fixe\/\" \/>\n<meta property=\"og:locale\" content=\"fr_FR\" \/>\n<meta property=\"og:type\" content=\"article\" \/>\n<meta property=\"og:title\" content=\"100 chamaerops humilis cerifera - prix fixe - Gilian Plants\" \/>\n<meta property=\"og:description\" content=\"Chamaerops humilis var. cerifera \u2013\u00a0Blue\u00a0Mediterranean Fan Palm\" \/>\n<meta property=\"og:url\" content=\"https:\/\/www.gilianplants.com\/fr\/produit\/100-chamaerops-humilis-cerifera-prix-fixe\/\" \/>\n<meta property=\"og:site_name\" content=\"Gilian Plants\" \/>\n<meta property=\"article:modified_time\" content=\"2022-04-09T11:39:20+00:00\" \/>\n<meta property=\"og:image\" content=\"https:\/\/www.gilianplants.com\/wp-content\/uploads\/2022\/01\/img_1752-scaled.jpeg\" \/>\n\t<meta property=\"og:image:width\" content=\"1920\" \/>\n\t<meta property=\"og:image:height\" content=\"2560\" \/>\n\t<meta property=\"og:image:type\" content=\"image\/jpeg\" \/>\n<meta name=\"twitter:card\" content=\"summary_large_image\" \/>\n<meta name=\"twitter:label1\" content=\"Dur\u00e9e de lecture estim\u00e9e\" \/>\n\t<meta name=\"twitter:data1\" content=\"1 minute\" \/>\n<script type=\"application\/ld+json\" class=\"yoast-schema-graph\">{\"@context\":\"https:\\\/\\\/schema.org\",\"@graph\":[{\"@type\":\"WebPage\",\"@id\":\"https:\\\/\\\/www.gilianplants.com\\\/fr\\\/produit\\\/100-chamaerops-humilis-cerifera-prix-fixe\\\/\",\"url\":\"https:\\\/\\\/www.gilianplants.com\\\/fr\\\/produit\\\/100-chamaerops-humilis-cerifera-prix-fixe\\\/\",\"name\":\"100 chamaerops humilis cerifera - prix fixe - Gilian Plants\",\"isPartOf\":{\"@id\":\"https:\\\/\\\/www.gilianplants.com\\\/fr\\\/#website\"},\"primaryImageOfPage\":{\"@id\":\"https:\\\/\\\/www.gilianplants.com\\\/fr\\\/produit\\\/100-chamaerops-humilis-cerifera-prix-fixe\\\/#primaryimage\"},\"image\":{\"@id\":\"https:\\\/\\\/www.gilianplants.com\\\/fr\\\/produit\\\/100-chamaerops-humilis-cerifera-prix-fixe\\\/#primaryimage\"},\"thumbnailUrl\":\"https:\\\/\\\/www.gilianplants.com\\\/wp-content\\\/uploads\\\/2022\\\/01\\\/img_1752-scaled.jpeg\",\"datePublished\":\"2022-01-15T14:25:00+00:00\",\"dateModified\":\"2022-04-09T11:39:20+00:00\",\"breadcrumb\":{\"@id\":\"https:\\\/\\\/www.gilianplants.com\\\/fr\\\/produit\\\/100-chamaerops-humilis-cerifera-prix-fixe\\\/#breadcrumb\"},\"inLanguage\":\"fr-FR\",\"potentialAction\":[{\"@type\":\"ReadAction\",\"target\":[\"https:\\\/\\\/www.gilianplants.com\\\/fr\\\/produit\\\/100-chamaerops-humilis-cerifera-prix-fixe\\\/\"]}]},{\"@type\":\"ImageObject\",\"inLanguage\":\"fr-FR\",\"@id\":\"https:\\\/\\\/www.gilianplants.com\\\/fr\\\/produit\\\/100-chamaerops-humilis-cerifera-prix-fixe\\\/#primaryimage\",\"url\":\"https:\\\/\\\/www.gilianplants.com\\\/wp-content\\\/uploads\\\/2022\\\/01\\\/img_1752-scaled.jpeg\",\"contentUrl\":\"https:\\\/\\\/www.gilianplants.com\\\/wp-content\\\/uploads\\\/2022\\\/01\\\/img_1752-scaled.jpeg\",\"width\":1920,\"height\":2560},{\"@type\":\"BreadcrumbList\",\"@id\":\"https:\\\/\\\/www.gilianplants.com\\\/fr\\\/produit\\\/100-chamaerops-humilis-cerifera-prix-fixe\\\/#breadcrumb\",\"itemListElement\":[{\"@type\":\"ListItem\",\"position\":1,\"name\":\"Home\",\"item\":\"https:\\\/\\\/www.gilianplants.com\\\/fr\\\/\"},{\"@type\":\"ListItem\",\"position\":2,\"name\":\"Shop\",\"item\":\"https:\\\/\\\/www.gilianplants.com\\\/shop\\\/\"},{\"@type\":\"ListItem\",\"position\":3,\"name\":\"100 chamaerops humilis cerifera &#8211; prix fixe\"}]},{\"@type\":\"WebSite\",\"@id\":\"https:\\\/\\\/www.gilianplants.com\\\/fr\\\/#website\",\"url\":\"https:\\\/\\\/www.gilianplants.com\\\/fr\\\/\",\"name\":\"Gilian Plants\",\"description\":\"Specialist in germination of rare exotic plants\",\"potentialAction\":[{\"@type\":\"SearchAction\",\"target\":{\"@type\":\"EntryPoint\",\"urlTemplate\":\"https:\\\/\\\/www.gilianplants.com\\\/fr\\\/?s={search_term_string}\"},\"query-input\":{\"@type\":\"PropertyValueSpecification\",\"valueRequired\":true,\"valueName\":\"search_term_string\"}}],\"inLanguage\":\"fr-FR\"}]}<\/script>\n<!-- \/ Yoast SEO plugin. -->","yoast_head_json":{"title":"100 chamaerops humilis cerifera - prix fixe - Gilian Plants","robots":{"index":"index","follow":"follow","max-snippet":"max-snippet:-1","max-image-preview":"max-image-preview:large","max-video-preview":"max-video-preview:-1"},"canonical":"https:\/\/www.gilianplants.com\/fr\/produit\/100-chamaerops-humilis-cerifera-prix-fixe\/","og_locale":"fr_FR","og_type":"article","og_title":"100 chamaerops humilis cerifera - prix fixe - Gilian Plants","og_description":"Chamaerops humilis var. cerifera \u2013\u00a0Blue\u00a0Mediterranean Fan Palm","og_url":"https:\/\/www.gilianplants.com\/fr\/produit\/100-chamaerops-humilis-cerifera-prix-fixe\/","og_site_name":"Gilian Plants","article_modified_time":"2022-04-09T11:39:20+00:00","og_image":[{"width":1920,"height":2560,"url":"https:\/\/www.gilianplants.com\/wp-content\/uploads\/2022\/01\/img_1752-scaled.jpeg","type":"image\/jpeg"}],"twitter_card":"summary_large_image","twitter_misc":{"Dur\u00e9e de lecture estim\u00e9e":"1 minute"},"schema":{"@context":"https:\/\/schema.org","@graph":[{"@type":"WebPage","@id":"https:\/\/www.gilianplants.com\/fr\/produit\/100-chamaerops-humilis-cerifera-prix-fixe\/","url":"https:\/\/www.gilianplants.com\/fr\/produit\/100-chamaerops-humilis-cerifera-prix-fixe\/","name":"100 chamaerops humilis cerifera - prix fixe - Gilian Plants","isPartOf":{"@id":"https:\/\/www.gilianplants.com\/fr\/#website"},"primaryImageOfPage":{"@id":"https:\/\/www.gilianplants.com\/fr\/produit\/100-chamaerops-humilis-cerifera-prix-fixe\/#primaryimage"},"image":{"@id":"https:\/\/www.gilianplants.com\/fr\/produit\/100-chamaerops-humilis-cerifera-prix-fixe\/#primaryimage"},"thumbnailUrl":"https:\/\/www.gilianplants.com\/wp-content\/uploads\/2022\/01\/img_1752-scaled.jpeg","datePublished":"2022-01-15T14:25:00+00:00","dateModified":"2022-04-09T11:39:20+00:00","breadcrumb":{"@id":"https:\/\/www.gilianplants.com\/fr\/produit\/100-chamaerops-humilis-cerifera-prix-fixe\/#breadcrumb"},"inLanguage":"fr-FR","potentialAction":[{"@type":"ReadAction","target":["https:\/\/www.gilianplants.com\/fr\/produit\/100-chamaerops-humilis-cerifera-prix-fixe\/"]}]},{"@type":"ImageObject","inLanguage":"fr-FR","@id":"https:\/\/www.gilianplants.com\/fr\/produit\/100-chamaerops-humilis-cerifera-prix-fixe\/#primaryimage","url":"https:\/\/www.gilianplants.com\/wp-content\/uploads\/2022\/01\/img_1752-scaled.jpeg","contentUrl":"https:\/\/www.gilianplants.com\/wp-content\/uploads\/2022\/01\/img_1752-scaled.jpeg","width":1920,"height":2560},{"@type":"BreadcrumbList","@id":"https:\/\/www.gilianplants.com\/fr\/produit\/100-chamaerops-humilis-cerifera-prix-fixe\/#breadcrumb","itemListElement":[{"@type":"ListItem","position":1,"name":"Home","item":"https:\/\/www.gilianplants.com\/fr\/"},{"@type":"ListItem","position":2,"name":"Shop","item":"https:\/\/www.gilianplants.com\/shop\/"},{"@type":"ListItem","position":3,"name":"100 chamaerops humilis cerifera &#8211; prix fixe"}]},{"@type":"WebSite","@id":"https:\/\/www.gilianplants.com\/fr\/#website","url":"https:\/\/www.gilianplants.com\/fr\/","name":"Gilian Plants","description":"Specialist in germination of rare exotic plants","potentialAction":[{"@type":"SearchAction","target":{"@type":"EntryPoint","urlTemplate":"https:\/\/www.gilianplants.com\/fr\/?s={search_term_string}"},"query-input":{"@type":"PropertyValueSpecification","valueRequired":true,"valueName":"search_term_string"}}],"inLanguage":"fr-FR"}]}},"jetpack_sharing_enabled":true,"_links":{"self":[{"href":"https:\/\/www.gilianplants.com\/fr\/wp-json\/wp\/v2\/product\/7795","targetHints":{"allow":["GET"]}}],"collection":[{"href":"https:\/\/www.gilianplants.com\/fr\/wp-json\/wp\/v2\/product"}],"about":[{"href":"https:\/\/www.gilianplants.com\/fr\/wp-json\/wp\/v2\/types\/product"}],"replies":[{"embeddable":true,"href":"https:\/\/www.gilianplants.com\/fr\/wp-json\/wp\/v2\/comments?post=7795"}],"wp:featuredmedia":[{"embeddable":true,"href":"https:\/\/www.gilianplants.com\/fr\/wp-json\/wp\/v2\/media\/7783"}],"wp:attachment":[{"href":"https:\/\/www.gilianplants.com\/fr\/wp-json\/wp\/v2\/media?parent=7795"}],"wp:term":[{"taxonomy":"product_brand","embeddable":true,"href":"https:\/\/www.gilianplants.com\/fr\/wp-json\/wp\/v2\/product_brand?post=7795"},{"taxonomy":"product_cat","embeddable":true,"href":"https:\/\/www.gilianplants.com\/fr\/wp-json\/wp\/v2\/product_cat?post=7795"},{"taxonomy":"product_tag","embeddable":true,"href":"https:\/\/www.gilianplants.com\/fr\/wp-json\/wp\/v2\/product_tag?post=7795"}],"curies":[{"name":"wp","href":"https:\/\/api.w.org\/{rel}","templated":true}]}}