{"id":7802,"date":"2022-01-15T16:21:19","date_gmt":"2022-01-15T14:21:19","guid":{"rendered":"https:\/\/www.gilianplants.com\/product\/100x-sabal-minor-wholesale-deal\/"},"modified":"2022-04-09T12:49:53","modified_gmt":"2022-04-09T11:49:53","slug":"100x-sabal-minor-prix-fixe","status":"publish","type":"product","link":"https:\/\/www.gilianplants.com\/fr\/produit\/100x-sabal-minor-prix-fixe\/","title":{"rendered":"100x sabal minor &#8211; prix fixe"},"content":{"rendered":"<h2><em><strong>Sabal minor \u2013\u00a0<\/strong>dwarf palmetto<\/em><\/h2>\n<p>Ce Sabal est excellent pour un jardin de palmiers r\u00e9sistants au gel. Ce palmier est r\u00e9sistant au froid et int\u00e9ressant pour l&rsquo;avenir. Il se d\u00e9veloppe en un grand sp\u00e9cimen de palmier. Ce sabal mineur peut pousser dans presque tous les pays !\u00a0\u00a0Les feuilles sont vertes avec une couverture bleu\u00e2tre. Les tiges des fleurs sont \u00e9normes avec beaucoup de graines. Un palmier ornemental r\u00e9sistant au gel pour chaque pays. Les plantes matures sont rarement vues.<\/p>\n<p>Nous sommes experts dans la germination des graines de palmiers sp\u00e9ciaux. Gilian Plants a sa propre importation avec ses propres collecteurs dans l&rsquo;habitat l\u00e0-bas. Ainsi, Gilian Plants vous fournir la vraie affaire. Chaque ann\u00e9e a Gilian Plants nouveaux spieces dans certaines quantit\u00e9s de gros en vrac.<\/p>\n<p>&#8211; Le prix est pour 100 semis.<\/p>\n<ul>\n<li><strong>Emplacement de la plante : plein soleil<\/strong><\/li>\n<li><strong>Soins des plantes : facile<\/strong><\/li>\n<li><strong>Arrosage : garder les jeunes plants plus secs.<\/strong><\/li>\n<li><strong>R\u00e9sistant au froid : &#8211; 20 degr\u00e9s<\/strong><\/li>\n<li><strong>Pays d&rsquo;origine : Etats-Unis<\/strong><\/li>\n<\/ul>\n","protected":false},"excerpt":{"rendered":"<h2><em><strong>Sabal minor \u2013\u00a0<\/strong>dwarf palmetto<\/em><\/h2>\n","protected":false},"featured_media":7773,"comment_status":"open","ping_status":"closed","template":"","meta":[],"product_brand":[],"product_cat":[1621],"product_tag":[564,547],"class_list":{"0":"post-7802","1":"product","2":"type-product","3":"status-publish","4":"has-post-thumbnail","6":"product_cat-commerce-de-gros","7":"product_tag-minor-fr","8":"product_tag-sabal-fr","9":"product_shipping_class-colis-normal-1-10kg","11":"first","12":"instock","13":"taxable","14":"shipping-taxable","15":"purchasable","16":"product-type-simple"},"yoast_head":"<!-- This site is optimized with the Yoast SEO plugin v27.5 - https:\/\/yoast.com\/product\/yoast-seo-wordpress\/ -->\n<title>100x sabal minor - prix fixe - Gilian Plants<\/title>\n<meta name=\"robots\" content=\"index, follow, max-snippet:-1, max-image-preview:large, max-video-preview:-1\" \/>\n<link rel=\"canonical\" href=\"https:\/\/www.gilianplants.com\/fr\/produit\/100x-sabal-minor-prix-fixe\/\" \/>\n<meta property=\"og:locale\" content=\"fr_FR\" \/>\n<meta property=\"og:type\" content=\"article\" \/>\n<meta property=\"og:title\" content=\"100x sabal minor - prix fixe - Gilian Plants\" \/>\n<meta property=\"og:description\" content=\"Sabal minor \u2013\u00a0dwarf palmetto\" \/>\n<meta property=\"og:url\" content=\"https:\/\/www.gilianplants.com\/fr\/produit\/100x-sabal-minor-prix-fixe\/\" \/>\n<meta property=\"og:site_name\" content=\"Gilian Plants\" \/>\n<meta property=\"article:modified_time\" content=\"2022-04-09T11:49:53+00:00\" \/>\n<meta property=\"og:image\" content=\"https:\/\/www.gilianplants.com\/wp-content\/uploads\/2022\/01\/img_1750-scaled.jpeg\" \/>\n\t<meta property=\"og:image:width\" content=\"1920\" \/>\n\t<meta property=\"og:image:height\" content=\"2560\" \/>\n\t<meta property=\"og:image:type\" content=\"image\/jpeg\" \/>\n<meta name=\"twitter:card\" content=\"summary_large_image\" \/>\n<meta name=\"twitter:label1\" content=\"Dur\u00e9e de lecture estim\u00e9e\" \/>\n\t<meta name=\"twitter:data1\" content=\"1 minute\" \/>\n<script type=\"application\/ld+json\" class=\"yoast-schema-graph\">{\"@context\":\"https:\\\/\\\/schema.org\",\"@graph\":[{\"@type\":\"WebPage\",\"@id\":\"https:\\\/\\\/www.gilianplants.com\\\/fr\\\/produit\\\/100x-sabal-minor-prix-fixe\\\/\",\"url\":\"https:\\\/\\\/www.gilianplants.com\\\/fr\\\/produit\\\/100x-sabal-minor-prix-fixe\\\/\",\"name\":\"100x sabal minor - prix fixe - Gilian Plants\",\"isPartOf\":{\"@id\":\"https:\\\/\\\/www.gilianplants.com\\\/fr\\\/#website\"},\"primaryImageOfPage\":{\"@id\":\"https:\\\/\\\/www.gilianplants.com\\\/fr\\\/produit\\\/100x-sabal-minor-prix-fixe\\\/#primaryimage\"},\"image\":{\"@id\":\"https:\\\/\\\/www.gilianplants.com\\\/fr\\\/produit\\\/100x-sabal-minor-prix-fixe\\\/#primaryimage\"},\"thumbnailUrl\":\"https:\\\/\\\/www.gilianplants.com\\\/wp-content\\\/uploads\\\/2022\\\/01\\\/img_1750-scaled.jpeg\",\"datePublished\":\"2022-01-15T14:21:19+00:00\",\"dateModified\":\"2022-04-09T11:49:53+00:00\",\"breadcrumb\":{\"@id\":\"https:\\\/\\\/www.gilianplants.com\\\/fr\\\/produit\\\/100x-sabal-minor-prix-fixe\\\/#breadcrumb\"},\"inLanguage\":\"fr-FR\",\"potentialAction\":[{\"@type\":\"ReadAction\",\"target\":[\"https:\\\/\\\/www.gilianplants.com\\\/fr\\\/produit\\\/100x-sabal-minor-prix-fixe\\\/\"]}]},{\"@type\":\"ImageObject\",\"inLanguage\":\"fr-FR\",\"@id\":\"https:\\\/\\\/www.gilianplants.com\\\/fr\\\/produit\\\/100x-sabal-minor-prix-fixe\\\/#primaryimage\",\"url\":\"https:\\\/\\\/www.gilianplants.com\\\/wp-content\\\/uploads\\\/2022\\\/01\\\/img_1750-scaled.jpeg\",\"contentUrl\":\"https:\\\/\\\/www.gilianplants.com\\\/wp-content\\\/uploads\\\/2022\\\/01\\\/img_1750-scaled.jpeg\",\"width\":1920,\"height\":2560},{\"@type\":\"BreadcrumbList\",\"@id\":\"https:\\\/\\\/www.gilianplants.com\\\/fr\\\/produit\\\/100x-sabal-minor-prix-fixe\\\/#breadcrumb\",\"itemListElement\":[{\"@type\":\"ListItem\",\"position\":1,\"name\":\"Home\",\"item\":\"https:\\\/\\\/www.gilianplants.com\\\/fr\\\/\"},{\"@type\":\"ListItem\",\"position\":2,\"name\":\"Shop\",\"item\":\"https:\\\/\\\/www.gilianplants.com\\\/shop\\\/\"},{\"@type\":\"ListItem\",\"position\":3,\"name\":\"100x sabal minor &#8211; prix fixe\"}]},{\"@type\":\"WebSite\",\"@id\":\"https:\\\/\\\/www.gilianplants.com\\\/fr\\\/#website\",\"url\":\"https:\\\/\\\/www.gilianplants.com\\\/fr\\\/\",\"name\":\"Gilian Plants\",\"description\":\"Specialist in germination of rare exotic plants\",\"potentialAction\":[{\"@type\":\"SearchAction\",\"target\":{\"@type\":\"EntryPoint\",\"urlTemplate\":\"https:\\\/\\\/www.gilianplants.com\\\/fr\\\/?s={search_term_string}\"},\"query-input\":{\"@type\":\"PropertyValueSpecification\",\"valueRequired\":true,\"valueName\":\"search_term_string\"}}],\"inLanguage\":\"fr-FR\"}]}<\/script>\n<!-- \/ Yoast SEO plugin. -->","yoast_head_json":{"title":"100x sabal minor - prix fixe - Gilian Plants","robots":{"index":"index","follow":"follow","max-snippet":"max-snippet:-1","max-image-preview":"max-image-preview:large","max-video-preview":"max-video-preview:-1"},"canonical":"https:\/\/www.gilianplants.com\/fr\/produit\/100x-sabal-minor-prix-fixe\/","og_locale":"fr_FR","og_type":"article","og_title":"100x sabal minor - prix fixe - Gilian Plants","og_description":"Sabal minor \u2013\u00a0dwarf palmetto","og_url":"https:\/\/www.gilianplants.com\/fr\/produit\/100x-sabal-minor-prix-fixe\/","og_site_name":"Gilian Plants","article_modified_time":"2022-04-09T11:49:53+00:00","og_image":[{"width":1920,"height":2560,"url":"https:\/\/www.gilianplants.com\/wp-content\/uploads\/2022\/01\/img_1750-scaled.jpeg","type":"image\/jpeg"}],"twitter_card":"summary_large_image","twitter_misc":{"Dur\u00e9e de lecture estim\u00e9e":"1 minute"},"schema":{"@context":"https:\/\/schema.org","@graph":[{"@type":"WebPage","@id":"https:\/\/www.gilianplants.com\/fr\/produit\/100x-sabal-minor-prix-fixe\/","url":"https:\/\/www.gilianplants.com\/fr\/produit\/100x-sabal-minor-prix-fixe\/","name":"100x sabal minor - prix fixe - Gilian Plants","isPartOf":{"@id":"https:\/\/www.gilianplants.com\/fr\/#website"},"primaryImageOfPage":{"@id":"https:\/\/www.gilianplants.com\/fr\/produit\/100x-sabal-minor-prix-fixe\/#primaryimage"},"image":{"@id":"https:\/\/www.gilianplants.com\/fr\/produit\/100x-sabal-minor-prix-fixe\/#primaryimage"},"thumbnailUrl":"https:\/\/www.gilianplants.com\/wp-content\/uploads\/2022\/01\/img_1750-scaled.jpeg","datePublished":"2022-01-15T14:21:19+00:00","dateModified":"2022-04-09T11:49:53+00:00","breadcrumb":{"@id":"https:\/\/www.gilianplants.com\/fr\/produit\/100x-sabal-minor-prix-fixe\/#breadcrumb"},"inLanguage":"fr-FR","potentialAction":[{"@type":"ReadAction","target":["https:\/\/www.gilianplants.com\/fr\/produit\/100x-sabal-minor-prix-fixe\/"]}]},{"@type":"ImageObject","inLanguage":"fr-FR","@id":"https:\/\/www.gilianplants.com\/fr\/produit\/100x-sabal-minor-prix-fixe\/#primaryimage","url":"https:\/\/www.gilianplants.com\/wp-content\/uploads\/2022\/01\/img_1750-scaled.jpeg","contentUrl":"https:\/\/www.gilianplants.com\/wp-content\/uploads\/2022\/01\/img_1750-scaled.jpeg","width":1920,"height":2560},{"@type":"BreadcrumbList","@id":"https:\/\/www.gilianplants.com\/fr\/produit\/100x-sabal-minor-prix-fixe\/#breadcrumb","itemListElement":[{"@type":"ListItem","position":1,"name":"Home","item":"https:\/\/www.gilianplants.com\/fr\/"},{"@type":"ListItem","position":2,"name":"Shop","item":"https:\/\/www.gilianplants.com\/shop\/"},{"@type":"ListItem","position":3,"name":"100x sabal minor &#8211; prix fixe"}]},{"@type":"WebSite","@id":"https:\/\/www.gilianplants.com\/fr\/#website","url":"https:\/\/www.gilianplants.com\/fr\/","name":"Gilian Plants","description":"Specialist in germination of rare exotic plants","potentialAction":[{"@type":"SearchAction","target":{"@type":"EntryPoint","urlTemplate":"https:\/\/www.gilianplants.com\/fr\/?s={search_term_string}"},"query-input":{"@type":"PropertyValueSpecification","valueRequired":true,"valueName":"search_term_string"}}],"inLanguage":"fr-FR"}]}},"jetpack_sharing_enabled":true,"_links":{"self":[{"href":"https:\/\/www.gilianplants.com\/fr\/wp-json\/wp\/v2\/product\/7802","targetHints":{"allow":["GET"]}}],"collection":[{"href":"https:\/\/www.gilianplants.com\/fr\/wp-json\/wp\/v2\/product"}],"about":[{"href":"https:\/\/www.gilianplants.com\/fr\/wp-json\/wp\/v2\/types\/product"}],"replies":[{"embeddable":true,"href":"https:\/\/www.gilianplants.com\/fr\/wp-json\/wp\/v2\/comments?post=7802"}],"wp:featuredmedia":[{"embeddable":true,"href":"https:\/\/www.gilianplants.com\/fr\/wp-json\/wp\/v2\/media\/7773"}],"wp:attachment":[{"href":"https:\/\/www.gilianplants.com\/fr\/wp-json\/wp\/v2\/media?parent=7802"}],"wp:term":[{"taxonomy":"product_brand","embeddable":true,"href":"https:\/\/www.gilianplants.com\/fr\/wp-json\/wp\/v2\/product_brand?post=7802"},{"taxonomy":"product_cat","embeddable":true,"href":"https:\/\/www.gilianplants.com\/fr\/wp-json\/wp\/v2\/product_cat?post=7802"},{"taxonomy":"product_tag","embeddable":true,"href":"https:\/\/www.gilianplants.com\/fr\/wp-json\/wp\/v2\/product_tag?post=7802"}],"curies":[{"name":"wp","href":"https:\/\/api.w.org\/{rel}","templated":true}]}}