{"id":8070,"date":"2022-01-24T21:23:38","date_gmt":"2022-01-24T20:23:38","guid":{"rendered":"https:\/\/www.gilianplants.com\/product\/johannesteijsmannia-magnifica\/"},"modified":"2025-05-25T13:01:37","modified_gmt":"2025-05-25T11:01:37","slug":"johannesteijsmannia-magnifica","status":"publish","type":"product","link":"https:\/\/www.gilianplants.com\/fr\/produit\/johannesteijsmannia-magnifica\/","title":{"rendered":"Johannesteijsmannia magnifica"},"content":{"rendered":"<h2><em><strong>Johannesteijsmannia magnifica \u2013 <\/strong>silver joey palm<\/em><\/h2>\n<p>Ce Johannesteijsmannia magnifica n&rsquo;est pas un palmier \u00e9ventail r\u00e9sistant au froid. En Europe, la meilleure fa\u00e7on de les conserver est de les placer dans un r\u00e9cipient lorsqu&rsquo;il s&rsquo;agit d&rsquo;une petite plante. Les feuilles des plantes matures peuvent atteindre une taille de 90 centim\u00e8tres ! Les feuilles sont minces vertes avec le dessous argent\u00e9. Les graines sont rondes et ressemblent \u00e0 des \u0153ufs. Un palmier tropical ornemental pour la maison ou la serre. Les plantes matures sont rarement vues en culture. Un palmier spectaculaire avec des feuilles argent\u00e9es sur le dessous pour votre collection.<\/p>\n<p>Nous sommes experts en germination de graines de johannesteijsmannia rares et sp\u00e9ciales. Gilian Plants a sa propre importation de la Tha\u00eflande avec ses propres collectionneurs dans l&rsquo;habitat l\u00e0-bas. Ainsi Gilian Plants vous fournit la vraie affaire. Chaque ann\u00e9e, Gilian Plants a de nouveaux spieces dans certaines quantit\u00e9s de gros en vrac.<\/p>\n<p>&#8211; Le prix est pour un plant. Livraison en avril-mai quand il a un cong\u00e9.<\/p>\n<ul>\n<li><strong>Emplacement de la plante : plein soleil<\/strong><\/li>\n<li><strong>Soin des plantes : facile<\/strong><\/li>\n<li><strong>Arrosage : garder les jeunes plants plus secs.<\/strong><\/li>\n<li><strong>R\u00e9sistant au froid : non<\/strong><\/li>\n<li><strong>Pays d&rsquo;origine : Tha\u00eflande<\/strong><\/li>\n<\/ul>\n","protected":false},"excerpt":{"rendered":"<h2><em><strong>Johannesteijsmannia magnifica \u2013 <\/strong>silver joey palm<\/em><\/h2>\n","protected":false},"featured_media":9664,"comment_status":"open","ping_status":"closed","template":"","meta":[],"product_brand":[],"product_cat":[530],"product_tag":[766,907,1036,1054,831,740,769,908],"class_list":{"0":"post-8070","1":"product","2":"type-product","3":"status-publish","4":"has-post-thumbnail","6":"product_cat-palms","7":"product_tag-johannesteijsmannia","8":"product_tag-johannesteijsmannia-fr","9":"product_tag-magnifica-silverjoey-palm","10":"product_tag-magnifica-silverjoey-palm-fr","11":"product_tag-palmtree-fr","12":"product_tag-palmtree","13":"product_tag-tropical","14":"product_tag-tropical-fr","15":"product_shipping_class-colis-normal-1-10kg","17":"first","18":"instock","19":"taxable","20":"shipping-taxable","21":"purchasable","22":"product-type-simple"},"yoast_head":"<!-- This site is optimized with the Yoast SEO plugin v27.5 - https:\/\/yoast.com\/product\/yoast-seo-wordpress\/ -->\n<title>Johannesteijsmannia magnifica - Gilian Plants<\/title>\n<meta name=\"robots\" content=\"index, follow, max-snippet:-1, max-image-preview:large, max-video-preview:-1\" \/>\n<link rel=\"canonical\" href=\"https:\/\/www.gilianplants.com\/fr\/produit\/johannesteijsmannia-magnifica\/\" \/>\n<meta property=\"og:locale\" content=\"fr_FR\" \/>\n<meta property=\"og:type\" content=\"article\" \/>\n<meta property=\"og:title\" content=\"Johannesteijsmannia magnifica - Gilian Plants\" \/>\n<meta property=\"og:description\" content=\"Johannesteijsmannia magnifica \u2013 silver joey palm\" \/>\n<meta property=\"og:url\" content=\"https:\/\/www.gilianplants.com\/fr\/produit\/johannesteijsmannia-magnifica\/\" \/>\n<meta property=\"og:site_name\" content=\"Gilian Plants\" \/>\n<meta property=\"article:modified_time\" content=\"2025-05-25T11:01:37+00:00\" \/>\n<meta property=\"og:image\" content=\"https:\/\/www.gilianplants.com\/wp-content\/uploads\/2022\/05\/d2a39d61-160f-4fed-93c9-e4db1e30e725.png\" \/>\n\t<meta property=\"og:image:width\" content=\"1920\" \/>\n\t<meta property=\"og:image:height\" content=\"1080\" \/>\n\t<meta property=\"og:image:type\" content=\"image\/png\" \/>\n<meta name=\"twitter:card\" content=\"summary_large_image\" \/>\n<meta name=\"twitter:label1\" content=\"Dur\u00e9e de lecture estim\u00e9e\" \/>\n\t<meta name=\"twitter:data1\" content=\"1 minute\" \/>\n<script type=\"application\/ld+json\" class=\"yoast-schema-graph\">{\"@context\":\"https:\\\/\\\/schema.org\",\"@graph\":[{\"@type\":\"WebPage\",\"@id\":\"https:\\\/\\\/www.gilianplants.com\\\/fr\\\/produit\\\/johannesteijsmannia-magnifica\\\/\",\"url\":\"https:\\\/\\\/www.gilianplants.com\\\/fr\\\/produit\\\/johannesteijsmannia-magnifica\\\/\",\"name\":\"Johannesteijsmannia magnifica - Gilian Plants\",\"isPartOf\":{\"@id\":\"https:\\\/\\\/www.gilianplants.com\\\/fr\\\/#website\"},\"primaryImageOfPage\":{\"@id\":\"https:\\\/\\\/www.gilianplants.com\\\/fr\\\/produit\\\/johannesteijsmannia-magnifica\\\/#primaryimage\"},\"image\":{\"@id\":\"https:\\\/\\\/www.gilianplants.com\\\/fr\\\/produit\\\/johannesteijsmannia-magnifica\\\/#primaryimage\"},\"thumbnailUrl\":\"https:\\\/\\\/www.gilianplants.com\\\/wp-content\\\/uploads\\\/2022\\\/05\\\/d2a39d61-160f-4fed-93c9-e4db1e30e725.png\",\"datePublished\":\"2022-01-24T20:23:38+00:00\",\"dateModified\":\"2025-05-25T11:01:37+00:00\",\"breadcrumb\":{\"@id\":\"https:\\\/\\\/www.gilianplants.com\\\/fr\\\/produit\\\/johannesteijsmannia-magnifica\\\/#breadcrumb\"},\"inLanguage\":\"fr-FR\",\"potentialAction\":[{\"@type\":\"ReadAction\",\"target\":[\"https:\\\/\\\/www.gilianplants.com\\\/fr\\\/produit\\\/johannesteijsmannia-magnifica\\\/\"]}]},{\"@type\":\"ImageObject\",\"inLanguage\":\"fr-FR\",\"@id\":\"https:\\\/\\\/www.gilianplants.com\\\/fr\\\/produit\\\/johannesteijsmannia-magnifica\\\/#primaryimage\",\"url\":\"https:\\\/\\\/www.gilianplants.com\\\/wp-content\\\/uploads\\\/2022\\\/05\\\/d2a39d61-160f-4fed-93c9-e4db1e30e725.png\",\"contentUrl\":\"https:\\\/\\\/www.gilianplants.com\\\/wp-content\\\/uploads\\\/2022\\\/05\\\/d2a39d61-160f-4fed-93c9-e4db1e30e725.png\",\"width\":1920,\"height\":1080},{\"@type\":\"BreadcrumbList\",\"@id\":\"https:\\\/\\\/www.gilianplants.com\\\/fr\\\/produit\\\/johannesteijsmannia-magnifica\\\/#breadcrumb\",\"itemListElement\":[{\"@type\":\"ListItem\",\"position\":1,\"name\":\"Home\",\"item\":\"https:\\\/\\\/www.gilianplants.com\\\/fr\\\/\"},{\"@type\":\"ListItem\",\"position\":2,\"name\":\"Shop\",\"item\":\"https:\\\/\\\/www.gilianplants.com\\\/shop\\\/\"},{\"@type\":\"ListItem\",\"position\":3,\"name\":\"Johannesteijsmannia magnifica\"}]},{\"@type\":\"WebSite\",\"@id\":\"https:\\\/\\\/www.gilianplants.com\\\/fr\\\/#website\",\"url\":\"https:\\\/\\\/www.gilianplants.com\\\/fr\\\/\",\"name\":\"Gilian Plants\",\"description\":\"Specialist in germination of rare exotic plants\",\"potentialAction\":[{\"@type\":\"SearchAction\",\"target\":{\"@type\":\"EntryPoint\",\"urlTemplate\":\"https:\\\/\\\/www.gilianplants.com\\\/fr\\\/?s={search_term_string}\"},\"query-input\":{\"@type\":\"PropertyValueSpecification\",\"valueRequired\":true,\"valueName\":\"search_term_string\"}}],\"inLanguage\":\"fr-FR\"}]}<\/script>\n<!-- \/ Yoast SEO plugin. -->","yoast_head_json":{"title":"Johannesteijsmannia magnifica - Gilian Plants","robots":{"index":"index","follow":"follow","max-snippet":"max-snippet:-1","max-image-preview":"max-image-preview:large","max-video-preview":"max-video-preview:-1"},"canonical":"https:\/\/www.gilianplants.com\/fr\/produit\/johannesteijsmannia-magnifica\/","og_locale":"fr_FR","og_type":"article","og_title":"Johannesteijsmannia magnifica - Gilian Plants","og_description":"Johannesteijsmannia magnifica \u2013 silver joey palm","og_url":"https:\/\/www.gilianplants.com\/fr\/produit\/johannesteijsmannia-magnifica\/","og_site_name":"Gilian Plants","article_modified_time":"2025-05-25T11:01:37+00:00","og_image":[{"width":1920,"height":1080,"url":"https:\/\/www.gilianplants.com\/wp-content\/uploads\/2022\/05\/d2a39d61-160f-4fed-93c9-e4db1e30e725.png","type":"image\/png"}],"twitter_card":"summary_large_image","twitter_misc":{"Dur\u00e9e de lecture estim\u00e9e":"1 minute"},"schema":{"@context":"https:\/\/schema.org","@graph":[{"@type":"WebPage","@id":"https:\/\/www.gilianplants.com\/fr\/produit\/johannesteijsmannia-magnifica\/","url":"https:\/\/www.gilianplants.com\/fr\/produit\/johannesteijsmannia-magnifica\/","name":"Johannesteijsmannia magnifica - Gilian Plants","isPartOf":{"@id":"https:\/\/www.gilianplants.com\/fr\/#website"},"primaryImageOfPage":{"@id":"https:\/\/www.gilianplants.com\/fr\/produit\/johannesteijsmannia-magnifica\/#primaryimage"},"image":{"@id":"https:\/\/www.gilianplants.com\/fr\/produit\/johannesteijsmannia-magnifica\/#primaryimage"},"thumbnailUrl":"https:\/\/www.gilianplants.com\/wp-content\/uploads\/2022\/05\/d2a39d61-160f-4fed-93c9-e4db1e30e725.png","datePublished":"2022-01-24T20:23:38+00:00","dateModified":"2025-05-25T11:01:37+00:00","breadcrumb":{"@id":"https:\/\/www.gilianplants.com\/fr\/produit\/johannesteijsmannia-magnifica\/#breadcrumb"},"inLanguage":"fr-FR","potentialAction":[{"@type":"ReadAction","target":["https:\/\/www.gilianplants.com\/fr\/produit\/johannesteijsmannia-magnifica\/"]}]},{"@type":"ImageObject","inLanguage":"fr-FR","@id":"https:\/\/www.gilianplants.com\/fr\/produit\/johannesteijsmannia-magnifica\/#primaryimage","url":"https:\/\/www.gilianplants.com\/wp-content\/uploads\/2022\/05\/d2a39d61-160f-4fed-93c9-e4db1e30e725.png","contentUrl":"https:\/\/www.gilianplants.com\/wp-content\/uploads\/2022\/05\/d2a39d61-160f-4fed-93c9-e4db1e30e725.png","width":1920,"height":1080},{"@type":"BreadcrumbList","@id":"https:\/\/www.gilianplants.com\/fr\/produit\/johannesteijsmannia-magnifica\/#breadcrumb","itemListElement":[{"@type":"ListItem","position":1,"name":"Home","item":"https:\/\/www.gilianplants.com\/fr\/"},{"@type":"ListItem","position":2,"name":"Shop","item":"https:\/\/www.gilianplants.com\/shop\/"},{"@type":"ListItem","position":3,"name":"Johannesteijsmannia magnifica"}]},{"@type":"WebSite","@id":"https:\/\/www.gilianplants.com\/fr\/#website","url":"https:\/\/www.gilianplants.com\/fr\/","name":"Gilian Plants","description":"Specialist in germination of rare exotic plants","potentialAction":[{"@type":"SearchAction","target":{"@type":"EntryPoint","urlTemplate":"https:\/\/www.gilianplants.com\/fr\/?s={search_term_string}"},"query-input":{"@type":"PropertyValueSpecification","valueRequired":true,"valueName":"search_term_string"}}],"inLanguage":"fr-FR"}]}},"jetpack_sharing_enabled":true,"_links":{"self":[{"href":"https:\/\/www.gilianplants.com\/fr\/wp-json\/wp\/v2\/product\/8070","targetHints":{"allow":["GET"]}}],"collection":[{"href":"https:\/\/www.gilianplants.com\/fr\/wp-json\/wp\/v2\/product"}],"about":[{"href":"https:\/\/www.gilianplants.com\/fr\/wp-json\/wp\/v2\/types\/product"}],"replies":[{"embeddable":true,"href":"https:\/\/www.gilianplants.com\/fr\/wp-json\/wp\/v2\/comments?post=8070"}],"wp:featuredmedia":[{"embeddable":true,"href":"https:\/\/www.gilianplants.com\/fr\/wp-json\/wp\/v2\/media\/9664"}],"wp:attachment":[{"href":"https:\/\/www.gilianplants.com\/fr\/wp-json\/wp\/v2\/media?parent=8070"}],"wp:term":[{"taxonomy":"product_brand","embeddable":true,"href":"https:\/\/www.gilianplants.com\/fr\/wp-json\/wp\/v2\/product_brand?post=8070"},{"taxonomy":"product_cat","embeddable":true,"href":"https:\/\/www.gilianplants.com\/fr\/wp-json\/wp\/v2\/product_cat?post=8070"},{"taxonomy":"product_tag","embeddable":true,"href":"https:\/\/www.gilianplants.com\/fr\/wp-json\/wp\/v2\/product_tag?post=8070"}],"curies":[{"name":"wp","href":"https:\/\/api.w.org\/{rel}","templated":true}]}}