{"id":8292,"date":"2022-02-16T17:27:48","date_gmt":"2022-02-16T15:27:48","guid":{"rendered":"https:\/\/www.gilianplants.com\/product\/trachycarpus-wagnerianus-x-new-form\/"},"modified":"2022-04-09T11:50:43","modified_gmt":"2022-04-09T10:50:43","slug":"trachycarpus-wagnerianus-x-new-form","status":"publish","type":"product","link":"https:\/\/www.gilianplants.com\/fr\/produit\/trachycarpus-wagnerianus-x-new-form\/","title":{"rendered":"Trachycarpus wagnerianus X princeps new form"},"content":{"rendered":"<p style=\"margin-bottom: 1.3em; margin-top: 0px; font-family: Lato, sans-serif; font-size: 16px; font-style: normal; font-weight: 300; letter-spacing: normal; text-align: start; text-indent: 0px; text-transform: none; text-decoration: none;\"><em><strong style=\"font-weight: bolder;\">Trachycarpus wagnerianus x princeps new form<\/strong><\/em><em><br \/>\n<\/em><\/p>\n<p>Cet hybride entre une femelle Trachycarpus wagnerianus et un m\u00e2le Trachycarpus princeps nouvelle forme devrait \u00eatre l&rsquo;un des hybrides les plus r\u00e9sistants au froid. Il est int\u00e9ressant de voir que certains sp\u00e9cimens ressemblent \u00e0 des wagnerianus normaux avec plus d&rsquo;argent et que d&rsquo;autres ont des g\u00e8nes de Trachycarpus princeps plus compacts. Les feuilles sont plus dures et plus rigides par rapport \u00e0 un Trachycarpus princeps normal. Elles peuvent supporter plus de vent. Un excellent palmier pour votre jardin. A nos yeux, l&rsquo;un des plus beaux hybrides jamais cr\u00e9\u00e9s ! Nous avons ici des plantes plus \u00e2g\u00e9es qui sont vraiment bleu\u00e2tres et compactes. Les feuilles sont d&rsquo;un vert profond et sont un excellent accroche-regard pour votre jardin. Ce palmier hybride est r\u00e9sistant au froid et tol\u00e8re le vent dans notre climat.<\/p>\n<ul>\n<li><strong>Emplacement de la plante : plein soleil \/ mi-ombre<\/strong><\/li>\n<li><strong>Arrosage : moyen<\/strong><\/li>\n<li><strong>R\u00e9sistant au froid : oui -15<\/strong><\/li>\n<li><strong>Pays d&rsquo;origine: Pays-Bas<\/strong><\/li>\n<\/ul>\n","protected":false},"excerpt":{"rendered":"<p>Trachycarpus wagnernianus x princeps hybrid<\/p>\n","protected":false},"featured_media":8250,"comment_status":"open","ping_status":"closed","template":"","meta":[],"product_brand":[],"product_cat":[530],"product_tag":[1098,689],"class_list":{"0":"post-8292","1":"product","2":"type-product","3":"status-publish","4":"has-post-thumbnail","6":"product_cat-palms","7":"product_tag-newform-fr","8":"product_tag-wagnerianus-fr-2","10":"first","11":"instock","12":"taxable","13":"shipping-taxable","14":"purchasable","15":"product-type-simple"},"yoast_head":"<!-- This site is optimized with the Yoast SEO plugin v27.5 - https:\/\/yoast.com\/product\/yoast-seo-wordpress\/ -->\n<title>Trachycarpus wagnerianus X princeps new form - Gilian Plants<\/title>\n<meta name=\"robots\" content=\"index, follow, max-snippet:-1, max-image-preview:large, max-video-preview:-1\" \/>\n<link rel=\"canonical\" href=\"https:\/\/www.gilianplants.com\/fr\/produit\/trachycarpus-wagnerianus-x-new-form\/\" \/>\n<meta property=\"og:locale\" content=\"fr_FR\" \/>\n<meta property=\"og:type\" content=\"article\" \/>\n<meta property=\"og:title\" content=\"Trachycarpus wagnerianus X princeps new form - Gilian Plants\" \/>\n<meta property=\"og:description\" content=\"Trachycarpus wagnernianus x princeps hybrid\" \/>\n<meta property=\"og:url\" content=\"https:\/\/www.gilianplants.com\/fr\/produit\/trachycarpus-wagnerianus-x-new-form\/\" \/>\n<meta property=\"og:site_name\" content=\"Gilian Plants\" \/>\n<meta property=\"article:modified_time\" content=\"2022-04-09T10:50:43+00:00\" \/>\n<meta property=\"og:image\" content=\"https:\/\/www.gilianplants.com\/wp-content\/uploads\/2022\/02\/img_2231-scaled.jpeg\" \/>\n\t<meta property=\"og:image:width\" content=\"1920\" \/>\n\t<meta property=\"og:image:height\" content=\"2560\" \/>\n\t<meta property=\"og:image:type\" content=\"image\/jpeg\" \/>\n<meta name=\"twitter:card\" content=\"summary_large_image\" \/>\n<meta name=\"twitter:label1\" content=\"Dur\u00e9e de lecture estim\u00e9e\" \/>\n\t<meta name=\"twitter:data1\" content=\"1 minute\" \/>\n<script type=\"application\/ld+json\" class=\"yoast-schema-graph\">{\"@context\":\"https:\\\/\\\/schema.org\",\"@graph\":[{\"@type\":\"WebPage\",\"@id\":\"https:\\\/\\\/www.gilianplants.com\\\/fr\\\/produit\\\/trachycarpus-wagnerianus-x-new-form\\\/\",\"url\":\"https:\\\/\\\/www.gilianplants.com\\\/fr\\\/produit\\\/trachycarpus-wagnerianus-x-new-form\\\/\",\"name\":\"Trachycarpus wagnerianus X princeps new form - Gilian Plants\",\"isPartOf\":{\"@id\":\"https:\\\/\\\/www.gilianplants.com\\\/fr\\\/#website\"},\"primaryImageOfPage\":{\"@id\":\"https:\\\/\\\/www.gilianplants.com\\\/fr\\\/produit\\\/trachycarpus-wagnerianus-x-new-form\\\/#primaryimage\"},\"image\":{\"@id\":\"https:\\\/\\\/www.gilianplants.com\\\/fr\\\/produit\\\/trachycarpus-wagnerianus-x-new-form\\\/#primaryimage\"},\"thumbnailUrl\":\"https:\\\/\\\/www.gilianplants.com\\\/wp-content\\\/uploads\\\/2022\\\/02\\\/img_2231-scaled.jpeg\",\"datePublished\":\"2022-02-16T15:27:48+00:00\",\"dateModified\":\"2022-04-09T10:50:43+00:00\",\"breadcrumb\":{\"@id\":\"https:\\\/\\\/www.gilianplants.com\\\/fr\\\/produit\\\/trachycarpus-wagnerianus-x-new-form\\\/#breadcrumb\"},\"inLanguage\":\"fr-FR\",\"potentialAction\":[{\"@type\":\"ReadAction\",\"target\":[\"https:\\\/\\\/www.gilianplants.com\\\/fr\\\/produit\\\/trachycarpus-wagnerianus-x-new-form\\\/\"]}]},{\"@type\":\"ImageObject\",\"inLanguage\":\"fr-FR\",\"@id\":\"https:\\\/\\\/www.gilianplants.com\\\/fr\\\/produit\\\/trachycarpus-wagnerianus-x-new-form\\\/#primaryimage\",\"url\":\"https:\\\/\\\/www.gilianplants.com\\\/wp-content\\\/uploads\\\/2022\\\/02\\\/img_2231-scaled.jpeg\",\"contentUrl\":\"https:\\\/\\\/www.gilianplants.com\\\/wp-content\\\/uploads\\\/2022\\\/02\\\/img_2231-scaled.jpeg\",\"width\":1920,\"height\":2560},{\"@type\":\"BreadcrumbList\",\"@id\":\"https:\\\/\\\/www.gilianplants.com\\\/fr\\\/produit\\\/trachycarpus-wagnerianus-x-new-form\\\/#breadcrumb\",\"itemListElement\":[{\"@type\":\"ListItem\",\"position\":1,\"name\":\"Home\",\"item\":\"https:\\\/\\\/www.gilianplants.com\\\/fr\\\/\"},{\"@type\":\"ListItem\",\"position\":2,\"name\":\"Shop\",\"item\":\"https:\\\/\\\/www.gilianplants.com\\\/shop\\\/\"},{\"@type\":\"ListItem\",\"position\":3,\"name\":\"Trachycarpus wagnerianus X princeps new form\"}]},{\"@type\":\"WebSite\",\"@id\":\"https:\\\/\\\/www.gilianplants.com\\\/fr\\\/#website\",\"url\":\"https:\\\/\\\/www.gilianplants.com\\\/fr\\\/\",\"name\":\"Gilian Plants\",\"description\":\"Specialist in germination of rare exotic plants\",\"potentialAction\":[{\"@type\":\"SearchAction\",\"target\":{\"@type\":\"EntryPoint\",\"urlTemplate\":\"https:\\\/\\\/www.gilianplants.com\\\/fr\\\/?s={search_term_string}\"},\"query-input\":{\"@type\":\"PropertyValueSpecification\",\"valueRequired\":true,\"valueName\":\"search_term_string\"}}],\"inLanguage\":\"fr-FR\"}]}<\/script>\n<!-- \/ Yoast SEO plugin. -->","yoast_head_json":{"title":"Trachycarpus wagnerianus X princeps new form - Gilian Plants","robots":{"index":"index","follow":"follow","max-snippet":"max-snippet:-1","max-image-preview":"max-image-preview:large","max-video-preview":"max-video-preview:-1"},"canonical":"https:\/\/www.gilianplants.com\/fr\/produit\/trachycarpus-wagnerianus-x-new-form\/","og_locale":"fr_FR","og_type":"article","og_title":"Trachycarpus wagnerianus X princeps new form - Gilian Plants","og_description":"Trachycarpus wagnernianus x princeps hybrid","og_url":"https:\/\/www.gilianplants.com\/fr\/produit\/trachycarpus-wagnerianus-x-new-form\/","og_site_name":"Gilian Plants","article_modified_time":"2022-04-09T10:50:43+00:00","og_image":[{"width":1920,"height":2560,"url":"https:\/\/www.gilianplants.com\/wp-content\/uploads\/2022\/02\/img_2231-scaled.jpeg","type":"image\/jpeg"}],"twitter_card":"summary_large_image","twitter_misc":{"Dur\u00e9e de lecture estim\u00e9e":"1 minute"},"schema":{"@context":"https:\/\/schema.org","@graph":[{"@type":"WebPage","@id":"https:\/\/www.gilianplants.com\/fr\/produit\/trachycarpus-wagnerianus-x-new-form\/","url":"https:\/\/www.gilianplants.com\/fr\/produit\/trachycarpus-wagnerianus-x-new-form\/","name":"Trachycarpus wagnerianus X princeps new form - Gilian Plants","isPartOf":{"@id":"https:\/\/www.gilianplants.com\/fr\/#website"},"primaryImageOfPage":{"@id":"https:\/\/www.gilianplants.com\/fr\/produit\/trachycarpus-wagnerianus-x-new-form\/#primaryimage"},"image":{"@id":"https:\/\/www.gilianplants.com\/fr\/produit\/trachycarpus-wagnerianus-x-new-form\/#primaryimage"},"thumbnailUrl":"https:\/\/www.gilianplants.com\/wp-content\/uploads\/2022\/02\/img_2231-scaled.jpeg","datePublished":"2022-02-16T15:27:48+00:00","dateModified":"2022-04-09T10:50:43+00:00","breadcrumb":{"@id":"https:\/\/www.gilianplants.com\/fr\/produit\/trachycarpus-wagnerianus-x-new-form\/#breadcrumb"},"inLanguage":"fr-FR","potentialAction":[{"@type":"ReadAction","target":["https:\/\/www.gilianplants.com\/fr\/produit\/trachycarpus-wagnerianus-x-new-form\/"]}]},{"@type":"ImageObject","inLanguage":"fr-FR","@id":"https:\/\/www.gilianplants.com\/fr\/produit\/trachycarpus-wagnerianus-x-new-form\/#primaryimage","url":"https:\/\/www.gilianplants.com\/wp-content\/uploads\/2022\/02\/img_2231-scaled.jpeg","contentUrl":"https:\/\/www.gilianplants.com\/wp-content\/uploads\/2022\/02\/img_2231-scaled.jpeg","width":1920,"height":2560},{"@type":"BreadcrumbList","@id":"https:\/\/www.gilianplants.com\/fr\/produit\/trachycarpus-wagnerianus-x-new-form\/#breadcrumb","itemListElement":[{"@type":"ListItem","position":1,"name":"Home","item":"https:\/\/www.gilianplants.com\/fr\/"},{"@type":"ListItem","position":2,"name":"Shop","item":"https:\/\/www.gilianplants.com\/shop\/"},{"@type":"ListItem","position":3,"name":"Trachycarpus wagnerianus X princeps new form"}]},{"@type":"WebSite","@id":"https:\/\/www.gilianplants.com\/fr\/#website","url":"https:\/\/www.gilianplants.com\/fr\/","name":"Gilian Plants","description":"Specialist in germination of rare exotic plants","potentialAction":[{"@type":"SearchAction","target":{"@type":"EntryPoint","urlTemplate":"https:\/\/www.gilianplants.com\/fr\/?s={search_term_string}"},"query-input":{"@type":"PropertyValueSpecification","valueRequired":true,"valueName":"search_term_string"}}],"inLanguage":"fr-FR"}]}},"jetpack_sharing_enabled":true,"_links":{"self":[{"href":"https:\/\/www.gilianplants.com\/fr\/wp-json\/wp\/v2\/product\/8292","targetHints":{"allow":["GET"]}}],"collection":[{"href":"https:\/\/www.gilianplants.com\/fr\/wp-json\/wp\/v2\/product"}],"about":[{"href":"https:\/\/www.gilianplants.com\/fr\/wp-json\/wp\/v2\/types\/product"}],"replies":[{"embeddable":true,"href":"https:\/\/www.gilianplants.com\/fr\/wp-json\/wp\/v2\/comments?post=8292"}],"wp:featuredmedia":[{"embeddable":true,"href":"https:\/\/www.gilianplants.com\/fr\/wp-json\/wp\/v2\/media\/8250"}],"wp:attachment":[{"href":"https:\/\/www.gilianplants.com\/fr\/wp-json\/wp\/v2\/media?parent=8292"}],"wp:term":[{"taxonomy":"product_brand","embeddable":true,"href":"https:\/\/www.gilianplants.com\/fr\/wp-json\/wp\/v2\/product_brand?post=8292"},{"taxonomy":"product_cat","embeddable":true,"href":"https:\/\/www.gilianplants.com\/fr\/wp-json\/wp\/v2\/product_cat?post=8292"},{"taxonomy":"product_tag","embeddable":true,"href":"https:\/\/www.gilianplants.com\/fr\/wp-json\/wp\/v2\/product_tag?post=8292"}],"curies":[{"name":"wp","href":"https:\/\/api.w.org\/{rel}","templated":true}]}}