{"id":8623,"date":"2022-03-11T21:25:16","date_gmt":"2022-03-11T19:25:16","guid":{"rendered":"https:\/\/www.gilianplants.com\/product\/butia-capitata\/"},"modified":"2022-04-09T09:25:04","modified_gmt":"2022-04-09T08:25:04","slug":"butia-capitata","status":"publish","type":"product","link":"https:\/\/www.gilianplants.com\/fr\/produit\/butia-capitata\/","title":{"rendered":"Butia capitata"},"content":{"rendered":"<h2><em><strong>Butia capitata\u2013 <\/strong>Northern Jelly Palm<\/em><\/h2>\n<p>Ce Butia capitata est un excellent compl\u00e9ment \u00e0 votre jardin tropical. Ce genre de la famille des Butia n&rsquo;est pas fr\u00e9quent en Europe. Le palmier peut atteindre un sp\u00e9cimen robuste de 6 m\u00e8tres dans votre jardin avec des feuilles bleu-vert. Ce palmier \u00e0 feuilles plumeuses est r\u00e9sistant au gel et \u00e0 feuilles persistantes. Les fruits de ce palmier pindo sont jaunes et ont un go\u00fbt sucr\u00e9. C&rsquo;est aussi une plante ornementale de confinement.<\/p>\n<p>Nous sommes experts dans la germination des graines rares sp\u00e9ciales de Butia et Syagrus. Gilian Plants a sa propre importation du Br\u00e9sil avec ses propres collectionneurs dans l&rsquo;habitat l\u00e0-bas. Ainsi Gilian Plants vous fournit la vraie affaire. Chaque ann\u00e9e, Gilian Plants a de nouveaux le types dans certaines quantit\u00e9s de gros en vrac.<\/p>\n<p>&nbsp;<\/p>\n<ul>\n<li style=\"text-align: left;\"><strong>Emplacement de la plante : Soleil<\/strong><\/li>\n<li style=\"text-align: left;\"><strong>Soin des plantes : moyen<\/strong><\/li>\n<li style=\"text-align: left;\"><strong>Arrosage : beaucoup d&rsquo;eau<\/strong><\/li>\n<li style=\"text-align: left;\"><strong>R\u00e9sistant au froid : -7 avec un paillage de protection autour de la tige<\/strong><\/li>\n<li style=\"text-align: left;\"><strong>Pays d&rsquo;origine : Br\u00e9sil, Uruguay<\/strong><\/li>\n<\/ul>\n","protected":false},"excerpt":{"rendered":"<h2><em><strong>Butia capitata\u2013 <\/strong>Northern Jelly Palm<\/em><\/h2>\n","protected":false},"featured_media":9556,"comment_status":"open","ping_status":"closed","template":"","meta":[],"product_brand":[],"product_cat":[530],"product_tag":[557,1180,949,1202,812],"class_list":{"0":"post-8623","1":"product","2":"type-product","3":"status-publish","4":"has-post-thumbnail","6":"product_cat-palms","7":"product_tag-butia-fr","8":"product_tag-capitata-fr","9":"product_tag-jelly-fr","10":"product_tag-northern-fr","11":"product_tag-palm-fr","12":"product_shipping_class-colis-normal-1-10kg","14":"first","15":"outofstock","16":"taxable","17":"shipping-taxable","18":"purchasable","19":"product-type-simple"},"yoast_head":"<!-- This site is optimized with the Yoast SEO plugin v27.3 - https:\/\/yoast.com\/product\/yoast-seo-wordpress\/ -->\n<title>Butia capitata - Gilian Plants<\/title>\n<meta name=\"robots\" content=\"index, follow, max-snippet:-1, max-image-preview:large, max-video-preview:-1\" \/>\n<link rel=\"canonical\" href=\"https:\/\/www.gilianplants.com\/fr\/produit\/butia-capitata\/\" \/>\n<meta property=\"og:locale\" content=\"fr_FR\" \/>\n<meta property=\"og:type\" content=\"article\" \/>\n<meta property=\"og:title\" content=\"Butia capitata - Gilian Plants\" \/>\n<meta property=\"og:description\" content=\"Butia capitata\u2013 Northern Jelly Palm\" \/>\n<meta property=\"og:url\" content=\"https:\/\/www.gilianplants.com\/fr\/produit\/butia-capitata\/\" \/>\n<meta property=\"og:site_name\" content=\"Gilian Plants\" \/>\n<meta property=\"article:modified_time\" content=\"2022-04-09T08:25:04+00:00\" \/>\n<meta property=\"og:image\" content=\"https:\/\/www.gilianplants.com\/wp-content\/uploads\/2022\/03\/img_2701-scaled.jpeg\" \/>\n\t<meta property=\"og:image:width\" content=\"1920\" \/>\n\t<meta property=\"og:image:height\" content=\"2560\" \/>\n\t<meta property=\"og:image:type\" content=\"image\/jpeg\" \/>\n<meta name=\"twitter:card\" content=\"summary_large_image\" \/>\n<meta name=\"twitter:label1\" content=\"Dur\u00e9e de lecture estim\u00e9e\" \/>\n\t<meta name=\"twitter:data1\" content=\"1 minute\" \/>\n<script type=\"application\/ld+json\" class=\"yoast-schema-graph\">{\"@context\":\"https:\\\/\\\/schema.org\",\"@graph\":[{\"@type\":\"WebPage\",\"@id\":\"https:\\\/\\\/www.gilianplants.com\\\/fr\\\/produit\\\/butia-capitata\\\/\",\"url\":\"https:\\\/\\\/www.gilianplants.com\\\/fr\\\/produit\\\/butia-capitata\\\/\",\"name\":\"Butia capitata - Gilian Plants\",\"isPartOf\":{\"@id\":\"https:\\\/\\\/www.gilianplants.com\\\/fr\\\/#website\"},\"primaryImageOfPage\":{\"@id\":\"https:\\\/\\\/www.gilianplants.com\\\/fr\\\/produit\\\/butia-capitata\\\/#primaryimage\"},\"image\":{\"@id\":\"https:\\\/\\\/www.gilianplants.com\\\/fr\\\/produit\\\/butia-capitata\\\/#primaryimage\"},\"thumbnailUrl\":\"https:\\\/\\\/www.gilianplants.com\\\/wp-content\\\/uploads\\\/2022\\\/05\\\/cc6a367f-bdef-4b59-bac3-69ed93c8f4ce-1.png\",\"datePublished\":\"2022-03-11T19:25:16+00:00\",\"dateModified\":\"2022-04-09T08:25:04+00:00\",\"breadcrumb\":{\"@id\":\"https:\\\/\\\/www.gilianplants.com\\\/fr\\\/produit\\\/butia-capitata\\\/#breadcrumb\"},\"inLanguage\":\"fr-FR\",\"potentialAction\":[{\"@type\":\"ReadAction\",\"target\":[\"https:\\\/\\\/www.gilianplants.com\\\/fr\\\/produit\\\/butia-capitata\\\/\"]}]},{\"@type\":\"ImageObject\",\"inLanguage\":\"fr-FR\",\"@id\":\"https:\\\/\\\/www.gilianplants.com\\\/fr\\\/produit\\\/butia-capitata\\\/#primaryimage\",\"url\":\"https:\\\/\\\/www.gilianplants.com\\\/wp-content\\\/uploads\\\/2022\\\/05\\\/cc6a367f-bdef-4b59-bac3-69ed93c8f4ce-1.png\",\"contentUrl\":\"https:\\\/\\\/www.gilianplants.com\\\/wp-content\\\/uploads\\\/2022\\\/05\\\/cc6a367f-bdef-4b59-bac3-69ed93c8f4ce-1.png\",\"width\":1920,\"height\":1080},{\"@type\":\"BreadcrumbList\",\"@id\":\"https:\\\/\\\/www.gilianplants.com\\\/fr\\\/produit\\\/butia-capitata\\\/#breadcrumb\",\"itemListElement\":[{\"@type\":\"ListItem\",\"position\":1,\"name\":\"Home\",\"item\":\"https:\\\/\\\/www.gilianplants.com\\\/fr\\\/\"},{\"@type\":\"ListItem\",\"position\":2,\"name\":\"Shop\",\"item\":\"https:\\\/\\\/www.gilianplants.com\\\/shop\\\/\"},{\"@type\":\"ListItem\",\"position\":3,\"name\":\"Butia capitata\"}]},{\"@type\":\"WebSite\",\"@id\":\"https:\\\/\\\/www.gilianplants.com\\\/fr\\\/#website\",\"url\":\"https:\\\/\\\/www.gilianplants.com\\\/fr\\\/\",\"name\":\"Gilian Plants\",\"description\":\"Specialist in germination of rare exotic plants\",\"potentialAction\":[{\"@type\":\"SearchAction\",\"target\":{\"@type\":\"EntryPoint\",\"urlTemplate\":\"https:\\\/\\\/www.gilianplants.com\\\/fr\\\/?s={search_term_string}\"},\"query-input\":{\"@type\":\"PropertyValueSpecification\",\"valueRequired\":true,\"valueName\":\"search_term_string\"}}],\"inLanguage\":\"fr-FR\"}]}<\/script>\n<!-- \/ Yoast SEO plugin. -->","yoast_head_json":{"title":"Butia capitata - Gilian Plants","robots":{"index":"index","follow":"follow","max-snippet":"max-snippet:-1","max-image-preview":"max-image-preview:large","max-video-preview":"max-video-preview:-1"},"canonical":"https:\/\/www.gilianplants.com\/fr\/produit\/butia-capitata\/","og_locale":"fr_FR","og_type":"article","og_title":"Butia capitata - Gilian Plants","og_description":"Butia capitata\u2013 Northern Jelly Palm","og_url":"https:\/\/www.gilianplants.com\/fr\/produit\/butia-capitata\/","og_site_name":"Gilian Plants","article_modified_time":"2022-04-09T08:25:04+00:00","og_image":[{"width":1920,"height":2560,"url":"https:\/\/www.gilianplants.com\/wp-content\/uploads\/2022\/03\/img_2701-scaled.jpeg","type":"image\/jpeg"}],"twitter_card":"summary_large_image","twitter_misc":{"Dur\u00e9e de lecture estim\u00e9e":"1 minute"},"schema":{"@context":"https:\/\/schema.org","@graph":[{"@type":"WebPage","@id":"https:\/\/www.gilianplants.com\/fr\/produit\/butia-capitata\/","url":"https:\/\/www.gilianplants.com\/fr\/produit\/butia-capitata\/","name":"Butia capitata - Gilian Plants","isPartOf":{"@id":"https:\/\/www.gilianplants.com\/fr\/#website"},"primaryImageOfPage":{"@id":"https:\/\/www.gilianplants.com\/fr\/produit\/butia-capitata\/#primaryimage"},"image":{"@id":"https:\/\/www.gilianplants.com\/fr\/produit\/butia-capitata\/#primaryimage"},"thumbnailUrl":"https:\/\/www.gilianplants.com\/wp-content\/uploads\/2022\/05\/cc6a367f-bdef-4b59-bac3-69ed93c8f4ce-1.png","datePublished":"2022-03-11T19:25:16+00:00","dateModified":"2022-04-09T08:25:04+00:00","breadcrumb":{"@id":"https:\/\/www.gilianplants.com\/fr\/produit\/butia-capitata\/#breadcrumb"},"inLanguage":"fr-FR","potentialAction":[{"@type":"ReadAction","target":["https:\/\/www.gilianplants.com\/fr\/produit\/butia-capitata\/"]}]},{"@type":"ImageObject","inLanguage":"fr-FR","@id":"https:\/\/www.gilianplants.com\/fr\/produit\/butia-capitata\/#primaryimage","url":"https:\/\/www.gilianplants.com\/wp-content\/uploads\/2022\/05\/cc6a367f-bdef-4b59-bac3-69ed93c8f4ce-1.png","contentUrl":"https:\/\/www.gilianplants.com\/wp-content\/uploads\/2022\/05\/cc6a367f-bdef-4b59-bac3-69ed93c8f4ce-1.png","width":1920,"height":1080},{"@type":"BreadcrumbList","@id":"https:\/\/www.gilianplants.com\/fr\/produit\/butia-capitata\/#breadcrumb","itemListElement":[{"@type":"ListItem","position":1,"name":"Home","item":"https:\/\/www.gilianplants.com\/fr\/"},{"@type":"ListItem","position":2,"name":"Shop","item":"https:\/\/www.gilianplants.com\/shop\/"},{"@type":"ListItem","position":3,"name":"Butia capitata"}]},{"@type":"WebSite","@id":"https:\/\/www.gilianplants.com\/fr\/#website","url":"https:\/\/www.gilianplants.com\/fr\/","name":"Gilian Plants","description":"Specialist in germination of rare exotic plants","potentialAction":[{"@type":"SearchAction","target":{"@type":"EntryPoint","urlTemplate":"https:\/\/www.gilianplants.com\/fr\/?s={search_term_string}"},"query-input":{"@type":"PropertyValueSpecification","valueRequired":true,"valueName":"search_term_string"}}],"inLanguage":"fr-FR"}]}},"jetpack_sharing_enabled":true,"_links":{"self":[{"href":"https:\/\/www.gilianplants.com\/fr\/wp-json\/wp\/v2\/product\/8623","targetHints":{"allow":["GET"]}}],"collection":[{"href":"https:\/\/www.gilianplants.com\/fr\/wp-json\/wp\/v2\/product"}],"about":[{"href":"https:\/\/www.gilianplants.com\/fr\/wp-json\/wp\/v2\/types\/product"}],"replies":[{"embeddable":true,"href":"https:\/\/www.gilianplants.com\/fr\/wp-json\/wp\/v2\/comments?post=8623"}],"wp:featuredmedia":[{"embeddable":true,"href":"https:\/\/www.gilianplants.com\/fr\/wp-json\/wp\/v2\/media\/9556"}],"wp:attachment":[{"href":"https:\/\/www.gilianplants.com\/fr\/wp-json\/wp\/v2\/media?parent=8623"}],"wp:term":[{"taxonomy":"product_brand","embeddable":true,"href":"https:\/\/www.gilianplants.com\/fr\/wp-json\/wp\/v2\/product_brand?post=8623"},{"taxonomy":"product_cat","embeddable":true,"href":"https:\/\/www.gilianplants.com\/fr\/wp-json\/wp\/v2\/product_cat?post=8623"},{"taxonomy":"product_tag","embeddable":true,"href":"https:\/\/www.gilianplants.com\/fr\/wp-json\/wp\/v2\/product_tag?post=8623"}],"curies":[{"name":"wp","href":"https:\/\/api.w.org\/{rel}","templated":true}]}}