{"id":8637,"date":"2022-03-11T19:54:37","date_gmt":"2022-03-11T18:54:37","guid":{"rendered":"https:\/\/www.gilianplants.com\/product\/yucca-linearifolia-x-yucca-thompsoniana\/"},"modified":"2022-10-29T18:32:35","modified_gmt":"2022-10-29T17:32:35","slug":"yucca-linearifolia-x-yucca-thompsoniana","status":"publish","type":"product","link":"https:\/\/www.gilianplants.com\/fr\/produit\/yucca-linearifolia-x-yucca-thompsoniana\/","title":{"rendered":"Yucca (linearifoliaxflaccida) x Yucca thompsoniana"},"content":{"rendered":"<p><strong><span style=\"font-size: 170%;\">Yucca linearifoliaxflaccida x Yucca thompsoniana &#8211;\u00a0<\/span><\/strong><span style=\"font-size: x-large;\"><b>hybrid yucca<\/b><\/span><\/p>\n<p>Ce Yucca hybride int\u00e9ressant pour le collectionneur. Cette sp\u00e8ce pousse dans un sol sablonneux.\u00a0Il fait de grandes feuilles robustes en rosette. Il a une couleur bleu\u00e2tre en plein soleil. Les tiges de fleurs sont tr\u00e8s grandes avec beaucoup de fleurs blanches. vraiment impressionnant pour cette plante. Apr\u00e8s la floraison, elle produira beaucoup de graines. Cette plante Yucca linearifolia x Yucca thompsoniana est r\u00e9sistante au froid. Donnez \u00e0 ce Yucca exotique un excellent emplacement dans votre jardin et il deviendra une superbe plante de jardin ! Prot\u00e9gez-les bien par le gel un peu&#8230; Une plante magnifique pour les climats chauds et tropicaux.<\/p>\n<p>&nbsp;<\/p>\n<ul>\n<li><strong>Emplacement de la plante : plein soleil \/ mi-ombre<\/strong><\/li>\n<li><strong>Arrosage : pas beaucoup<\/strong><\/li>\n<li><strong>R\u00e9sistant au froid : -10 degr\u00e9s<\/strong><\/li>\n<li><strong>Pays d&rsquo;origine : Pays d&rsquo;origine : Pays-Bas<\/strong><\/li>\n<\/ul>\n","protected":false},"excerpt":{"rendered":"<p><strong><span style=\"font-size: 170%;\">Yucca linearifolia x Yucca thompsoniana &#8211;\u00a0<\/span><\/strong><span style=\"font-size: x-large;\"><b>hybrid yucca<\/b><\/span><\/p>\n","protected":false},"featured_media":11933,"comment_status":"open","ping_status":"closed","template":"","meta":[],"product_brand":[],"product_cat":[538],"product_tag":[1200],"class_list":{"0":"post-8637","1":"product","2":"type-product","3":"status-publish","4":"has-post-thumbnail","6":"product_cat-yuccas","7":"product_tag-thompsoniana-fr","8":"product_shipping_class-colis-normal-1-10kg","10":"first","11":"outofstock","12":"taxable","13":"shipping-taxable","14":"purchasable","15":"product-type-simple"},"yoast_head":"<!-- This site is optimized with the Yoast SEO plugin v27.5 - https:\/\/yoast.com\/product\/yoast-seo-wordpress\/ -->\n<title>Yucca (linearifoliaxflaccida) x Yucca thompsoniana - Gilian Plants<\/title>\n<meta name=\"robots\" content=\"index, follow, max-snippet:-1, max-image-preview:large, max-video-preview:-1\" \/>\n<link rel=\"canonical\" href=\"https:\/\/www.gilianplants.com\/fr\/produit\/yucca-linearifolia-x-yucca-thompsoniana\/\" \/>\n<meta property=\"og:locale\" content=\"fr_FR\" \/>\n<meta property=\"og:type\" content=\"article\" \/>\n<meta property=\"og:title\" content=\"Yucca (linearifoliaxflaccida) x Yucca thompsoniana - Gilian Plants\" \/>\n<meta property=\"og:description\" content=\"Yucca linearifolia x Yucca thompsoniana -\u00a0hybrid yucca\" \/>\n<meta property=\"og:url\" content=\"https:\/\/www.gilianplants.com\/fr\/produit\/yucca-linearifolia-x-yucca-thompsoniana\/\" \/>\n<meta property=\"og:site_name\" content=\"Gilian Plants\" \/>\n<meta property=\"article:modified_time\" content=\"2022-10-29T17:32:35+00:00\" \/>\n<meta property=\"og:image\" content=\"https:\/\/www.gilianplants.com\/wp-content\/uploads\/2022\/10\/ce5b1445-279a-4939-8eb6-5149dc054fc9.png\" \/>\n\t<meta property=\"og:image:width\" content=\"1800\" \/>\n\t<meta property=\"og:image:height\" content=\"1200\" \/>\n\t<meta property=\"og:image:type\" content=\"image\/png\" \/>\n<meta name=\"twitter:card\" content=\"summary_large_image\" \/>\n<meta name=\"twitter:label1\" content=\"Dur\u00e9e de lecture estim\u00e9e\" \/>\n\t<meta name=\"twitter:data1\" content=\"1 minute\" \/>\n<script type=\"application\/ld+json\" class=\"yoast-schema-graph\">{\"@context\":\"https:\\\/\\\/schema.org\",\"@graph\":[{\"@type\":\"WebPage\",\"@id\":\"https:\\\/\\\/www.gilianplants.com\\\/fr\\\/produit\\\/yucca-linearifolia-x-yucca-thompsoniana\\\/\",\"url\":\"https:\\\/\\\/www.gilianplants.com\\\/fr\\\/produit\\\/yucca-linearifolia-x-yucca-thompsoniana\\\/\",\"name\":\"Yucca (linearifoliaxflaccida) x Yucca thompsoniana - Gilian Plants\",\"isPartOf\":{\"@id\":\"https:\\\/\\\/www.gilianplants.com\\\/fr\\\/#website\"},\"primaryImageOfPage\":{\"@id\":\"https:\\\/\\\/www.gilianplants.com\\\/fr\\\/produit\\\/yucca-linearifolia-x-yucca-thompsoniana\\\/#primaryimage\"},\"image\":{\"@id\":\"https:\\\/\\\/www.gilianplants.com\\\/fr\\\/produit\\\/yucca-linearifolia-x-yucca-thompsoniana\\\/#primaryimage\"},\"thumbnailUrl\":\"https:\\\/\\\/www.gilianplants.com\\\/wp-content\\\/uploads\\\/2022\\\/10\\\/ce5b1445-279a-4939-8eb6-5149dc054fc9.png\",\"datePublished\":\"2022-03-11T18:54:37+00:00\",\"dateModified\":\"2022-10-29T17:32:35+00:00\",\"breadcrumb\":{\"@id\":\"https:\\\/\\\/www.gilianplants.com\\\/fr\\\/produit\\\/yucca-linearifolia-x-yucca-thompsoniana\\\/#breadcrumb\"},\"inLanguage\":\"fr-FR\",\"potentialAction\":[{\"@type\":\"ReadAction\",\"target\":[\"https:\\\/\\\/www.gilianplants.com\\\/fr\\\/produit\\\/yucca-linearifolia-x-yucca-thompsoniana\\\/\"]}]},{\"@type\":\"ImageObject\",\"inLanguage\":\"fr-FR\",\"@id\":\"https:\\\/\\\/www.gilianplants.com\\\/fr\\\/produit\\\/yucca-linearifolia-x-yucca-thompsoniana\\\/#primaryimage\",\"url\":\"https:\\\/\\\/www.gilianplants.com\\\/wp-content\\\/uploads\\\/2022\\\/10\\\/ce5b1445-279a-4939-8eb6-5149dc054fc9.png\",\"contentUrl\":\"https:\\\/\\\/www.gilianplants.com\\\/wp-content\\\/uploads\\\/2022\\\/10\\\/ce5b1445-279a-4939-8eb6-5149dc054fc9.png\",\"width\":1800,\"height\":1200},{\"@type\":\"BreadcrumbList\",\"@id\":\"https:\\\/\\\/www.gilianplants.com\\\/fr\\\/produit\\\/yucca-linearifolia-x-yucca-thompsoniana\\\/#breadcrumb\",\"itemListElement\":[{\"@type\":\"ListItem\",\"position\":1,\"name\":\"Home\",\"item\":\"https:\\\/\\\/www.gilianplants.com\\\/fr\\\/\"},{\"@type\":\"ListItem\",\"position\":2,\"name\":\"Shop\",\"item\":\"https:\\\/\\\/www.gilianplants.com\\\/shop\\\/\"},{\"@type\":\"ListItem\",\"position\":3,\"name\":\"Yucca (linearifoliaxflaccida) x Yucca thompsoniana\"}]},{\"@type\":\"WebSite\",\"@id\":\"https:\\\/\\\/www.gilianplants.com\\\/fr\\\/#website\",\"url\":\"https:\\\/\\\/www.gilianplants.com\\\/fr\\\/\",\"name\":\"Gilian Plants\",\"description\":\"Specialist in germination of rare exotic plants\",\"potentialAction\":[{\"@type\":\"SearchAction\",\"target\":{\"@type\":\"EntryPoint\",\"urlTemplate\":\"https:\\\/\\\/www.gilianplants.com\\\/fr\\\/?s={search_term_string}\"},\"query-input\":{\"@type\":\"PropertyValueSpecification\",\"valueRequired\":true,\"valueName\":\"search_term_string\"}}],\"inLanguage\":\"fr-FR\"}]}<\/script>\n<!-- \/ Yoast SEO plugin. -->","yoast_head_json":{"title":"Yucca (linearifoliaxflaccida) x Yucca thompsoniana - Gilian Plants","robots":{"index":"index","follow":"follow","max-snippet":"max-snippet:-1","max-image-preview":"max-image-preview:large","max-video-preview":"max-video-preview:-1"},"canonical":"https:\/\/www.gilianplants.com\/fr\/produit\/yucca-linearifolia-x-yucca-thompsoniana\/","og_locale":"fr_FR","og_type":"article","og_title":"Yucca (linearifoliaxflaccida) x Yucca thompsoniana - Gilian Plants","og_description":"Yucca linearifolia x Yucca thompsoniana -\u00a0hybrid yucca","og_url":"https:\/\/www.gilianplants.com\/fr\/produit\/yucca-linearifolia-x-yucca-thompsoniana\/","og_site_name":"Gilian Plants","article_modified_time":"2022-10-29T17:32:35+00:00","og_image":[{"width":1800,"height":1200,"url":"https:\/\/www.gilianplants.com\/wp-content\/uploads\/2022\/10\/ce5b1445-279a-4939-8eb6-5149dc054fc9.png","type":"image\/png"}],"twitter_card":"summary_large_image","twitter_misc":{"Dur\u00e9e de lecture estim\u00e9e":"1 minute"},"schema":{"@context":"https:\/\/schema.org","@graph":[{"@type":"WebPage","@id":"https:\/\/www.gilianplants.com\/fr\/produit\/yucca-linearifolia-x-yucca-thompsoniana\/","url":"https:\/\/www.gilianplants.com\/fr\/produit\/yucca-linearifolia-x-yucca-thompsoniana\/","name":"Yucca (linearifoliaxflaccida) x Yucca thompsoniana - Gilian Plants","isPartOf":{"@id":"https:\/\/www.gilianplants.com\/fr\/#website"},"primaryImageOfPage":{"@id":"https:\/\/www.gilianplants.com\/fr\/produit\/yucca-linearifolia-x-yucca-thompsoniana\/#primaryimage"},"image":{"@id":"https:\/\/www.gilianplants.com\/fr\/produit\/yucca-linearifolia-x-yucca-thompsoniana\/#primaryimage"},"thumbnailUrl":"https:\/\/www.gilianplants.com\/wp-content\/uploads\/2022\/10\/ce5b1445-279a-4939-8eb6-5149dc054fc9.png","datePublished":"2022-03-11T18:54:37+00:00","dateModified":"2022-10-29T17:32:35+00:00","breadcrumb":{"@id":"https:\/\/www.gilianplants.com\/fr\/produit\/yucca-linearifolia-x-yucca-thompsoniana\/#breadcrumb"},"inLanguage":"fr-FR","potentialAction":[{"@type":"ReadAction","target":["https:\/\/www.gilianplants.com\/fr\/produit\/yucca-linearifolia-x-yucca-thompsoniana\/"]}]},{"@type":"ImageObject","inLanguage":"fr-FR","@id":"https:\/\/www.gilianplants.com\/fr\/produit\/yucca-linearifolia-x-yucca-thompsoniana\/#primaryimage","url":"https:\/\/www.gilianplants.com\/wp-content\/uploads\/2022\/10\/ce5b1445-279a-4939-8eb6-5149dc054fc9.png","contentUrl":"https:\/\/www.gilianplants.com\/wp-content\/uploads\/2022\/10\/ce5b1445-279a-4939-8eb6-5149dc054fc9.png","width":1800,"height":1200},{"@type":"BreadcrumbList","@id":"https:\/\/www.gilianplants.com\/fr\/produit\/yucca-linearifolia-x-yucca-thompsoniana\/#breadcrumb","itemListElement":[{"@type":"ListItem","position":1,"name":"Home","item":"https:\/\/www.gilianplants.com\/fr\/"},{"@type":"ListItem","position":2,"name":"Shop","item":"https:\/\/www.gilianplants.com\/shop\/"},{"@type":"ListItem","position":3,"name":"Yucca (linearifoliaxflaccida) x Yucca thompsoniana"}]},{"@type":"WebSite","@id":"https:\/\/www.gilianplants.com\/fr\/#website","url":"https:\/\/www.gilianplants.com\/fr\/","name":"Gilian Plants","description":"Specialist in germination of rare exotic plants","potentialAction":[{"@type":"SearchAction","target":{"@type":"EntryPoint","urlTemplate":"https:\/\/www.gilianplants.com\/fr\/?s={search_term_string}"},"query-input":{"@type":"PropertyValueSpecification","valueRequired":true,"valueName":"search_term_string"}}],"inLanguage":"fr-FR"}]}},"jetpack_sharing_enabled":true,"_links":{"self":[{"href":"https:\/\/www.gilianplants.com\/fr\/wp-json\/wp\/v2\/product\/8637","targetHints":{"allow":["GET"]}}],"collection":[{"href":"https:\/\/www.gilianplants.com\/fr\/wp-json\/wp\/v2\/product"}],"about":[{"href":"https:\/\/www.gilianplants.com\/fr\/wp-json\/wp\/v2\/types\/product"}],"replies":[{"embeddable":true,"href":"https:\/\/www.gilianplants.com\/fr\/wp-json\/wp\/v2\/comments?post=8637"}],"wp:featuredmedia":[{"embeddable":true,"href":"https:\/\/www.gilianplants.com\/fr\/wp-json\/wp\/v2\/media\/11933"}],"wp:attachment":[{"href":"https:\/\/www.gilianplants.com\/fr\/wp-json\/wp\/v2\/media?parent=8637"}],"wp:term":[{"taxonomy":"product_brand","embeddable":true,"href":"https:\/\/www.gilianplants.com\/fr\/wp-json\/wp\/v2\/product_brand?post=8637"},{"taxonomy":"product_cat","embeddable":true,"href":"https:\/\/www.gilianplants.com\/fr\/wp-json\/wp\/v2\/product_cat?post=8637"},{"taxonomy":"product_tag","embeddable":true,"href":"https:\/\/www.gilianplants.com\/fr\/wp-json\/wp\/v2\/product_tag?post=8637"}],"curies":[{"name":"wp","href":"https:\/\/api.w.org\/{rel}","templated":true}]}}