{"id":9054,"date":"2022-04-19T21:30:09","date_gmt":"2022-04-19T20:30:09","guid":{"rendered":"https:\/\/www.gilianplants.com\/product\/syagrus-loefgrenii\/"},"modified":"2024-02-25T12:35:15","modified_gmt":"2024-02-25T11:35:15","slug":"syagrus-loefgrenii","status":"publish","type":"product","link":"https:\/\/www.gilianplants.com\/fr\/produit\/syagrus-loefgrenii\/","title":{"rendered":"Syagrus loefgrenii"},"content":{"rendered":"<h2 id=\"firstHeading\" class=\"firstHeading\"><em><strong>Syagrus loefgrenii \u2013<\/strong>Syagrus nains ornementaux<\/em><\/h2>\n<p>Ce Syagrus loefgrenii peut atteindre une hauteur maximale de 2 ou 3 m\u00e8tres. Un Syagrus nain en grappe. Ce palmier nain produit des tiges de fleurs compactes avec des graines. Les plantes matures poussent en grappes dans l&rsquo;habitat. Ce spieces est aussi rampant avec de grandes tiges. Les feuilles sont d&rsquo;une couleur vert fonc\u00e9 magnifique. Ce palmier rare n&rsquo;est pas tr\u00e8s r\u00e9sistant au froid. C&rsquo;est une plante parfaite en Europe. En Europe, ce palmier est jusqu&rsquo;\u00e0 pr\u00e9sent tr\u00e8s rare et difficile \u00e0 trouver.<\/p>\n<p>&nbsp;<\/p>\n<p>Nous sommes experts dans la germination des graines rares de Butia et Syagrus. Gilian Plants a sa propre importation du Br\u00e9sil avec ses propres collectionneurs dans l&rsquo;habitat l\u00e0-bas. Ainsi Gilian Plants vous fournit la vraie affaire. Chaque ann\u00e9e, Gilian Plants a de nouvelles spieces dans certaines quantit\u00e9s de gros en vrac.<\/p>\n<p>Pr\u00e9-vente !<\/p>\n<p>Livraison fin mai 2022.<\/p>\n<p>&#8211; Le prix est pour un plant.<\/p>\n<ul>\n<li><strong>Emplacement de la plante : plein soleil<\/strong><\/li>\n<li><strong>Soin des plantes : facile<\/strong><\/li>\n<li><strong>Arrosage : garder les jeunes plantes plus s\u00e8ches.<\/strong><\/li>\n<li><strong>R\u00e9sistant au froid : -5<\/strong><\/li>\n<li><strong>Pays d&rsquo;origine : Brasil<\/strong><\/li>\n<\/ul>\n<p>&nbsp;<\/p>\n","protected":false},"excerpt":{"rendered":"<h2 id=\"firstHeading\" class=\"firstHeading\"><em><strong>Syagrus loefgrenii \u2013<\/strong>Syagrus nains ornementaux<\/em><\/h2>\n","protected":false},"featured_media":9050,"comment_status":"open","ping_status":"closed","template":"","meta":[],"product_brand":[],"product_cat":[530],"product_tag":[881,1256,575],"class_list":{"0":"post-9054","1":"product","2":"type-product","3":"status-publish","4":"has-post-thumbnail","6":"product_cat-palms","7":"product_tag-dwarf-fr","8":"product_tag-loefgrenii-fr","9":"product_tag-syagrus-fr","10":"product_shipping_class-colis-normal-1-10kg","12":"first","13":"instock","14":"taxable","15":"shipping-taxable","16":"purchasable","17":"product-type-simple"},"yoast_head":"<!-- This site is optimized with the Yoast SEO plugin v27.5 - https:\/\/yoast.com\/product\/yoast-seo-wordpress\/ -->\n<title>Syagrus loefgrenii - Gilian Plants<\/title>\n<meta name=\"robots\" content=\"index, follow, max-snippet:-1, max-image-preview:large, max-video-preview:-1\" \/>\n<link rel=\"canonical\" href=\"https:\/\/www.gilianplants.com\/fr\/produit\/syagrus-loefgrenii\/\" \/>\n<meta property=\"og:locale\" content=\"fr_FR\" \/>\n<meta property=\"og:type\" content=\"article\" \/>\n<meta property=\"og:title\" content=\"Syagrus loefgrenii - Gilian Plants\" \/>\n<meta property=\"og:description\" content=\"Syagrus loefgrenii \u2013Syagrus nains ornementaux\" \/>\n<meta property=\"og:url\" content=\"https:\/\/www.gilianplants.com\/fr\/produit\/syagrus-loefgrenii\/\" \/>\n<meta property=\"og:site_name\" content=\"Gilian Plants\" \/>\n<meta property=\"article:modified_time\" content=\"2024-02-25T11:35:15+00:00\" \/>\n<meta property=\"og:image\" content=\"https:\/\/www.gilianplants.com\/wp-content\/uploads\/2022\/04\/img_3765-scaled.jpeg\" \/>\n\t<meta property=\"og:image:width\" content=\"1920\" \/>\n\t<meta property=\"og:image:height\" content=\"2560\" \/>\n\t<meta property=\"og:image:type\" content=\"image\/jpeg\" \/>\n<meta name=\"twitter:card\" content=\"summary_large_image\" \/>\n<meta name=\"twitter:label1\" content=\"Dur\u00e9e de lecture estim\u00e9e\" \/>\n\t<meta name=\"twitter:data1\" content=\"1 minute\" \/>\n<script type=\"application\/ld+json\" class=\"yoast-schema-graph\">{\"@context\":\"https:\\\/\\\/schema.org\",\"@graph\":[{\"@type\":\"WebPage\",\"@id\":\"https:\\\/\\\/www.gilianplants.com\\\/fr\\\/produit\\\/syagrus-loefgrenii\\\/\",\"url\":\"https:\\\/\\\/www.gilianplants.com\\\/fr\\\/produit\\\/syagrus-loefgrenii\\\/\",\"name\":\"Syagrus loefgrenii - Gilian Plants\",\"isPartOf\":{\"@id\":\"https:\\\/\\\/www.gilianplants.com\\\/fr\\\/#website\"},\"primaryImageOfPage\":{\"@id\":\"https:\\\/\\\/www.gilianplants.com\\\/fr\\\/produit\\\/syagrus-loefgrenii\\\/#primaryimage\"},\"image\":{\"@id\":\"https:\\\/\\\/www.gilianplants.com\\\/fr\\\/produit\\\/syagrus-loefgrenii\\\/#primaryimage\"},\"thumbnailUrl\":\"https:\\\/\\\/www.gilianplants.com\\\/wp-content\\\/uploads\\\/2022\\\/04\\\/img_3765-scaled.jpeg\",\"datePublished\":\"2022-04-19T20:30:09+00:00\",\"dateModified\":\"2024-02-25T11:35:15+00:00\",\"breadcrumb\":{\"@id\":\"https:\\\/\\\/www.gilianplants.com\\\/fr\\\/produit\\\/syagrus-loefgrenii\\\/#breadcrumb\"},\"inLanguage\":\"fr-FR\",\"potentialAction\":[{\"@type\":\"ReadAction\",\"target\":[\"https:\\\/\\\/www.gilianplants.com\\\/fr\\\/produit\\\/syagrus-loefgrenii\\\/\"]}]},{\"@type\":\"ImageObject\",\"inLanguage\":\"fr-FR\",\"@id\":\"https:\\\/\\\/www.gilianplants.com\\\/fr\\\/produit\\\/syagrus-loefgrenii\\\/#primaryimage\",\"url\":\"https:\\\/\\\/www.gilianplants.com\\\/wp-content\\\/uploads\\\/2022\\\/04\\\/img_3765-scaled.jpeg\",\"contentUrl\":\"https:\\\/\\\/www.gilianplants.com\\\/wp-content\\\/uploads\\\/2022\\\/04\\\/img_3765-scaled.jpeg\",\"width\":1920,\"height\":2560},{\"@type\":\"BreadcrumbList\",\"@id\":\"https:\\\/\\\/www.gilianplants.com\\\/fr\\\/produit\\\/syagrus-loefgrenii\\\/#breadcrumb\",\"itemListElement\":[{\"@type\":\"ListItem\",\"position\":1,\"name\":\"Home\",\"item\":\"https:\\\/\\\/www.gilianplants.com\\\/fr\\\/\"},{\"@type\":\"ListItem\",\"position\":2,\"name\":\"Shop\",\"item\":\"https:\\\/\\\/www.gilianplants.com\\\/shop\\\/\"},{\"@type\":\"ListItem\",\"position\":3,\"name\":\"Syagrus loefgrenii\"}]},{\"@type\":\"WebSite\",\"@id\":\"https:\\\/\\\/www.gilianplants.com\\\/fr\\\/#website\",\"url\":\"https:\\\/\\\/www.gilianplants.com\\\/fr\\\/\",\"name\":\"Gilian Plants\",\"description\":\"Specialist in germination of rare exotic plants\",\"potentialAction\":[{\"@type\":\"SearchAction\",\"target\":{\"@type\":\"EntryPoint\",\"urlTemplate\":\"https:\\\/\\\/www.gilianplants.com\\\/fr\\\/?s={search_term_string}\"},\"query-input\":{\"@type\":\"PropertyValueSpecification\",\"valueRequired\":true,\"valueName\":\"search_term_string\"}}],\"inLanguage\":\"fr-FR\"}]}<\/script>\n<!-- \/ Yoast SEO plugin. -->","yoast_head_json":{"title":"Syagrus loefgrenii - Gilian Plants","robots":{"index":"index","follow":"follow","max-snippet":"max-snippet:-1","max-image-preview":"max-image-preview:large","max-video-preview":"max-video-preview:-1"},"canonical":"https:\/\/www.gilianplants.com\/fr\/produit\/syagrus-loefgrenii\/","og_locale":"fr_FR","og_type":"article","og_title":"Syagrus loefgrenii - Gilian Plants","og_description":"Syagrus loefgrenii \u2013Syagrus nains ornementaux","og_url":"https:\/\/www.gilianplants.com\/fr\/produit\/syagrus-loefgrenii\/","og_site_name":"Gilian Plants","article_modified_time":"2024-02-25T11:35:15+00:00","og_image":[{"width":1920,"height":2560,"url":"https:\/\/www.gilianplants.com\/wp-content\/uploads\/2022\/04\/img_3765-scaled.jpeg","type":"image\/jpeg"}],"twitter_card":"summary_large_image","twitter_misc":{"Dur\u00e9e de lecture estim\u00e9e":"1 minute"},"schema":{"@context":"https:\/\/schema.org","@graph":[{"@type":"WebPage","@id":"https:\/\/www.gilianplants.com\/fr\/produit\/syagrus-loefgrenii\/","url":"https:\/\/www.gilianplants.com\/fr\/produit\/syagrus-loefgrenii\/","name":"Syagrus loefgrenii - Gilian Plants","isPartOf":{"@id":"https:\/\/www.gilianplants.com\/fr\/#website"},"primaryImageOfPage":{"@id":"https:\/\/www.gilianplants.com\/fr\/produit\/syagrus-loefgrenii\/#primaryimage"},"image":{"@id":"https:\/\/www.gilianplants.com\/fr\/produit\/syagrus-loefgrenii\/#primaryimage"},"thumbnailUrl":"https:\/\/www.gilianplants.com\/wp-content\/uploads\/2022\/04\/img_3765-scaled.jpeg","datePublished":"2022-04-19T20:30:09+00:00","dateModified":"2024-02-25T11:35:15+00:00","breadcrumb":{"@id":"https:\/\/www.gilianplants.com\/fr\/produit\/syagrus-loefgrenii\/#breadcrumb"},"inLanguage":"fr-FR","potentialAction":[{"@type":"ReadAction","target":["https:\/\/www.gilianplants.com\/fr\/produit\/syagrus-loefgrenii\/"]}]},{"@type":"ImageObject","inLanguage":"fr-FR","@id":"https:\/\/www.gilianplants.com\/fr\/produit\/syagrus-loefgrenii\/#primaryimage","url":"https:\/\/www.gilianplants.com\/wp-content\/uploads\/2022\/04\/img_3765-scaled.jpeg","contentUrl":"https:\/\/www.gilianplants.com\/wp-content\/uploads\/2022\/04\/img_3765-scaled.jpeg","width":1920,"height":2560},{"@type":"BreadcrumbList","@id":"https:\/\/www.gilianplants.com\/fr\/produit\/syagrus-loefgrenii\/#breadcrumb","itemListElement":[{"@type":"ListItem","position":1,"name":"Home","item":"https:\/\/www.gilianplants.com\/fr\/"},{"@type":"ListItem","position":2,"name":"Shop","item":"https:\/\/www.gilianplants.com\/shop\/"},{"@type":"ListItem","position":3,"name":"Syagrus loefgrenii"}]},{"@type":"WebSite","@id":"https:\/\/www.gilianplants.com\/fr\/#website","url":"https:\/\/www.gilianplants.com\/fr\/","name":"Gilian Plants","description":"Specialist in germination of rare exotic plants","potentialAction":[{"@type":"SearchAction","target":{"@type":"EntryPoint","urlTemplate":"https:\/\/www.gilianplants.com\/fr\/?s={search_term_string}"},"query-input":{"@type":"PropertyValueSpecification","valueRequired":true,"valueName":"search_term_string"}}],"inLanguage":"fr-FR"}]}},"jetpack_sharing_enabled":true,"_links":{"self":[{"href":"https:\/\/www.gilianplants.com\/fr\/wp-json\/wp\/v2\/product\/9054","targetHints":{"allow":["GET"]}}],"collection":[{"href":"https:\/\/www.gilianplants.com\/fr\/wp-json\/wp\/v2\/product"}],"about":[{"href":"https:\/\/www.gilianplants.com\/fr\/wp-json\/wp\/v2\/types\/product"}],"replies":[{"embeddable":true,"href":"https:\/\/www.gilianplants.com\/fr\/wp-json\/wp\/v2\/comments?post=9054"}],"wp:featuredmedia":[{"embeddable":true,"href":"https:\/\/www.gilianplants.com\/fr\/wp-json\/wp\/v2\/media\/9050"}],"wp:attachment":[{"href":"https:\/\/www.gilianplants.com\/fr\/wp-json\/wp\/v2\/media?parent=9054"}],"wp:term":[{"taxonomy":"product_brand","embeddable":true,"href":"https:\/\/www.gilianplants.com\/fr\/wp-json\/wp\/v2\/product_brand?post=9054"},{"taxonomy":"product_cat","embeddable":true,"href":"https:\/\/www.gilianplants.com\/fr\/wp-json\/wp\/v2\/product_cat?post=9054"},{"taxonomy":"product_tag","embeddable":true,"href":"https:\/\/www.gilianplants.com\/fr\/wp-json\/wp\/v2\/product_tag?post=9054"}],"curies":[{"name":"wp","href":"https:\/\/api.w.org\/{rel}","templated":true}]}}