{"id":9071,"date":"2022-04-19T23:48:58","date_gmt":"2022-04-19T22:48:58","guid":{"rendered":"https:\/\/www.gilianplants.com\/product\/butia-sp-blue-new-undescribed-spieces\/"},"modified":"2023-09-01T11:07:42","modified_gmt":"2023-09-01T09:07:42","slug":"butia-sp-blue-new-undescribed-spieces","status":"publish","type":"product","link":"https:\/\/www.gilianplants.com\/fr\/produit\/butia-sp-blue-new-undescribed-spieces\/","title":{"rendered":"Butia sp blue"},"content":{"rendered":"<div class=\"product-short-description\" style=\"font-family: Lato, sans-serif; font-size: 16px; font-style: normal; font-weight: 300; letter-spacing: normal; text-align: start; text-indent: 0px; text-transform: none; text-decoration: none;\">\n<h1><strong>Butia sp blue &#8211; butia nain non d\u00e9crit<\/strong><\/h1>\n<p>Ce Butia sp blue est neuf et a une couleur tr\u00e8s bleu\u00e2tre ! Ce spieces est 100% nouveau et non d\u00e9crit. Ces graines sont \u00e9normes et sur 500 graines seulement 7 germent. Faire germer est encore plus un d\u00e9fi ! Gilian Plants peut dire avec fiert\u00e9 qu&rsquo;il a quelques nouveaux semis de palmier buta bleu nain pour la culture en Europe ! Comme c&rsquo;est cool ! Ce spieces a besoin d&rsquo;un endroit chaud. En Europe est la meilleure fa\u00e7on de les garder dans un r\u00e9cipient dans les climats tropicaux. Le palmier peut atteindre jusqu&rsquo;\u00e0 2 m\u00e8tres de hauteur. Les graines sont ovales et longues. Un Butia nain inconnu en culture.<\/p>\n<p>Nous sommes experts dans la germination des graines rares de Butia et Syagrus. Gilian Plants a sa propre importation du Br\u00e9sil avec ses propres collectionneurs dans l&rsquo;habitat l\u00e0-bas. Ainsi Gilian Plants vous fournit la vraie affaire. Chaque ann\u00e9e Gilian Plants a de nouveaux spieces dans certaines quantit\u00e9s de gros en vrac.<\/p>\n<p>&#8211; Le prix est pour un plant.<\/p>\n<ul>\n<li><strong>Emplacement de la plante : plein soleil<\/strong><\/li>\n<li><strong>Soins des plantes : difficile<\/strong><\/li>\n<li><strong>Arrosage : garder les jeunes plants plus secs.<\/strong><\/li>\n<li><strong>R\u00e9sistant au froid : non gardez-les pas plus bas que 5 degr\u00e9s.<\/strong><\/li>\n<li><strong>Pays d&rsquo;origine : Brasil<\/strong><\/li>\n<\/ul>\n<\/div>\n","protected":false},"excerpt":{"rendered":"<h1><strong>Butia sp blue &#8211; butia nain non d\u00e9crit<\/strong><\/h1>\n","protected":false},"featured_media":15055,"comment_status":"open","ping_status":"closed","template":"","meta":[],"product_brand":[],"product_cat":[530],"product_tag":[881,1263,1264],"class_list":{"0":"post-9071","1":"product","2":"type-product","3":"status-publish","4":"has-post-thumbnail","6":"product_cat-palms","7":"product_tag-dwarf-fr","8":"product_tag-sp-fr","9":"product_tag-undescribed-fr","11":"first","12":"instock","13":"taxable","14":"shipping-taxable","15":"purchasable","16":"product-type-simple"},"yoast_head":"<!-- This site is optimized with the Yoast SEO plugin v27.5 - https:\/\/yoast.com\/product\/yoast-seo-wordpress\/ -->\n<title>Butia sp blue - Gilian Plants<\/title>\n<meta name=\"robots\" content=\"index, follow, max-snippet:-1, max-image-preview:large, max-video-preview:-1\" \/>\n<link rel=\"canonical\" href=\"https:\/\/www.gilianplants.com\/fr\/produit\/butia-sp-blue-new-undescribed-spieces\/\" \/>\n<meta property=\"og:locale\" content=\"fr_FR\" \/>\n<meta property=\"og:type\" content=\"article\" \/>\n<meta property=\"og:title\" content=\"Butia sp blue - Gilian Plants\" \/>\n<meta property=\"og:description\" content=\"Butia sp blue - butia nain non d\u00e9crit\" \/>\n<meta property=\"og:url\" content=\"https:\/\/www.gilianplants.com\/fr\/produit\/butia-sp-blue-new-undescribed-spieces\/\" \/>\n<meta property=\"og:site_name\" content=\"Gilian Plants\" \/>\n<meta property=\"article:modified_time\" content=\"2023-09-01T09:07:42+00:00\" \/>\n<meta property=\"og:image\" content=\"https:\/\/www.gilianplants.com\/wp-content\/uploads\/2022\/07\/39390498-3b47-42b1-9414-337cb9c4cbe4.png\" \/>\n\t<meta property=\"og:image:width\" content=\"1800\" \/>\n\t<meta property=\"og:image:height\" content=\"1200\" \/>\n\t<meta property=\"og:image:type\" content=\"image\/png\" \/>\n<meta name=\"twitter:card\" content=\"summary_large_image\" \/>\n<meta name=\"twitter:label1\" content=\"Dur\u00e9e de lecture estim\u00e9e\" \/>\n\t<meta name=\"twitter:data1\" content=\"1 minute\" \/>\n<script type=\"application\/ld+json\" class=\"yoast-schema-graph\">{\"@context\":\"https:\\\/\\\/schema.org\",\"@graph\":[{\"@type\":\"WebPage\",\"@id\":\"https:\\\/\\\/www.gilianplants.com\\\/fr\\\/produit\\\/butia-sp-blue-new-undescribed-spieces\\\/\",\"url\":\"https:\\\/\\\/www.gilianplants.com\\\/fr\\\/produit\\\/butia-sp-blue-new-undescribed-spieces\\\/\",\"name\":\"Butia sp blue - Gilian Plants\",\"isPartOf\":{\"@id\":\"https:\\\/\\\/www.gilianplants.com\\\/fr\\\/#website\"},\"primaryImageOfPage\":{\"@id\":\"https:\\\/\\\/www.gilianplants.com\\\/fr\\\/produit\\\/butia-sp-blue-new-undescribed-spieces\\\/#primaryimage\"},\"image\":{\"@id\":\"https:\\\/\\\/www.gilianplants.com\\\/fr\\\/produit\\\/butia-sp-blue-new-undescribed-spieces\\\/#primaryimage\"},\"thumbnailUrl\":\"https:\\\/\\\/www.gilianplants.com\\\/wp-content\\\/uploads\\\/2023\\\/09\\\/4d227350-6b63-4cb4-92a6-813215e66789.png\",\"datePublished\":\"2022-04-19T22:48:58+00:00\",\"dateModified\":\"2023-09-01T09:07:42+00:00\",\"breadcrumb\":{\"@id\":\"https:\\\/\\\/www.gilianplants.com\\\/fr\\\/produit\\\/butia-sp-blue-new-undescribed-spieces\\\/#breadcrumb\"},\"inLanguage\":\"fr-FR\",\"potentialAction\":[{\"@type\":\"ReadAction\",\"target\":[\"https:\\\/\\\/www.gilianplants.com\\\/fr\\\/produit\\\/butia-sp-blue-new-undescribed-spieces\\\/\"]}]},{\"@type\":\"ImageObject\",\"inLanguage\":\"fr-FR\",\"@id\":\"https:\\\/\\\/www.gilianplants.com\\\/fr\\\/produit\\\/butia-sp-blue-new-undescribed-spieces\\\/#primaryimage\",\"url\":\"https:\\\/\\\/www.gilianplants.com\\\/wp-content\\\/uploads\\\/2023\\\/09\\\/4d227350-6b63-4cb4-92a6-813215e66789.png\",\"contentUrl\":\"https:\\\/\\\/www.gilianplants.com\\\/wp-content\\\/uploads\\\/2023\\\/09\\\/4d227350-6b63-4cb4-92a6-813215e66789.png\",\"width\":1000,\"height\":1000},{\"@type\":\"BreadcrumbList\",\"@id\":\"https:\\\/\\\/www.gilianplants.com\\\/fr\\\/produit\\\/butia-sp-blue-new-undescribed-spieces\\\/#breadcrumb\",\"itemListElement\":[{\"@type\":\"ListItem\",\"position\":1,\"name\":\"Home\",\"item\":\"https:\\\/\\\/www.gilianplants.com\\\/fr\\\/\"},{\"@type\":\"ListItem\",\"position\":2,\"name\":\"Shop\",\"item\":\"https:\\\/\\\/www.gilianplants.com\\\/shop\\\/\"},{\"@type\":\"ListItem\",\"position\":3,\"name\":\"Butia sp blue\"}]},{\"@type\":\"WebSite\",\"@id\":\"https:\\\/\\\/www.gilianplants.com\\\/fr\\\/#website\",\"url\":\"https:\\\/\\\/www.gilianplants.com\\\/fr\\\/\",\"name\":\"Gilian Plants\",\"description\":\"Specialist in germination of rare exotic plants\",\"potentialAction\":[{\"@type\":\"SearchAction\",\"target\":{\"@type\":\"EntryPoint\",\"urlTemplate\":\"https:\\\/\\\/www.gilianplants.com\\\/fr\\\/?s={search_term_string}\"},\"query-input\":{\"@type\":\"PropertyValueSpecification\",\"valueRequired\":true,\"valueName\":\"search_term_string\"}}],\"inLanguage\":\"fr-FR\"}]}<\/script>\n<!-- \/ Yoast SEO plugin. -->","yoast_head_json":{"title":"Butia sp blue - Gilian Plants","robots":{"index":"index","follow":"follow","max-snippet":"max-snippet:-1","max-image-preview":"max-image-preview:large","max-video-preview":"max-video-preview:-1"},"canonical":"https:\/\/www.gilianplants.com\/fr\/produit\/butia-sp-blue-new-undescribed-spieces\/","og_locale":"fr_FR","og_type":"article","og_title":"Butia sp blue - Gilian Plants","og_description":"Butia sp blue - butia nain non d\u00e9crit","og_url":"https:\/\/www.gilianplants.com\/fr\/produit\/butia-sp-blue-new-undescribed-spieces\/","og_site_name":"Gilian Plants","article_modified_time":"2023-09-01T09:07:42+00:00","og_image":[{"width":1800,"height":1200,"url":"https:\/\/www.gilianplants.com\/wp-content\/uploads\/2022\/07\/39390498-3b47-42b1-9414-337cb9c4cbe4.png","type":"image\/png"}],"twitter_card":"summary_large_image","twitter_misc":{"Dur\u00e9e de lecture estim\u00e9e":"1 minute"},"schema":{"@context":"https:\/\/schema.org","@graph":[{"@type":"WebPage","@id":"https:\/\/www.gilianplants.com\/fr\/produit\/butia-sp-blue-new-undescribed-spieces\/","url":"https:\/\/www.gilianplants.com\/fr\/produit\/butia-sp-blue-new-undescribed-spieces\/","name":"Butia sp blue - Gilian Plants","isPartOf":{"@id":"https:\/\/www.gilianplants.com\/fr\/#website"},"primaryImageOfPage":{"@id":"https:\/\/www.gilianplants.com\/fr\/produit\/butia-sp-blue-new-undescribed-spieces\/#primaryimage"},"image":{"@id":"https:\/\/www.gilianplants.com\/fr\/produit\/butia-sp-blue-new-undescribed-spieces\/#primaryimage"},"thumbnailUrl":"https:\/\/www.gilianplants.com\/wp-content\/uploads\/2023\/09\/4d227350-6b63-4cb4-92a6-813215e66789.png","datePublished":"2022-04-19T22:48:58+00:00","dateModified":"2023-09-01T09:07:42+00:00","breadcrumb":{"@id":"https:\/\/www.gilianplants.com\/fr\/produit\/butia-sp-blue-new-undescribed-spieces\/#breadcrumb"},"inLanguage":"fr-FR","potentialAction":[{"@type":"ReadAction","target":["https:\/\/www.gilianplants.com\/fr\/produit\/butia-sp-blue-new-undescribed-spieces\/"]}]},{"@type":"ImageObject","inLanguage":"fr-FR","@id":"https:\/\/www.gilianplants.com\/fr\/produit\/butia-sp-blue-new-undescribed-spieces\/#primaryimage","url":"https:\/\/www.gilianplants.com\/wp-content\/uploads\/2023\/09\/4d227350-6b63-4cb4-92a6-813215e66789.png","contentUrl":"https:\/\/www.gilianplants.com\/wp-content\/uploads\/2023\/09\/4d227350-6b63-4cb4-92a6-813215e66789.png","width":1000,"height":1000},{"@type":"BreadcrumbList","@id":"https:\/\/www.gilianplants.com\/fr\/produit\/butia-sp-blue-new-undescribed-spieces\/#breadcrumb","itemListElement":[{"@type":"ListItem","position":1,"name":"Home","item":"https:\/\/www.gilianplants.com\/fr\/"},{"@type":"ListItem","position":2,"name":"Shop","item":"https:\/\/www.gilianplants.com\/shop\/"},{"@type":"ListItem","position":3,"name":"Butia sp blue"}]},{"@type":"WebSite","@id":"https:\/\/www.gilianplants.com\/fr\/#website","url":"https:\/\/www.gilianplants.com\/fr\/","name":"Gilian Plants","description":"Specialist in germination of rare exotic plants","potentialAction":[{"@type":"SearchAction","target":{"@type":"EntryPoint","urlTemplate":"https:\/\/www.gilianplants.com\/fr\/?s={search_term_string}"},"query-input":{"@type":"PropertyValueSpecification","valueRequired":true,"valueName":"search_term_string"}}],"inLanguage":"fr-FR"}]}},"jetpack_sharing_enabled":true,"_links":{"self":[{"href":"https:\/\/www.gilianplants.com\/fr\/wp-json\/wp\/v2\/product\/9071","targetHints":{"allow":["GET"]}}],"collection":[{"href":"https:\/\/www.gilianplants.com\/fr\/wp-json\/wp\/v2\/product"}],"about":[{"href":"https:\/\/www.gilianplants.com\/fr\/wp-json\/wp\/v2\/types\/product"}],"replies":[{"embeddable":true,"href":"https:\/\/www.gilianplants.com\/fr\/wp-json\/wp\/v2\/comments?post=9071"}],"wp:featuredmedia":[{"embeddable":true,"href":"https:\/\/www.gilianplants.com\/fr\/wp-json\/wp\/v2\/media\/15055"}],"wp:attachment":[{"href":"https:\/\/www.gilianplants.com\/fr\/wp-json\/wp\/v2\/media?parent=9071"}],"wp:term":[{"taxonomy":"product_brand","embeddable":true,"href":"https:\/\/www.gilianplants.com\/fr\/wp-json\/wp\/v2\/product_brand?post=9071"},{"taxonomy":"product_cat","embeddable":true,"href":"https:\/\/www.gilianplants.com\/fr\/wp-json\/wp\/v2\/product_cat?post=9071"},{"taxonomy":"product_tag","embeddable":true,"href":"https:\/\/www.gilianplants.com\/fr\/wp-json\/wp\/v2\/product_tag?post=9071"}],"curies":[{"name":"wp","href":"https:\/\/api.w.org\/{rel}","templated":true}]}}