{"id":9094,"date":"2022-04-22T01:44:31","date_gmt":"2022-04-21T23:44:31","guid":{"rendered":"https:\/\/www.gilianplants.com\/product\/caryota-urens\/"},"modified":"2025-02-25T03:33:39","modified_gmt":"2025-02-25T02:33:39","slug":"caryota-urens","status":"publish","type":"product","link":"https:\/\/www.gilianplants.com\/fr\/produit\/caryota-urens\/","title":{"rendered":"Caryota urens"},"content":{"rendered":"<p><span style=\"font-size: 140%\"><span style=\"font-family: Arial, Helvetica, sans-serif;font-style: normal;font-weight: 400;letter-spacing: normal;text-align: left;text-indent: 0px;text-transform: none;text-decoration: none;float: none\"><strong>Caryota urens<\/strong><\/span><span style=\"font-family: Arial, Helvetica, sans-serif;font-style: normal;font-weight: 400;letter-spacing: normal;text-align: left;text-indent: 0px;text-transform: none;text-decoration: none;float: none\"> \u2013 Jaggery Palm, Toddy Palm<\/span><span style=\"font-family: Arial, Helvetica, sans-serif;font-style: normal;font-weight: 400;letter-spacing: normal;text-align: left;text-indent: 0px;text-transform: none;text-decoration: none;float: none\"><span class=\"Apple-converted-space\">\u00a0<\/span><\/span><\/span><\/p>\n<p>Ce Caryota urens n&rsquo;est pas un palmier \u00e0 plumes r\u00e9sistant au froid. L&rsquo;exp\u00e9rience de Gilian Plants au cours des derni\u00e8res ann\u00e9es a montr\u00e9 qu&rsquo;il est difficile de trouver et de faire germer de v\u00e9ritables graines de Caryota urens. Nous les avons import\u00e9s de Tha\u00eflande. En Europe est la meilleure fa\u00e7on de les garder dans un r\u00e9cipient quand il est une petite plante. Les plantes matures peuvent atteindre une taille de 4 m\u00e8tres ! Les feuilles sont vertes et minces. Les graines sont petites et rondes. Les fleurs et les fruits sont d&rsquo;une belle couleur jaune. Un palmier Jaggery ornemental.<\/p>\n<p>Nous sommes experts dans la germination des graines sp\u00e9ciales de Caryota. Gilian Plants a sa propre importation de la Tha\u00eflande avec ses propres collectionneurs dans l&rsquo;habitat l\u00e0-bas. Ainsi Gilian Plants vous fournit la vraie affaire. Chaque ann\u00e9e Gilian Plants a de nouveaux spieces dans certaines quantit\u00e9s de gros en vrac.<\/p>\n<p>&#8211; Le prix est pour un plant.<\/p>\n<ul>\n<li><strong>Emplacement de la plante : plein soleil<\/strong><\/li>\n<li><strong>Soin des plantes : facile<\/strong><\/li>\n<li><strong>Arrosage : garder les jeunes plantes plus s\u00e8ches.<\/strong><\/li>\n<li><strong>R\u00e9sistant au froid : non<\/strong><\/li>\n<li><strong>Pays d&rsquo;origine : Sri Lanka<\/strong><\/li>\n<\/ul>\n","protected":false},"excerpt":{"rendered":"<p><span style=\"font-size: 140%\"><span style=\"font-family: Arial, Helvetica, sans-serif;font-style: normal;font-weight: 400;letter-spacing: normal;text-align: left;text-indent: 0px;text-transform: none;text-decoration: none;float: none\"><strong>Caryota urens<\/strong><\/span><span style=\"font-family: Arial, Helvetica, sans-serif;font-style: normal;font-weight: 400;letter-spacing: normal;text-align: left;text-indent: 0px;text-transform: none;text-decoration: none;float: none\"> \u2013 Jaggery Palm, Toddy Palm<\/span> <\/span><\/p>\n","protected":false},"featured_media":11810,"comment_status":"open","ping_status":"closed","template":"","meta":[],"product_brand":[],"product_cat":[530],"product_tag":[586,190,1274,1276],"class_list":{"0":"post-9094","1":"product","2":"type-product","3":"status-publish","4":"has-post-thumbnail","6":"product_cat-palms","7":"product_tag-caryota-fr","8":"product_tag-caryota","9":"product_tag-urens","10":"product_tag-urens-fr","11":"product_shipping_class-colis-normal-1-10kg","13":"first","14":"instock","15":"taxable","16":"shipping-taxable","17":"purchasable","18":"product-type-simple"},"yoast_head":"<!-- This site is optimized with the Yoast SEO plugin v27.5 - https:\/\/yoast.com\/product\/yoast-seo-wordpress\/ -->\n<title>Caryota urens - Gilian Plants<\/title>\n<meta name=\"robots\" content=\"index, follow, max-snippet:-1, max-image-preview:large, max-video-preview:-1\" \/>\n<link rel=\"canonical\" href=\"https:\/\/www.gilianplants.com\/fr\/produit\/caryota-urens\/\" \/>\n<meta property=\"og:locale\" content=\"fr_FR\" \/>\n<meta property=\"og:type\" content=\"article\" \/>\n<meta property=\"og:title\" content=\"Caryota urens - Gilian Plants\" \/>\n<meta property=\"og:description\" content=\"Caryota urens \u2013 Jaggery Palm, Toddy Palm\" \/>\n<meta property=\"og:url\" content=\"https:\/\/www.gilianplants.com\/fr\/produit\/caryota-urens\/\" \/>\n<meta property=\"og:site_name\" content=\"Gilian Plants\" \/>\n<meta property=\"article:modified_time\" content=\"2025-02-25T02:33:39+00:00\" \/>\n<meta property=\"og:image\" content=\"https:\/\/www.gilianplants.com\/wp-content\/uploads\/2022\/10\/f4de5032-8edd-4fcc-8cb0-80be10549050.png\" \/>\n\t<meta property=\"og:image:width\" content=\"1800\" \/>\n\t<meta property=\"og:image:height\" content=\"1200\" \/>\n\t<meta property=\"og:image:type\" content=\"image\/png\" \/>\n<meta name=\"twitter:card\" content=\"summary_large_image\" \/>\n<meta name=\"twitter:label1\" content=\"Dur\u00e9e de lecture estim\u00e9e\" \/>\n\t<meta name=\"twitter:data1\" content=\"1 minute\" \/>\n<script type=\"application\/ld+json\" class=\"yoast-schema-graph\">{\"@context\":\"https:\\\/\\\/schema.org\",\"@graph\":[{\"@type\":\"WebPage\",\"@id\":\"https:\\\/\\\/www.gilianplants.com\\\/fr\\\/produit\\\/caryota-urens\\\/\",\"url\":\"https:\\\/\\\/www.gilianplants.com\\\/fr\\\/produit\\\/caryota-urens\\\/\",\"name\":\"Caryota urens - Gilian Plants\",\"isPartOf\":{\"@id\":\"https:\\\/\\\/www.gilianplants.com\\\/fr\\\/#website\"},\"primaryImageOfPage\":{\"@id\":\"https:\\\/\\\/www.gilianplants.com\\\/fr\\\/produit\\\/caryota-urens\\\/#primaryimage\"},\"image\":{\"@id\":\"https:\\\/\\\/www.gilianplants.com\\\/fr\\\/produit\\\/caryota-urens\\\/#primaryimage\"},\"thumbnailUrl\":\"https:\\\/\\\/www.gilianplants.com\\\/wp-content\\\/uploads\\\/2022\\\/10\\\/f4de5032-8edd-4fcc-8cb0-80be10549050.png\",\"datePublished\":\"2022-04-21T23:44:31+00:00\",\"dateModified\":\"2025-02-25T02:33:39+00:00\",\"breadcrumb\":{\"@id\":\"https:\\\/\\\/www.gilianplants.com\\\/fr\\\/produit\\\/caryota-urens\\\/#breadcrumb\"},\"inLanguage\":\"fr-FR\",\"potentialAction\":[{\"@type\":\"ReadAction\",\"target\":[\"https:\\\/\\\/www.gilianplants.com\\\/fr\\\/produit\\\/caryota-urens\\\/\"]}]},{\"@type\":\"ImageObject\",\"inLanguage\":\"fr-FR\",\"@id\":\"https:\\\/\\\/www.gilianplants.com\\\/fr\\\/produit\\\/caryota-urens\\\/#primaryimage\",\"url\":\"https:\\\/\\\/www.gilianplants.com\\\/wp-content\\\/uploads\\\/2022\\\/10\\\/f4de5032-8edd-4fcc-8cb0-80be10549050.png\",\"contentUrl\":\"https:\\\/\\\/www.gilianplants.com\\\/wp-content\\\/uploads\\\/2022\\\/10\\\/f4de5032-8edd-4fcc-8cb0-80be10549050.png\",\"width\":1800,\"height\":1200},{\"@type\":\"BreadcrumbList\",\"@id\":\"https:\\\/\\\/www.gilianplants.com\\\/fr\\\/produit\\\/caryota-urens\\\/#breadcrumb\",\"itemListElement\":[{\"@type\":\"ListItem\",\"position\":1,\"name\":\"Home\",\"item\":\"https:\\\/\\\/www.gilianplants.com\\\/fr\\\/\"},{\"@type\":\"ListItem\",\"position\":2,\"name\":\"Shop\",\"item\":\"https:\\\/\\\/www.gilianplants.com\\\/shop\\\/\"},{\"@type\":\"ListItem\",\"position\":3,\"name\":\"Caryota urens\"}]},{\"@type\":\"WebSite\",\"@id\":\"https:\\\/\\\/www.gilianplants.com\\\/fr\\\/#website\",\"url\":\"https:\\\/\\\/www.gilianplants.com\\\/fr\\\/\",\"name\":\"Gilian Plants\",\"description\":\"Specialist in germination of rare exotic plants\",\"potentialAction\":[{\"@type\":\"SearchAction\",\"target\":{\"@type\":\"EntryPoint\",\"urlTemplate\":\"https:\\\/\\\/www.gilianplants.com\\\/fr\\\/?s={search_term_string}\"},\"query-input\":{\"@type\":\"PropertyValueSpecification\",\"valueRequired\":true,\"valueName\":\"search_term_string\"}}],\"inLanguage\":\"fr-FR\"}]}<\/script>\n<!-- \/ Yoast SEO plugin. -->","yoast_head_json":{"title":"Caryota urens - Gilian Plants","robots":{"index":"index","follow":"follow","max-snippet":"max-snippet:-1","max-image-preview":"max-image-preview:large","max-video-preview":"max-video-preview:-1"},"canonical":"https:\/\/www.gilianplants.com\/fr\/produit\/caryota-urens\/","og_locale":"fr_FR","og_type":"article","og_title":"Caryota urens - Gilian Plants","og_description":"Caryota urens \u2013 Jaggery Palm, Toddy Palm","og_url":"https:\/\/www.gilianplants.com\/fr\/produit\/caryota-urens\/","og_site_name":"Gilian Plants","article_modified_time":"2025-02-25T02:33:39+00:00","og_image":[{"width":1800,"height":1200,"url":"https:\/\/www.gilianplants.com\/wp-content\/uploads\/2022\/10\/f4de5032-8edd-4fcc-8cb0-80be10549050.png","type":"image\/png"}],"twitter_card":"summary_large_image","twitter_misc":{"Dur\u00e9e de lecture estim\u00e9e":"1 minute"},"schema":{"@context":"https:\/\/schema.org","@graph":[{"@type":"WebPage","@id":"https:\/\/www.gilianplants.com\/fr\/produit\/caryota-urens\/","url":"https:\/\/www.gilianplants.com\/fr\/produit\/caryota-urens\/","name":"Caryota urens - Gilian Plants","isPartOf":{"@id":"https:\/\/www.gilianplants.com\/fr\/#website"},"primaryImageOfPage":{"@id":"https:\/\/www.gilianplants.com\/fr\/produit\/caryota-urens\/#primaryimage"},"image":{"@id":"https:\/\/www.gilianplants.com\/fr\/produit\/caryota-urens\/#primaryimage"},"thumbnailUrl":"https:\/\/www.gilianplants.com\/wp-content\/uploads\/2022\/10\/f4de5032-8edd-4fcc-8cb0-80be10549050.png","datePublished":"2022-04-21T23:44:31+00:00","dateModified":"2025-02-25T02:33:39+00:00","breadcrumb":{"@id":"https:\/\/www.gilianplants.com\/fr\/produit\/caryota-urens\/#breadcrumb"},"inLanguage":"fr-FR","potentialAction":[{"@type":"ReadAction","target":["https:\/\/www.gilianplants.com\/fr\/produit\/caryota-urens\/"]}]},{"@type":"ImageObject","inLanguage":"fr-FR","@id":"https:\/\/www.gilianplants.com\/fr\/produit\/caryota-urens\/#primaryimage","url":"https:\/\/www.gilianplants.com\/wp-content\/uploads\/2022\/10\/f4de5032-8edd-4fcc-8cb0-80be10549050.png","contentUrl":"https:\/\/www.gilianplants.com\/wp-content\/uploads\/2022\/10\/f4de5032-8edd-4fcc-8cb0-80be10549050.png","width":1800,"height":1200},{"@type":"BreadcrumbList","@id":"https:\/\/www.gilianplants.com\/fr\/produit\/caryota-urens\/#breadcrumb","itemListElement":[{"@type":"ListItem","position":1,"name":"Home","item":"https:\/\/www.gilianplants.com\/fr\/"},{"@type":"ListItem","position":2,"name":"Shop","item":"https:\/\/www.gilianplants.com\/shop\/"},{"@type":"ListItem","position":3,"name":"Caryota urens"}]},{"@type":"WebSite","@id":"https:\/\/www.gilianplants.com\/fr\/#website","url":"https:\/\/www.gilianplants.com\/fr\/","name":"Gilian Plants","description":"Specialist in germination of rare exotic plants","potentialAction":[{"@type":"SearchAction","target":{"@type":"EntryPoint","urlTemplate":"https:\/\/www.gilianplants.com\/fr\/?s={search_term_string}"},"query-input":{"@type":"PropertyValueSpecification","valueRequired":true,"valueName":"search_term_string"}}],"inLanguage":"fr-FR"}]}},"jetpack_sharing_enabled":true,"_links":{"self":[{"href":"https:\/\/www.gilianplants.com\/fr\/wp-json\/wp\/v2\/product\/9094","targetHints":{"allow":["GET"]}}],"collection":[{"href":"https:\/\/www.gilianplants.com\/fr\/wp-json\/wp\/v2\/product"}],"about":[{"href":"https:\/\/www.gilianplants.com\/fr\/wp-json\/wp\/v2\/types\/product"}],"replies":[{"embeddable":true,"href":"https:\/\/www.gilianplants.com\/fr\/wp-json\/wp\/v2\/comments?post=9094"}],"wp:featuredmedia":[{"embeddable":true,"href":"https:\/\/www.gilianplants.com\/fr\/wp-json\/wp\/v2\/media\/11810"}],"wp:attachment":[{"href":"https:\/\/www.gilianplants.com\/fr\/wp-json\/wp\/v2\/media?parent=9094"}],"wp:term":[{"taxonomy":"product_brand","embeddable":true,"href":"https:\/\/www.gilianplants.com\/fr\/wp-json\/wp\/v2\/product_brand?post=9094"},{"taxonomy":"product_cat","embeddable":true,"href":"https:\/\/www.gilianplants.com\/fr\/wp-json\/wp\/v2\/product_cat?post=9094"},{"taxonomy":"product_tag","embeddable":true,"href":"https:\/\/www.gilianplants.com\/fr\/wp-json\/wp\/v2\/product_tag?post=9094"}],"curies":[{"name":"wp","href":"https:\/\/api.w.org\/{rel}","templated":true}]}}