{"id":10084,"date":"2022-05-23T12:02:57","date_gmt":"2022-05-23T11:02:57","guid":{"rendered":"https:\/\/www.gilianplants.com\/product\/butia-lallemantii\/"},"modified":"2022-08-15T08:50:56","modified_gmt":"2022-08-15T07:50:56","slug":"butia-lallemantii","status":"publish","type":"product","link":"https:\/\/www.gilianplants.com\/nl\/product\/butia-lallemantii\/","title":{"rendered":"Butia lallemantii"},"content":{"rendered":"<h1><strong>Butia lallemantii- palmier \u00e0 gel\u00e9e nain en grappe<\/strong><\/h1>\n<p>Ce Butia lallemantii est un palmier \u00e0 plumes r\u00e9sistant au froid. L&#8217;exp\u00e9rience de Gilian Plants est que ces derni\u00e8res ann\u00e9es trouver de vraies graines de Butia lallemantii est un travail difficile. Nous les avons import\u00e9es du Br\u00e9sil. En Europe est la meilleure fa\u00e7on de les garder dans un r\u00e9cipient quand il est une petite plante. Les plantes matures peuvent atteindre une taille de 150 centim\u00e8tres ! La spathe de la fleur de ce Butia lallemantii a une spatha d&#8217;inflorescence jaune. Les feuilles sont vertes \u00e0 bleu\u00e2tres. Les graines sont petites et rondes. Les fleurs et les fruits sont d&#8217;une belle couleur jaune. Une herbe ornementale Butia nain.<\/p>\n<p>Nous sommes experts dans la germination des graines rares de Butia et Syagrus. Gilian Plants a sa propre importation du Br\u00e9sil avec ses propres collectionneurs dans l&#8217;habitat l\u00e0-bas. Ainsi Gilian Plants vous fournit la vraie affaire. Chaque ann\u00e9e Gilian Plants a de nouveaux spieces dans certaines quantit\u00e9s de gros en vrac.<\/p>\n<p>&#8211; Le prix est pour une plante.<\/p>\n<ul>\n<li><strong>Emplacement de la plante : plein soleil<\/strong><\/li>\n<li><strong>Soins des plantes : facile<\/strong><\/li>\n<li><strong>Arrosage : garder les jeunes plantes plus s\u00e8ches.<\/strong><\/li>\n<li><strong>R\u00e9sistant au froid : -7<\/strong><\/li>\n<li><strong>Pays d&#8217;origine : Brasil<\/strong><\/li>\n<\/ul>\n","protected":false},"excerpt":{"rendered":"<h1><strong>Butia lallemantii- palmier \u00e0 gel\u00e9e nain en grappe<\/strong><\/h1>\n","protected":false},"featured_media":10943,"comment_status":"open","ping_status":"closed","template":"","meta":[],"product_brand":[],"product_cat":[156],"product_tag":[164,1218,879,1338],"class_list":{"0":"post-10084","1":"product","2":"type-product","3":"status-publish","4":"has-post-thumbnail","6":"product_cat-palmbomen","7":"product_tag-butia","8":"product_tag-clustering-nl","9":"product_tag-dwarf-nl","10":"product_tag-lallemantii-nl","11":"product_shipping_class-normal-parcel-1-10kg","13":"first","14":"outofstock","15":"taxable","16":"shipping-taxable","17":"purchasable","18":"product-type-simple"},"yoast_head":"<!-- This site is optimized with the Yoast SEO plugin v27.5 - https:\/\/yoast.com\/product\/yoast-seo-wordpress\/ -->\n<title>Butia lallemantii - Gilian Plants<\/title>\n<meta name=\"robots\" content=\"index, follow, max-snippet:-1, max-image-preview:large, max-video-preview:-1\" \/>\n<link rel=\"canonical\" href=\"https:\/\/www.gilianplants.com\/nl\/product\/butia-lallemantii\/\" \/>\n<meta property=\"og:locale\" content=\"nl_NL\" \/>\n<meta property=\"og:type\" content=\"article\" \/>\n<meta property=\"og:title\" content=\"Butia lallemantii - Gilian Plants\" \/>\n<meta property=\"og:description\" content=\"Butia lallemantii- palmier \u00e0 gel\u00e9e nain en grappe\" \/>\n<meta property=\"og:url\" content=\"https:\/\/www.gilianplants.com\/nl\/product\/butia-lallemantii\/\" \/>\n<meta property=\"og:site_name\" content=\"Gilian Plants\" \/>\n<meta property=\"article:modified_time\" content=\"2022-08-15T07:50:56+00:00\" \/>\n<meta property=\"og:image\" content=\"https:\/\/www.gilianplants.com\/wp-content\/uploads\/2022\/08\/ea2a5d3b-4cfc-404b-b986-13a9e38b89d3.png\" \/>\n\t<meta property=\"og:image:width\" content=\"1800\" \/>\n\t<meta property=\"og:image:height\" content=\"1200\" \/>\n\t<meta property=\"og:image:type\" content=\"image\/png\" \/>\n<meta name=\"twitter:card\" content=\"summary_large_image\" \/>\n<meta name=\"twitter:label1\" content=\"Geschatte leestijd\" \/>\n\t<meta name=\"twitter:data1\" content=\"1 minuut\" \/>\n<script type=\"application\/ld+json\" class=\"yoast-schema-graph\">{\"@context\":\"https:\\\/\\\/schema.org\",\"@graph\":[{\"@type\":\"WebPage\",\"@id\":\"https:\\\/\\\/www.gilianplants.com\\\/nl\\\/product\\\/butia-lallemantii\\\/\",\"url\":\"https:\\\/\\\/www.gilianplants.com\\\/nl\\\/product\\\/butia-lallemantii\\\/\",\"name\":\"Butia lallemantii - Gilian Plants\",\"isPartOf\":{\"@id\":\"https:\\\/\\\/www.gilianplants.com\\\/nl\\\/#website\"},\"primaryImageOfPage\":{\"@id\":\"https:\\\/\\\/www.gilianplants.com\\\/nl\\\/product\\\/butia-lallemantii\\\/#primaryimage\"},\"image\":{\"@id\":\"https:\\\/\\\/www.gilianplants.com\\\/nl\\\/product\\\/butia-lallemantii\\\/#primaryimage\"},\"thumbnailUrl\":\"https:\\\/\\\/www.gilianplants.com\\\/wp-content\\\/uploads\\\/2022\\\/08\\\/ea2a5d3b-4cfc-404b-b986-13a9e38b89d3.png\",\"datePublished\":\"2022-05-23T11:02:57+00:00\",\"dateModified\":\"2022-08-15T07:50:56+00:00\",\"breadcrumb\":{\"@id\":\"https:\\\/\\\/www.gilianplants.com\\\/nl\\\/product\\\/butia-lallemantii\\\/#breadcrumb\"},\"inLanguage\":\"nl-NL\",\"potentialAction\":[{\"@type\":\"ReadAction\",\"target\":[\"https:\\\/\\\/www.gilianplants.com\\\/nl\\\/product\\\/butia-lallemantii\\\/\"]}]},{\"@type\":\"ImageObject\",\"inLanguage\":\"nl-NL\",\"@id\":\"https:\\\/\\\/www.gilianplants.com\\\/nl\\\/product\\\/butia-lallemantii\\\/#primaryimage\",\"url\":\"https:\\\/\\\/www.gilianplants.com\\\/wp-content\\\/uploads\\\/2022\\\/08\\\/ea2a5d3b-4cfc-404b-b986-13a9e38b89d3.png\",\"contentUrl\":\"https:\\\/\\\/www.gilianplants.com\\\/wp-content\\\/uploads\\\/2022\\\/08\\\/ea2a5d3b-4cfc-404b-b986-13a9e38b89d3.png\",\"width\":1800,\"height\":1200},{\"@type\":\"BreadcrumbList\",\"@id\":\"https:\\\/\\\/www.gilianplants.com\\\/nl\\\/product\\\/butia-lallemantii\\\/#breadcrumb\",\"itemListElement\":[{\"@type\":\"ListItem\",\"position\":1,\"name\":\"Home\",\"item\":\"https:\\\/\\\/www.gilianplants.com\\\/nl\\\/\"},{\"@type\":\"ListItem\",\"position\":2,\"name\":\"Shop\",\"item\":\"https:\\\/\\\/www.gilianplants.com\\\/shop\\\/\"},{\"@type\":\"ListItem\",\"position\":3,\"name\":\"Butia lallemantii\"}]},{\"@type\":\"WebSite\",\"@id\":\"https:\\\/\\\/www.gilianplants.com\\\/nl\\\/#website\",\"url\":\"https:\\\/\\\/www.gilianplants.com\\\/nl\\\/\",\"name\":\"Gilian Plants\",\"description\":\"Specialist in germination of rare exotic plants\",\"potentialAction\":[{\"@type\":\"SearchAction\",\"target\":{\"@type\":\"EntryPoint\",\"urlTemplate\":\"https:\\\/\\\/www.gilianplants.com\\\/nl\\\/?s={search_term_string}\"},\"query-input\":{\"@type\":\"PropertyValueSpecification\",\"valueRequired\":true,\"valueName\":\"search_term_string\"}}],\"inLanguage\":\"nl-NL\"}]}<\/script>\n<!-- \/ Yoast SEO plugin. -->","yoast_head_json":{"title":"Butia lallemantii - Gilian Plants","robots":{"index":"index","follow":"follow","max-snippet":"max-snippet:-1","max-image-preview":"max-image-preview:large","max-video-preview":"max-video-preview:-1"},"canonical":"https:\/\/www.gilianplants.com\/nl\/product\/butia-lallemantii\/","og_locale":"nl_NL","og_type":"article","og_title":"Butia lallemantii - Gilian Plants","og_description":"Butia lallemantii- palmier \u00e0 gel\u00e9e nain en grappe","og_url":"https:\/\/www.gilianplants.com\/nl\/product\/butia-lallemantii\/","og_site_name":"Gilian Plants","article_modified_time":"2022-08-15T07:50:56+00:00","og_image":[{"width":1800,"height":1200,"url":"https:\/\/www.gilianplants.com\/wp-content\/uploads\/2022\/08\/ea2a5d3b-4cfc-404b-b986-13a9e38b89d3.png","type":"image\/png"}],"twitter_card":"summary_large_image","twitter_misc":{"Geschatte leestijd":"1 minuut"},"schema":{"@context":"https:\/\/schema.org","@graph":[{"@type":"WebPage","@id":"https:\/\/www.gilianplants.com\/nl\/product\/butia-lallemantii\/","url":"https:\/\/www.gilianplants.com\/nl\/product\/butia-lallemantii\/","name":"Butia lallemantii - Gilian Plants","isPartOf":{"@id":"https:\/\/www.gilianplants.com\/nl\/#website"},"primaryImageOfPage":{"@id":"https:\/\/www.gilianplants.com\/nl\/product\/butia-lallemantii\/#primaryimage"},"image":{"@id":"https:\/\/www.gilianplants.com\/nl\/product\/butia-lallemantii\/#primaryimage"},"thumbnailUrl":"https:\/\/www.gilianplants.com\/wp-content\/uploads\/2022\/08\/ea2a5d3b-4cfc-404b-b986-13a9e38b89d3.png","datePublished":"2022-05-23T11:02:57+00:00","dateModified":"2022-08-15T07:50:56+00:00","breadcrumb":{"@id":"https:\/\/www.gilianplants.com\/nl\/product\/butia-lallemantii\/#breadcrumb"},"inLanguage":"nl-NL","potentialAction":[{"@type":"ReadAction","target":["https:\/\/www.gilianplants.com\/nl\/product\/butia-lallemantii\/"]}]},{"@type":"ImageObject","inLanguage":"nl-NL","@id":"https:\/\/www.gilianplants.com\/nl\/product\/butia-lallemantii\/#primaryimage","url":"https:\/\/www.gilianplants.com\/wp-content\/uploads\/2022\/08\/ea2a5d3b-4cfc-404b-b986-13a9e38b89d3.png","contentUrl":"https:\/\/www.gilianplants.com\/wp-content\/uploads\/2022\/08\/ea2a5d3b-4cfc-404b-b986-13a9e38b89d3.png","width":1800,"height":1200},{"@type":"BreadcrumbList","@id":"https:\/\/www.gilianplants.com\/nl\/product\/butia-lallemantii\/#breadcrumb","itemListElement":[{"@type":"ListItem","position":1,"name":"Home","item":"https:\/\/www.gilianplants.com\/nl\/"},{"@type":"ListItem","position":2,"name":"Shop","item":"https:\/\/www.gilianplants.com\/shop\/"},{"@type":"ListItem","position":3,"name":"Butia lallemantii"}]},{"@type":"WebSite","@id":"https:\/\/www.gilianplants.com\/nl\/#website","url":"https:\/\/www.gilianplants.com\/nl\/","name":"Gilian Plants","description":"Specialist in germination of rare exotic plants","potentialAction":[{"@type":"SearchAction","target":{"@type":"EntryPoint","urlTemplate":"https:\/\/www.gilianplants.com\/nl\/?s={search_term_string}"},"query-input":{"@type":"PropertyValueSpecification","valueRequired":true,"valueName":"search_term_string"}}],"inLanguage":"nl-NL"}]}},"jetpack_sharing_enabled":true,"_links":{"self":[{"href":"https:\/\/www.gilianplants.com\/nl\/wp-json\/wp\/v2\/product\/10084","targetHints":{"allow":["GET"]}}],"collection":[{"href":"https:\/\/www.gilianplants.com\/nl\/wp-json\/wp\/v2\/product"}],"about":[{"href":"https:\/\/www.gilianplants.com\/nl\/wp-json\/wp\/v2\/types\/product"}],"replies":[{"embeddable":true,"href":"https:\/\/www.gilianplants.com\/nl\/wp-json\/wp\/v2\/comments?post=10084"}],"wp:featuredmedia":[{"embeddable":true,"href":"https:\/\/www.gilianplants.com\/nl\/wp-json\/wp\/v2\/media\/10943"}],"wp:attachment":[{"href":"https:\/\/www.gilianplants.com\/nl\/wp-json\/wp\/v2\/media?parent=10084"}],"wp:term":[{"taxonomy":"product_brand","embeddable":true,"href":"https:\/\/www.gilianplants.com\/nl\/wp-json\/wp\/v2\/product_brand?post=10084"},{"taxonomy":"product_cat","embeddable":true,"href":"https:\/\/www.gilianplants.com\/nl\/wp-json\/wp\/v2\/product_cat?post=10084"},{"taxonomy":"product_tag","embeddable":true,"href":"https:\/\/www.gilianplants.com\/nl\/wp-json\/wp\/v2\/product_tag?post=10084"}],"curies":[{"name":"wp","href":"https:\/\/api.w.org\/{rel}","templated":true}]}}