{"id":7573,"date":"2021-12-30T14:30:40","date_gmt":"2021-12-30T13:30:40","guid":{"rendered":"https:\/\/www.gilianplants.com\/product\/johannesteijsmannia-altifrons\/"},"modified":"2026-01-13T19:53:20","modified_gmt":"2026-01-13T18:53:20","slug":"johannesteijsmannia-altifrons","status":"publish","type":"product","link":"https:\/\/www.gilianplants.com\/nl\/product\/johannesteijsmannia-altifrons\/","title":{"rendered":"Johannesteijsmannia altifrons"},"content":{"rendered":"<h2><strong>Johannesteijsmannia altifrons<\/strong><\/h2>\n<p>Deze Johannesteijsmannia altifroms is geen koude winterharde waaierpalm. In Europa is het het beste om ze in een bak te houden als het een kleine plant is. Volwassen plant bladeren kunnen een grootte bereiken van 90 centimeter ! De bladeren zijn slank groen. De zaden zijn rond en lijken op eieren. Een sierlijke tropische palmboom voor in huis of kas. Volwassen planten worden zelden in cultuur gezien. Een spectaculaire palmboom voor uw verzameling.<\/p>\n<p>Wij zijn expert in het ontkiemen van bijzondere zeldzame johannesteijsmannia zaden. Gilian Plants heeft eigen import uit Thailand met eigen verzamelaars in habitat aldaar. Dus Gilian Plants levert u het echte werk. Elk jaar heeft Gilian Plants nieuwe spieces in sommige bulk groothandel hoeveelheden.<\/p>\n<p>&#8211; Prijs is voor \u00e9\u00e9n zaailing. Levering in mei als het \u00e9\u00e9n blad heeft.<\/p>\n<ul>\n<li><strong>Standplaats: volle zon<\/strong><\/li>\n<li><strong>Verzorging: gemakkelijk<\/strong><\/li>\n<li><strong>Water geven: jonge planten meer droog houden.<\/strong><\/li>\n<li><strong>Koud winterhard: nee<\/strong><\/li>\n<li><strong>Land van herkomst: Thailand<\/strong><\/li>\n<\/ul>\n","protected":false},"excerpt":{"rendered":"<h2><em><strong>Johannesteijsmannia altifrons \u2013 <\/strong>Diamond joey palm<\/em><\/h2>\n","protected":false},"featured_media":9261,"comment_status":"open","ping_status":"closed","template":"","meta":[],"product_brand":[],"product_cat":[156],"product_tag":[913,767,914,768,766,915,828,740,916,769],"class_list":{"0":"post-7573","1":"product","2":"type-product","3":"status-publish","4":"has-post-thumbnail","6":"product_cat-palmbomen","7":"product_tag-altifrons-nl","8":"product_tag-altifrons","9":"product_tag-diamondjoey-nl","10":"product_tag-diamondjoey","11":"product_tag-johannesteijsmannia","12":"product_tag-johannesteijsmannia-nl","13":"product_tag-palmtree-nl","14":"product_tag-palmtree","15":"product_tag-tropical-nl","16":"product_tag-tropical","17":"product_shipping_class-normal-parcel-1-10kg","19":"first","20":"instock","21":"taxable","22":"shipping-taxable","23":"purchasable","24":"product-type-simple"},"yoast_head":"<!-- This site is optimized with the Yoast SEO plugin v27.5 - https:\/\/yoast.com\/product\/yoast-seo-wordpress\/ -->\n<title>Johannesteijsmannia altifrons - Gilian Plants<\/title>\n<meta name=\"robots\" content=\"index, follow, max-snippet:-1, max-image-preview:large, max-video-preview:-1\" \/>\n<link rel=\"canonical\" href=\"https:\/\/www.gilianplants.com\/nl\/product\/johannesteijsmannia-altifrons\/\" \/>\n<meta property=\"og:locale\" content=\"nl_NL\" \/>\n<meta property=\"og:type\" content=\"article\" \/>\n<meta property=\"og:title\" content=\"Johannesteijsmannia altifrons - Gilian Plants\" \/>\n<meta property=\"og:description\" content=\"Johannesteijsmannia altifrons \u2013 Diamond joey palm\" \/>\n<meta property=\"og:url\" content=\"https:\/\/www.gilianplants.com\/nl\/product\/johannesteijsmannia-altifrons\/\" \/>\n<meta property=\"og:site_name\" content=\"Gilian Plants\" \/>\n<meta property=\"article:modified_time\" content=\"2026-01-13T18:53:20+00:00\" \/>\n<meta property=\"og:image\" content=\"https:\/\/www.gilianplants.com\/wp-content\/uploads\/2022\/04\/img_3878-scaled.jpeg\" \/>\n\t<meta property=\"og:image:width\" content=\"1920\" \/>\n\t<meta property=\"og:image:height\" content=\"2560\" \/>\n\t<meta property=\"og:image:type\" content=\"image\/jpeg\" \/>\n<meta name=\"twitter:card\" content=\"summary_large_image\" \/>\n<meta name=\"twitter:label1\" content=\"Geschatte leestijd\" \/>\n\t<meta name=\"twitter:data1\" content=\"1 minuut\" \/>\n<script type=\"application\/ld+json\" class=\"yoast-schema-graph\">{\"@context\":\"https:\\\/\\\/schema.org\",\"@graph\":[{\"@type\":\"WebPage\",\"@id\":\"https:\\\/\\\/www.gilianplants.com\\\/nl\\\/product\\\/johannesteijsmannia-altifrons\\\/\",\"url\":\"https:\\\/\\\/www.gilianplants.com\\\/nl\\\/product\\\/johannesteijsmannia-altifrons\\\/\",\"name\":\"Johannesteijsmannia altifrons - Gilian Plants\",\"isPartOf\":{\"@id\":\"https:\\\/\\\/www.gilianplants.com\\\/nl\\\/#website\"},\"primaryImageOfPage\":{\"@id\":\"https:\\\/\\\/www.gilianplants.com\\\/nl\\\/product\\\/johannesteijsmannia-altifrons\\\/#primaryimage\"},\"image\":{\"@id\":\"https:\\\/\\\/www.gilianplants.com\\\/nl\\\/product\\\/johannesteijsmannia-altifrons\\\/#primaryimage\"},\"thumbnailUrl\":\"https:\\\/\\\/www.gilianplants.com\\\/wp-content\\\/uploads\\\/2022\\\/04\\\/img_3878-scaled.jpeg\",\"datePublished\":\"2021-12-30T13:30:40+00:00\",\"dateModified\":\"2026-01-13T18:53:20+00:00\",\"breadcrumb\":{\"@id\":\"https:\\\/\\\/www.gilianplants.com\\\/nl\\\/product\\\/johannesteijsmannia-altifrons\\\/#breadcrumb\"},\"inLanguage\":\"nl-NL\",\"potentialAction\":[{\"@type\":\"ReadAction\",\"target\":[\"https:\\\/\\\/www.gilianplants.com\\\/nl\\\/product\\\/johannesteijsmannia-altifrons\\\/\"]}]},{\"@type\":\"ImageObject\",\"inLanguage\":\"nl-NL\",\"@id\":\"https:\\\/\\\/www.gilianplants.com\\\/nl\\\/product\\\/johannesteijsmannia-altifrons\\\/#primaryimage\",\"url\":\"https:\\\/\\\/www.gilianplants.com\\\/wp-content\\\/uploads\\\/2022\\\/04\\\/img_3878-scaled.jpeg\",\"contentUrl\":\"https:\\\/\\\/www.gilianplants.com\\\/wp-content\\\/uploads\\\/2022\\\/04\\\/img_3878-scaled.jpeg\",\"width\":1920,\"height\":2560},{\"@type\":\"BreadcrumbList\",\"@id\":\"https:\\\/\\\/www.gilianplants.com\\\/nl\\\/product\\\/johannesteijsmannia-altifrons\\\/#breadcrumb\",\"itemListElement\":[{\"@type\":\"ListItem\",\"position\":1,\"name\":\"Home\",\"item\":\"https:\\\/\\\/www.gilianplants.com\\\/nl\\\/\"},{\"@type\":\"ListItem\",\"position\":2,\"name\":\"Shop\",\"item\":\"https:\\\/\\\/www.gilianplants.com\\\/shop\\\/\"},{\"@type\":\"ListItem\",\"position\":3,\"name\":\"Johannesteijsmannia altifrons\"}]},{\"@type\":\"WebSite\",\"@id\":\"https:\\\/\\\/www.gilianplants.com\\\/nl\\\/#website\",\"url\":\"https:\\\/\\\/www.gilianplants.com\\\/nl\\\/\",\"name\":\"Gilian Plants\",\"description\":\"Specialist in germination of rare exotic plants\",\"potentialAction\":[{\"@type\":\"SearchAction\",\"target\":{\"@type\":\"EntryPoint\",\"urlTemplate\":\"https:\\\/\\\/www.gilianplants.com\\\/nl\\\/?s={search_term_string}\"},\"query-input\":{\"@type\":\"PropertyValueSpecification\",\"valueRequired\":true,\"valueName\":\"search_term_string\"}}],\"inLanguage\":\"nl-NL\"}]}<\/script>\n<!-- \/ Yoast SEO plugin. -->","yoast_head_json":{"title":"Johannesteijsmannia altifrons - Gilian Plants","robots":{"index":"index","follow":"follow","max-snippet":"max-snippet:-1","max-image-preview":"max-image-preview:large","max-video-preview":"max-video-preview:-1"},"canonical":"https:\/\/www.gilianplants.com\/nl\/product\/johannesteijsmannia-altifrons\/","og_locale":"nl_NL","og_type":"article","og_title":"Johannesteijsmannia altifrons - Gilian Plants","og_description":"Johannesteijsmannia altifrons \u2013 Diamond joey palm","og_url":"https:\/\/www.gilianplants.com\/nl\/product\/johannesteijsmannia-altifrons\/","og_site_name":"Gilian Plants","article_modified_time":"2026-01-13T18:53:20+00:00","og_image":[{"width":1920,"height":2560,"url":"https:\/\/www.gilianplants.com\/wp-content\/uploads\/2022\/04\/img_3878-scaled.jpeg","type":"image\/jpeg"}],"twitter_card":"summary_large_image","twitter_misc":{"Geschatte leestijd":"1 minuut"},"schema":{"@context":"https:\/\/schema.org","@graph":[{"@type":"WebPage","@id":"https:\/\/www.gilianplants.com\/nl\/product\/johannesteijsmannia-altifrons\/","url":"https:\/\/www.gilianplants.com\/nl\/product\/johannesteijsmannia-altifrons\/","name":"Johannesteijsmannia altifrons - Gilian Plants","isPartOf":{"@id":"https:\/\/www.gilianplants.com\/nl\/#website"},"primaryImageOfPage":{"@id":"https:\/\/www.gilianplants.com\/nl\/product\/johannesteijsmannia-altifrons\/#primaryimage"},"image":{"@id":"https:\/\/www.gilianplants.com\/nl\/product\/johannesteijsmannia-altifrons\/#primaryimage"},"thumbnailUrl":"https:\/\/www.gilianplants.com\/wp-content\/uploads\/2022\/04\/img_3878-scaled.jpeg","datePublished":"2021-12-30T13:30:40+00:00","dateModified":"2026-01-13T18:53:20+00:00","breadcrumb":{"@id":"https:\/\/www.gilianplants.com\/nl\/product\/johannesteijsmannia-altifrons\/#breadcrumb"},"inLanguage":"nl-NL","potentialAction":[{"@type":"ReadAction","target":["https:\/\/www.gilianplants.com\/nl\/product\/johannesteijsmannia-altifrons\/"]}]},{"@type":"ImageObject","inLanguage":"nl-NL","@id":"https:\/\/www.gilianplants.com\/nl\/product\/johannesteijsmannia-altifrons\/#primaryimage","url":"https:\/\/www.gilianplants.com\/wp-content\/uploads\/2022\/04\/img_3878-scaled.jpeg","contentUrl":"https:\/\/www.gilianplants.com\/wp-content\/uploads\/2022\/04\/img_3878-scaled.jpeg","width":1920,"height":2560},{"@type":"BreadcrumbList","@id":"https:\/\/www.gilianplants.com\/nl\/product\/johannesteijsmannia-altifrons\/#breadcrumb","itemListElement":[{"@type":"ListItem","position":1,"name":"Home","item":"https:\/\/www.gilianplants.com\/nl\/"},{"@type":"ListItem","position":2,"name":"Shop","item":"https:\/\/www.gilianplants.com\/shop\/"},{"@type":"ListItem","position":3,"name":"Johannesteijsmannia altifrons"}]},{"@type":"WebSite","@id":"https:\/\/www.gilianplants.com\/nl\/#website","url":"https:\/\/www.gilianplants.com\/nl\/","name":"Gilian Plants","description":"Specialist in germination of rare exotic plants","potentialAction":[{"@type":"SearchAction","target":{"@type":"EntryPoint","urlTemplate":"https:\/\/www.gilianplants.com\/nl\/?s={search_term_string}"},"query-input":{"@type":"PropertyValueSpecification","valueRequired":true,"valueName":"search_term_string"}}],"inLanguage":"nl-NL"}]}},"jetpack_sharing_enabled":true,"_links":{"self":[{"href":"https:\/\/www.gilianplants.com\/nl\/wp-json\/wp\/v2\/product\/7573","targetHints":{"allow":["GET"]}}],"collection":[{"href":"https:\/\/www.gilianplants.com\/nl\/wp-json\/wp\/v2\/product"}],"about":[{"href":"https:\/\/www.gilianplants.com\/nl\/wp-json\/wp\/v2\/types\/product"}],"replies":[{"embeddable":true,"href":"https:\/\/www.gilianplants.com\/nl\/wp-json\/wp\/v2\/comments?post=7573"}],"wp:featuredmedia":[{"embeddable":true,"href":"https:\/\/www.gilianplants.com\/nl\/wp-json\/wp\/v2\/media\/9261"}],"wp:attachment":[{"href":"https:\/\/www.gilianplants.com\/nl\/wp-json\/wp\/v2\/media?parent=7573"}],"wp:term":[{"taxonomy":"product_brand","embeddable":true,"href":"https:\/\/www.gilianplants.com\/nl\/wp-json\/wp\/v2\/product_brand?post=7573"},{"taxonomy":"product_cat","embeddable":true,"href":"https:\/\/www.gilianplants.com\/nl\/wp-json\/wp\/v2\/product_cat?post=7573"},{"taxonomy":"product_tag","embeddable":true,"href":"https:\/\/www.gilianplants.com\/nl\/wp-json\/wp\/v2\/product_tag?post=7573"}],"curies":[{"name":"wp","href":"https:\/\/api.w.org\/{rel}","templated":true}]}}