{"id":8069,"date":"2022-01-24T21:23:38","date_gmt":"2022-01-24T20:23:38","guid":{"rendered":"https:\/\/www.gilianplants.com\/product\/johannesteijsmannia-magnifica\/"},"modified":"2024-08-13T16:05:47","modified_gmt":"2024-08-13T14:05:47","slug":"johannesteijsmannia-magnifica","status":"publish","type":"product","link":"https:\/\/www.gilianplants.com\/nl\/product\/johannesteijsmannia-magnifica\/","title":{"rendered":"Johannesteijsmannia magnifica"},"content":{"rendered":"<h2><em><strong>Johannesteijsmannia magnifica \u2013 <\/strong>silver joey palm<\/em><\/h2>\n<p>Deze Johannesteijsmannia magnifica is geen koude winterharde waaierpalm. In Europa is het het beste om ze in een bak te houden als het een kleine plant is. Volwassen plant bladeren kunnen een grootte bereiken van 90 centimeter ! De bladeren zijn slank groen met zilverkleurige onderzijde. De zaden zijn rond en lijken op eieren. Een sierlijke tropische palmboom voor in huis of kas. Volwassen planten worden zelden in cultuur gezien. Een spectaculaire palmboom met zilverkleurig blad aan de onderkant voor uw verzameling.<\/p>\n<p>Wij zijn expert in het ontkiemen van bijzondere zeldzame johannesteijsmannia zaden. Gilian Plants heeft eigen import uit Thailand met eigen verzamelaars in habitat aldaar. Dus Gilian Plants levert u soort echte planten. Elk jaar heeft Gilian Plants nieuwe soorten in bulk groothandel hoeveelheden.<\/p>\n<p>&#8211; prijs is voor \u00e9\u00e9n zaailing. Levering in april-mai als het \u00e9\u00e9n blad heeft.<\/p>\n<ul>\n<li><strong>Standplaats: volle zon<\/strong><\/li>\n<li><strong>Verzorging: gemakkelijk<\/strong><\/li>\n<li><strong>Water geven: jonge planten meer droog houden.<\/strong><\/li>\n<li><strong>Koud winterhard: nee<\/strong><\/li>\n<li><strong>Land van herkomst: Thailand<\/strong><\/li>\n<\/ul>\n","protected":false},"excerpt":{"rendered":"<h2><em><strong>Johannesteijsmannia magnifica \u2013 <\/strong>silver joey palm<\/em><\/h2>\n","protected":false},"featured_media":9663,"comment_status":"open","ping_status":"closed","template":"","meta":[],"product_brand":[],"product_cat":[156],"product_tag":[915,1053,828,916],"class_list":{"0":"post-8069","1":"product","2":"type-product","3":"status-publish","4":"has-post-thumbnail","6":"product_cat-palmbomen","7":"product_tag-johannesteijsmannia-nl","8":"product_tag-magnifica-silverjoey-palm-nl","9":"product_tag-palmtree-nl","10":"product_tag-tropical-nl","11":"product_shipping_class-normal-parcel-1-10kg","13":"first","14":"instock","15":"taxable","16":"shipping-taxable","17":"purchasable","18":"product-type-simple"},"yoast_head":"<!-- This site is optimized with the Yoast SEO plugin v27.5 - https:\/\/yoast.com\/product\/yoast-seo-wordpress\/ -->\n<title>Johannesteijsmannia magnifica - Gilian Plants<\/title>\n<meta name=\"robots\" content=\"index, follow, max-snippet:-1, max-image-preview:large, max-video-preview:-1\" \/>\n<link rel=\"canonical\" href=\"https:\/\/www.gilianplants.com\/nl\/product\/johannesteijsmannia-magnifica\/\" \/>\n<meta property=\"og:locale\" content=\"nl_NL\" \/>\n<meta property=\"og:type\" content=\"article\" \/>\n<meta property=\"og:title\" content=\"Johannesteijsmannia magnifica - Gilian Plants\" \/>\n<meta property=\"og:description\" content=\"Johannesteijsmannia magnifica \u2013 silver joey palm\" \/>\n<meta property=\"og:url\" content=\"https:\/\/www.gilianplants.com\/nl\/product\/johannesteijsmannia-magnifica\/\" \/>\n<meta property=\"og:site_name\" content=\"Gilian Plants\" \/>\n<meta property=\"article:modified_time\" content=\"2024-08-13T14:05:47+00:00\" \/>\n<meta property=\"og:image\" content=\"https:\/\/www.gilianplants.com\/wp-content\/uploads\/2022\/04\/img_3877-scaled.jpeg\" \/>\n\t<meta property=\"og:image:width\" content=\"1920\" \/>\n\t<meta property=\"og:image:height\" content=\"2560\" \/>\n\t<meta property=\"og:image:type\" content=\"image\/jpeg\" \/>\n<meta name=\"twitter:card\" content=\"summary_large_image\" \/>\n<meta name=\"twitter:label1\" content=\"Geschatte leestijd\" \/>\n\t<meta name=\"twitter:data1\" content=\"1 minuut\" \/>\n<script type=\"application\/ld+json\" class=\"yoast-schema-graph\">{\"@context\":\"https:\\\/\\\/schema.org\",\"@graph\":[{\"@type\":\"WebPage\",\"@id\":\"https:\\\/\\\/www.gilianplants.com\\\/nl\\\/product\\\/johannesteijsmannia-magnifica\\\/\",\"url\":\"https:\\\/\\\/www.gilianplants.com\\\/nl\\\/product\\\/johannesteijsmannia-magnifica\\\/\",\"name\":\"Johannesteijsmannia magnifica - Gilian Plants\",\"isPartOf\":{\"@id\":\"https:\\\/\\\/www.gilianplants.com\\\/nl\\\/#website\"},\"primaryImageOfPage\":{\"@id\":\"https:\\\/\\\/www.gilianplants.com\\\/nl\\\/product\\\/johannesteijsmannia-magnifica\\\/#primaryimage\"},\"image\":{\"@id\":\"https:\\\/\\\/www.gilianplants.com\\\/nl\\\/product\\\/johannesteijsmannia-magnifica\\\/#primaryimage\"},\"thumbnailUrl\":\"https:\\\/\\\/www.gilianplants.com\\\/wp-content\\\/uploads\\\/2022\\\/05\\\/d2a39d61-160f-4fed-93c9-e4db1e30e725.png\",\"datePublished\":\"2022-01-24T20:23:38+00:00\",\"dateModified\":\"2024-08-13T14:05:47+00:00\",\"breadcrumb\":{\"@id\":\"https:\\\/\\\/www.gilianplants.com\\\/nl\\\/product\\\/johannesteijsmannia-magnifica\\\/#breadcrumb\"},\"inLanguage\":\"nl-NL\",\"potentialAction\":[{\"@type\":\"ReadAction\",\"target\":[\"https:\\\/\\\/www.gilianplants.com\\\/nl\\\/product\\\/johannesteijsmannia-magnifica\\\/\"]}]},{\"@type\":\"ImageObject\",\"inLanguage\":\"nl-NL\",\"@id\":\"https:\\\/\\\/www.gilianplants.com\\\/nl\\\/product\\\/johannesteijsmannia-magnifica\\\/#primaryimage\",\"url\":\"https:\\\/\\\/www.gilianplants.com\\\/wp-content\\\/uploads\\\/2022\\\/05\\\/d2a39d61-160f-4fed-93c9-e4db1e30e725.png\",\"contentUrl\":\"https:\\\/\\\/www.gilianplants.com\\\/wp-content\\\/uploads\\\/2022\\\/05\\\/d2a39d61-160f-4fed-93c9-e4db1e30e725.png\",\"width\":1920,\"height\":1080},{\"@type\":\"BreadcrumbList\",\"@id\":\"https:\\\/\\\/www.gilianplants.com\\\/nl\\\/product\\\/johannesteijsmannia-magnifica\\\/#breadcrumb\",\"itemListElement\":[{\"@type\":\"ListItem\",\"position\":1,\"name\":\"Home\",\"item\":\"https:\\\/\\\/www.gilianplants.com\\\/nl\\\/\"},{\"@type\":\"ListItem\",\"position\":2,\"name\":\"Shop\",\"item\":\"https:\\\/\\\/www.gilianplants.com\\\/shop\\\/\"},{\"@type\":\"ListItem\",\"position\":3,\"name\":\"Johannesteijsmannia magnifica\"}]},{\"@type\":\"WebSite\",\"@id\":\"https:\\\/\\\/www.gilianplants.com\\\/nl\\\/#website\",\"url\":\"https:\\\/\\\/www.gilianplants.com\\\/nl\\\/\",\"name\":\"Gilian Plants\",\"description\":\"Specialist in germination of rare exotic plants\",\"potentialAction\":[{\"@type\":\"SearchAction\",\"target\":{\"@type\":\"EntryPoint\",\"urlTemplate\":\"https:\\\/\\\/www.gilianplants.com\\\/nl\\\/?s={search_term_string}\"},\"query-input\":{\"@type\":\"PropertyValueSpecification\",\"valueRequired\":true,\"valueName\":\"search_term_string\"}}],\"inLanguage\":\"nl-NL\"}]}<\/script>\n<!-- \/ Yoast SEO plugin. -->","yoast_head_json":{"title":"Johannesteijsmannia magnifica - Gilian Plants","robots":{"index":"index","follow":"follow","max-snippet":"max-snippet:-1","max-image-preview":"max-image-preview:large","max-video-preview":"max-video-preview:-1"},"canonical":"https:\/\/www.gilianplants.com\/nl\/product\/johannesteijsmannia-magnifica\/","og_locale":"nl_NL","og_type":"article","og_title":"Johannesteijsmannia magnifica - Gilian Plants","og_description":"Johannesteijsmannia magnifica \u2013 silver joey palm","og_url":"https:\/\/www.gilianplants.com\/nl\/product\/johannesteijsmannia-magnifica\/","og_site_name":"Gilian Plants","article_modified_time":"2024-08-13T14:05:47+00:00","og_image":[{"width":1920,"height":2560,"url":"https:\/\/www.gilianplants.com\/wp-content\/uploads\/2022\/04\/img_3877-scaled.jpeg","type":"image\/jpeg"}],"twitter_card":"summary_large_image","twitter_misc":{"Geschatte leestijd":"1 minuut"},"schema":{"@context":"https:\/\/schema.org","@graph":[{"@type":"WebPage","@id":"https:\/\/www.gilianplants.com\/nl\/product\/johannesteijsmannia-magnifica\/","url":"https:\/\/www.gilianplants.com\/nl\/product\/johannesteijsmannia-magnifica\/","name":"Johannesteijsmannia magnifica - Gilian Plants","isPartOf":{"@id":"https:\/\/www.gilianplants.com\/nl\/#website"},"primaryImageOfPage":{"@id":"https:\/\/www.gilianplants.com\/nl\/product\/johannesteijsmannia-magnifica\/#primaryimage"},"image":{"@id":"https:\/\/www.gilianplants.com\/nl\/product\/johannesteijsmannia-magnifica\/#primaryimage"},"thumbnailUrl":"https:\/\/www.gilianplants.com\/wp-content\/uploads\/2022\/05\/d2a39d61-160f-4fed-93c9-e4db1e30e725.png","datePublished":"2022-01-24T20:23:38+00:00","dateModified":"2024-08-13T14:05:47+00:00","breadcrumb":{"@id":"https:\/\/www.gilianplants.com\/nl\/product\/johannesteijsmannia-magnifica\/#breadcrumb"},"inLanguage":"nl-NL","potentialAction":[{"@type":"ReadAction","target":["https:\/\/www.gilianplants.com\/nl\/product\/johannesteijsmannia-magnifica\/"]}]},{"@type":"ImageObject","inLanguage":"nl-NL","@id":"https:\/\/www.gilianplants.com\/nl\/product\/johannesteijsmannia-magnifica\/#primaryimage","url":"https:\/\/www.gilianplants.com\/wp-content\/uploads\/2022\/05\/d2a39d61-160f-4fed-93c9-e4db1e30e725.png","contentUrl":"https:\/\/www.gilianplants.com\/wp-content\/uploads\/2022\/05\/d2a39d61-160f-4fed-93c9-e4db1e30e725.png","width":1920,"height":1080},{"@type":"BreadcrumbList","@id":"https:\/\/www.gilianplants.com\/nl\/product\/johannesteijsmannia-magnifica\/#breadcrumb","itemListElement":[{"@type":"ListItem","position":1,"name":"Home","item":"https:\/\/www.gilianplants.com\/nl\/"},{"@type":"ListItem","position":2,"name":"Shop","item":"https:\/\/www.gilianplants.com\/shop\/"},{"@type":"ListItem","position":3,"name":"Johannesteijsmannia magnifica"}]},{"@type":"WebSite","@id":"https:\/\/www.gilianplants.com\/nl\/#website","url":"https:\/\/www.gilianplants.com\/nl\/","name":"Gilian Plants","description":"Specialist in germination of rare exotic plants","potentialAction":[{"@type":"SearchAction","target":{"@type":"EntryPoint","urlTemplate":"https:\/\/www.gilianplants.com\/nl\/?s={search_term_string}"},"query-input":{"@type":"PropertyValueSpecification","valueRequired":true,"valueName":"search_term_string"}}],"inLanguage":"nl-NL"}]}},"jetpack_sharing_enabled":true,"_links":{"self":[{"href":"https:\/\/www.gilianplants.com\/nl\/wp-json\/wp\/v2\/product\/8069","targetHints":{"allow":["GET"]}}],"collection":[{"href":"https:\/\/www.gilianplants.com\/nl\/wp-json\/wp\/v2\/product"}],"about":[{"href":"https:\/\/www.gilianplants.com\/nl\/wp-json\/wp\/v2\/types\/product"}],"replies":[{"embeddable":true,"href":"https:\/\/www.gilianplants.com\/nl\/wp-json\/wp\/v2\/comments?post=8069"}],"wp:featuredmedia":[{"embeddable":true,"href":"https:\/\/www.gilianplants.com\/nl\/wp-json\/wp\/v2\/media\/9663"}],"wp:attachment":[{"href":"https:\/\/www.gilianplants.com\/nl\/wp-json\/wp\/v2\/media?parent=8069"}],"wp:term":[{"taxonomy":"product_brand","embeddable":true,"href":"https:\/\/www.gilianplants.com\/nl\/wp-json\/wp\/v2\/product_brand?post=8069"},{"taxonomy":"product_cat","embeddable":true,"href":"https:\/\/www.gilianplants.com\/nl\/wp-json\/wp\/v2\/product_cat?post=8069"},{"taxonomy":"product_tag","embeddable":true,"href":"https:\/\/www.gilianplants.com\/nl\/wp-json\/wp\/v2\/product_tag?post=8069"}],"curies":[{"name":"wp","href":"https:\/\/api.w.org\/{rel}","templated":true}]}}